{"id":12133,"date":"2023-10-03T10:31:56","date_gmt":"2023-10-03T10:31:56","guid":{"rendered":"https:\/\/monofinshop.de\/?post_type=product&#038;p=12133"},"modified":"2025-07-31T15:28:48","modified_gmt":"2025-07-31T15:28:48","slug":"model-1-blue-monoflosse","status":"publish","type":"product","link":"https:\/\/monofinshop.de\/en\/product\/model-1-blue-monoflosse\/","title":{"rendered":"Model 1 Blue Monoflosse"},"content":{"rendered":"<h1>WaterWay Model 1 Blue Monoflosse<\/h1>\n<p style=\"font-weight: 400;\">Das Karbon Modell dieser Monoflosse bietet mit seiner 70cm breiten Klinge eine gro\u00dfartige Leistung f\u00fcr Freediver und Flossenschwimmer gleicherma\u00dfen.<\/p>\n<p style=\"font-weight: 400;\">Die Klinge besteht aus 100 Mikron dicken Schichten hochwertigen Kohlefasers und einem von WaterWay speziell entwickelten Harz. Sie ist mit hochwertigen klassischen Monoflosse-Fu\u00dftaschen ausgestattet, die innen mit weichem Neopren f\u00fcr maximalen Komfort gef\u00fcttert sind.<\/p>\n<p style=\"font-weight: 400;\">Die Monoflosse garantiert dem Freediver \/ Flossenschwimmer \u00fcber eine Strecke von mehr als 2000 km (1245 Meilen) konstanten Schub und un\u00fcbertroffene Kraft.<\/p>","protected":false},"excerpt":{"rendered":"<p>WaterWay Model 1 Blue Monoflosse Das Karbon Modell dieser Monoflosse bietet mit seiner 70cm breiten Klinge eine gro\u00dfartige Leistung f\u00fcr Freediver und Flossenschwimmer gleicherma\u00dfen. Die Klinge besteht aus 100 Mikron dicken Schichten hochwertigen Kohlefasers und einem von WaterWay speziell entwickelten Harz. Sie ist mit hochwertigen klassischen Monoflosse-Fu\u00dftaschen ausgestattet, die innen mit weichem Neopren f\u00fcr maximalen Komfort gef\u00fcttert sind. Die Monoflosse garantiert dem Freediver \/ Flossenschwimmer \u00fcber eine Strecke von mehr als 2000 km (1245 Meilen) konstanten Schub und un\u00fcbertroffene Kraft.<\/p>","protected":false},"featured_media":12135,"template":"","meta":[],"product_brand":[564],"product_cat":[441,490],"product_tag":[],"class_list":{"0":"post-12133","1":"product","2":"type-product","3":"status-publish","4":"has-post-thumbnail","6":"product_brand-waterway","7":"product_cat-monoflossen","8":"product_cat-training-monoflossen","10":"first","11":"instock","12":"featured","13":"shipping-taxable","14":"purchasable","15":"product-type-variable"},"yoast_head":"<!-- This site is optimized with the Yoast SEO plugin v27.2 - https:\/\/yoast.com\/product\/yoast-seo-wordpress\/ -->\n<title>WaterWay Model 1 Blue Monoflosse - Monofinshop.de<\/title>\n<meta name=\"description\" content=\"Das Karbon Modell dieser Monoflosse bietet mit seiner 70cm breiten Klinge eine gro\u00dfartige Leistung f\u00fcr Freediver und Flossenschwimmer gleicherma\u00dfen.\" \/>\n<meta name=\"robots\" content=\"index, follow, max-snippet:-1, max-image-preview:large, max-video-preview:-1\" \/>\n<link rel=\"canonical\" href=\"https:\/\/monofinshop.de\/en\/product\/model-1-blue-monoflosse\/\" \/>\n<meta property=\"og:locale\" content=\"en_US\" \/>\n<meta property=\"og:type\" content=\"article\" \/>\n<meta property=\"og:title\" content=\"WaterWay Model 1 Blue Monoflosse - Monofinshop.de\" \/>\n<meta property=\"og:description\" content=\"Das Karbon Modell dieser Monoflosse bietet mit seiner 70cm breiten Klinge eine gro\u00dfartige Leistung f\u00fcr Freediver und Flossenschwimmer gleicherma\u00dfen.\" \/>\n<meta property=\"og:url\" content=\"https:\/\/monofinshop.de\/en\/product\/model-1-blue-monoflosse\/\" \/>\n<meta property=\"og:site_name\" content=\"Monofinshop.de\" \/>\n<meta property=\"article:modified_time\" content=\"2025-07-31T15:28:48+00:00\" \/>\n<meta property=\"og:image\" content=\"https:\/\/monofinshop.de\/wp-content\/uploads\/2023\/10\/Model-1-Blue.jpg\" \/>\n\t<meta property=\"og:image:width\" content=\"2375\" \/>\n\t<meta property=\"og:image:height\" content=\"2465\" \/>\n\t<meta property=\"og:image:type\" content=\"image\/jpeg\" \/>\n<meta name=\"twitter:card\" content=\"summary_large_image\" \/>\n<meta name=\"twitter:label1\" content=\"Est. reading time\" \/>\n\t<meta name=\"twitter:data1\" content=\"1 minute\" \/>\n<script type=\"application\/ld+json\" class=\"yoast-schema-graph\">{\"@context\":\"https:\/\/schema.org\",\"@graph\":[{\"@type\":\"WebPage\",\"@id\":\"https:\/\/monofinshop.de\/product\/model-1-blue-monoflosse\/\",\"url\":\"https:\/\/monofinshop.de\/product\/model-1-blue-monoflosse\/\",\"name\":\"WaterWay Model 1 Blue Monoflosse - Monofinshop.de\",\"isPartOf\":{\"@id\":\"https:\/\/monofinshop.de\/#website\"},\"primaryImageOfPage\":{\"@id\":\"https:\/\/monofinshop.de\/product\/model-1-blue-monoflosse\/#primaryimage\"},\"image\":{\"@id\":\"https:\/\/monofinshop.de\/product\/model-1-blue-monoflosse\/#primaryimage\"},\"thumbnailUrl\":\"https:\/\/monofinshop.de\/wp-content\/uploads\/2023\/10\/Model-1-Blue.jpg\",\"datePublished\":\"2023-10-03T10:31:56+00:00\",\"dateModified\":\"2025-07-31T15:28:48+00:00\",\"description\":\"Das Karbon Modell dieser Monoflosse bietet mit seiner 70cm breiten Klinge eine gro\u00dfartige Leistung f\u00fcr Freediver und Flossenschwimmer gleicherma\u00dfen.\",\"breadcrumb\":{\"@id\":\"https:\/\/monofinshop.de\/product\/model-1-blue-monoflosse\/#breadcrumb\"},\"inLanguage\":\"en-CA\",\"potentialAction\":[{\"@type\":\"ReadAction\",\"target\":[\"https:\/\/monofinshop.de\/product\/model-1-blue-monoflosse\/\"]}]},{\"@type\":\"ImageObject\",\"inLanguage\":\"en-CA\",\"@id\":\"https:\/\/monofinshop.de\/product\/model-1-blue-monoflosse\/#primaryimage\",\"url\":\"https:\/\/monofinshop.de\/wp-content\/uploads\/2023\/10\/Model-1-Blue.jpg\",\"contentUrl\":\"https:\/\/monofinshop.de\/wp-content\/uploads\/2023\/10\/Model-1-Blue.jpg\",\"width\":2375,\"height\":2465,\"caption\":\"waterway blue monoflossen model 1\"},{\"@type\":\"BreadcrumbList\",\"@id\":\"https:\/\/monofinshop.de\/product\/model-1-blue-monoflosse\/#breadcrumb\",\"itemListElement\":[{\"@type\":\"ListItem\",\"position\":1,\"name\":\"Home\",\"item\":\"https:\/\/monofinshop.de\/\"},{\"@type\":\"ListItem\",\"position\":2,\"name\":\"Shop\",\"item\":\"https:\/\/monofinshop.de\/shop\/\"},{\"@type\":\"ListItem\",\"position\":3,\"name\":\"Model 1 Blue Monoflosse\"}]},{\"@type\":\"WebSite\",\"@id\":\"https:\/\/monofinshop.de\/#website\",\"url\":\"https:\/\/monofinshop.de\/\",\"name\":\"Monofinshop.de\",\"description\":\"Flossenschwimmen Shop\",\"potentialAction\":[{\"@type\":\"SearchAction\",\"target\":{\"@type\":\"EntryPoint\",\"urlTemplate\":\"https:\/\/monofinshop.de\/?s={search_term_string}\"},\"query-input\":{\"@type\":\"PropertyValueSpecification\",\"valueRequired\":true,\"valueName\":\"search_term_string\"}}],\"inLanguage\":\"en-CA\"}]}<\/script>\n<!-- \/ Yoast SEO plugin. -->","yoast_head_json":{"title":"WaterWay Model 1 Blue Monoflosse - Monofinshop.de","description":"Das Karbon Modell dieser Monoflosse bietet mit seiner 70cm breiten Klinge eine gro\u00dfartige Leistung f\u00fcr Freediver und Flossenschwimmer gleicherma\u00dfen.","robots":{"index":"index","follow":"follow","max-snippet":"max-snippet:-1","max-image-preview":"max-image-preview:large","max-video-preview":"max-video-preview:-1"},"canonical":"https:\/\/monofinshop.de\/en\/product\/model-1-blue-monoflosse\/","og_locale":"en_US","og_type":"article","og_title":"WaterWay Model 1 Blue Monoflosse - Monofinshop.de","og_description":"Das Karbon Modell dieser Monoflosse bietet mit seiner 70cm breiten Klinge eine gro\u00dfartige Leistung f\u00fcr Freediver und Flossenschwimmer gleicherma\u00dfen.","og_url":"https:\/\/monofinshop.de\/en\/product\/model-1-blue-monoflosse\/","og_site_name":"Monofinshop.de","article_modified_time":"2025-07-31T15:28:48+00:00","og_image":[{"width":2375,"height":2465,"url":"https:\/\/monofinshop.de\/wp-content\/uploads\/2023\/10\/Model-1-Blue.jpg","type":"image\/jpeg"}],"twitter_card":"summary_large_image","twitter_misc":{"Est. reading time":"1 minute"},"schema":{"@context":"https:\/\/schema.org","@graph":[{"@type":"WebPage","@id":"https:\/\/monofinshop.de\/product\/model-1-blue-monoflosse\/","url":"https:\/\/monofinshop.de\/product\/model-1-blue-monoflosse\/","name":"WaterWay Model 1 Blue Monoflosse - Monofinshop.de","isPartOf":{"@id":"https:\/\/monofinshop.de\/#website"},"primaryImageOfPage":{"@id":"https:\/\/monofinshop.de\/product\/model-1-blue-monoflosse\/#primaryimage"},"image":{"@id":"https:\/\/monofinshop.de\/product\/model-1-blue-monoflosse\/#primaryimage"},"thumbnailUrl":"https:\/\/monofinshop.de\/wp-content\/uploads\/2023\/10\/Model-1-Blue.jpg","datePublished":"2023-10-03T10:31:56+00:00","dateModified":"2025-07-31T15:28:48+00:00","description":"Das Karbon Modell dieser Monoflosse bietet mit seiner 70cm breiten Klinge eine gro\u00dfartige Leistung f\u00fcr Freediver und Flossenschwimmer gleicherma\u00dfen.","breadcrumb":{"@id":"https:\/\/monofinshop.de\/product\/model-1-blue-monoflosse\/#breadcrumb"},"inLanguage":"en-CA","potentialAction":[{"@type":"ReadAction","target":["https:\/\/monofinshop.de\/product\/model-1-blue-monoflosse\/"]}]},{"@type":"ImageObject","inLanguage":"en-CA","@id":"https:\/\/monofinshop.de\/product\/model-1-blue-monoflosse\/#primaryimage","url":"https:\/\/monofinshop.de\/wp-content\/uploads\/2023\/10\/Model-1-Blue.jpg","contentUrl":"https:\/\/monofinshop.de\/wp-content\/uploads\/2023\/10\/Model-1-Blue.jpg","width":2375,"height":2465,"caption":"waterway blue monoflossen model 1"},{"@type":"BreadcrumbList","@id":"https:\/\/monofinshop.de\/product\/model-1-blue-monoflosse\/#breadcrumb","itemListElement":[{"@type":"ListItem","position":1,"name":"Home","item":"https:\/\/monofinshop.de\/"},{"@type":"ListItem","position":2,"name":"Shop","item":"https:\/\/monofinshop.de\/shop\/"},{"@type":"ListItem","position":3,"name":"Model 1 Blue Monoflosse"}]},{"@type":"WebSite","@id":"https:\/\/monofinshop.de\/#website","url":"https:\/\/monofinshop.de\/","name":"Monofinshop.de","description":"Flossenschwimmen Shop","potentialAction":[{"@type":"SearchAction","target":{"@type":"EntryPoint","urlTemplate":"https:\/\/monofinshop.de\/?s={search_term_string}"},"query-input":{"@type":"PropertyValueSpecification","valueRequired":true,"valueName":"search_term_string"}}],"inLanguage":"en-CA"}]}},"_links":{"self":[{"href":"https:\/\/monofinshop.de\/en\/wp-json\/wp\/v2\/product\/12133","targetHints":{"allow":["GET"]}}],"collection":[{"href":"https:\/\/monofinshop.de\/en\/wp-json\/wp\/v2\/product"}],"about":[{"href":"https:\/\/monofinshop.de\/en\/wp-json\/wp\/v2\/types\/product"}],"version-history":[{"count":2,"href":"https:\/\/monofinshop.de\/en\/wp-json\/wp\/v2\/product\/12133\/revisions"}],"predecessor-version":[{"id":12198,"href":"https:\/\/monofinshop.de\/en\/wp-json\/wp\/v2\/product\/12133\/revisions\/12198"}],"wp:featuredmedia":[{"embeddable":true,"href":"https:\/\/monofinshop.de\/en\/wp-json\/wp\/v2\/media\/12135"}],"wp:attachment":[{"href":"https:\/\/monofinshop.de\/en\/wp-json\/wp\/v2\/media?parent=12133"}],"wp:term":[{"taxonomy":"product_brand","embeddable":true,"href":"https:\/\/monofinshop.de\/en\/wp-json\/wp\/v2\/product_brand?post=12133"},{"taxonomy":"product_cat","embeddable":true,"href":"https:\/\/monofinshop.de\/en\/wp-json\/wp\/v2\/product_cat?post=12133"},{"taxonomy":"product_tag","embeddable":true,"href":"https:\/\/monofinshop.de\/en\/wp-json\/wp\/v2\/product_tag?post=12133"}],"curies":[{"name":"wp","href":"https:\/\/api.w.org\/{rel}","templated":true}]}}