{"id":11728,"date":"2023-02-24T16:48:30","date_gmt":"2023-02-24T16:48:30","guid":{"rendered":"https:\/\/monofinshop.de\/?post_type=product&#038;p=11728"},"modified":"2025-06-30T20:16:37","modified_gmt":"2025-06-30T20:16:37","slug":"ultrafins-performance-carbon-no-wings-edition","status":"publish","type":"product","link":"https:\/\/monofinshop.de\/en\/product\/ultrafins-performance-carbon-no-wings-edition\/","title":{"rendered":"Ultrafins Performance Carbon No Wings Edition"},"content":{"rendered":"<h1>Ultrafins Performance Carbon<\/h1>\n<p>Ultrafins Carbon Performance von UltraFins Manufacturing haben revolution\u00e4re gegossene Gummifu\u00dftaschen, die von Profis bei Ultrafins Manufacturing entworfen wurden und eine optimale Griffigkeit der F\u00fc\u00dfe von Freitauchern\/Speergefischern erm\u00f6glichen und den bestm\u00f6glichen Energie\u00fcbertrag erm\u00f6glichen. Die Schuhteile werden basierend auf den pers\u00f6nlichen Vorlieben der Athleten hinsichtlich L\u00e4nge und Breite der F\u00fc\u00dfe hergestellt.<\/p>\n<p>Die hochwertigen Carbon-Bl\u00e4tter bieten eine bessere Stabilit\u00e4t im Wasser und helfen, den besten Kick aufrechtzuerhalten. Die Ultrafins Carbon Performance kommen mit hochwertigen Carbon-Bl\u00e4ttern, die garantieren, dass Freitaucher \u00fcber 2000 km hinweg eine konsistente Schubkraft und un\u00fcbertroffene Leistung erhalten. Die L\u00e4nge der Bl\u00e4tter betr\u00e4gt 80 cm.<\/p>","protected":false},"excerpt":{"rendered":"<p>Ultrafins Performance Carbon Ultrafins Carbon Performance von UltraFins Manufacturing haben revolution\u00e4re gegossene Gummifu\u00dftaschen, die von Profis bei Ultrafins Manufacturing entworfen wurden und eine optimale Griffigkeit der F\u00fc\u00dfe von Freitauchern\/Speergefischern erm\u00f6glichen und den bestm\u00f6glichen Energie\u00fcbertrag erm\u00f6glichen. Die Schuhteile werden basierend auf den pers\u00f6nlichen Vorlieben der Athleten hinsichtlich L\u00e4nge und Breite der F\u00fc\u00dfe hergestellt. Die hochwertigen Carbon-Bl\u00e4tter bieten eine bessere Stabilit\u00e4t im Wasser und helfen, den besten Kick aufrechtzuerhalten. Die Ultrafins Carbon Performance kommen mit hochwertigen Carbon-Bl\u00e4ttern, die garantieren, dass Freitaucher \u00fcber 2000 km hinweg eine konsistente Schubkraft und un\u00fcbertroffene Leistung erhalten. Die L\u00e4nge der Bl\u00e4tter betr\u00e4gt 80 cm.<\/p>","protected":false},"featured_media":2560,"template":"","meta":[],"product_brand":[566],"product_cat":[409,410,411],"product_tag":[],"class_list":{"0":"post-11728","1":"product","2":"type-product","3":"status-publish","4":"has-post-thumbnail","6":"product_brand-ultrafins","7":"product_cat-flossen","8":"product_cat-freediving-flossen","9":"product_cat-spearfishing-flossen","11":"first","12":"instock","13":"shipping-taxable","14":"purchasable","15":"product-type-variable"},"yoast_head":"<!-- This site is optimized with the Yoast SEO plugin v27.2 - https:\/\/yoast.com\/product\/yoast-seo-wordpress\/ -->\n<title>Freediving Ultrafins Performance Carbon No Wings Edition - Monofinshop.de<\/title>\n<meta name=\"description\" content=\"Ultrafins Carbon Performance von UltraFins Manufacturing haben revolution\u00e4re gegossene Gummifu\u00dftaschen, die von Profis bei Ultrafins Manufacturing.\" \/>\n<meta name=\"robots\" content=\"index, follow, max-snippet:-1, max-image-preview:large, max-video-preview:-1\" \/>\n<link rel=\"canonical\" href=\"https:\/\/monofinshop.de\/en\/product\/ultrafins-performance-carbon-no-wings-edition\/\" \/>\n<meta property=\"og:locale\" content=\"en_US\" \/>\n<meta property=\"og:type\" content=\"article\" \/>\n<meta property=\"og:title\" content=\"Freediving Ultrafins Performance Carbon No Wings Edition - Monofinshop.de\" \/>\n<meta property=\"og:description\" content=\"Ultrafins Carbon Performance von UltraFins Manufacturing haben revolution\u00e4re gegossene Gummifu\u00dftaschen, die von Profis bei Ultrafins Manufacturing.\" \/>\n<meta property=\"og:url\" content=\"https:\/\/monofinshop.de\/en\/product\/ultrafins-performance-carbon-no-wings-edition\/\" \/>\n<meta property=\"og:site_name\" content=\"Monofinshop.de\" \/>\n<meta property=\"article:modified_time\" content=\"2025-06-30T20:16:37+00:00\" \/>\n<meta property=\"og:image\" content=\"https:\/\/monofinshop.de\/wp-content\/uploads\/2023\/01\/Ultrafins-Performance-No-Wings-Carbon.jpg\" \/>\n\t<meta property=\"og:image:width\" content=\"2093\" \/>\n\t<meta property=\"og:image:height\" content=\"2093\" \/>\n\t<meta property=\"og:image:type\" content=\"image\/jpeg\" \/>\n<meta name=\"twitter:card\" content=\"summary_large_image\" \/>\n<meta name=\"twitter:label1\" content=\"Est. reading time\" \/>\n\t<meta name=\"twitter:data1\" content=\"1 minute\" \/>\n<script type=\"application\/ld+json\" class=\"yoast-schema-graph\">{\"@context\":\"https:\/\/schema.org\",\"@graph\":[{\"@type\":\"WebPage\",\"@id\":\"https:\/\/monofinshop.de\/product\/ultrafins-performance-carbon-no-wings-edition\/\",\"url\":\"https:\/\/monofinshop.de\/product\/ultrafins-performance-carbon-no-wings-edition\/\",\"name\":\"Freediving Ultrafins Performance Carbon No Wings Edition - Monofinshop.de\",\"isPartOf\":{\"@id\":\"https:\/\/monofinshop.de\/#website\"},\"primaryImageOfPage\":{\"@id\":\"https:\/\/monofinshop.de\/product\/ultrafins-performance-carbon-no-wings-edition\/#primaryimage\"},\"image\":{\"@id\":\"https:\/\/monofinshop.de\/product\/ultrafins-performance-carbon-no-wings-edition\/#primaryimage\"},\"thumbnailUrl\":\"https:\/\/monofinshop.de\/wp-content\/uploads\/2023\/01\/Ultrafins-Performance-No-Wings-Carbon.jpg\",\"datePublished\":\"2023-02-24T16:48:30+00:00\",\"dateModified\":\"2025-06-30T20:16:37+00:00\",\"description\":\"Ultrafins Carbon Performance von UltraFins Manufacturing haben revolution\u00e4re gegossene Gummifu\u00dftaschen, die von Profis bei Ultrafins Manufacturing.\",\"breadcrumb\":{\"@id\":\"https:\/\/monofinshop.de\/product\/ultrafins-performance-carbon-no-wings-edition\/#breadcrumb\"},\"inLanguage\":\"en-CA\",\"potentialAction\":[{\"@type\":\"ReadAction\",\"target\":[\"https:\/\/monofinshop.de\/product\/ultrafins-performance-carbon-no-wings-edition\/\"]}]},{\"@type\":\"ImageObject\",\"inLanguage\":\"en-CA\",\"@id\":\"https:\/\/monofinshop.de\/product\/ultrafins-performance-carbon-no-wings-edition\/#primaryimage\",\"url\":\"https:\/\/monofinshop.de\/wp-content\/uploads\/2023\/01\/Ultrafins-Performance-No-Wings-Carbon.jpg\",\"contentUrl\":\"https:\/\/monofinshop.de\/wp-content\/uploads\/2023\/01\/Ultrafins-Performance-No-Wings-Carbon.jpg\",\"width\":2093,\"height\":2093},{\"@type\":\"BreadcrumbList\",\"@id\":\"https:\/\/monofinshop.de\/product\/ultrafins-performance-carbon-no-wings-edition\/#breadcrumb\",\"itemListElement\":[{\"@type\":\"ListItem\",\"position\":1,\"name\":\"Home\",\"item\":\"https:\/\/monofinshop.de\/\"},{\"@type\":\"ListItem\",\"position\":2,\"name\":\"Shop\",\"item\":\"https:\/\/monofinshop.de\/shop\/\"},{\"@type\":\"ListItem\",\"position\":3,\"name\":\"Ultrafins Performance Carbon No Wings Edition\"}]},{\"@type\":\"WebSite\",\"@id\":\"https:\/\/monofinshop.de\/#website\",\"url\":\"https:\/\/monofinshop.de\/\",\"name\":\"Monofinshop.de\",\"description\":\"Flossenschwimmen Shop\",\"potentialAction\":[{\"@type\":\"SearchAction\",\"target\":{\"@type\":\"EntryPoint\",\"urlTemplate\":\"https:\/\/monofinshop.de\/?s={search_term_string}\"},\"query-input\":{\"@type\":\"PropertyValueSpecification\",\"valueRequired\":true,\"valueName\":\"search_term_string\"}}],\"inLanguage\":\"en-CA\"}]}<\/script>\n<!-- \/ Yoast SEO plugin. -->","yoast_head_json":{"title":"Freediving Ultrafins Performance Carbon No Wings Edition - Monofinshop.de","description":"Ultrafins Carbon Performance von UltraFins Manufacturing haben revolution\u00e4re gegossene Gummifu\u00dftaschen, die von Profis bei Ultrafins Manufacturing.","robots":{"index":"index","follow":"follow","max-snippet":"max-snippet:-1","max-image-preview":"max-image-preview:large","max-video-preview":"max-video-preview:-1"},"canonical":"https:\/\/monofinshop.de\/en\/product\/ultrafins-performance-carbon-no-wings-edition\/","og_locale":"en_US","og_type":"article","og_title":"Freediving Ultrafins Performance Carbon No Wings Edition - Monofinshop.de","og_description":"Ultrafins Carbon Performance von UltraFins Manufacturing haben revolution\u00e4re gegossene Gummifu\u00dftaschen, die von Profis bei Ultrafins Manufacturing.","og_url":"https:\/\/monofinshop.de\/en\/product\/ultrafins-performance-carbon-no-wings-edition\/","og_site_name":"Monofinshop.de","article_modified_time":"2025-06-30T20:16:37+00:00","og_image":[{"width":2093,"height":2093,"url":"https:\/\/monofinshop.de\/wp-content\/uploads\/2023\/01\/Ultrafins-Performance-No-Wings-Carbon.jpg","type":"image\/jpeg"}],"twitter_card":"summary_large_image","twitter_misc":{"Est. reading time":"1 minute"},"schema":{"@context":"https:\/\/schema.org","@graph":[{"@type":"WebPage","@id":"https:\/\/monofinshop.de\/product\/ultrafins-performance-carbon-no-wings-edition\/","url":"https:\/\/monofinshop.de\/product\/ultrafins-performance-carbon-no-wings-edition\/","name":"Freediving Ultrafins Performance Carbon No Wings Edition - Monofinshop.de","isPartOf":{"@id":"https:\/\/monofinshop.de\/#website"},"primaryImageOfPage":{"@id":"https:\/\/monofinshop.de\/product\/ultrafins-performance-carbon-no-wings-edition\/#primaryimage"},"image":{"@id":"https:\/\/monofinshop.de\/product\/ultrafins-performance-carbon-no-wings-edition\/#primaryimage"},"thumbnailUrl":"https:\/\/monofinshop.de\/wp-content\/uploads\/2023\/01\/Ultrafins-Performance-No-Wings-Carbon.jpg","datePublished":"2023-02-24T16:48:30+00:00","dateModified":"2025-06-30T20:16:37+00:00","description":"Ultrafins Carbon Performance von UltraFins Manufacturing haben revolution\u00e4re gegossene Gummifu\u00dftaschen, die von Profis bei Ultrafins Manufacturing.","breadcrumb":{"@id":"https:\/\/monofinshop.de\/product\/ultrafins-performance-carbon-no-wings-edition\/#breadcrumb"},"inLanguage":"en-CA","potentialAction":[{"@type":"ReadAction","target":["https:\/\/monofinshop.de\/product\/ultrafins-performance-carbon-no-wings-edition\/"]}]},{"@type":"ImageObject","inLanguage":"en-CA","@id":"https:\/\/monofinshop.de\/product\/ultrafins-performance-carbon-no-wings-edition\/#primaryimage","url":"https:\/\/monofinshop.de\/wp-content\/uploads\/2023\/01\/Ultrafins-Performance-No-Wings-Carbon.jpg","contentUrl":"https:\/\/monofinshop.de\/wp-content\/uploads\/2023\/01\/Ultrafins-Performance-No-Wings-Carbon.jpg","width":2093,"height":2093},{"@type":"BreadcrumbList","@id":"https:\/\/monofinshop.de\/product\/ultrafins-performance-carbon-no-wings-edition\/#breadcrumb","itemListElement":[{"@type":"ListItem","position":1,"name":"Home","item":"https:\/\/monofinshop.de\/"},{"@type":"ListItem","position":2,"name":"Shop","item":"https:\/\/monofinshop.de\/shop\/"},{"@type":"ListItem","position":3,"name":"Ultrafins Performance Carbon No Wings Edition"}]},{"@type":"WebSite","@id":"https:\/\/monofinshop.de\/#website","url":"https:\/\/monofinshop.de\/","name":"Monofinshop.de","description":"Flossenschwimmen Shop","potentialAction":[{"@type":"SearchAction","target":{"@type":"EntryPoint","urlTemplate":"https:\/\/monofinshop.de\/?s={search_term_string}"},"query-input":{"@type":"PropertyValueSpecification","valueRequired":true,"valueName":"search_term_string"}}],"inLanguage":"en-CA"}]}},"_links":{"self":[{"href":"https:\/\/monofinshop.de\/en\/wp-json\/wp\/v2\/product\/11728","targetHints":{"allow":["GET"]}}],"collection":[{"href":"https:\/\/monofinshop.de\/en\/wp-json\/wp\/v2\/product"}],"about":[{"href":"https:\/\/monofinshop.de\/en\/wp-json\/wp\/v2\/types\/product"}],"version-history":[{"count":2,"href":"https:\/\/monofinshop.de\/en\/wp-json\/wp\/v2\/product\/11728\/revisions"}],"predecessor-version":[{"id":12201,"href":"https:\/\/monofinshop.de\/en\/wp-json\/wp\/v2\/product\/11728\/revisions\/12201"}],"wp:featuredmedia":[{"embeddable":true,"href":"https:\/\/monofinshop.de\/en\/wp-json\/wp\/v2\/media\/2560"}],"wp:attachment":[{"href":"https:\/\/monofinshop.de\/en\/wp-json\/wp\/v2\/media?parent=11728"}],"wp:term":[{"taxonomy":"product_brand","embeddable":true,"href":"https:\/\/monofinshop.de\/en\/wp-json\/wp\/v2\/product_brand?post=11728"},{"taxonomy":"product_cat","embeddable":true,"href":"https:\/\/monofinshop.de\/en\/wp-json\/wp\/v2\/product_cat?post=11728"},{"taxonomy":"product_tag","embeddable":true,"href":"https:\/\/monofinshop.de\/en\/wp-json\/wp\/v2\/product_tag?post=11728"}],"curies":[{"name":"wp","href":"https:\/\/api.w.org\/{rel}","templated":true}]}}