{"id":11711,"date":"2023-02-24T16:48:28","date_gmt":"2023-02-24T16:48:28","guid":{"rendered":"https:\/\/monofinshop.de\/?post_type=product&#038;p=11711"},"modified":"2025-09-16T15:34:26","modified_gmt":"2025-09-16T15:34:26","slug":"ultrafins-mit-pathos-schuhteil-schwarz","status":"publish","type":"product","link":"https:\/\/monofinshop.de\/en\/product\/ultrafins-mit-pathos-schuhteil-schwarz\/","title":{"rendered":"Ultrafins Mit Pathos Schuhteil Schwarz"},"content":{"rendered":"<p>Ultrafins mit Pathos Schuhteil Schwarz von Ultrafins Manufacturing. Die Ultrafins-Bl\u00e4tter sind so konzipiert und mit Hochdruckmaschinen gepresst worden, was sie noch langlebiger, st\u00e4rker und reaktionsf\u00e4higer macht. Der Winkel der Bl\u00e4tter erleichtert das Schwimmen und sorgt f\u00fcr einen besseren Kick, was den Effizienzkoeffizienten erh\u00f6ht. Entwickelt und von professionellen Ingenieuren getestet, um Freedivern und Spearfishern ein erstaunliches Produkt zu bieten.<\/p>\n<p>Ultrafins Manufacturing hat Hochtemperatur- und Hochdruck-Pressentechnologie eingesetzt, um hochwertige und langlebige Bl\u00e4tter ohne M\u00e4ngel herzustellen. Das Team qualifizierter Ingenieure hat an der Produktion der Bl\u00e4tter gearbeitet und diese getestet, bis sie die perfekt ausbalancierte Formel gefunden haben, die eine h\u00f6here Glasfaserqualit\u00e4t bietet. Die Breite der Bl\u00e4tter betr\u00e4gt 20 cm. Die L\u00e4nge der Flossen betr\u00e4gt 91-92 cm. Das Produkt wiegt 1,8 ~ 1,9 kg. Alle Ultrafins-Glasfaserbl\u00e4tter werden mit einem Winkel von 22 Grad geliefert.<\/p>\n<p>Die Flossen werden mit Pathos Schuhteil mit weichen Schienen f\u00fcr maximale Effizienz geliefert, was das Arbeiten der Bl\u00e4tter von oben bis unten erm\u00f6glicht. Die Kanten der ULTRAFINS sind variabler H\u00f6he und haben ein Design mit hoher Effizienz, um eine h\u00f6here Stabilit\u00e4t und bessere Handhabung unter Wasser zu bieten. Sie sind in f\u00fcnf Hauptfarben erh\u00e4ltlich: Blau, Rot, Wei\u00df, Schwarz, Gelb.<\/p>","protected":false},"excerpt":{"rendered":"<p>Ultrafins mit Pathos Schuhteil Schwarz von Ultrafins Manufacturing. Die Ultrafins-Bl\u00e4tter sind so konzipiert und mit Hochdruckmaschinen gepresst worden, was sie noch langlebiger, st\u00e4rker und reaktionsf\u00e4higer macht. Der Winkel der Bl\u00e4tter erleichtert das Schwimmen und sorgt f\u00fcr einen besseren Kick, was den Effizienzkoeffizienten erh\u00f6ht. Entwickelt und von professionellen Ingenieuren getestet, um Freedivern und Spearfishern ein erstaunliches Produkt zu bieten. Ultrafins Manufacturing hat Hochtemperatur- und Hochdruck-Pressentechnologie eingesetzt, um hochwertige und langlebige Bl\u00e4tter ohne M\u00e4ngel herzustellen. Das Team qualifizierter Ingenieure hat an der Produktion der Bl\u00e4tter gearbeitet und diese getestet, bis sie die perfekt ausbalancierte Formel gefunden haben, die eine h\u00f6here Glasfaserqualit\u00e4t bietet. Die Breite der Bl\u00e4tter betr\u00e4gt 20 cm. Die L\u00e4nge der Flossen betr\u00e4gt 91-92 cm. Das Produkt wiegt 1,8 ~ 1,9 kg. Alle Ultrafins-Glasfaserbl\u00e4tter werden mit einem Winkel von 22 Grad geliefert. Die Flossen werden mit Pathos Schuhteil mit weichen Schienen f\u00fcr maximale Effizienz geliefert, was das Arbeiten der Bl\u00e4tter von oben bis unten erm\u00f6glicht. Die Kanten der ULTRAFINS sind variabler H\u00f6he und haben ein Design mit hoher Effizienz, um eine h\u00f6here Stabilit\u00e4t und bessere Handhabung unter Wasser zu bieten. Sie sind in f\u00fcnf Hauptfarben erh\u00e4ltlich: Blau, Rot, Wei\u00df, Schwarz, Gelb.<\/p>","protected":false},"featured_media":2663,"template":"","meta":[],"product_brand":[566],"product_cat":[409,410,411],"product_tag":[],"class_list":{"0":"post-11711","1":"product","2":"type-product","3":"status-publish","4":"has-post-thumbnail","6":"product_brand-ultrafins","7":"product_cat-flossen","8":"product_cat-freediving-flossen","9":"product_cat-spearfishing-flossen","11":"first","12":"instock","13":"shipping-taxable","14":"purchasable","15":"product-type-variable"},"yoast_head":"<!-- This site is optimized with the Yoast SEO plugin v27.2 - https:\/\/yoast.com\/product\/yoast-seo-wordpress\/ -->\n<title>Ultrafins Mit Pathos Schuhteil Schwarz - Monofinshop.de<\/title>\n<meta name=\"robots\" content=\"index, follow, max-snippet:-1, max-image-preview:large, max-video-preview:-1\" \/>\n<link rel=\"canonical\" href=\"https:\/\/monofinshop.de\/en\/product\/ultrafins-mit-pathos-schuhteil-schwarz\/\" \/>\n<meta property=\"og:locale\" content=\"en_US\" \/>\n<meta property=\"og:type\" content=\"article\" \/>\n<meta property=\"og:title\" content=\"Ultrafins Mit Pathos Schuhteil Schwarz - Monofinshop.de\" \/>\n<meta property=\"og:description\" content=\"Ultrafins mit Pathos Schuhteil Schwarz von Ultrafins Manufacturing. Die Ultrafins-Bl\u00e4tter sind so konzipiert und mit Hochdruckmaschinen gepresst worden, was sie noch langlebiger, st\u00e4rker und reaktionsf\u00e4higer macht. Der Winkel der Bl\u00e4tter erleichtert das Schwimmen und sorgt f\u00fcr einen besseren Kick, was den Effizienzkoeffizienten erh\u00f6ht. Entwickelt und von professionellen Ingenieuren getestet, um Freedivern und Spearfishern ein erstaunliches Produkt zu bieten. Ultrafins Manufacturing hat Hochtemperatur- und Hochdruck-Pressentechnologie eingesetzt, um hochwertige und langlebige Bl\u00e4tter ohne M\u00e4ngel herzustellen. Das Team qualifizierter Ingenieure hat an der Produktion der Bl\u00e4tter gearbeitet und diese getestet, bis sie die perfekt ausbalancierte Formel gefunden haben, die eine h\u00f6here Glasfaserqualit\u00e4t bietet. Die Breite der Bl\u00e4tter betr\u00e4gt 20 cm. Die L\u00e4nge der Flossen betr\u00e4gt 91-92 cm. Das Produkt wiegt 1,8 ~ 1,9 kg. Alle Ultrafins-Glasfaserbl\u00e4tter werden mit einem Winkel von 22 Grad geliefert. Die Flossen werden mit Pathos Schuhteil mit weichen Schienen f\u00fcr maximale Effizienz geliefert, was das Arbeiten der Bl\u00e4tter von oben bis unten erm\u00f6glicht. Die Kanten der ULTRAFINS sind variabler H\u00f6he und haben ein Design mit hoher Effizienz, um eine h\u00f6here Stabilit\u00e4t und bessere Handhabung unter Wasser zu bieten. Sie sind in f\u00fcnf Hauptfarben erh\u00e4ltlich: Blau, Rot, Wei\u00df, Schwarz, Gelb.\" \/>\n<meta property=\"og:url\" content=\"https:\/\/monofinshop.de\/en\/product\/ultrafins-mit-pathos-schuhteil-schwarz\/\" \/>\n<meta property=\"og:site_name\" content=\"Monofinshop.de\" \/>\n<meta property=\"article:modified_time\" content=\"2025-09-16T15:34:26+00:00\" \/>\n<meta property=\"og:image\" content=\"https:\/\/monofinshop.de\/wp-content\/uploads\/2023\/01\/Ultra-Pathos-Black.jpg\" \/>\n\t<meta property=\"og:image:width\" content=\"1350\" \/>\n\t<meta property=\"og:image:height\" content=\"1350\" \/>\n\t<meta property=\"og:image:type\" content=\"image\/jpeg\" \/>\n<meta name=\"twitter:card\" content=\"summary_large_image\" \/>\n<meta name=\"twitter:label1\" content=\"Est. reading time\" \/>\n\t<meta name=\"twitter:data1\" content=\"2 minutes\" \/>\n<script type=\"application\/ld+json\" class=\"yoast-schema-graph\">{\"@context\":\"https:\/\/schema.org\",\"@graph\":[{\"@type\":\"WebPage\",\"@id\":\"https:\/\/monofinshop.de\/product\/ultrafins-mit-pathos-schuhteil-schwarz\/\",\"url\":\"https:\/\/monofinshop.de\/product\/ultrafins-mit-pathos-schuhteil-schwarz\/\",\"name\":\"Ultrafins Mit Pathos Schuhteil Schwarz - Monofinshop.de\",\"isPartOf\":{\"@id\":\"https:\/\/monofinshop.de\/#website\"},\"primaryImageOfPage\":{\"@id\":\"https:\/\/monofinshop.de\/product\/ultrafins-mit-pathos-schuhteil-schwarz\/#primaryimage\"},\"image\":{\"@id\":\"https:\/\/monofinshop.de\/product\/ultrafins-mit-pathos-schuhteil-schwarz\/#primaryimage\"},\"thumbnailUrl\":\"https:\/\/monofinshop.de\/wp-content\/uploads\/2023\/01\/Ultra-Pathos-Black.jpg\",\"datePublished\":\"2023-02-24T16:48:28+00:00\",\"dateModified\":\"2025-09-16T15:34:26+00:00\",\"breadcrumb\":{\"@id\":\"https:\/\/monofinshop.de\/product\/ultrafins-mit-pathos-schuhteil-schwarz\/#breadcrumb\"},\"inLanguage\":\"en-CA\",\"potentialAction\":[{\"@type\":\"ReadAction\",\"target\":[\"https:\/\/monofinshop.de\/product\/ultrafins-mit-pathos-schuhteil-schwarz\/\"]}]},{\"@type\":\"ImageObject\",\"inLanguage\":\"en-CA\",\"@id\":\"https:\/\/monofinshop.de\/product\/ultrafins-mit-pathos-schuhteil-schwarz\/#primaryimage\",\"url\":\"https:\/\/monofinshop.de\/wp-content\/uploads\/2023\/01\/Ultra-Pathos-Black.jpg\",\"contentUrl\":\"https:\/\/monofinshop.de\/wp-content\/uploads\/2023\/01\/Ultra-Pathos-Black.jpg\",\"width\":1350,\"height\":1350},{\"@type\":\"BreadcrumbList\",\"@id\":\"https:\/\/monofinshop.de\/product\/ultrafins-mit-pathos-schuhteil-schwarz\/#breadcrumb\",\"itemListElement\":[{\"@type\":\"ListItem\",\"position\":1,\"name\":\"Home\",\"item\":\"https:\/\/monofinshop.de\/\"},{\"@type\":\"ListItem\",\"position\":2,\"name\":\"Shop\",\"item\":\"https:\/\/monofinshop.de\/shop\/\"},{\"@type\":\"ListItem\",\"position\":3,\"name\":\"Ultrafins Mit Pathos Schuhteil Schwarz\"}]},{\"@type\":\"WebSite\",\"@id\":\"https:\/\/monofinshop.de\/#website\",\"url\":\"https:\/\/monofinshop.de\/\",\"name\":\"Monofinshop.de\",\"description\":\"Flossenschwimmen Shop\",\"potentialAction\":[{\"@type\":\"SearchAction\",\"target\":{\"@type\":\"EntryPoint\",\"urlTemplate\":\"https:\/\/monofinshop.de\/?s={search_term_string}\"},\"query-input\":{\"@type\":\"PropertyValueSpecification\",\"valueRequired\":true,\"valueName\":\"search_term_string\"}}],\"inLanguage\":\"en-CA\"}]}<\/script>\n<!-- \/ Yoast SEO plugin. -->","yoast_head_json":{"title":"Ultrafins Mit Pathos Schuhteil Schwarz - Monofinshop.de","robots":{"index":"index","follow":"follow","max-snippet":"max-snippet:-1","max-image-preview":"max-image-preview:large","max-video-preview":"max-video-preview:-1"},"canonical":"https:\/\/monofinshop.de\/en\/product\/ultrafins-mit-pathos-schuhteil-schwarz\/","og_locale":"en_US","og_type":"article","og_title":"Ultrafins Mit Pathos Schuhteil Schwarz - Monofinshop.de","og_description":"Ultrafins mit Pathos Schuhteil Schwarz von Ultrafins Manufacturing. Die Ultrafins-Bl\u00e4tter sind so konzipiert und mit Hochdruckmaschinen gepresst worden, was sie noch langlebiger, st\u00e4rker und reaktionsf\u00e4higer macht. Der Winkel der Bl\u00e4tter erleichtert das Schwimmen und sorgt f\u00fcr einen besseren Kick, was den Effizienzkoeffizienten erh\u00f6ht. Entwickelt und von professionellen Ingenieuren getestet, um Freedivern und Spearfishern ein erstaunliches Produkt zu bieten. Ultrafins Manufacturing hat Hochtemperatur- und Hochdruck-Pressentechnologie eingesetzt, um hochwertige und langlebige Bl\u00e4tter ohne M\u00e4ngel herzustellen. Das Team qualifizierter Ingenieure hat an der Produktion der Bl\u00e4tter gearbeitet und diese getestet, bis sie die perfekt ausbalancierte Formel gefunden haben, die eine h\u00f6here Glasfaserqualit\u00e4t bietet. Die Breite der Bl\u00e4tter betr\u00e4gt 20 cm. Die L\u00e4nge der Flossen betr\u00e4gt 91-92 cm. Das Produkt wiegt 1,8 ~ 1,9 kg. Alle Ultrafins-Glasfaserbl\u00e4tter werden mit einem Winkel von 22 Grad geliefert. Die Flossen werden mit Pathos Schuhteil mit weichen Schienen f\u00fcr maximale Effizienz geliefert, was das Arbeiten der Bl\u00e4tter von oben bis unten erm\u00f6glicht. Die Kanten der ULTRAFINS sind variabler H\u00f6he und haben ein Design mit hoher Effizienz, um eine h\u00f6here Stabilit\u00e4t und bessere Handhabung unter Wasser zu bieten. Sie sind in f\u00fcnf Hauptfarben erh\u00e4ltlich: Blau, Rot, Wei\u00df, Schwarz, Gelb.","og_url":"https:\/\/monofinshop.de\/en\/product\/ultrafins-mit-pathos-schuhteil-schwarz\/","og_site_name":"Monofinshop.de","article_modified_time":"2025-09-16T15:34:26+00:00","og_image":[{"width":1350,"height":1350,"url":"https:\/\/monofinshop.de\/wp-content\/uploads\/2023\/01\/Ultra-Pathos-Black.jpg","type":"image\/jpeg"}],"twitter_card":"summary_large_image","twitter_misc":{"Est. reading time":"2 minutes"},"schema":{"@context":"https:\/\/schema.org","@graph":[{"@type":"WebPage","@id":"https:\/\/monofinshop.de\/product\/ultrafins-mit-pathos-schuhteil-schwarz\/","url":"https:\/\/monofinshop.de\/product\/ultrafins-mit-pathos-schuhteil-schwarz\/","name":"Ultrafins Mit Pathos Schuhteil Schwarz - Monofinshop.de","isPartOf":{"@id":"https:\/\/monofinshop.de\/#website"},"primaryImageOfPage":{"@id":"https:\/\/monofinshop.de\/product\/ultrafins-mit-pathos-schuhteil-schwarz\/#primaryimage"},"image":{"@id":"https:\/\/monofinshop.de\/product\/ultrafins-mit-pathos-schuhteil-schwarz\/#primaryimage"},"thumbnailUrl":"https:\/\/monofinshop.de\/wp-content\/uploads\/2023\/01\/Ultra-Pathos-Black.jpg","datePublished":"2023-02-24T16:48:28+00:00","dateModified":"2025-09-16T15:34:26+00:00","breadcrumb":{"@id":"https:\/\/monofinshop.de\/product\/ultrafins-mit-pathos-schuhteil-schwarz\/#breadcrumb"},"inLanguage":"en-CA","potentialAction":[{"@type":"ReadAction","target":["https:\/\/monofinshop.de\/product\/ultrafins-mit-pathos-schuhteil-schwarz\/"]}]},{"@type":"ImageObject","inLanguage":"en-CA","@id":"https:\/\/monofinshop.de\/product\/ultrafins-mit-pathos-schuhteil-schwarz\/#primaryimage","url":"https:\/\/monofinshop.de\/wp-content\/uploads\/2023\/01\/Ultra-Pathos-Black.jpg","contentUrl":"https:\/\/monofinshop.de\/wp-content\/uploads\/2023\/01\/Ultra-Pathos-Black.jpg","width":1350,"height":1350},{"@type":"BreadcrumbList","@id":"https:\/\/monofinshop.de\/product\/ultrafins-mit-pathos-schuhteil-schwarz\/#breadcrumb","itemListElement":[{"@type":"ListItem","position":1,"name":"Home","item":"https:\/\/monofinshop.de\/"},{"@type":"ListItem","position":2,"name":"Shop","item":"https:\/\/monofinshop.de\/shop\/"},{"@type":"ListItem","position":3,"name":"Ultrafins Mit Pathos Schuhteil Schwarz"}]},{"@type":"WebSite","@id":"https:\/\/monofinshop.de\/#website","url":"https:\/\/monofinshop.de\/","name":"Monofinshop.de","description":"Flossenschwimmen Shop","potentialAction":[{"@type":"SearchAction","target":{"@type":"EntryPoint","urlTemplate":"https:\/\/monofinshop.de\/?s={search_term_string}"},"query-input":{"@type":"PropertyValueSpecification","valueRequired":true,"valueName":"search_term_string"}}],"inLanguage":"en-CA"}]}},"_links":{"self":[{"href":"https:\/\/monofinshop.de\/en\/wp-json\/wp\/v2\/product\/11711","targetHints":{"allow":["GET"]}}],"collection":[{"href":"https:\/\/monofinshop.de\/en\/wp-json\/wp\/v2\/product"}],"about":[{"href":"https:\/\/monofinshop.de\/en\/wp-json\/wp\/v2\/types\/product"}],"version-history":[{"count":3,"href":"https:\/\/monofinshop.de\/en\/wp-json\/wp\/v2\/product\/11711\/revisions"}],"predecessor-version":[{"id":12220,"href":"https:\/\/monofinshop.de\/en\/wp-json\/wp\/v2\/product\/11711\/revisions\/12220"}],"wp:featuredmedia":[{"embeddable":true,"href":"https:\/\/monofinshop.de\/en\/wp-json\/wp\/v2\/media\/2663"}],"wp:attachment":[{"href":"https:\/\/monofinshop.de\/en\/wp-json\/wp\/v2\/media?parent=11711"}],"wp:term":[{"taxonomy":"product_brand","embeddable":true,"href":"https:\/\/monofinshop.de\/en\/wp-json\/wp\/v2\/product_brand?post=11711"},{"taxonomy":"product_cat","embeddable":true,"href":"https:\/\/monofinshop.de\/en\/wp-json\/wp\/v2\/product_cat?post=11711"},{"taxonomy":"product_tag","embeddable":true,"href":"https:\/\/monofinshop.de\/en\/wp-json\/wp\/v2\/product_tag?post=11711"}],"curies":[{"name":"wp","href":"https:\/\/api.w.org\/{rel}","templated":true}]}}