{"id":11705,"date":"2023-02-24T16:48:28","date_gmt":"2023-02-24T16:48:28","guid":{"rendered":"https:\/\/monofinshop.de\/?post_type=product&#038;p=11705"},"modified":"2025-09-16T15:39:01","modified_gmt":"2025-09-16T15:39:01","slug":"ultrafins-mit-pathos-schuhteil-camo","status":"publish","type":"product","link":"https:\/\/monofinshop.de\/en\/product\/ultrafins-mit-pathos-schuhteil-camo\/","title":{"rendered":"Ultrafins Mit Pathos Schuhteil Camo"},"content":{"rendered":"<h1 data-start=\"98\" data-end=\"177\"><strong data-start=\"98\" data-end=\"177\">Hochwertige Ultrafins mit Pathos Schuhteil Camo von Ultrafins Manufacturing<\/strong><\/h1>\n<p data-start=\"179\" data-end=\"471\">Die <strong data-start=\"183\" data-end=\"196\">Ultrafins<\/strong>-Bl\u00e4tter werden mit Hochdruckpressmaschinen gefertigt, was sie besonders <strong data-start=\"269\" data-end=\"317\">strapazierf\u00e4hig, robust und reaktionsfreudig<\/strong> macht. Der spezielle Winkel der Bl\u00e4tter erleichtert das Schwimmen, sorgt f\u00fcr einen kraftvolleren Flossenschlag und erh\u00f6ht den <strong data-start=\"444\" data-end=\"470\">Effizienzkoeffizienten<\/strong>.<\/p>\n<p data-start=\"473\" data-end=\"610\">Entwickelt und getestet von professionellen Ingenieuren, bieten diese Flossen <strong data-start=\"551\" data-end=\"582\">Freedivern und Spearfishern<\/strong> ein herausragendes Produkt.<\/p>\n<p data-start=\"612\" data-end=\"973\">Ultrafins Manufacturing setzt auf <strong data-start=\"646\" data-end=\"696\">Hochtemperatur- und Hochdruckpress-Technologie<\/strong>, um hochwertige, langlebige Bl\u00e4tter <strong data-start=\"733\" data-end=\"756\">ohne Materialfehler<\/strong> herzustellen. Ein Team qualifizierter Ingenieure hat intensiv an der Entwicklung und Optimierung gearbeitet, bis eine perfekt ausbalancierte Formel gefunden wurde, die eine <strong data-start=\"930\" data-end=\"958\">h\u00f6here Fiberglasqualit\u00e4t<\/strong>gew\u00e4hrleistet.<\/p>\n<ul data-start=\"975\" data-end=\"1154\">\n<li data-start=\"975\" data-end=\"1001\">\n<p data-start=\"977\" data-end=\"1001\"><strong data-start=\"977\" data-end=\"993\">Blattbreite:<\/strong> 20\u202fcm<\/p>\n<\/li>\n<li data-start=\"1002\" data-end=\"1043\">\n<p data-start=\"1004\" data-end=\"1043\"><strong data-start=\"1004\" data-end=\"1032\">Gesamtl\u00e4nge der Flossen:<\/strong> 91\u201392\u202fcm<\/p>\n<\/li>\n<li data-start=\"1044\" data-end=\"1078\">\n<p data-start=\"1046\" data-end=\"1078\"><strong data-start=\"1046\" data-end=\"1065\">Produktgewicht:<\/strong> 1,8\u20131,9\u202fkg<\/p>\n<\/li>\n<li data-start=\"1079\" data-end=\"1154\">\n<p data-start=\"1081\" data-end=\"1154\"><strong data-start=\"1081\" data-end=\"1104\">Winkel der Bl\u00e4tter:<\/strong> 22 Grad (bei allen Ultrafins Fiberglasbl\u00e4ttern)<\/p>\n<\/li>\n<\/ul>\n<p data-start=\"1156\" data-end=\"1373\">Die Flossen werden mit einem <strong data-start=\"1185\" data-end=\"1205\">Pathos Schuhteil<\/strong> geliefert, ausgestattet mit <strong data-start=\"1234\" data-end=\"1269\">weichen Seitenf\u00fchrungen (Rails)<\/strong> f\u00fcr maximale Effizienz. Diese erm\u00f6glichen, dass das Blatt von der Spitze bis zum Ende optimal arbeitet.<\/p>\n<p data-start=\"1375\" data-end=\"1516\">Die <strong data-start=\"1379\" data-end=\"1399\">Ultrafins-Kanten<\/strong> mit variabler H\u00f6he und einem effizienten Design sorgen f\u00fcr <strong data-start=\"1459\" data-end=\"1502\">h\u00f6here Stabilit\u00e4t und bessere Kontrolle<\/strong> unter Wasser.<\/p>\n<p data-start=\"1518\" data-end=\"1581\"><strong data-start=\"1518\" data-end=\"1548\">Erh\u00e4ltlich in f\u00fcnf Farben:<\/strong> Blau, Rot, Wei\u00df, Schwarz, Gelb<\/p>","protected":false},"excerpt":{"rendered":"<p>Hochwertige Ultrafins mit Pathos Schuhteil Camo von Ultrafins Manufacturing Die Ultrafins-Bl\u00e4tter werden mit Hochdruckpressmaschinen gefertigt, was sie besonders strapazierf\u00e4hig, robust und reaktionsfreudig macht. Der spezielle Winkel der Bl\u00e4tter erleichtert das Schwimmen, sorgt f\u00fcr einen kraftvolleren Flossenschlag und erh\u00f6ht den Effizienzkoeffizienten. Entwickelt und getestet von professionellen Ingenieuren, bieten diese Flossen Freedivern und Spearfishern ein herausragendes Produkt. Ultrafins Manufacturing setzt auf Hochtemperatur- und Hochdruckpress-Technologie, um hochwertige, langlebige Bl\u00e4tter ohne Materialfehler herzustellen. Ein Team qualifizierter Ingenieure hat intensiv an der Entwicklung und Optimierung gearbeitet, bis eine perfekt ausbalancierte Formel gefunden wurde, die eine h\u00f6here Fiberglasqualit\u00e4tgew\u00e4hrleistet. Blattbreite: 20\u202fcm Gesamtl\u00e4nge der Flossen: 91\u201392\u202fcm Produktgewicht: 1,8\u20131,9\u202fkg Winkel der Bl\u00e4tter: 22 Grad (bei allen Ultrafins Fiberglasbl\u00e4ttern) Die Flossen werden mit einem Pathos Schuhteil geliefert, ausgestattet mit weichen Seitenf\u00fchrungen (Rails) f\u00fcr maximale Effizienz. Diese erm\u00f6glichen, dass das Blatt von der Spitze bis zum Ende optimal arbeitet. Die Ultrafins-Kanten mit variabler H\u00f6he und einem effizienten Design sorgen f\u00fcr h\u00f6here Stabilit\u00e4t und bessere Kontrolle unter Wasser. Erh\u00e4ltlich in f\u00fcnf Farben: Blau, Rot, Wei\u00df, Schwarz, Gelb<\/p>","protected":false},"featured_media":4050,"template":"","meta":[],"product_brand":[],"product_cat":[409,410,411],"product_tag":[],"class_list":{"0":"post-11705","1":"product","2":"type-product","3":"status-publish","4":"has-post-thumbnail","6":"product_cat-flossen","7":"product_cat-freediving-flossen","8":"product_cat-spearfishing-flossen","10":"first","11":"outofstock","12":"shipping-taxable","13":"purchasable","14":"product-type-variable"},"yoast_head":"<!-- This site is optimized with the Yoast SEO plugin v27.2 - https:\/\/yoast.com\/product\/yoast-seo-wordpress\/ -->\n<title>Ultrafins Mit Pathos Schuhteil Camo - Monofinshop.de<\/title>\n<meta name=\"robots\" content=\"index, follow, max-snippet:-1, max-image-preview:large, max-video-preview:-1\" \/>\n<link rel=\"canonical\" href=\"https:\/\/monofinshop.de\/en\/product\/ultrafins-mit-pathos-schuhteil-camo\/\" \/>\n<meta property=\"og:locale\" content=\"en_US\" \/>\n<meta property=\"og:type\" content=\"article\" \/>\n<meta property=\"og:title\" content=\"Ultrafins Mit Pathos Schuhteil Camo - Monofinshop.de\" \/>\n<meta property=\"og:description\" content=\"Hochwertige Ultrafins mit Pathos Schuhteil Camo von Ultrafins Manufacturing Die Ultrafins-Bl\u00e4tter werden mit Hochdruckpressmaschinen gefertigt, was sie besonders strapazierf\u00e4hig, robust und reaktionsfreudig macht. Der spezielle Winkel der Bl\u00e4tter erleichtert das Schwimmen, sorgt f\u00fcr einen kraftvolleren Flossenschlag und erh\u00f6ht den Effizienzkoeffizienten. Entwickelt und getestet von professionellen Ingenieuren, bieten diese Flossen Freedivern und Spearfishern ein herausragendes Produkt. Ultrafins Manufacturing setzt auf Hochtemperatur- und Hochdruckpress-Technologie, um hochwertige, langlebige Bl\u00e4tter ohne Materialfehler herzustellen. Ein Team qualifizierter Ingenieure hat intensiv an der Entwicklung und Optimierung gearbeitet, bis eine perfekt ausbalancierte Formel gefunden wurde, die eine h\u00f6here Fiberglasqualit\u00e4tgew\u00e4hrleistet. Blattbreite: 20\u202fcm Gesamtl\u00e4nge der Flossen: 91\u201392\u202fcm Produktgewicht: 1,8\u20131,9\u202fkg Winkel der Bl\u00e4tter: 22 Grad (bei allen Ultrafins Fiberglasbl\u00e4ttern) Die Flossen werden mit einem Pathos Schuhteil geliefert, ausgestattet mit weichen Seitenf\u00fchrungen (Rails) f\u00fcr maximale Effizienz. Diese erm\u00f6glichen, dass das Blatt von der Spitze bis zum Ende optimal arbeitet. Die Ultrafins-Kanten mit variabler H\u00f6he und einem effizienten Design sorgen f\u00fcr h\u00f6here Stabilit\u00e4t und bessere Kontrolle unter Wasser. Erh\u00e4ltlich in f\u00fcnf Farben: Blau, Rot, Wei\u00df, Schwarz, Gelb\" \/>\n<meta property=\"og:url\" content=\"https:\/\/monofinshop.de\/en\/product\/ultrafins-mit-pathos-schuhteil-camo\/\" \/>\n<meta property=\"og:site_name\" content=\"Monofinshop.de\" \/>\n<meta property=\"article:modified_time\" content=\"2025-09-16T15:39:01+00:00\" \/>\n<meta property=\"og:image\" content=\"https:\/\/monofinshop.de\/wp-content\/uploads\/2023\/01\/Ultrafins-Camo-Pathos-scaled-1-1.jpg\" \/>\n\t<meta property=\"og:image:width\" content=\"2560\" \/>\n\t<meta property=\"og:image:height\" content=\"2560\" \/>\n\t<meta property=\"og:image:type\" content=\"image\/jpeg\" \/>\n<meta name=\"twitter:card\" content=\"summary_large_image\" \/>\n<meta name=\"twitter:label1\" content=\"Est. reading time\" \/>\n\t<meta name=\"twitter:data1\" content=\"1 minute\" \/>\n<script type=\"application\/ld+json\" class=\"yoast-schema-graph\">{\"@context\":\"https:\/\/schema.org\",\"@graph\":[{\"@type\":\"WebPage\",\"@id\":\"https:\/\/monofinshop.de\/product\/ultrafins-mit-pathos-schuhteil-camo\/\",\"url\":\"https:\/\/monofinshop.de\/product\/ultrafins-mit-pathos-schuhteil-camo\/\",\"name\":\"Ultrafins Mit Pathos Schuhteil Camo - Monofinshop.de\",\"isPartOf\":{\"@id\":\"https:\/\/monofinshop.de\/#website\"},\"primaryImageOfPage\":{\"@id\":\"https:\/\/monofinshop.de\/product\/ultrafins-mit-pathos-schuhteil-camo\/#primaryimage\"},\"image\":{\"@id\":\"https:\/\/monofinshop.de\/product\/ultrafins-mit-pathos-schuhteil-camo\/#primaryimage\"},\"thumbnailUrl\":\"https:\/\/monofinshop.de\/wp-content\/uploads\/2023\/01\/Ultrafins-Camo-Pathos-scaled-1-1.jpg\",\"datePublished\":\"2023-02-24T16:48:28+00:00\",\"dateModified\":\"2025-09-16T15:39:01+00:00\",\"breadcrumb\":{\"@id\":\"https:\/\/monofinshop.de\/product\/ultrafins-mit-pathos-schuhteil-camo\/#breadcrumb\"},\"inLanguage\":\"en-CA\",\"potentialAction\":[{\"@type\":\"ReadAction\",\"target\":[\"https:\/\/monofinshop.de\/product\/ultrafins-mit-pathos-schuhteil-camo\/\"]}]},{\"@type\":\"ImageObject\",\"inLanguage\":\"en-CA\",\"@id\":\"https:\/\/monofinshop.de\/product\/ultrafins-mit-pathos-schuhteil-camo\/#primaryimage\",\"url\":\"https:\/\/monofinshop.de\/wp-content\/uploads\/2023\/01\/Ultrafins-Camo-Pathos-scaled-1-1.jpg\",\"contentUrl\":\"https:\/\/monofinshop.de\/wp-content\/uploads\/2023\/01\/Ultrafins-Camo-Pathos-scaled-1-1.jpg\",\"width\":2560,\"height\":2560},{\"@type\":\"BreadcrumbList\",\"@id\":\"https:\/\/monofinshop.de\/product\/ultrafins-mit-pathos-schuhteil-camo\/#breadcrumb\",\"itemListElement\":[{\"@type\":\"ListItem\",\"position\":1,\"name\":\"Home\",\"item\":\"https:\/\/monofinshop.de\/\"},{\"@type\":\"ListItem\",\"position\":2,\"name\":\"Shop\",\"item\":\"https:\/\/monofinshop.de\/shop\/\"},{\"@type\":\"ListItem\",\"position\":3,\"name\":\"Ultrafins Mit Pathos Schuhteil Camo\"}]},{\"@type\":\"WebSite\",\"@id\":\"https:\/\/monofinshop.de\/#website\",\"url\":\"https:\/\/monofinshop.de\/\",\"name\":\"Monofinshop.de\",\"description\":\"Flossenschwimmen Shop\",\"potentialAction\":[{\"@type\":\"SearchAction\",\"target\":{\"@type\":\"EntryPoint\",\"urlTemplate\":\"https:\/\/monofinshop.de\/?s={search_term_string}\"},\"query-input\":{\"@type\":\"PropertyValueSpecification\",\"valueRequired\":true,\"valueName\":\"search_term_string\"}}],\"inLanguage\":\"en-CA\"}]}<\/script>\n<!-- \/ Yoast SEO plugin. -->","yoast_head_json":{"title":"Ultrafins Mit Pathos Schuhteil Camo - Monofinshop.de","robots":{"index":"index","follow":"follow","max-snippet":"max-snippet:-1","max-image-preview":"max-image-preview:large","max-video-preview":"max-video-preview:-1"},"canonical":"https:\/\/monofinshop.de\/en\/product\/ultrafins-mit-pathos-schuhteil-camo\/","og_locale":"en_US","og_type":"article","og_title":"Ultrafins Mit Pathos Schuhteil Camo - Monofinshop.de","og_description":"Hochwertige Ultrafins mit Pathos Schuhteil Camo von Ultrafins Manufacturing Die Ultrafins-Bl\u00e4tter werden mit Hochdruckpressmaschinen gefertigt, was sie besonders strapazierf\u00e4hig, robust und reaktionsfreudig macht. Der spezielle Winkel der Bl\u00e4tter erleichtert das Schwimmen, sorgt f\u00fcr einen kraftvolleren Flossenschlag und erh\u00f6ht den Effizienzkoeffizienten. Entwickelt und getestet von professionellen Ingenieuren, bieten diese Flossen Freedivern und Spearfishern ein herausragendes Produkt. Ultrafins Manufacturing setzt auf Hochtemperatur- und Hochdruckpress-Technologie, um hochwertige, langlebige Bl\u00e4tter ohne Materialfehler herzustellen. Ein Team qualifizierter Ingenieure hat intensiv an der Entwicklung und Optimierung gearbeitet, bis eine perfekt ausbalancierte Formel gefunden wurde, die eine h\u00f6here Fiberglasqualit\u00e4tgew\u00e4hrleistet. Blattbreite: 20\u202fcm Gesamtl\u00e4nge der Flossen: 91\u201392\u202fcm Produktgewicht: 1,8\u20131,9\u202fkg Winkel der Bl\u00e4tter: 22 Grad (bei allen Ultrafins Fiberglasbl\u00e4ttern) Die Flossen werden mit einem Pathos Schuhteil geliefert, ausgestattet mit weichen Seitenf\u00fchrungen (Rails) f\u00fcr maximale Effizienz. Diese erm\u00f6glichen, dass das Blatt von der Spitze bis zum Ende optimal arbeitet. Die Ultrafins-Kanten mit variabler H\u00f6he und einem effizienten Design sorgen f\u00fcr h\u00f6here Stabilit\u00e4t und bessere Kontrolle unter Wasser. Erh\u00e4ltlich in f\u00fcnf Farben: Blau, Rot, Wei\u00df, Schwarz, Gelb","og_url":"https:\/\/monofinshop.de\/en\/product\/ultrafins-mit-pathos-schuhteil-camo\/","og_site_name":"Monofinshop.de","article_modified_time":"2025-09-16T15:39:01+00:00","og_image":[{"width":2560,"height":2560,"url":"https:\/\/monofinshop.de\/wp-content\/uploads\/2023\/01\/Ultrafins-Camo-Pathos-scaled-1-1.jpg","type":"image\/jpeg"}],"twitter_card":"summary_large_image","twitter_misc":{"Est. reading time":"1 minute"},"schema":{"@context":"https:\/\/schema.org","@graph":[{"@type":"WebPage","@id":"https:\/\/monofinshop.de\/product\/ultrafins-mit-pathos-schuhteil-camo\/","url":"https:\/\/monofinshop.de\/product\/ultrafins-mit-pathos-schuhteil-camo\/","name":"Ultrafins Mit Pathos Schuhteil Camo - Monofinshop.de","isPartOf":{"@id":"https:\/\/monofinshop.de\/#website"},"primaryImageOfPage":{"@id":"https:\/\/monofinshop.de\/product\/ultrafins-mit-pathos-schuhteil-camo\/#primaryimage"},"image":{"@id":"https:\/\/monofinshop.de\/product\/ultrafins-mit-pathos-schuhteil-camo\/#primaryimage"},"thumbnailUrl":"https:\/\/monofinshop.de\/wp-content\/uploads\/2023\/01\/Ultrafins-Camo-Pathos-scaled-1-1.jpg","datePublished":"2023-02-24T16:48:28+00:00","dateModified":"2025-09-16T15:39:01+00:00","breadcrumb":{"@id":"https:\/\/monofinshop.de\/product\/ultrafins-mit-pathos-schuhteil-camo\/#breadcrumb"},"inLanguage":"en-CA","potentialAction":[{"@type":"ReadAction","target":["https:\/\/monofinshop.de\/product\/ultrafins-mit-pathos-schuhteil-camo\/"]}]},{"@type":"ImageObject","inLanguage":"en-CA","@id":"https:\/\/monofinshop.de\/product\/ultrafins-mit-pathos-schuhteil-camo\/#primaryimage","url":"https:\/\/monofinshop.de\/wp-content\/uploads\/2023\/01\/Ultrafins-Camo-Pathos-scaled-1-1.jpg","contentUrl":"https:\/\/monofinshop.de\/wp-content\/uploads\/2023\/01\/Ultrafins-Camo-Pathos-scaled-1-1.jpg","width":2560,"height":2560},{"@type":"BreadcrumbList","@id":"https:\/\/monofinshop.de\/product\/ultrafins-mit-pathos-schuhteil-camo\/#breadcrumb","itemListElement":[{"@type":"ListItem","position":1,"name":"Home","item":"https:\/\/monofinshop.de\/"},{"@type":"ListItem","position":2,"name":"Shop","item":"https:\/\/monofinshop.de\/shop\/"},{"@type":"ListItem","position":3,"name":"Ultrafins Mit Pathos Schuhteil Camo"}]},{"@type":"WebSite","@id":"https:\/\/monofinshop.de\/#website","url":"https:\/\/monofinshop.de\/","name":"Monofinshop.de","description":"Flossenschwimmen Shop","potentialAction":[{"@type":"SearchAction","target":{"@type":"EntryPoint","urlTemplate":"https:\/\/monofinshop.de\/?s={search_term_string}"},"query-input":{"@type":"PropertyValueSpecification","valueRequired":true,"valueName":"search_term_string"}}],"inLanguage":"en-CA"}]}},"_links":{"self":[{"href":"https:\/\/monofinshop.de\/en\/wp-json\/wp\/v2\/product\/11705","targetHints":{"allow":["GET"]}}],"collection":[{"href":"https:\/\/monofinshop.de\/en\/wp-json\/wp\/v2\/product"}],"about":[{"href":"https:\/\/monofinshop.de\/en\/wp-json\/wp\/v2\/types\/product"}],"version-history":[{"count":2,"href":"https:\/\/monofinshop.de\/en\/wp-json\/wp\/v2\/product\/11705\/revisions"}],"predecessor-version":[{"id":12477,"href":"https:\/\/monofinshop.de\/en\/wp-json\/wp\/v2\/product\/11705\/revisions\/12477"}],"wp:featuredmedia":[{"embeddable":true,"href":"https:\/\/monofinshop.de\/en\/wp-json\/wp\/v2\/media\/4050"}],"wp:attachment":[{"href":"https:\/\/monofinshop.de\/en\/wp-json\/wp\/v2\/media?parent=11705"}],"wp:term":[{"taxonomy":"product_brand","embeddable":true,"href":"https:\/\/monofinshop.de\/en\/wp-json\/wp\/v2\/product_brand?post=11705"},{"taxonomy":"product_cat","embeddable":true,"href":"https:\/\/monofinshop.de\/en\/wp-json\/wp\/v2\/product_cat?post=11705"},{"taxonomy":"product_tag","embeddable":true,"href":"https:\/\/monofinshop.de\/en\/wp-json\/wp\/v2\/product_tag?post=11705"}],"curies":[{"name":"wp","href":"https:\/\/api.w.org\/{rel}","templated":true}]}}