{"id":11693,"date":"2023-02-24T16:48:27","date_gmt":"2023-02-24T16:48:27","guid":{"rendered":"https:\/\/monofinshop.de\/?post_type=product&#038;p=11693"},"modified":"2025-09-16T15:19:04","modified_gmt":"2025-09-16T15:19:04","slug":"ultrafins-mit-cetma-schuhteil-blau","status":"publish","type":"product","link":"https:\/\/monofinshop.de\/en\/product\/ultrafins-mit-cetma-schuhteil-blau\/","title":{"rendered":"UltraFins mit Cetma Schuhteil Blau"},"content":{"rendered":"<h1>UltraFins mit Cetma Schuhteil Blau<\/h1>\n<p>Ultrafins mit Cetma Schuhteil Blau \u2013 fortschrittliche Kohleflossen, entworfen und hergestellt von Ultrafins Manufacturing. Die Ultrafins-Bl\u00e4tter werden unter Verwendung von Hochdruckmaschinen hergestellt, was sie noch st\u00e4rker, langlebiger und reaktionsschneller macht.<\/p>\n<p>Ultrafins Manufacturing hat eine Hochtemperatur- und Hochdruckpressentechnologie eingesetzt, um hochwertige und langlebige Bl\u00e4tter ohne M\u00e4ngel herzustellen. Das Team qualifizierter Ingenieure hat an der Produktion und Pr\u00fcfung der Bl\u00e4tter gearbeitet, bis sie die perfekt ausbalancierte Formel gefunden haben, die eine h\u00f6here Glasfaserqualit\u00e4t bietet. Die Breite der Bl\u00e4tter betr\u00e4gt 20 cm. Die L\u00e4nge der Flossen betr\u00e4gt 91-92 cm. Das Produktgewicht betr\u00e4gt 1,8~1,9 kg. Alle Ultrafins Glasfaserbl\u00e4tter werden mit einem Winkel von 22 Grad geliefert.<\/p>\n<p>Die Flossen werden mit Cetma Schuhteil mit weichen Schienen f\u00fcr maximale Effizienz geliefert, sodass das Blatt vom Anfang bis zum Ende arbeitet.<\/p>\n<p>ULTRAFINS-Kanten mit variabler H\u00f6he und Design mit hoher Effizienz sollen eine h\u00f6here Stabilit\u00e4t und bessere Handhabung unter Wasser bieten. Erh\u00e4ltlich in f\u00fcnf Hauptfarben: Blau, Rot, Wei\u00df, Schwarz, Gelb.<\/p>\n<p>2 JAHRE GARANTIE Die offizielle Herstellergarantie betr\u00e4gt 2 Jahre f\u00fcr Sch\u00e4den, die nicht durch unsachgem\u00e4\u00dfen Gebrauch des Ger\u00e4ts verursacht wurden.<\/p>","protected":false},"excerpt":{"rendered":"<p>UltraFins mit Cetma Schuhteil Blau Ultrafins mit Cetma Schuhteil Blau \u2013 fortschrittliche Kohleflossen, entworfen und hergestellt von Ultrafins Manufacturing. Die Ultrafins-Bl\u00e4tter werden unter Verwendung von Hochdruckmaschinen hergestellt, was sie noch st\u00e4rker, langlebiger und reaktionsschneller macht. Ultrafins Manufacturing hat eine Hochtemperatur- und Hochdruckpressentechnologie eingesetzt, um hochwertige und langlebige Bl\u00e4tter ohne M\u00e4ngel herzustellen. Das Team qualifizierter Ingenieure hat an der Produktion und Pr\u00fcfung der Bl\u00e4tter gearbeitet, bis sie die perfekt ausbalancierte Formel gefunden haben, die eine h\u00f6here Glasfaserqualit\u00e4t bietet. Die Breite der Bl\u00e4tter betr\u00e4gt 20 cm. Die L\u00e4nge der Flossen betr\u00e4gt 91-92 cm. Das Produktgewicht betr\u00e4gt 1,8~1,9 kg. Alle Ultrafins Glasfaserbl\u00e4tter werden mit einem Winkel von 22 Grad geliefert. Die Flossen werden mit Cetma Schuhteil mit weichen Schienen f\u00fcr maximale Effizienz geliefert, sodass das Blatt vom Anfang bis zum Ende arbeitet. ULTRAFINS-Kanten mit variabler H\u00f6he und Design mit hoher Effizienz sollen eine h\u00f6here Stabilit\u00e4t und bessere Handhabung unter Wasser bieten. Erh\u00e4ltlich in f\u00fcnf Hauptfarben: Blau, Rot, Wei\u00df, Schwarz, Gelb. 2 JAHRE GARANTIE Die offizielle Herstellergarantie betr\u00e4gt 2 Jahre f\u00fcr Sch\u00e4den, die nicht durch unsachgem\u00e4\u00dfen Gebrauch des Ger\u00e4ts verursacht wurden.<\/p>","protected":false},"featured_media":2563,"template":"","meta":[],"product_brand":[566],"product_cat":[409,410,411],"product_tag":[],"class_list":{"0":"post-11693","1":"product","2":"type-product","3":"status-publish","4":"has-post-thumbnail","6":"product_brand-ultrafins","7":"product_cat-flossen","8":"product_cat-freediving-flossen","9":"product_cat-spearfishing-flossen","11":"first","12":"instock","13":"shipping-taxable","14":"purchasable","15":"product-type-variable"},"yoast_head":"<!-- This site is optimized with the Yoast SEO plugin v27.2 - https:\/\/yoast.com\/product\/yoast-seo-wordpress\/ -->\n<title>UltraFins mit Cetma Schuhteil Blau - Monofinshop.de<\/title>\n<meta name=\"robots\" content=\"index, follow, max-snippet:-1, max-image-preview:large, max-video-preview:-1\" \/>\n<link rel=\"canonical\" href=\"https:\/\/monofinshop.de\/en\/product\/ultrafins-mit-cetma-schuhteil-blau\/\" \/>\n<meta property=\"og:locale\" content=\"en_US\" \/>\n<meta property=\"og:type\" content=\"article\" \/>\n<meta property=\"og:title\" content=\"UltraFins mit Cetma Schuhteil Blau - Monofinshop.de\" \/>\n<meta property=\"og:description\" content=\"UltraFins mit Cetma Schuhteil Blau Ultrafins mit Cetma Schuhteil Blau \u2013 fortschrittliche Kohleflossen, entworfen und hergestellt von Ultrafins Manufacturing. Die Ultrafins-Bl\u00e4tter werden unter Verwendung von Hochdruckmaschinen hergestellt, was sie noch st\u00e4rker, langlebiger und reaktionsschneller macht. Ultrafins Manufacturing hat eine Hochtemperatur- und Hochdruckpressentechnologie eingesetzt, um hochwertige und langlebige Bl\u00e4tter ohne M\u00e4ngel herzustellen. Das Team qualifizierter Ingenieure hat an der Produktion und Pr\u00fcfung der Bl\u00e4tter gearbeitet, bis sie die perfekt ausbalancierte Formel gefunden haben, die eine h\u00f6here Glasfaserqualit\u00e4t bietet. Die Breite der Bl\u00e4tter betr\u00e4gt 20 cm. Die L\u00e4nge der Flossen betr\u00e4gt 91-92 cm. Das Produktgewicht betr\u00e4gt 1,8~1,9 kg. Alle Ultrafins Glasfaserbl\u00e4tter werden mit einem Winkel von 22 Grad geliefert. Die Flossen werden mit Cetma Schuhteil mit weichen Schienen f\u00fcr maximale Effizienz geliefert, sodass das Blatt vom Anfang bis zum Ende arbeitet. ULTRAFINS-Kanten mit variabler H\u00f6he und Design mit hoher Effizienz sollen eine h\u00f6here Stabilit\u00e4t und bessere Handhabung unter Wasser bieten. Erh\u00e4ltlich in f\u00fcnf Hauptfarben: Blau, Rot, Wei\u00df, Schwarz, Gelb. 2 JAHRE GARANTIE Die offizielle Herstellergarantie betr\u00e4gt 2 Jahre f\u00fcr Sch\u00e4den, die nicht durch unsachgem\u00e4\u00dfen Gebrauch des Ger\u00e4ts verursacht wurden.\" \/>\n<meta property=\"og:url\" content=\"https:\/\/monofinshop.de\/en\/product\/ultrafins-mit-cetma-schuhteil-blau\/\" \/>\n<meta property=\"og:site_name\" content=\"Monofinshop.de\" \/>\n<meta property=\"article:modified_time\" content=\"2025-09-16T15:19:04+00:00\" \/>\n<meta property=\"og:image\" content=\"https:\/\/monofinshop.de\/wp-content\/uploads\/2023\/01\/Ultrsfins-Cetma-Blue-scaled-1.jpg\" \/>\n\t<meta property=\"og:image:width\" content=\"2560\" \/>\n\t<meta property=\"og:image:height\" content=\"2560\" \/>\n\t<meta property=\"og:image:type\" content=\"image\/jpeg\" \/>\n<meta name=\"twitter:card\" content=\"summary_large_image\" \/>\n<meta name=\"twitter:label1\" content=\"Est. reading time\" \/>\n\t<meta name=\"twitter:data1\" content=\"1 minute\" \/>\n<script type=\"application\/ld+json\" class=\"yoast-schema-graph\">{\"@context\":\"https:\/\/schema.org\",\"@graph\":[{\"@type\":\"WebPage\",\"@id\":\"https:\/\/monofinshop.de\/product\/ultrafins-mit-cetma-schuhteil-blau\/\",\"url\":\"https:\/\/monofinshop.de\/product\/ultrafins-mit-cetma-schuhteil-blau\/\",\"name\":\"UltraFins mit Cetma Schuhteil Blau - Monofinshop.de\",\"isPartOf\":{\"@id\":\"https:\/\/monofinshop.de\/#website\"},\"primaryImageOfPage\":{\"@id\":\"https:\/\/monofinshop.de\/product\/ultrafins-mit-cetma-schuhteil-blau\/#primaryimage\"},\"image\":{\"@id\":\"https:\/\/monofinshop.de\/product\/ultrafins-mit-cetma-schuhteil-blau\/#primaryimage\"},\"thumbnailUrl\":\"https:\/\/monofinshop.de\/wp-content\/uploads\/2023\/01\/Ultrsfins-Cetma-Blue-scaled-1.jpg\",\"datePublished\":\"2023-02-24T16:48:27+00:00\",\"dateModified\":\"2025-09-16T15:19:04+00:00\",\"breadcrumb\":{\"@id\":\"https:\/\/monofinshop.de\/product\/ultrafins-mit-cetma-schuhteil-blau\/#breadcrumb\"},\"inLanguage\":\"en-CA\",\"potentialAction\":[{\"@type\":\"ReadAction\",\"target\":[\"https:\/\/monofinshop.de\/product\/ultrafins-mit-cetma-schuhteil-blau\/\"]}]},{\"@type\":\"ImageObject\",\"inLanguage\":\"en-CA\",\"@id\":\"https:\/\/monofinshop.de\/product\/ultrafins-mit-cetma-schuhteil-blau\/#primaryimage\",\"url\":\"https:\/\/monofinshop.de\/wp-content\/uploads\/2023\/01\/Ultrsfins-Cetma-Blue-scaled-1.jpg\",\"contentUrl\":\"https:\/\/monofinshop.de\/wp-content\/uploads\/2023\/01\/Ultrsfins-Cetma-Blue-scaled-1.jpg\",\"width\":2560,\"height\":2560},{\"@type\":\"BreadcrumbList\",\"@id\":\"https:\/\/monofinshop.de\/product\/ultrafins-mit-cetma-schuhteil-blau\/#breadcrumb\",\"itemListElement\":[{\"@type\":\"ListItem\",\"position\":1,\"name\":\"Home\",\"item\":\"https:\/\/monofinshop.de\/\"},{\"@type\":\"ListItem\",\"position\":2,\"name\":\"Shop\",\"item\":\"https:\/\/monofinshop.de\/shop\/\"},{\"@type\":\"ListItem\",\"position\":3,\"name\":\"UltraFins mit Cetma Schuhteil Blau\"}]},{\"@type\":\"WebSite\",\"@id\":\"https:\/\/monofinshop.de\/#website\",\"url\":\"https:\/\/monofinshop.de\/\",\"name\":\"Monofinshop.de\",\"description\":\"Flossenschwimmen Shop\",\"potentialAction\":[{\"@type\":\"SearchAction\",\"target\":{\"@type\":\"EntryPoint\",\"urlTemplate\":\"https:\/\/monofinshop.de\/?s={search_term_string}\"},\"query-input\":{\"@type\":\"PropertyValueSpecification\",\"valueRequired\":true,\"valueName\":\"search_term_string\"}}],\"inLanguage\":\"en-CA\"}]}<\/script>\n<!-- \/ Yoast SEO plugin. -->","yoast_head_json":{"title":"UltraFins mit Cetma Schuhteil Blau - Monofinshop.de","robots":{"index":"index","follow":"follow","max-snippet":"max-snippet:-1","max-image-preview":"max-image-preview:large","max-video-preview":"max-video-preview:-1"},"canonical":"https:\/\/monofinshop.de\/en\/product\/ultrafins-mit-cetma-schuhteil-blau\/","og_locale":"en_US","og_type":"article","og_title":"UltraFins mit Cetma Schuhteil Blau - Monofinshop.de","og_description":"UltraFins mit Cetma Schuhteil Blau Ultrafins mit Cetma Schuhteil Blau \u2013 fortschrittliche Kohleflossen, entworfen und hergestellt von Ultrafins Manufacturing. Die Ultrafins-Bl\u00e4tter werden unter Verwendung von Hochdruckmaschinen hergestellt, was sie noch st\u00e4rker, langlebiger und reaktionsschneller macht. Ultrafins Manufacturing hat eine Hochtemperatur- und Hochdruckpressentechnologie eingesetzt, um hochwertige und langlebige Bl\u00e4tter ohne M\u00e4ngel herzustellen. Das Team qualifizierter Ingenieure hat an der Produktion und Pr\u00fcfung der Bl\u00e4tter gearbeitet, bis sie die perfekt ausbalancierte Formel gefunden haben, die eine h\u00f6here Glasfaserqualit\u00e4t bietet. Die Breite der Bl\u00e4tter betr\u00e4gt 20 cm. Die L\u00e4nge der Flossen betr\u00e4gt 91-92 cm. Das Produktgewicht betr\u00e4gt 1,8~1,9 kg. Alle Ultrafins Glasfaserbl\u00e4tter werden mit einem Winkel von 22 Grad geliefert. Die Flossen werden mit Cetma Schuhteil mit weichen Schienen f\u00fcr maximale Effizienz geliefert, sodass das Blatt vom Anfang bis zum Ende arbeitet. ULTRAFINS-Kanten mit variabler H\u00f6he und Design mit hoher Effizienz sollen eine h\u00f6here Stabilit\u00e4t und bessere Handhabung unter Wasser bieten. Erh\u00e4ltlich in f\u00fcnf Hauptfarben: Blau, Rot, Wei\u00df, Schwarz, Gelb. 2 JAHRE GARANTIE Die offizielle Herstellergarantie betr\u00e4gt 2 Jahre f\u00fcr Sch\u00e4den, die nicht durch unsachgem\u00e4\u00dfen Gebrauch des Ger\u00e4ts verursacht wurden.","og_url":"https:\/\/monofinshop.de\/en\/product\/ultrafins-mit-cetma-schuhteil-blau\/","og_site_name":"Monofinshop.de","article_modified_time":"2025-09-16T15:19:04+00:00","og_image":[{"width":2560,"height":2560,"url":"https:\/\/monofinshop.de\/wp-content\/uploads\/2023\/01\/Ultrsfins-Cetma-Blue-scaled-1.jpg","type":"image\/jpeg"}],"twitter_card":"summary_large_image","twitter_misc":{"Est. reading time":"1 minute"},"schema":{"@context":"https:\/\/schema.org","@graph":[{"@type":"WebPage","@id":"https:\/\/monofinshop.de\/product\/ultrafins-mit-cetma-schuhteil-blau\/","url":"https:\/\/monofinshop.de\/product\/ultrafins-mit-cetma-schuhteil-blau\/","name":"UltraFins mit Cetma Schuhteil Blau - Monofinshop.de","isPartOf":{"@id":"https:\/\/monofinshop.de\/#website"},"primaryImageOfPage":{"@id":"https:\/\/monofinshop.de\/product\/ultrafins-mit-cetma-schuhteil-blau\/#primaryimage"},"image":{"@id":"https:\/\/monofinshop.de\/product\/ultrafins-mit-cetma-schuhteil-blau\/#primaryimage"},"thumbnailUrl":"https:\/\/monofinshop.de\/wp-content\/uploads\/2023\/01\/Ultrsfins-Cetma-Blue-scaled-1.jpg","datePublished":"2023-02-24T16:48:27+00:00","dateModified":"2025-09-16T15:19:04+00:00","breadcrumb":{"@id":"https:\/\/monofinshop.de\/product\/ultrafins-mit-cetma-schuhteil-blau\/#breadcrumb"},"inLanguage":"en-CA","potentialAction":[{"@type":"ReadAction","target":["https:\/\/monofinshop.de\/product\/ultrafins-mit-cetma-schuhteil-blau\/"]}]},{"@type":"ImageObject","inLanguage":"en-CA","@id":"https:\/\/monofinshop.de\/product\/ultrafins-mit-cetma-schuhteil-blau\/#primaryimage","url":"https:\/\/monofinshop.de\/wp-content\/uploads\/2023\/01\/Ultrsfins-Cetma-Blue-scaled-1.jpg","contentUrl":"https:\/\/monofinshop.de\/wp-content\/uploads\/2023\/01\/Ultrsfins-Cetma-Blue-scaled-1.jpg","width":2560,"height":2560},{"@type":"BreadcrumbList","@id":"https:\/\/monofinshop.de\/product\/ultrafins-mit-cetma-schuhteil-blau\/#breadcrumb","itemListElement":[{"@type":"ListItem","position":1,"name":"Home","item":"https:\/\/monofinshop.de\/"},{"@type":"ListItem","position":2,"name":"Shop","item":"https:\/\/monofinshop.de\/shop\/"},{"@type":"ListItem","position":3,"name":"UltraFins mit Cetma Schuhteil Blau"}]},{"@type":"WebSite","@id":"https:\/\/monofinshop.de\/#website","url":"https:\/\/monofinshop.de\/","name":"Monofinshop.de","description":"Flossenschwimmen Shop","potentialAction":[{"@type":"SearchAction","target":{"@type":"EntryPoint","urlTemplate":"https:\/\/monofinshop.de\/?s={search_term_string}"},"query-input":{"@type":"PropertyValueSpecification","valueRequired":true,"valueName":"search_term_string"}}],"inLanguage":"en-CA"}]}},"_links":{"self":[{"href":"https:\/\/monofinshop.de\/en\/wp-json\/wp\/v2\/product\/11693","targetHints":{"allow":["GET"]}}],"collection":[{"href":"https:\/\/monofinshop.de\/en\/wp-json\/wp\/v2\/product"}],"about":[{"href":"https:\/\/monofinshop.de\/en\/wp-json\/wp\/v2\/types\/product"}],"version-history":[{"count":3,"href":"https:\/\/monofinshop.de\/en\/wp-json\/wp\/v2\/product\/11693\/revisions"}],"predecessor-version":[{"id":12222,"href":"https:\/\/monofinshop.de\/en\/wp-json\/wp\/v2\/product\/11693\/revisions\/12222"}],"wp:featuredmedia":[{"embeddable":true,"href":"https:\/\/monofinshop.de\/en\/wp-json\/wp\/v2\/media\/2563"}],"wp:attachment":[{"href":"https:\/\/monofinshop.de\/en\/wp-json\/wp\/v2\/media?parent=11693"}],"wp:term":[{"taxonomy":"product_brand","embeddable":true,"href":"https:\/\/monofinshop.de\/en\/wp-json\/wp\/v2\/product_brand?post=11693"},{"taxonomy":"product_cat","embeddable":true,"href":"https:\/\/monofinshop.de\/en\/wp-json\/wp\/v2\/product_cat?post=11693"},{"taxonomy":"product_tag","embeddable":true,"href":"https:\/\/monofinshop.de\/en\/wp-json\/wp\/v2\/product_tag?post=11693"}],"curies":[{"name":"wp","href":"https:\/\/api.w.org\/{rel}","templated":true}]}}