{"id":11689,"date":"2023-02-24T16:48:27","date_gmt":"2023-02-24T16:48:27","guid":{"rendered":"https:\/\/monofinshop.de\/?post_type=product&#038;p=11689"},"modified":"2024-04-18T14:12:58","modified_gmt":"2024-04-18T14:12:58","slug":"ultrafins-carbon-blaetter","status":"publish","type":"product","link":"https:\/\/monofinshop.de\/en\/product\/ultrafins-carbon-blaetter\/","title":{"rendered":"Ultrafins Carbon Bl\u00e4tter"},"content":{"rendered":"<h1><strong>Ultrafins Carbon Bl\u00e4tter<\/strong><\/h1>\n<p><strong>Ultrafins Carbon Bl\u00e4tter<\/strong> sind 80 cm lang und haben einen neigungswinkel von 22 Grad. Die Bl\u00e4tter bieten einem athleten hohe leistung und haltbarkeit. Die <strong>Carbon-Bl\u00e4tter sind von UltraFins<\/strong> hergestellt und werden aus hochwertigem carbon gefertigt.<\/p>","protected":false},"excerpt":{"rendered":"<p>Ultrafins Carbon Bl\u00e4tter Ultrafins Carbon Bl\u00e4tter sind 80 cm lang und haben einen neigungswinkel von 22 Grad. Die Bl\u00e4tter bieten einem athleten hohe leistung und haltbarkeit. Die Carbon-Bl\u00e4tter sind von UltraFins hergestellt und werden aus hochwertigem carbon gefertigt.<\/p>","protected":false},"featured_media":4098,"template":"","meta":[],"product_brand":[566],"product_cat":[408],"product_tag":[],"class_list":{"0":"post-11689","1":"product","2":"type-product","3":"status-publish","4":"has-post-thumbnail","6":"product_brand-ultrafins","7":"product_cat-blaetter","9":"first","10":"instock","11":"shipping-taxable","12":"purchasable","13":"product-type-variable"},"yoast_head":"<!-- This site is optimized with the Yoast SEO plugin v27.2 - https:\/\/yoast.com\/product\/yoast-seo-wordpress\/ -->\n<title>Ultrafins Carbon Bl\u00e4tter - Monofinshop.de<\/title>\n<meta name=\"robots\" content=\"index, follow, max-snippet:-1, max-image-preview:large, max-video-preview:-1\" \/>\n<link rel=\"canonical\" href=\"https:\/\/monofinshop.de\/en\/product\/ultrafins-carbon-blaetter\/\" \/>\n<meta property=\"og:locale\" content=\"en_US\" \/>\n<meta property=\"og:type\" content=\"article\" \/>\n<meta property=\"og:title\" content=\"Ultrafins Carbon Bl\u00e4tter - Monofinshop.de\" \/>\n<meta property=\"og:description\" content=\"Ultrafins Carbon Bl\u00e4tter Ultrafins Carbon Bl\u00e4tter sind 80 cm lang und haben einen neigungswinkel von 22 Grad. Die Bl\u00e4tter bieten einem athleten hohe leistung und haltbarkeit. Die Carbon-Bl\u00e4tter sind von UltraFins hergestellt und werden aus hochwertigem carbon gefertigt.\" \/>\n<meta property=\"og:url\" content=\"https:\/\/monofinshop.de\/en\/product\/ultrafins-carbon-blaetter\/\" \/>\n<meta property=\"og:site_name\" content=\"Monofinshop.de\" \/>\n<meta property=\"article:modified_time\" content=\"2024-04-18T14:12:58+00:00\" \/>\n<meta property=\"og:image\" content=\"https:\/\/monofinshop.de\/wp-content\/uploads\/2023\/01\/Ultrafuns-Crabon-Blade-scaled-1-1.jpg\" \/>\n\t<meta property=\"og:image:width\" content=\"2560\" \/>\n\t<meta property=\"og:image:height\" content=\"2560\" \/>\n\t<meta property=\"og:image:type\" content=\"image\/jpeg\" \/>\n<meta name=\"twitter:card\" content=\"summary_large_image\" \/>\n<script type=\"application\/ld+json\" class=\"yoast-schema-graph\">{\"@context\":\"https:\/\/schema.org\",\"@graph\":[{\"@type\":\"WebPage\",\"@id\":\"https:\/\/monofinshop.de\/product\/ultrafins-carbon-blaetter\/\",\"url\":\"https:\/\/monofinshop.de\/product\/ultrafins-carbon-blaetter\/\",\"name\":\"Ultrafins Carbon Bl\u00e4tter - Monofinshop.de\",\"isPartOf\":{\"@id\":\"https:\/\/monofinshop.de\/#website\"},\"primaryImageOfPage\":{\"@id\":\"https:\/\/monofinshop.de\/product\/ultrafins-carbon-blaetter\/#primaryimage\"},\"image\":{\"@id\":\"https:\/\/monofinshop.de\/product\/ultrafins-carbon-blaetter\/#primaryimage\"},\"thumbnailUrl\":\"https:\/\/monofinshop.de\/wp-content\/uploads\/2023\/01\/Ultrafuns-Crabon-Blade-scaled-1-1.jpg\",\"datePublished\":\"2023-02-24T16:48:27+00:00\",\"dateModified\":\"2024-04-18T14:12:58+00:00\",\"breadcrumb\":{\"@id\":\"https:\/\/monofinshop.de\/product\/ultrafins-carbon-blaetter\/#breadcrumb\"},\"inLanguage\":\"en-CA\",\"potentialAction\":[{\"@type\":\"ReadAction\",\"target\":[\"https:\/\/monofinshop.de\/product\/ultrafins-carbon-blaetter\/\"]}]},{\"@type\":\"ImageObject\",\"inLanguage\":\"en-CA\",\"@id\":\"https:\/\/monofinshop.de\/product\/ultrafins-carbon-blaetter\/#primaryimage\",\"url\":\"https:\/\/monofinshop.de\/wp-content\/uploads\/2023\/01\/Ultrafuns-Crabon-Blade-scaled-1-1.jpg\",\"contentUrl\":\"https:\/\/monofinshop.de\/wp-content\/uploads\/2023\/01\/Ultrafuns-Crabon-Blade-scaled-1-1.jpg\",\"width\":2560,\"height\":2560},{\"@type\":\"BreadcrumbList\",\"@id\":\"https:\/\/monofinshop.de\/product\/ultrafins-carbon-blaetter\/#breadcrumb\",\"itemListElement\":[{\"@type\":\"ListItem\",\"position\":1,\"name\":\"Home\",\"item\":\"https:\/\/monofinshop.de\/\"},{\"@type\":\"ListItem\",\"position\":2,\"name\":\"Shop\",\"item\":\"https:\/\/monofinshop.de\/shop\/\"},{\"@type\":\"ListItem\",\"position\":3,\"name\":\"Ultrafins Carbon Bl\u00e4tter\"}]},{\"@type\":\"WebSite\",\"@id\":\"https:\/\/monofinshop.de\/#website\",\"url\":\"https:\/\/monofinshop.de\/\",\"name\":\"Monofinshop.de\",\"description\":\"Flossenschwimmen Shop\",\"potentialAction\":[{\"@type\":\"SearchAction\",\"target\":{\"@type\":\"EntryPoint\",\"urlTemplate\":\"https:\/\/monofinshop.de\/?s={search_term_string}\"},\"query-input\":{\"@type\":\"PropertyValueSpecification\",\"valueRequired\":true,\"valueName\":\"search_term_string\"}}],\"inLanguage\":\"en-CA\"}]}<\/script>\n<!-- \/ Yoast SEO plugin. -->","yoast_head_json":{"title":"Ultrafins Carbon Bl\u00e4tter - Monofinshop.de","robots":{"index":"index","follow":"follow","max-snippet":"max-snippet:-1","max-image-preview":"max-image-preview:large","max-video-preview":"max-video-preview:-1"},"canonical":"https:\/\/monofinshop.de\/en\/product\/ultrafins-carbon-blaetter\/","og_locale":"en_US","og_type":"article","og_title":"Ultrafins Carbon Bl\u00e4tter - Monofinshop.de","og_description":"Ultrafins Carbon Bl\u00e4tter Ultrafins Carbon Bl\u00e4tter sind 80 cm lang und haben einen neigungswinkel von 22 Grad. Die Bl\u00e4tter bieten einem athleten hohe leistung und haltbarkeit. Die Carbon-Bl\u00e4tter sind von UltraFins hergestellt und werden aus hochwertigem carbon gefertigt.","og_url":"https:\/\/monofinshop.de\/en\/product\/ultrafins-carbon-blaetter\/","og_site_name":"Monofinshop.de","article_modified_time":"2024-04-18T14:12:58+00:00","og_image":[{"width":2560,"height":2560,"url":"https:\/\/monofinshop.de\/wp-content\/uploads\/2023\/01\/Ultrafuns-Crabon-Blade-scaled-1-1.jpg","type":"image\/jpeg"}],"twitter_card":"summary_large_image","schema":{"@context":"https:\/\/schema.org","@graph":[{"@type":"WebPage","@id":"https:\/\/monofinshop.de\/product\/ultrafins-carbon-blaetter\/","url":"https:\/\/monofinshop.de\/product\/ultrafins-carbon-blaetter\/","name":"Ultrafins Carbon Bl\u00e4tter - Monofinshop.de","isPartOf":{"@id":"https:\/\/monofinshop.de\/#website"},"primaryImageOfPage":{"@id":"https:\/\/monofinshop.de\/product\/ultrafins-carbon-blaetter\/#primaryimage"},"image":{"@id":"https:\/\/monofinshop.de\/product\/ultrafins-carbon-blaetter\/#primaryimage"},"thumbnailUrl":"https:\/\/monofinshop.de\/wp-content\/uploads\/2023\/01\/Ultrafuns-Crabon-Blade-scaled-1-1.jpg","datePublished":"2023-02-24T16:48:27+00:00","dateModified":"2024-04-18T14:12:58+00:00","breadcrumb":{"@id":"https:\/\/monofinshop.de\/product\/ultrafins-carbon-blaetter\/#breadcrumb"},"inLanguage":"en-CA","potentialAction":[{"@type":"ReadAction","target":["https:\/\/monofinshop.de\/product\/ultrafins-carbon-blaetter\/"]}]},{"@type":"ImageObject","inLanguage":"en-CA","@id":"https:\/\/monofinshop.de\/product\/ultrafins-carbon-blaetter\/#primaryimage","url":"https:\/\/monofinshop.de\/wp-content\/uploads\/2023\/01\/Ultrafuns-Crabon-Blade-scaled-1-1.jpg","contentUrl":"https:\/\/monofinshop.de\/wp-content\/uploads\/2023\/01\/Ultrafuns-Crabon-Blade-scaled-1-1.jpg","width":2560,"height":2560},{"@type":"BreadcrumbList","@id":"https:\/\/monofinshop.de\/product\/ultrafins-carbon-blaetter\/#breadcrumb","itemListElement":[{"@type":"ListItem","position":1,"name":"Home","item":"https:\/\/monofinshop.de\/"},{"@type":"ListItem","position":2,"name":"Shop","item":"https:\/\/monofinshop.de\/shop\/"},{"@type":"ListItem","position":3,"name":"Ultrafins Carbon Bl\u00e4tter"}]},{"@type":"WebSite","@id":"https:\/\/monofinshop.de\/#website","url":"https:\/\/monofinshop.de\/","name":"Monofinshop.de","description":"Flossenschwimmen Shop","potentialAction":[{"@type":"SearchAction","target":{"@type":"EntryPoint","urlTemplate":"https:\/\/monofinshop.de\/?s={search_term_string}"},"query-input":{"@type":"PropertyValueSpecification","valueRequired":true,"valueName":"search_term_string"}}],"inLanguage":"en-CA"}]}},"_links":{"self":[{"href":"https:\/\/monofinshop.de\/en\/wp-json\/wp\/v2\/product\/11689","targetHints":{"allow":["GET"]}}],"collection":[{"href":"https:\/\/monofinshop.de\/en\/wp-json\/wp\/v2\/product"}],"about":[{"href":"https:\/\/monofinshop.de\/en\/wp-json\/wp\/v2\/types\/product"}],"version-history":[{"count":4,"href":"https:\/\/monofinshop.de\/en\/wp-json\/wp\/v2\/product\/11689\/revisions"}],"predecessor-version":[{"id":12216,"href":"https:\/\/monofinshop.de\/en\/wp-json\/wp\/v2\/product\/11689\/revisions\/12216"}],"wp:featuredmedia":[{"embeddable":true,"href":"https:\/\/monofinshop.de\/en\/wp-json\/wp\/v2\/media\/4098"}],"wp:attachment":[{"href":"https:\/\/monofinshop.de\/en\/wp-json\/wp\/v2\/media?parent=11689"}],"wp:term":[{"taxonomy":"product_brand","embeddable":true,"href":"https:\/\/monofinshop.de\/en\/wp-json\/wp\/v2\/product_brand?post=11689"},{"taxonomy":"product_cat","embeddable":true,"href":"https:\/\/monofinshop.de\/en\/wp-json\/wp\/v2\/product_cat?post=11689"},{"taxonomy":"product_tag","embeddable":true,"href":"https:\/\/monofinshop.de\/en\/wp-json\/wp\/v2\/product_tag?post=11689"}],"curies":[{"name":"wp","href":"https:\/\/api.w.org\/{rel}","templated":true}]}}