{"id":11660,"date":"2023-02-24T16:48:25","date_gmt":"2023-02-24T16:48:25","guid":{"rendered":"https:\/\/monofinshop.de\/?post_type=product&#038;p=11660"},"modified":"2024-04-18T14:35:50","modified_gmt":"2024-04-18T14:35:50","slug":"trockenland-trainingsschnuere-weich-medium","status":"publish","type":"product","link":"https:\/\/monofinshop.de\/en\/product\/trockenland-trainingsschnuere-weich-medium\/","title":{"rendered":"Trockenland-Trainingsschn\u00fcre Weich-Medium"},"content":{"rendered":"<h1>Trockenland-Trainingsschn\u00fcre Weich-Medium<\/h1>\n<p>ProSwim Trockentrainingsseile sind mit strapazierf\u00e4higen Gummischl\u00e4uchen und Kunststoffpaddeln konzipiert. Sie wurden entwickelt, um Schwimmbewegungen an der Oberfl\u00e4che zu trainieren, um die Kraft und Technik der Athleten zu verbessern. Die Seile von ProSwim haben verschiedene Widerstandsstufen und sind daher f\u00fcr Schwimmer jeden Alters und jeder F\u00e4higkeit geeignet.<\/p>\n<p>So verwendest du ProSwim Trockentrainingsseile:<\/p>\n<p><iframe src=\"https:\/\/www.youtube.com\/embed\/4lhzkbpB28g\" width=\"100%\" frameborder=\"0\"><\/iframe><\/p>","protected":false},"excerpt":{"rendered":"<p>Trockenland-Trainingsschn\u00fcre Weich-Medium ProSwim Trockentrainingsseile sind mit strapazierf\u00e4higen Gummischl\u00e4uchen und Kunststoffpaddeln konzipiert. Sie wurden entwickelt, um Schwimmbewegungen an der Oberfl\u00e4che zu trainieren, um die Kraft und Technik der Athleten zu verbessern. Die Seile von ProSwim haben verschiedene Widerstandsstufen und sind daher f\u00fcr Schwimmer jeden Alters und jeder F\u00e4higkeit geeignet. So verwendest du ProSwim Trockentrainingsseile:<\/p>","protected":false},"featured_media":3880,"template":"","meta":[],"product_brand":[564],"product_cat":[466],"product_tag":[],"class_list":{"0":"post-11660","1":"product","2":"type-product","3":"status-publish","4":"has-post-thumbnail","6":"product_brand-waterway","7":"product_cat-schwimmen","9":"first","10":"instock","11":"shipping-taxable","12":"purchasable","13":"product-type-simple"},"yoast_head":"<!-- This site is optimized with the Yoast SEO plugin v27.2 - https:\/\/yoast.com\/product\/yoast-seo-wordpress\/ -->\n<title>Trockenland-Trainingsschn\u00fcre Weich-Medium - Monofinshop.de<\/title>\n<meta name=\"robots\" content=\"index, follow, max-snippet:-1, max-image-preview:large, max-video-preview:-1\" \/>\n<link rel=\"canonical\" href=\"https:\/\/monofinshop.de\/en\/product\/trockenland-trainingsschnuere-weich-medium\/\" \/>\n<meta property=\"og:locale\" content=\"en_US\" \/>\n<meta property=\"og:type\" content=\"article\" \/>\n<meta property=\"og:title\" content=\"Trockenland-Trainingsschn\u00fcre Weich-Medium - Monofinshop.de\" \/>\n<meta property=\"og:description\" content=\"Trockenland-Trainingsschn\u00fcre Weich-Medium ProSwim Trockentrainingsseile sind mit strapazierf\u00e4higen Gummischl\u00e4uchen und Kunststoffpaddeln konzipiert. Sie wurden entwickelt, um Schwimmbewegungen an der Oberfl\u00e4che zu trainieren, um die Kraft und Technik der Athleten zu verbessern. Die Seile von ProSwim haben verschiedene Widerstandsstufen und sind daher f\u00fcr Schwimmer jeden Alters und jeder F\u00e4higkeit geeignet. So verwendest du ProSwim Trockentrainingsseile:\" \/>\n<meta property=\"og:url\" content=\"https:\/\/monofinshop.de\/en\/product\/trockenland-trainingsschnuere-weich-medium\/\" \/>\n<meta property=\"og:site_name\" content=\"Monofinshop.de\" \/>\n<meta property=\"article:modified_time\" content=\"2024-04-18T14:35:50+00:00\" \/>\n<meta property=\"og:image\" content=\"https:\/\/monofinshop.de\/wp-content\/uploads\/2023\/01\/1890571-thickbox_default-1.jpg\" \/>\n\t<meta property=\"og:image:width\" content=\"720\" \/>\n\t<meta property=\"og:image:height\" content=\"720\" \/>\n\t<meta property=\"og:image:type\" content=\"image\/jpeg\" \/>\n<meta name=\"twitter:card\" content=\"summary_large_image\" \/>\n<script type=\"application\/ld+json\" class=\"yoast-schema-graph\">{\"@context\":\"https:\/\/schema.org\",\"@graph\":[{\"@type\":\"WebPage\",\"@id\":\"https:\/\/monofinshop.de\/product\/trockenland-trainingsschnuere-weich-medium\/\",\"url\":\"https:\/\/monofinshop.de\/product\/trockenland-trainingsschnuere-weich-medium\/\",\"name\":\"Trockenland-Trainingsschn\u00fcre Weich-Medium - Monofinshop.de\",\"isPartOf\":{\"@id\":\"https:\/\/monofinshop.de\/#website\"},\"primaryImageOfPage\":{\"@id\":\"https:\/\/monofinshop.de\/product\/trockenland-trainingsschnuere-weich-medium\/#primaryimage\"},\"image\":{\"@id\":\"https:\/\/monofinshop.de\/product\/trockenland-trainingsschnuere-weich-medium\/#primaryimage\"},\"thumbnailUrl\":\"https:\/\/monofinshop.de\/wp-content\/uploads\/2023\/01\/1890571-thickbox_default-1.jpg\",\"datePublished\":\"2023-02-24T16:48:25+00:00\",\"dateModified\":\"2024-04-18T14:35:50+00:00\",\"breadcrumb\":{\"@id\":\"https:\/\/monofinshop.de\/product\/trockenland-trainingsschnuere-weich-medium\/#breadcrumb\"},\"inLanguage\":\"en-CA\",\"potentialAction\":[{\"@type\":\"ReadAction\",\"target\":[\"https:\/\/monofinshop.de\/product\/trockenland-trainingsschnuere-weich-medium\/\"]}]},{\"@type\":\"ImageObject\",\"inLanguage\":\"en-CA\",\"@id\":\"https:\/\/monofinshop.de\/product\/trockenland-trainingsschnuere-weich-medium\/#primaryimage\",\"url\":\"https:\/\/monofinshop.de\/wp-content\/uploads\/2023\/01\/1890571-thickbox_default-1.jpg\",\"contentUrl\":\"https:\/\/monofinshop.de\/wp-content\/uploads\/2023\/01\/1890571-thickbox_default-1.jpg\",\"width\":720,\"height\":720,\"caption\":\"Cords Yellow\"},{\"@type\":\"BreadcrumbList\",\"@id\":\"https:\/\/monofinshop.de\/product\/trockenland-trainingsschnuere-weich-medium\/#breadcrumb\",\"itemListElement\":[{\"@type\":\"ListItem\",\"position\":1,\"name\":\"Home\",\"item\":\"https:\/\/monofinshop.de\/\"},{\"@type\":\"ListItem\",\"position\":2,\"name\":\"Shop\",\"item\":\"https:\/\/monofinshop.de\/shop\/\"},{\"@type\":\"ListItem\",\"position\":3,\"name\":\"Trockenland-Trainingsschn\u00fcre Weich-Medium\"}]},{\"@type\":\"WebSite\",\"@id\":\"https:\/\/monofinshop.de\/#website\",\"url\":\"https:\/\/monofinshop.de\/\",\"name\":\"Monofinshop.de\",\"description\":\"Flossenschwimmen Shop\",\"potentialAction\":[{\"@type\":\"SearchAction\",\"target\":{\"@type\":\"EntryPoint\",\"urlTemplate\":\"https:\/\/monofinshop.de\/?s={search_term_string}\"},\"query-input\":{\"@type\":\"PropertyValueSpecification\",\"valueRequired\":true,\"valueName\":\"search_term_string\"}}],\"inLanguage\":\"en-CA\"}]}<\/script>\n<!-- \/ Yoast SEO plugin. -->","yoast_head_json":{"title":"Trockenland-Trainingsschn\u00fcre Weich-Medium - Monofinshop.de","robots":{"index":"index","follow":"follow","max-snippet":"max-snippet:-1","max-image-preview":"max-image-preview:large","max-video-preview":"max-video-preview:-1"},"canonical":"https:\/\/monofinshop.de\/en\/product\/trockenland-trainingsschnuere-weich-medium\/","og_locale":"en_US","og_type":"article","og_title":"Trockenland-Trainingsschn\u00fcre Weich-Medium - Monofinshop.de","og_description":"Trockenland-Trainingsschn\u00fcre Weich-Medium ProSwim Trockentrainingsseile sind mit strapazierf\u00e4higen Gummischl\u00e4uchen und Kunststoffpaddeln konzipiert. Sie wurden entwickelt, um Schwimmbewegungen an der Oberfl\u00e4che zu trainieren, um die Kraft und Technik der Athleten zu verbessern. Die Seile von ProSwim haben verschiedene Widerstandsstufen und sind daher f\u00fcr Schwimmer jeden Alters und jeder F\u00e4higkeit geeignet. So verwendest du ProSwim Trockentrainingsseile:","og_url":"https:\/\/monofinshop.de\/en\/product\/trockenland-trainingsschnuere-weich-medium\/","og_site_name":"Monofinshop.de","article_modified_time":"2024-04-18T14:35:50+00:00","og_image":[{"width":720,"height":720,"url":"https:\/\/monofinshop.de\/wp-content\/uploads\/2023\/01\/1890571-thickbox_default-1.jpg","type":"image\/jpeg"}],"twitter_card":"summary_large_image","schema":{"@context":"https:\/\/schema.org","@graph":[{"@type":"WebPage","@id":"https:\/\/monofinshop.de\/product\/trockenland-trainingsschnuere-weich-medium\/","url":"https:\/\/monofinshop.de\/product\/trockenland-trainingsschnuere-weich-medium\/","name":"Trockenland-Trainingsschn\u00fcre Weich-Medium - Monofinshop.de","isPartOf":{"@id":"https:\/\/monofinshop.de\/#website"},"primaryImageOfPage":{"@id":"https:\/\/monofinshop.de\/product\/trockenland-trainingsschnuere-weich-medium\/#primaryimage"},"image":{"@id":"https:\/\/monofinshop.de\/product\/trockenland-trainingsschnuere-weich-medium\/#primaryimage"},"thumbnailUrl":"https:\/\/monofinshop.de\/wp-content\/uploads\/2023\/01\/1890571-thickbox_default-1.jpg","datePublished":"2023-02-24T16:48:25+00:00","dateModified":"2024-04-18T14:35:50+00:00","breadcrumb":{"@id":"https:\/\/monofinshop.de\/product\/trockenland-trainingsschnuere-weich-medium\/#breadcrumb"},"inLanguage":"en-CA","potentialAction":[{"@type":"ReadAction","target":["https:\/\/monofinshop.de\/product\/trockenland-trainingsschnuere-weich-medium\/"]}]},{"@type":"ImageObject","inLanguage":"en-CA","@id":"https:\/\/monofinshop.de\/product\/trockenland-trainingsschnuere-weich-medium\/#primaryimage","url":"https:\/\/monofinshop.de\/wp-content\/uploads\/2023\/01\/1890571-thickbox_default-1.jpg","contentUrl":"https:\/\/monofinshop.de\/wp-content\/uploads\/2023\/01\/1890571-thickbox_default-1.jpg","width":720,"height":720,"caption":"Cords Yellow"},{"@type":"BreadcrumbList","@id":"https:\/\/monofinshop.de\/product\/trockenland-trainingsschnuere-weich-medium\/#breadcrumb","itemListElement":[{"@type":"ListItem","position":1,"name":"Home","item":"https:\/\/monofinshop.de\/"},{"@type":"ListItem","position":2,"name":"Shop","item":"https:\/\/monofinshop.de\/shop\/"},{"@type":"ListItem","position":3,"name":"Trockenland-Trainingsschn\u00fcre Weich-Medium"}]},{"@type":"WebSite","@id":"https:\/\/monofinshop.de\/#website","url":"https:\/\/monofinshop.de\/","name":"Monofinshop.de","description":"Flossenschwimmen Shop","potentialAction":[{"@type":"SearchAction","target":{"@type":"EntryPoint","urlTemplate":"https:\/\/monofinshop.de\/?s={search_term_string}"},"query-input":{"@type":"PropertyValueSpecification","valueRequired":true,"valueName":"search_term_string"}}],"inLanguage":"en-CA"}]}},"_links":{"self":[{"href":"https:\/\/monofinshop.de\/en\/wp-json\/wp\/v2\/product\/11660","targetHints":{"allow":["GET"]}}],"collection":[{"href":"https:\/\/monofinshop.de\/en\/wp-json\/wp\/v2\/product"}],"about":[{"href":"https:\/\/monofinshop.de\/en\/wp-json\/wp\/v2\/types\/product"}],"version-history":[{"count":3,"href":"https:\/\/monofinshop.de\/en\/wp-json\/wp\/v2\/product\/11660\/revisions"}],"predecessor-version":[{"id":12235,"href":"https:\/\/monofinshop.de\/en\/wp-json\/wp\/v2\/product\/11660\/revisions\/12235"}],"wp:featuredmedia":[{"embeddable":true,"href":"https:\/\/monofinshop.de\/en\/wp-json\/wp\/v2\/media\/3880"}],"wp:attachment":[{"href":"https:\/\/monofinshop.de\/en\/wp-json\/wp\/v2\/media?parent=11660"}],"wp:term":[{"taxonomy":"product_brand","embeddable":true,"href":"https:\/\/monofinshop.de\/en\/wp-json\/wp\/v2\/product_brand?post=11660"},{"taxonomy":"product_cat","embeddable":true,"href":"https:\/\/monofinshop.de\/en\/wp-json\/wp\/v2\/product_cat?post=11660"},{"taxonomy":"product_tag","embeddable":true,"href":"https:\/\/monofinshop.de\/en\/wp-json\/wp\/v2\/product_tag?post=11660"}],"curies":[{"name":"wp","href":"https:\/\/api.w.org\/{rel}","templated":true}]}}