{"id":11654,"date":"2023-02-24T16:48:25","date_gmt":"2023-02-24T16:48:25","guid":{"rendered":"https:\/\/monofinshop.de\/?post_type=product&#038;p=11654"},"modified":"2026-01-29T16:34:39","modified_gmt":"2026-01-29T16:34:39","slug":"training-glide-monoflosse-von-waterway","status":"publish","type":"product","link":"https:\/\/monofinshop.de\/en\/product\/training-glide-monoflosse-von-waterway\/","title":{"rendered":"Training Glide Monoflosse von WaterWay"},"content":{"rendered":"<p style=\"font-weight: 400;\">Dies ist die neueste ma\u00dfgefertigte und handgefertigte Trainings-Monoflosse von WaterWay. Die Glide Training Monoflosse bietet eine fl\u00fcgellose Blatt-Design-Option mit einer kleineren Spannweite als herk\u00f6mmliche Wettkampf-Monoflossenbl\u00e4tter und einem 15\u00b0-Winkel.<\/p>\n<p style=\"font-weight: 400;\">Speziell f\u00fcr den Einsatz von jungen Erwachsenen und Kindern im Flossenschwimm-Training entwickelt, ist die Glide Training Monoflosse das Werkzeug der Wahl von Flossenschwimmtrainern weltweit, um die richtige Flossentechnik zu lehren und zu \u00fcben. Die Glide Junior Monoflosse ist mit der neuesten Generation der revolution\u00e4ren gegossenen Gummiflossen-Taschen von WaterWay ausgestattet, die eine optimale Griffigkeit der F\u00fc\u00dfe des Schwimmers und eine au\u00dfergew\u00f6hnliche Energieeffizienz erm\u00f6glichen.<\/p>\n<p style=\"font-weight: 400;\">Das Blatt der Monoflosse wird von Hand aus fortschrittlichen und langlebigen Verbundfasern hergestellt, um jahrelang zu halten.<\/p>","protected":false},"excerpt":{"rendered":"<p>Dies ist die neueste ma\u00dfgefertigte und handgefertigte Trainings-Monoflosse von WaterWay. Die Glide Training Monoflosse bietet eine fl\u00fcgellose Blatt-Design-Option mit einer kleineren Spannweite als herk\u00f6mmliche Wettkampf-Monoflossenbl\u00e4tter und einem 15\u00b0-Winkel. Speziell f\u00fcr den Einsatz von jungen Erwachsenen und Kindern im Flossenschwimm-Training entwickelt, ist die Glide Training Monoflosse das Werkzeug der Wahl von Flossenschwimmtrainern weltweit, um die richtige Flossentechnik zu lehren und zu \u00fcben. Die Glide Junior Monoflosse ist mit der neuesten Generation der revolution\u00e4ren gegossenen Gummiflossen-Taschen von WaterWay ausgestattet, die eine optimale Griffigkeit der F\u00fc\u00dfe des Schwimmers und eine au\u00dfergew\u00f6hnliche Energieeffizienz erm\u00f6glichen. Das Blatt der Monoflosse wird von Hand aus fortschrittlichen und langlebigen Verbundfasern hergestellt, um jahrelang zu halten.<\/p>","protected":false},"featured_media":2766,"template":"","meta":[],"product_brand":[564],"product_cat":[441,490],"product_tag":[],"class_list":{"0":"post-11654","1":"product","2":"type-product","3":"status-publish","4":"has-post-thumbnail","6":"product_brand-waterway","7":"product_cat-monoflossen","8":"product_cat-training-monoflossen","10":"first","11":"instock","12":"shipping-taxable","13":"purchasable","14":"product-type-variable"},"yoast_head":"<!-- This site is optimized with the Yoast SEO plugin v27.2 - https:\/\/yoast.com\/product\/yoast-seo-wordpress\/ -->\n<title>Training Glide Monoflosse von WaterWay - Monofinshop.de<\/title>\n<meta name=\"description\" content=\"Dies ist die neueste ma\u00dfgefertigte und handgefertigte Trainings-Monoflosse von WaterWay. Die Glide Training Monoflosse bietet eine fl\u00fcgellose Blatt-Design-Option mit einer kleineren Spannweite als herk\u00f6mmliche Wettkampf-Monoflossenbl\u00e4tter und einem 15\u00b0-Winkel.\" \/>\n<meta name=\"robots\" content=\"index, follow, max-snippet:-1, max-image-preview:large, max-video-preview:-1\" \/>\n<link rel=\"canonical\" href=\"https:\/\/monofinshop.de\/en\/product\/training-glide-monoflosse-von-waterway\/\" \/>\n<meta property=\"og:locale\" content=\"en_US\" \/>\n<meta property=\"og:type\" content=\"article\" \/>\n<meta property=\"og:title\" content=\"Training Glide Monoflosse von WaterWay - Monofinshop.de\" \/>\n<meta property=\"og:description\" content=\"Dies ist die neueste ma\u00dfgefertigte und handgefertigte Trainings-Monoflosse von WaterWay. Die Glide Training Monoflosse bietet eine fl\u00fcgellose Blatt-Design-Option mit einer kleineren Spannweite als herk\u00f6mmliche Wettkampf-Monoflossenbl\u00e4tter und einem 15\u00b0-Winkel.\" \/>\n<meta property=\"og:url\" content=\"https:\/\/monofinshop.de\/en\/product\/training-glide-monoflosse-von-waterway\/\" \/>\n<meta property=\"og:site_name\" content=\"Monofinshop.de\" \/>\n<meta property=\"article:modified_time\" content=\"2026-01-29T16:34:39+00:00\" \/>\n<meta property=\"og:image\" content=\"https:\/\/monofinshop.de\/wp-content\/uploads\/2023\/01\/Training-Glide-Fin.jpg\" \/>\n\t<meta property=\"og:image:width\" content=\"2251\" \/>\n\t<meta property=\"og:image:height\" content=\"2433\" \/>\n\t<meta property=\"og:image:type\" content=\"image\/jpeg\" \/>\n<meta name=\"twitter:card\" content=\"summary_large_image\" \/>\n<meta name=\"twitter:label1\" content=\"Est. reading time\" \/>\n\t<meta name=\"twitter:data1\" content=\"1 minute\" \/>\n<script type=\"application\/ld+json\" class=\"yoast-schema-graph\">{\"@context\":\"https:\/\/schema.org\",\"@graph\":[{\"@type\":\"WebPage\",\"@id\":\"https:\/\/monofinshop.de\/product\/training-glide-monoflosse-von-waterway\/\",\"url\":\"https:\/\/monofinshop.de\/product\/training-glide-monoflosse-von-waterway\/\",\"name\":\"Training Glide Monoflosse von WaterWay - Monofinshop.de\",\"isPartOf\":{\"@id\":\"https:\/\/monofinshop.de\/#website\"},\"primaryImageOfPage\":{\"@id\":\"https:\/\/monofinshop.de\/product\/training-glide-monoflosse-von-waterway\/#primaryimage\"},\"image\":{\"@id\":\"https:\/\/monofinshop.de\/product\/training-glide-monoflosse-von-waterway\/#primaryimage\"},\"thumbnailUrl\":\"https:\/\/monofinshop.de\/wp-content\/uploads\/2023\/01\/Training-Glide-Fin.jpg\",\"datePublished\":\"2023-02-24T16:48:25+00:00\",\"dateModified\":\"2026-01-29T16:34:39+00:00\",\"description\":\"Dies ist die neueste ma\u00dfgefertigte und handgefertigte Trainings-Monoflosse von WaterWay. Die Glide Training Monoflosse bietet eine fl\u00fcgellose Blatt-Design-Option mit einer kleineren Spannweite als herk\u00f6mmliche Wettkampf-Monoflossenbl\u00e4tter und einem 15\u00b0-Winkel.\",\"breadcrumb\":{\"@id\":\"https:\/\/monofinshop.de\/product\/training-glide-monoflosse-von-waterway\/#breadcrumb\"},\"inLanguage\":\"en-CA\",\"potentialAction\":[{\"@type\":\"ReadAction\",\"target\":[\"https:\/\/monofinshop.de\/product\/training-glide-monoflosse-von-waterway\/\"]}]},{\"@type\":\"ImageObject\",\"inLanguage\":\"en-CA\",\"@id\":\"https:\/\/monofinshop.de\/product\/training-glide-monoflosse-von-waterway\/#primaryimage\",\"url\":\"https:\/\/monofinshop.de\/wp-content\/uploads\/2023\/01\/Training-Glide-Fin.jpg\",\"contentUrl\":\"https:\/\/monofinshop.de\/wp-content\/uploads\/2023\/01\/Training-Glide-Fin.jpg\",\"width\":2251,\"height\":2433},{\"@type\":\"BreadcrumbList\",\"@id\":\"https:\/\/monofinshop.de\/product\/training-glide-monoflosse-von-waterway\/#breadcrumb\",\"itemListElement\":[{\"@type\":\"ListItem\",\"position\":1,\"name\":\"Home\",\"item\":\"https:\/\/monofinshop.de\/\"},{\"@type\":\"ListItem\",\"position\":2,\"name\":\"Shop\",\"item\":\"https:\/\/monofinshop.de\/shop\/\"},{\"@type\":\"ListItem\",\"position\":3,\"name\":\"Training Glide Monoflosse von WaterWay\"}]},{\"@type\":\"WebSite\",\"@id\":\"https:\/\/monofinshop.de\/#website\",\"url\":\"https:\/\/monofinshop.de\/\",\"name\":\"Monofinshop.de\",\"description\":\"Flossenschwimmen Shop\",\"potentialAction\":[{\"@type\":\"SearchAction\",\"target\":{\"@type\":\"EntryPoint\",\"urlTemplate\":\"https:\/\/monofinshop.de\/?s={search_term_string}\"},\"query-input\":{\"@type\":\"PropertyValueSpecification\",\"valueRequired\":true,\"valueName\":\"search_term_string\"}}],\"inLanguage\":\"en-CA\"}]}<\/script>\n<!-- \/ Yoast SEO plugin. -->","yoast_head_json":{"title":"Training Glide Monoflosse von WaterWay - Monofinshop.de","description":"Dies ist die neueste ma\u00dfgefertigte und handgefertigte Trainings-Monoflosse von WaterWay. Die Glide Training Monoflosse bietet eine fl\u00fcgellose Blatt-Design-Option mit einer kleineren Spannweite als herk\u00f6mmliche Wettkampf-Monoflossenbl\u00e4tter und einem 15\u00b0-Winkel.","robots":{"index":"index","follow":"follow","max-snippet":"max-snippet:-1","max-image-preview":"max-image-preview:large","max-video-preview":"max-video-preview:-1"},"canonical":"https:\/\/monofinshop.de\/en\/product\/training-glide-monoflosse-von-waterway\/","og_locale":"en_US","og_type":"article","og_title":"Training Glide Monoflosse von WaterWay - Monofinshop.de","og_description":"Dies ist die neueste ma\u00dfgefertigte und handgefertigte Trainings-Monoflosse von WaterWay. Die Glide Training Monoflosse bietet eine fl\u00fcgellose Blatt-Design-Option mit einer kleineren Spannweite als herk\u00f6mmliche Wettkampf-Monoflossenbl\u00e4tter und einem 15\u00b0-Winkel.","og_url":"https:\/\/monofinshop.de\/en\/product\/training-glide-monoflosse-von-waterway\/","og_site_name":"Monofinshop.de","article_modified_time":"2026-01-29T16:34:39+00:00","og_image":[{"width":2251,"height":2433,"url":"https:\/\/monofinshop.de\/wp-content\/uploads\/2023\/01\/Training-Glide-Fin.jpg","type":"image\/jpeg"}],"twitter_card":"summary_large_image","twitter_misc":{"Est. reading time":"1 minute"},"schema":{"@context":"https:\/\/schema.org","@graph":[{"@type":"WebPage","@id":"https:\/\/monofinshop.de\/product\/training-glide-monoflosse-von-waterway\/","url":"https:\/\/monofinshop.de\/product\/training-glide-monoflosse-von-waterway\/","name":"Training Glide Monoflosse von WaterWay - Monofinshop.de","isPartOf":{"@id":"https:\/\/monofinshop.de\/#website"},"primaryImageOfPage":{"@id":"https:\/\/monofinshop.de\/product\/training-glide-monoflosse-von-waterway\/#primaryimage"},"image":{"@id":"https:\/\/monofinshop.de\/product\/training-glide-monoflosse-von-waterway\/#primaryimage"},"thumbnailUrl":"https:\/\/monofinshop.de\/wp-content\/uploads\/2023\/01\/Training-Glide-Fin.jpg","datePublished":"2023-02-24T16:48:25+00:00","dateModified":"2026-01-29T16:34:39+00:00","description":"Dies ist die neueste ma\u00dfgefertigte und handgefertigte Trainings-Monoflosse von WaterWay. Die Glide Training Monoflosse bietet eine fl\u00fcgellose Blatt-Design-Option mit einer kleineren Spannweite als herk\u00f6mmliche Wettkampf-Monoflossenbl\u00e4tter und einem 15\u00b0-Winkel.","breadcrumb":{"@id":"https:\/\/monofinshop.de\/product\/training-glide-monoflosse-von-waterway\/#breadcrumb"},"inLanguage":"en-CA","potentialAction":[{"@type":"ReadAction","target":["https:\/\/monofinshop.de\/product\/training-glide-monoflosse-von-waterway\/"]}]},{"@type":"ImageObject","inLanguage":"en-CA","@id":"https:\/\/monofinshop.de\/product\/training-glide-monoflosse-von-waterway\/#primaryimage","url":"https:\/\/monofinshop.de\/wp-content\/uploads\/2023\/01\/Training-Glide-Fin.jpg","contentUrl":"https:\/\/monofinshop.de\/wp-content\/uploads\/2023\/01\/Training-Glide-Fin.jpg","width":2251,"height":2433},{"@type":"BreadcrumbList","@id":"https:\/\/monofinshop.de\/product\/training-glide-monoflosse-von-waterway\/#breadcrumb","itemListElement":[{"@type":"ListItem","position":1,"name":"Home","item":"https:\/\/monofinshop.de\/"},{"@type":"ListItem","position":2,"name":"Shop","item":"https:\/\/monofinshop.de\/shop\/"},{"@type":"ListItem","position":3,"name":"Training Glide Monoflosse von WaterWay"}]},{"@type":"WebSite","@id":"https:\/\/monofinshop.de\/#website","url":"https:\/\/monofinshop.de\/","name":"Monofinshop.de","description":"Flossenschwimmen Shop","potentialAction":[{"@type":"SearchAction","target":{"@type":"EntryPoint","urlTemplate":"https:\/\/monofinshop.de\/?s={search_term_string}"},"query-input":{"@type":"PropertyValueSpecification","valueRequired":true,"valueName":"search_term_string"}}],"inLanguage":"en-CA"}]}},"_links":{"self":[{"href":"https:\/\/monofinshop.de\/en\/wp-json\/wp\/v2\/product\/11654","targetHints":{"allow":["GET"]}}],"collection":[{"href":"https:\/\/monofinshop.de\/en\/wp-json\/wp\/v2\/product"}],"about":[{"href":"https:\/\/monofinshop.de\/en\/wp-json\/wp\/v2\/types\/product"}],"version-history":[{"count":3,"href":"https:\/\/monofinshop.de\/en\/wp-json\/wp\/v2\/product\/11654\/revisions"}],"predecessor-version":[{"id":12009,"href":"https:\/\/monofinshop.de\/en\/wp-json\/wp\/v2\/product\/11654\/revisions\/12009"}],"wp:featuredmedia":[{"embeddable":true,"href":"https:\/\/monofinshop.de\/en\/wp-json\/wp\/v2\/media\/2766"}],"wp:attachment":[{"href":"https:\/\/monofinshop.de\/en\/wp-json\/wp\/v2\/media?parent=11654"}],"wp:term":[{"taxonomy":"product_brand","embeddable":true,"href":"https:\/\/monofinshop.de\/en\/wp-json\/wp\/v2\/product_brand?post=11654"},{"taxonomy":"product_cat","embeddable":true,"href":"https:\/\/monofinshop.de\/en\/wp-json\/wp\/v2\/product_cat?post=11654"},{"taxonomy":"product_tag","embeddable":true,"href":"https:\/\/monofinshop.de\/en\/wp-json\/wp\/v2\/product_tag?post=11654"}],"curies":[{"name":"wp","href":"https:\/\/api.w.org\/{rel}","templated":true}]}}