{"id":11636,"date":"2023-02-24T16:48:25","date_gmt":"2023-02-24T16:48:25","guid":{"rendered":"https:\/\/monofinshop.de\/?post_type=product&#038;p=11636"},"modified":"2024-04-18T14:31:11","modified_gmt":"2024-04-18T14:31:11","slug":"rugby-speed-fins","status":"publish","type":"product","link":"https:\/\/monofinshop.de\/en\/product\/rugby-speed-fins\/","title":{"rendered":"Rugby Speed Fins"},"content":{"rendered":"<h1>WaterWay Rugby Speed Fins<\/h1>\n<p><strong>Die Rugby Speed Flossen<\/strong> sind eine NEUE Generation im Unterwasser-Rugby! Die Flossen werden mit WaterWays revolution\u00e4ren gegossenen Gummi-Fu\u00dftaschen geliefert, f\u00fcr den bestm\u00f6glichen Energietransfer und eine neue Definition von Schwimmgeschwindigkeit. Mit einer Verbundfaser-Neopren-beschichteten Klinge und einer Auswahl an Blattsteifigkeiten liefern die WaterWay Rugby Speed Flossen dem Schwimmer un\u00fcbertroffene Kraft, Geschwindigkeit und Langlebigkeit. Das Gewicht des Produkts betr\u00e4gt weniger als 3 kg.<\/p>","protected":false},"excerpt":{"rendered":"<p>WaterWay Rugby Speed Fins Die Rugby Speed Flossen sind eine NEUE Generation im Unterwasser-Rugby! Die Flossen werden mit WaterWays revolution\u00e4ren gegossenen Gummi-Fu\u00dftaschen geliefert, f\u00fcr den bestm\u00f6glichen Energietransfer und eine neue Definition von Schwimmgeschwindigkeit. Mit einer Verbundfaser-Neopren-beschichteten Klinge und einer Auswahl an Blattsteifigkeiten liefern die WaterWay Rugby Speed Flossen dem Schwimmer un\u00fcbertroffene Kraft, Geschwindigkeit und Langlebigkeit. Das Gewicht des Produkts betr\u00e4gt weniger als 3 kg.<\/p>","protected":false},"featured_media":4421,"template":"","meta":[],"product_brand":[564],"product_cat":[409,493],"product_tag":[],"class_list":{"0":"post-11636","1":"product","2":"type-product","3":"status-publish","4":"has-post-thumbnail","6":"product_brand-waterway","7":"product_cat-flossen","8":"product_cat-uw-rugby-flossen","10":"first","11":"instock","12":"featured","13":"shipping-taxable","14":"purchasable","15":"product-type-variable"},"yoast_head":"<!-- This site is optimized with the Yoast SEO plugin v27.2 - https:\/\/yoast.com\/product\/yoast-seo-wordpress\/ -->\n<title>Rugby Speed Fins - Monofinshop.de<\/title>\n<meta name=\"robots\" content=\"index, follow, max-snippet:-1, max-image-preview:large, max-video-preview:-1\" \/>\n<link rel=\"canonical\" href=\"https:\/\/monofinshop.de\/en\/product\/rugby-speed-fins\/\" \/>\n<meta property=\"og:locale\" content=\"en_US\" \/>\n<meta property=\"og:type\" content=\"article\" \/>\n<meta property=\"og:title\" content=\"Rugby Speed Fins - Monofinshop.de\" \/>\n<meta property=\"og:description\" content=\"WaterWay Rugby Speed Fins Die Rugby Speed Flossen sind eine NEUE Generation im Unterwasser-Rugby! Die Flossen werden mit WaterWays revolution\u00e4ren gegossenen Gummi-Fu\u00dftaschen geliefert, f\u00fcr den bestm\u00f6glichen Energietransfer und eine neue Definition von Schwimmgeschwindigkeit. Mit einer Verbundfaser-Neopren-beschichteten Klinge und einer Auswahl an Blattsteifigkeiten liefern die WaterWay Rugby Speed Flossen dem Schwimmer un\u00fcbertroffene Kraft, Geschwindigkeit und Langlebigkeit. Das Gewicht des Produkts betr\u00e4gt weniger als 3 kg.\" \/>\n<meta property=\"og:url\" content=\"https:\/\/monofinshop.de\/en\/product\/rugby-speed-fins\/\" \/>\n<meta property=\"og:site_name\" content=\"Monofinshop.de\" \/>\n<meta property=\"article:modified_time\" content=\"2024-04-18T14:31:11+00:00\" \/>\n<meta property=\"og:image\" content=\"https:\/\/monofinshop.de\/wp-content\/uploads\/2023\/01\/Rugby-Hyper-Fins-1-scaled-1-1.jpg\" \/>\n\t<meta property=\"og:image:width\" content=\"2349\" \/>\n\t<meta property=\"og:image:height\" content=\"2560\" \/>\n\t<meta property=\"og:image:type\" content=\"image\/jpeg\" \/>\n<meta name=\"twitter:card\" content=\"summary_large_image\" \/>\n<script type=\"application\/ld+json\" class=\"yoast-schema-graph\">{\"@context\":\"https:\/\/schema.org\",\"@graph\":[{\"@type\":\"WebPage\",\"@id\":\"https:\/\/monofinshop.de\/product\/rugby-speed-fins\/\",\"url\":\"https:\/\/monofinshop.de\/product\/rugby-speed-fins\/\",\"name\":\"Rugby Speed Fins - Monofinshop.de\",\"isPartOf\":{\"@id\":\"https:\/\/monofinshop.de\/#website\"},\"primaryImageOfPage\":{\"@id\":\"https:\/\/monofinshop.de\/product\/rugby-speed-fins\/#primaryimage\"},\"image\":{\"@id\":\"https:\/\/monofinshop.de\/product\/rugby-speed-fins\/#primaryimage\"},\"thumbnailUrl\":\"https:\/\/monofinshop.de\/wp-content\/uploads\/2023\/01\/Rugby-Hyper-Fins-1-scaled-1-1.jpg\",\"datePublished\":\"2023-02-24T16:48:25+00:00\",\"dateModified\":\"2024-04-18T14:31:11+00:00\",\"breadcrumb\":{\"@id\":\"https:\/\/monofinshop.de\/product\/rugby-speed-fins\/#breadcrumb\"},\"inLanguage\":\"en-CA\",\"potentialAction\":[{\"@type\":\"ReadAction\",\"target\":[\"https:\/\/monofinshop.de\/product\/rugby-speed-fins\/\"]}]},{\"@type\":\"ImageObject\",\"inLanguage\":\"en-CA\",\"@id\":\"https:\/\/monofinshop.de\/product\/rugby-speed-fins\/#primaryimage\",\"url\":\"https:\/\/monofinshop.de\/wp-content\/uploads\/2023\/01\/Rugby-Hyper-Fins-1-scaled-1-1.jpg\",\"contentUrl\":\"https:\/\/monofinshop.de\/wp-content\/uploads\/2023\/01\/Rugby-Hyper-Fins-1-scaled-1-1.jpg\",\"width\":2349,\"height\":2560,\"caption\":\"Rugby Speed Fins\"},{\"@type\":\"BreadcrumbList\",\"@id\":\"https:\/\/monofinshop.de\/product\/rugby-speed-fins\/#breadcrumb\",\"itemListElement\":[{\"@type\":\"ListItem\",\"position\":1,\"name\":\"Home\",\"item\":\"https:\/\/monofinshop.de\/\"},{\"@type\":\"ListItem\",\"position\":2,\"name\":\"Shop\",\"item\":\"https:\/\/monofinshop.de\/shop\/\"},{\"@type\":\"ListItem\",\"position\":3,\"name\":\"Rugby Speed Fins\"}]},{\"@type\":\"WebSite\",\"@id\":\"https:\/\/monofinshop.de\/#website\",\"url\":\"https:\/\/monofinshop.de\/\",\"name\":\"Monofinshop.de\",\"description\":\"Flossenschwimmen Shop\",\"potentialAction\":[{\"@type\":\"SearchAction\",\"target\":{\"@type\":\"EntryPoint\",\"urlTemplate\":\"https:\/\/monofinshop.de\/?s={search_term_string}\"},\"query-input\":{\"@type\":\"PropertyValueSpecification\",\"valueRequired\":true,\"valueName\":\"search_term_string\"}}],\"inLanguage\":\"en-CA\"}]}<\/script>\n<!-- \/ Yoast SEO plugin. -->","yoast_head_json":{"title":"Rugby Speed Fins - Monofinshop.de","robots":{"index":"index","follow":"follow","max-snippet":"max-snippet:-1","max-image-preview":"max-image-preview:large","max-video-preview":"max-video-preview:-1"},"canonical":"https:\/\/monofinshop.de\/en\/product\/rugby-speed-fins\/","og_locale":"en_US","og_type":"article","og_title":"Rugby Speed Fins - Monofinshop.de","og_description":"WaterWay Rugby Speed Fins Die Rugby Speed Flossen sind eine NEUE Generation im Unterwasser-Rugby! Die Flossen werden mit WaterWays revolution\u00e4ren gegossenen Gummi-Fu\u00dftaschen geliefert, f\u00fcr den bestm\u00f6glichen Energietransfer und eine neue Definition von Schwimmgeschwindigkeit. Mit einer Verbundfaser-Neopren-beschichteten Klinge und einer Auswahl an Blattsteifigkeiten liefern die WaterWay Rugby Speed Flossen dem Schwimmer un\u00fcbertroffene Kraft, Geschwindigkeit und Langlebigkeit. Das Gewicht des Produkts betr\u00e4gt weniger als 3 kg.","og_url":"https:\/\/monofinshop.de\/en\/product\/rugby-speed-fins\/","og_site_name":"Monofinshop.de","article_modified_time":"2024-04-18T14:31:11+00:00","og_image":[{"width":2349,"height":2560,"url":"https:\/\/monofinshop.de\/wp-content\/uploads\/2023\/01\/Rugby-Hyper-Fins-1-scaled-1-1.jpg","type":"image\/jpeg"}],"twitter_card":"summary_large_image","schema":{"@context":"https:\/\/schema.org","@graph":[{"@type":"WebPage","@id":"https:\/\/monofinshop.de\/product\/rugby-speed-fins\/","url":"https:\/\/monofinshop.de\/product\/rugby-speed-fins\/","name":"Rugby Speed Fins - Monofinshop.de","isPartOf":{"@id":"https:\/\/monofinshop.de\/#website"},"primaryImageOfPage":{"@id":"https:\/\/monofinshop.de\/product\/rugby-speed-fins\/#primaryimage"},"image":{"@id":"https:\/\/monofinshop.de\/product\/rugby-speed-fins\/#primaryimage"},"thumbnailUrl":"https:\/\/monofinshop.de\/wp-content\/uploads\/2023\/01\/Rugby-Hyper-Fins-1-scaled-1-1.jpg","datePublished":"2023-02-24T16:48:25+00:00","dateModified":"2024-04-18T14:31:11+00:00","breadcrumb":{"@id":"https:\/\/monofinshop.de\/product\/rugby-speed-fins\/#breadcrumb"},"inLanguage":"en-CA","potentialAction":[{"@type":"ReadAction","target":["https:\/\/monofinshop.de\/product\/rugby-speed-fins\/"]}]},{"@type":"ImageObject","inLanguage":"en-CA","@id":"https:\/\/monofinshop.de\/product\/rugby-speed-fins\/#primaryimage","url":"https:\/\/monofinshop.de\/wp-content\/uploads\/2023\/01\/Rugby-Hyper-Fins-1-scaled-1-1.jpg","contentUrl":"https:\/\/monofinshop.de\/wp-content\/uploads\/2023\/01\/Rugby-Hyper-Fins-1-scaled-1-1.jpg","width":2349,"height":2560,"caption":"Rugby Speed Fins"},{"@type":"BreadcrumbList","@id":"https:\/\/monofinshop.de\/product\/rugby-speed-fins\/#breadcrumb","itemListElement":[{"@type":"ListItem","position":1,"name":"Home","item":"https:\/\/monofinshop.de\/"},{"@type":"ListItem","position":2,"name":"Shop","item":"https:\/\/monofinshop.de\/shop\/"},{"@type":"ListItem","position":3,"name":"Rugby Speed Fins"}]},{"@type":"WebSite","@id":"https:\/\/monofinshop.de\/#website","url":"https:\/\/monofinshop.de\/","name":"Monofinshop.de","description":"Flossenschwimmen Shop","potentialAction":[{"@type":"SearchAction","target":{"@type":"EntryPoint","urlTemplate":"https:\/\/monofinshop.de\/?s={search_term_string}"},"query-input":{"@type":"PropertyValueSpecification","valueRequired":true,"valueName":"search_term_string"}}],"inLanguage":"en-CA"}]}},"_links":{"self":[{"href":"https:\/\/monofinshop.de\/en\/wp-json\/wp\/v2\/product\/11636","targetHints":{"allow":["GET"]}}],"collection":[{"href":"https:\/\/monofinshop.de\/en\/wp-json\/wp\/v2\/product"}],"about":[{"href":"https:\/\/monofinshop.de\/en\/wp-json\/wp\/v2\/types\/product"}],"version-history":[{"count":4,"href":"https:\/\/monofinshop.de\/en\/wp-json\/wp\/v2\/product\/11636\/revisions"}],"predecessor-version":[{"id":12230,"href":"https:\/\/monofinshop.de\/en\/wp-json\/wp\/v2\/product\/11636\/revisions\/12230"}],"wp:featuredmedia":[{"embeddable":true,"href":"https:\/\/monofinshop.de\/en\/wp-json\/wp\/v2\/media\/4421"}],"wp:attachment":[{"href":"https:\/\/monofinshop.de\/en\/wp-json\/wp\/v2\/media?parent=11636"}],"wp:term":[{"taxonomy":"product_brand","embeddable":true,"href":"https:\/\/monofinshop.de\/en\/wp-json\/wp\/v2\/product_brand?post=11636"},{"taxonomy":"product_cat","embeddable":true,"href":"https:\/\/monofinshop.de\/en\/wp-json\/wp\/v2\/product_cat?post=11636"},{"taxonomy":"product_tag","embeddable":true,"href":"https:\/\/monofinshop.de\/en\/wp-json\/wp\/v2\/product_tag?post=11636"}],"curies":[{"name":"wp","href":"https:\/\/api.w.org\/{rel}","templated":true}]}}