{"id":11622,"date":"2023-02-24T16:48:23","date_gmt":"2023-02-24T16:48:23","guid":{"rendered":"https:\/\/monofinshop.de\/?post_type=product&#038;p=11622"},"modified":"2026-01-07T20:45:21","modified_gmt":"2026-01-07T20:45:21","slug":"rugby-nemo-2-0-flossen","status":"publish","type":"product","link":"https:\/\/monofinshop.de\/en\/product\/rugby-nemo-2-0-flossen\/","title":{"rendered":"Rugby Nemo 2.0 flossen"},"content":{"rendered":"<h1>WaterWay Rugby Nemo 2.0 flossen<\/h1>\n<p>Rugby Nemo 2.0 ist eine verbesserte Version der bekannten Rugby Nemo Flossen f\u00fcr Unterwasserrugby<\/p>\n<p>Die verbesserte Version bietet folgende Merkmale:<\/p>\n<ul>\n<li>Offene Schuhteile (Fersenbereich)<\/li>\n<li>Geschnittene Schienen, die die Klinge effizienter biegen lassen<\/li>\n<li>Die Klinge wurde am Kopfteil breiter, wodurch zus\u00e4tzliche Klingenoberfl\u00e4che entsteht, um das Wasser zu dr\u00fccken<\/li>\n<li>Die Flossen wurden aufgrund der Verbesserungen leichter. Das neue Gewicht betr\u00e4gt 1,6-1,8 kg<\/li>\n<li>Als Standardversion der Nemo Rugby Flossen hat dieses Modell eine Klingenl\u00e4nge von 45 cm.<\/li>\n<li>Die Klinge besteht aus 100 Mikrometer dicken Schichten hochwertiger Verbundfaser und WaterWays speziell entwickelten Harzen.<\/li>\n<\/ul>","protected":false},"excerpt":{"rendered":"<p>WaterWay Rugby Nemo 2.0 flossen Rugby Nemo 2.0 ist eine verbesserte Version der bekannten Rugby Nemo Flossen f\u00fcr Unterwasserrugby Die verbesserte Version bietet folgende Merkmale: Offene Schuhteile (Fersenbereich) Geschnittene Schienen, die die Klinge effizienter biegen lassen Die Klinge wurde am Kopfteil breiter, wodurch zus\u00e4tzliche Klingenoberfl\u00e4che entsteht, um das Wasser zu dr\u00fccken Die Flossen wurden aufgrund der Verbesserungen leichter. Das neue Gewicht betr\u00e4gt 1,6-1,8 kg Als Standardversion der Nemo Rugby Flossen hat dieses Modell eine Klingenl\u00e4nge von 45 cm. Die Klinge besteht aus 100 Mikrometer dicken Schichten hochwertiger Verbundfaser und WaterWays speziell entwickelten Harzen.<\/p>","protected":false},"featured_media":3293,"template":"","meta":[],"product_brand":[564],"product_cat":[409,493],"product_tag":[],"class_list":{"0":"post-11622","1":"product","2":"type-product","3":"status-publish","4":"has-post-thumbnail","6":"product_brand-waterway","7":"product_cat-flossen","8":"product_cat-uw-rugby-flossen","10":"first","11":"instock","12":"featured","13":"shipping-taxable","14":"purchasable","15":"product-type-variable"},"yoast_head":"<!-- This site is optimized with the Yoast SEO plugin v27.2 - https:\/\/yoast.com\/product\/yoast-seo-wordpress\/ -->\n<title>Rugby Nemo 2.0 flossen - Monofinshop.de<\/title>\n<meta name=\"robots\" content=\"index, follow, max-snippet:-1, max-image-preview:large, max-video-preview:-1\" \/>\n<link rel=\"canonical\" href=\"https:\/\/monofinshop.de\/en\/product\/rugby-nemo-2-0-flossen\/\" \/>\n<meta property=\"og:locale\" content=\"en_US\" \/>\n<meta property=\"og:type\" content=\"article\" \/>\n<meta property=\"og:title\" content=\"Rugby Nemo 2.0 flossen - Monofinshop.de\" \/>\n<meta property=\"og:description\" content=\"WaterWay Rugby Nemo 2.0 flossen Rugby Nemo 2.0 ist eine verbesserte Version der bekannten Rugby Nemo Flossen f\u00fcr Unterwasserrugby Die verbesserte Version bietet folgende Merkmale: Offene Schuhteile (Fersenbereich) Geschnittene Schienen, die die Klinge effizienter biegen lassen Die Klinge wurde am Kopfteil breiter, wodurch zus\u00e4tzliche Klingenoberfl\u00e4che entsteht, um das Wasser zu dr\u00fccken Die Flossen wurden aufgrund der Verbesserungen leichter. Das neue Gewicht betr\u00e4gt 1,6-1,8 kg Als Standardversion der Nemo Rugby Flossen hat dieses Modell eine Klingenl\u00e4nge von 45 cm. Die Klinge besteht aus 100 Mikrometer dicken Schichten hochwertiger Verbundfaser und WaterWays speziell entwickelten Harzen.\" \/>\n<meta property=\"og:url\" content=\"https:\/\/monofinshop.de\/en\/product\/rugby-nemo-2-0-flossen\/\" \/>\n<meta property=\"og:site_name\" content=\"Monofinshop.de\" \/>\n<meta property=\"article:modified_time\" content=\"2026-01-07T20:45:21+00:00\" \/>\n<meta property=\"og:image\" content=\"https:\/\/monofinshop.de\/wp-content\/uploads\/2023\/01\/IRugby-Nemo-1-scaled-1.jpg\" \/>\n\t<meta property=\"og:image:width\" content=\"2392\" \/>\n\t<meta property=\"og:image:height\" content=\"2560\" \/>\n\t<meta property=\"og:image:type\" content=\"image\/jpeg\" \/>\n<meta name=\"twitter:card\" content=\"summary_large_image\" \/>\n<meta name=\"twitter:label1\" content=\"Est. reading time\" \/>\n\t<meta name=\"twitter:data1\" content=\"1 minute\" \/>\n<script type=\"application\/ld+json\" class=\"yoast-schema-graph\">{\"@context\":\"https:\/\/schema.org\",\"@graph\":[{\"@type\":\"WebPage\",\"@id\":\"https:\/\/monofinshop.de\/product\/rugby-nemo-2-0-flossen\/\",\"url\":\"https:\/\/monofinshop.de\/product\/rugby-nemo-2-0-flossen\/\",\"name\":\"Rugby Nemo 2.0 flossen - Monofinshop.de\",\"isPartOf\":{\"@id\":\"https:\/\/monofinshop.de\/#website\"},\"primaryImageOfPage\":{\"@id\":\"https:\/\/monofinshop.de\/product\/rugby-nemo-2-0-flossen\/#primaryimage\"},\"image\":{\"@id\":\"https:\/\/monofinshop.de\/product\/rugby-nemo-2-0-flossen\/#primaryimage\"},\"thumbnailUrl\":\"https:\/\/monofinshop.de\/wp-content\/uploads\/2023\/01\/IRugby-Nemo-1-scaled-1.jpg\",\"datePublished\":\"2023-02-24T16:48:23+00:00\",\"dateModified\":\"2026-01-07T20:45:21+00:00\",\"breadcrumb\":{\"@id\":\"https:\/\/monofinshop.de\/product\/rugby-nemo-2-0-flossen\/#breadcrumb\"},\"inLanguage\":\"en-CA\",\"potentialAction\":[{\"@type\":\"ReadAction\",\"target\":[\"https:\/\/monofinshop.de\/product\/rugby-nemo-2-0-flossen\/\"]}]},{\"@type\":\"ImageObject\",\"inLanguage\":\"en-CA\",\"@id\":\"https:\/\/monofinshop.de\/product\/rugby-nemo-2-0-flossen\/#primaryimage\",\"url\":\"https:\/\/monofinshop.de\/wp-content\/uploads\/2023\/01\/IRugby-Nemo-1-scaled-1.jpg\",\"contentUrl\":\"https:\/\/monofinshop.de\/wp-content\/uploads\/2023\/01\/IRugby-Nemo-1-scaled-1.jpg\",\"width\":2392,\"height\":2560,\"caption\":\"Rugby Nemo 2.0\"},{\"@type\":\"BreadcrumbList\",\"@id\":\"https:\/\/monofinshop.de\/product\/rugby-nemo-2-0-flossen\/#breadcrumb\",\"itemListElement\":[{\"@type\":\"ListItem\",\"position\":1,\"name\":\"Home\",\"item\":\"https:\/\/monofinshop.de\/\"},{\"@type\":\"ListItem\",\"position\":2,\"name\":\"Shop\",\"item\":\"https:\/\/monofinshop.de\/shop\/\"},{\"@type\":\"ListItem\",\"position\":3,\"name\":\"Rugby Nemo 2.0 flossen\"}]},{\"@type\":\"WebSite\",\"@id\":\"https:\/\/monofinshop.de\/#website\",\"url\":\"https:\/\/monofinshop.de\/\",\"name\":\"Monofinshop.de\",\"description\":\"Flossenschwimmen Shop\",\"potentialAction\":[{\"@type\":\"SearchAction\",\"target\":{\"@type\":\"EntryPoint\",\"urlTemplate\":\"https:\/\/monofinshop.de\/?s={search_term_string}\"},\"query-input\":{\"@type\":\"PropertyValueSpecification\",\"valueRequired\":true,\"valueName\":\"search_term_string\"}}],\"inLanguage\":\"en-CA\"}]}<\/script>\n<!-- \/ Yoast SEO plugin. -->","yoast_head_json":{"title":"Rugby Nemo 2.0 flossen - Monofinshop.de","robots":{"index":"index","follow":"follow","max-snippet":"max-snippet:-1","max-image-preview":"max-image-preview:large","max-video-preview":"max-video-preview:-1"},"canonical":"https:\/\/monofinshop.de\/en\/product\/rugby-nemo-2-0-flossen\/","og_locale":"en_US","og_type":"article","og_title":"Rugby Nemo 2.0 flossen - Monofinshop.de","og_description":"WaterWay Rugby Nemo 2.0 flossen Rugby Nemo 2.0 ist eine verbesserte Version der bekannten Rugby Nemo Flossen f\u00fcr Unterwasserrugby Die verbesserte Version bietet folgende Merkmale: Offene Schuhteile (Fersenbereich) Geschnittene Schienen, die die Klinge effizienter biegen lassen Die Klinge wurde am Kopfteil breiter, wodurch zus\u00e4tzliche Klingenoberfl\u00e4che entsteht, um das Wasser zu dr\u00fccken Die Flossen wurden aufgrund der Verbesserungen leichter. Das neue Gewicht betr\u00e4gt 1,6-1,8 kg Als Standardversion der Nemo Rugby Flossen hat dieses Modell eine Klingenl\u00e4nge von 45 cm. Die Klinge besteht aus 100 Mikrometer dicken Schichten hochwertiger Verbundfaser und WaterWays speziell entwickelten Harzen.","og_url":"https:\/\/monofinshop.de\/en\/product\/rugby-nemo-2-0-flossen\/","og_site_name":"Monofinshop.de","article_modified_time":"2026-01-07T20:45:21+00:00","og_image":[{"width":2392,"height":2560,"url":"https:\/\/monofinshop.de\/wp-content\/uploads\/2023\/01\/IRugby-Nemo-1-scaled-1.jpg","type":"image\/jpeg"}],"twitter_card":"summary_large_image","twitter_misc":{"Est. reading time":"1 minute"},"schema":{"@context":"https:\/\/schema.org","@graph":[{"@type":"WebPage","@id":"https:\/\/monofinshop.de\/product\/rugby-nemo-2-0-flossen\/","url":"https:\/\/monofinshop.de\/product\/rugby-nemo-2-0-flossen\/","name":"Rugby Nemo 2.0 flossen - Monofinshop.de","isPartOf":{"@id":"https:\/\/monofinshop.de\/#website"},"primaryImageOfPage":{"@id":"https:\/\/monofinshop.de\/product\/rugby-nemo-2-0-flossen\/#primaryimage"},"image":{"@id":"https:\/\/monofinshop.de\/product\/rugby-nemo-2-0-flossen\/#primaryimage"},"thumbnailUrl":"https:\/\/monofinshop.de\/wp-content\/uploads\/2023\/01\/IRugby-Nemo-1-scaled-1.jpg","datePublished":"2023-02-24T16:48:23+00:00","dateModified":"2026-01-07T20:45:21+00:00","breadcrumb":{"@id":"https:\/\/monofinshop.de\/product\/rugby-nemo-2-0-flossen\/#breadcrumb"},"inLanguage":"en-CA","potentialAction":[{"@type":"ReadAction","target":["https:\/\/monofinshop.de\/product\/rugby-nemo-2-0-flossen\/"]}]},{"@type":"ImageObject","inLanguage":"en-CA","@id":"https:\/\/monofinshop.de\/product\/rugby-nemo-2-0-flossen\/#primaryimage","url":"https:\/\/monofinshop.de\/wp-content\/uploads\/2023\/01\/IRugby-Nemo-1-scaled-1.jpg","contentUrl":"https:\/\/monofinshop.de\/wp-content\/uploads\/2023\/01\/IRugby-Nemo-1-scaled-1.jpg","width":2392,"height":2560,"caption":"Rugby Nemo 2.0"},{"@type":"BreadcrumbList","@id":"https:\/\/monofinshop.de\/product\/rugby-nemo-2-0-flossen\/#breadcrumb","itemListElement":[{"@type":"ListItem","position":1,"name":"Home","item":"https:\/\/monofinshop.de\/"},{"@type":"ListItem","position":2,"name":"Shop","item":"https:\/\/monofinshop.de\/shop\/"},{"@type":"ListItem","position":3,"name":"Rugby Nemo 2.0 flossen"}]},{"@type":"WebSite","@id":"https:\/\/monofinshop.de\/#website","url":"https:\/\/monofinshop.de\/","name":"Monofinshop.de","description":"Flossenschwimmen Shop","potentialAction":[{"@type":"SearchAction","target":{"@type":"EntryPoint","urlTemplate":"https:\/\/monofinshop.de\/?s={search_term_string}"},"query-input":{"@type":"PropertyValueSpecification","valueRequired":true,"valueName":"search_term_string"}}],"inLanguage":"en-CA"}]}},"_links":{"self":[{"href":"https:\/\/monofinshop.de\/en\/wp-json\/wp\/v2\/product\/11622","targetHints":{"allow":["GET"]}}],"collection":[{"href":"https:\/\/monofinshop.de\/en\/wp-json\/wp\/v2\/product"}],"about":[{"href":"https:\/\/monofinshop.de\/en\/wp-json\/wp\/v2\/types\/product"}],"version-history":[{"count":4,"href":"https:\/\/monofinshop.de\/en\/wp-json\/wp\/v2\/product\/11622\/revisions"}],"predecessor-version":[{"id":12244,"href":"https:\/\/monofinshop.de\/en\/wp-json\/wp\/v2\/product\/11622\/revisions\/12244"}],"wp:featuredmedia":[{"embeddable":true,"href":"https:\/\/monofinshop.de\/en\/wp-json\/wp\/v2\/media\/3293"}],"wp:attachment":[{"href":"https:\/\/monofinshop.de\/en\/wp-json\/wp\/v2\/media?parent=11622"}],"wp:term":[{"taxonomy":"product_brand","embeddable":true,"href":"https:\/\/monofinshop.de\/en\/wp-json\/wp\/v2\/product_brand?post=11622"},{"taxonomy":"product_cat","embeddable":true,"href":"https:\/\/monofinshop.de\/en\/wp-json\/wp\/v2\/product_cat?post=11622"},{"taxonomy":"product_tag","embeddable":true,"href":"https:\/\/monofinshop.de\/en\/wp-json\/wp\/v2\/product_tag?post=11622"}],"curies":[{"name":"wp","href":"https:\/\/api.w.org\/{rel}","templated":true}]}}