{"id":11618,"date":"2023-02-24T16:48:23","date_gmt":"2023-02-24T16:48:23","guid":{"rendered":"https:\/\/monofinshop.de\/?post_type=product&#038;p=11618"},"modified":"2024-04-18T14:42:52","modified_gmt":"2024-04-18T14:42:52","slug":"rugby-flossen-carbon","status":"publish","type":"product","link":"https:\/\/monofinshop.de\/en\/product\/rugby-flossen-carbon\/","title":{"rendered":"Rugby Flossen Carbon"},"content":{"rendered":"<h1>WaterWay Rugby Flossen Carbon<\/h1>\n<p>Allgemeine Merkmale<\/p>\n<p>Mit einer Klingenl\u00e4nge von 45 cm und kohlenstofffaserverst\u00e4rkten Verbundklingen liefern die WaterWay Carbon Rugby Flossen dem Spieler unvergleichliche Kraft und Haltbarkeit. Dieses Modell ist eine Kohlefaser-Version der bekannten, besten und beliebtesten Flossen im Unterwasserrugbysport. Die Flossen sind speziell f\u00fcr Wettk\u00e4mpfe konzipiert.<\/p>\n<div class=\"flex-1 overflow-hidden\">\n<div class=\"react-scroll-to-bottom--css-zipzn-79elbk h-full dark:bg-gray-800\">\n<div class=\"react-scroll-to-bottom--css-zipzn-1n7m0yu\">\n<div class=\"flex flex-col text-sm dark:bg-gray-800\">\n<div class=\"group w-full text-token-text-primary border-b border-black\/10 dark:border-gray-900\/50 bg-gray-50 dark:bg-[#444654]\">\n<div class=\"flex p-4 gap-4 text-base md:gap-6 md:max-w-2xl lg:max-w-[38rem] xl:max-w-3xl md:py-6 lg:px-0 m-auto\">\n<div class=\"relative flex w-[calc(100%-50px)] flex-col gap-1 md:gap-3 lg:w-[calc(100%-115px)]\">\n<div class=\"flex flex-grow flex-col gap-3\">\n<div class=\"min-h-[20px] flex flex-col items-start gap-3 overflow-x-auto whitespace-pre-wrap break-words\">\n<div class=\"markdown prose w-full break-words dark:prose-invert light\">\n<p>Die Klingen<\/p>\n<p>Die WaterWay Carbon Rugby Flossen sind mit reinen Kohlefaser-Glasfaserklingen ausgestattet. Die Klingen sind entworfen und mit Hochdruckmaschinen gepresst, was sie noch strapazierf\u00e4higer, st\u00e4rker und reaktionsschneller macht. Die Klingen sind so geformt, dass sie mit minimalem Energieverbrauch die maximale Menge an Vortrieb erzeugen. Die L\u00e4nge der Klingen betr\u00e4gt 45 cm. Im Vergleich zu Glasfaserklingen bieten die Kohlefaserklingen eine h\u00f6here Leistung und sind im Wasser reaktiver. Beachten Sie bitte, im Vergleich zu Glasfaserklingen sind Kohlefaserklingen nicht so stark und widerstandsf\u00e4hig.<\/p>\n<p>Schuhteil<\/p>\n<p>Die Schuhteile der Rugby Flossen von WaterWay erm\u00f6glichen eine optimale Haftung der F\u00fc\u00dfe der Spieler und den bestm\u00f6glichen Energie\u00fcbertrag.<\/p>\n<p>Wasserschienen(Kanten)<\/p>\n<p>Die Wasserschienen(Kanten) der Rugby Flossen haben eine spezifische H\u00f6he, Breite und L\u00e4nge, um alle Turbulenzen in der Biegephase zu verringern. Die Kanten sind so gestaltet, dass es keine scharfen Stellen auf der Klinge gibt, was das Spiel sicher macht. Die Schienen erm\u00f6glichen h\u00f6here Stabilit\u00e4t und bessere Handhabung unter Wasser. Diese Wasserkanten sind in einer wiedererkennbaren blauen Farbe erh\u00e4ltlich.<\/p>\n<\/div>\n<\/div>\n<\/div>\n<div class=\"flex justify-between lg:block\"><\/div>\n<\/div>\n<\/div>\n<\/div>\n<\/div>\n<\/div>\n<\/div>\n<\/div>\n<div class=\"absolute bottom-0 left-0 w-full border-t md:border-t-0 dark:border-white\/20 md:border-transparent md:dark:border-transparent md:bg-vert-light-gradient bg-white dark:bg-gray-800 md:!bg-transparent dark:md:bg-vert-dark-gradient pt-2 md:pl-2 md:w-[calc(100%-.5rem)]\">\n<form class=\"stretch mx-2 flex flex-row gap-3 last:mb-2 md:mx-4 md:last:mb-6 lg:mx-auto lg:max-w-2xl xl:max-w-3xl\">\n<div class=\"relative flex h-full flex-1 items-stretch md:flex-col\">\n<div>\n<div class=\"h-full flex ml-1 md:w-full md:m-auto md:mb-4 gap-0 md:gap-2 justify-center\"><\/div>\n<\/div>\n<\/div>\n<\/form>\n<\/div>\n","protected":false},"excerpt":{"rendered":"<p>WaterWay Rugby Flossen Carbon Allgemeine Merkmale Mit einer Klingenl\u00e4nge von 45 cm und kohlenstofffaserverst\u00e4rkten Verbundklingen liefern die WaterWay Carbon Rugby Flossen dem Spieler unvergleichliche Kraft und Haltbarkeit. Dieses Modell ist eine Kohlefaser-Version der bekannten, besten und beliebtesten Flossen im Unterwasserrugbysport. Die Flossen sind speziell f\u00fcr Wettk\u00e4mpfe konzipiert. Die Klingen Die WaterWay Carbon Rugby Flossen sind mit reinen Kohlefaser-Glasfaserklingen ausgestattet. Die Klingen sind entworfen und mit Hochdruckmaschinen gepresst, was sie noch strapazierf\u00e4higer, st\u00e4rker und reaktionsschneller macht. Die Klingen sind so geformt, dass sie mit minimalem Energieverbrauch die maximale Menge an Vortrieb erzeugen. Die L\u00e4nge der Klingen betr\u00e4gt 45 cm. Im Vergleich zu Glasfaserklingen bieten die Kohlefaserklingen eine h\u00f6here Leistung und sind im Wasser reaktiver. Beachten Sie bitte, im Vergleich zu Glasfaserklingen sind Kohlefaserklingen nicht so stark und widerstandsf\u00e4hig. Schuhteil Die Schuhteile der Rugby Flossen von WaterWay erm\u00f6glichen eine optimale Haftung der F\u00fc\u00dfe der Spieler und den bestm\u00f6glichen Energie\u00fcbertrag. Wasserschienen(Kanten) Die Wasserschienen(Kanten) der Rugby Flossen haben eine spezifische H\u00f6he, Breite und L\u00e4nge, um alle Turbulenzen in der Biegephase zu verringern. Die Kanten sind so gestaltet, dass es keine scharfen Stellen auf der Klinge gibt, was das Spiel sicher macht. Die Schienen erm\u00f6glichen h\u00f6here Stabilit\u00e4t und bessere Handhabung unter Wasser. Diese Wasserkanten sind in einer wiedererkennbaren blauen Farbe erh\u00e4ltlich.<\/p>","protected":false},"featured_media":3341,"template":"","meta":[],"product_brand":[564],"product_cat":[409,493],"product_tag":[],"class_list":{"0":"post-11618","1":"product","2":"type-product","3":"status-publish","4":"has-post-thumbnail","6":"product_brand-waterway","7":"product_cat-flossen","8":"product_cat-uw-rugby-flossen","10":"first","11":"instock","12":"featured","13":"shipping-taxable","14":"purchasable","15":"product-type-variable"},"yoast_head":"<!-- This site is optimized with the Yoast SEO plugin v27.2 - https:\/\/yoast.com\/product\/yoast-seo-wordpress\/ -->\n<title>Rugby Flossen Carbon - Monofinshop.de<\/title>\n<meta name=\"robots\" content=\"index, follow, max-snippet:-1, max-image-preview:large, max-video-preview:-1\" \/>\n<link rel=\"canonical\" href=\"https:\/\/monofinshop.de\/en\/product\/rugby-flossen-carbon\/\" \/>\n<meta property=\"og:locale\" content=\"en_US\" \/>\n<meta property=\"og:type\" content=\"article\" \/>\n<meta property=\"og:title\" content=\"Rugby Flossen Carbon - Monofinshop.de\" \/>\n<meta property=\"og:description\" content=\"WaterWay Rugby Flossen Carbon Allgemeine Merkmale Mit einer Klingenl\u00e4nge von 45 cm und kohlenstofffaserverst\u00e4rkten Verbundklingen liefern die WaterWay Carbon Rugby Flossen dem Spieler unvergleichliche Kraft und Haltbarkeit. Dieses Modell ist eine Kohlefaser-Version der bekannten, besten und beliebtesten Flossen im Unterwasserrugbysport. Die Flossen sind speziell f\u00fcr Wettk\u00e4mpfe konzipiert. Die Klingen Die WaterWay Carbon Rugby Flossen sind mit reinen Kohlefaser-Glasfaserklingen ausgestattet. Die Klingen sind entworfen und mit Hochdruckmaschinen gepresst, was sie noch strapazierf\u00e4higer, st\u00e4rker und reaktionsschneller macht. Die Klingen sind so geformt, dass sie mit minimalem Energieverbrauch die maximale Menge an Vortrieb erzeugen. Die L\u00e4nge der Klingen betr\u00e4gt 45 cm. Im Vergleich zu Glasfaserklingen bieten die Kohlefaserklingen eine h\u00f6here Leistung und sind im Wasser reaktiver. Beachten Sie bitte, im Vergleich zu Glasfaserklingen sind Kohlefaserklingen nicht so stark und widerstandsf\u00e4hig. Schuhteil Die Schuhteile der Rugby Flossen von WaterWay erm\u00f6glichen eine optimale Haftung der F\u00fc\u00dfe der Spieler und den bestm\u00f6glichen Energie\u00fcbertrag. Wasserschienen(Kanten) Die Wasserschienen(Kanten) der Rugby Flossen haben eine spezifische H\u00f6he, Breite und L\u00e4nge, um alle Turbulenzen in der Biegephase zu verringern. Die Kanten sind so gestaltet, dass es keine scharfen Stellen auf der Klinge gibt, was das Spiel sicher macht. Die Schienen erm\u00f6glichen h\u00f6here Stabilit\u00e4t und bessere Handhabung unter Wasser. Diese Wasserkanten sind in einer wiedererkennbaren blauen Farbe erh\u00e4ltlich.\" \/>\n<meta property=\"og:url\" content=\"https:\/\/monofinshop.de\/en\/product\/rugby-flossen-carbon\/\" \/>\n<meta property=\"og:site_name\" content=\"Monofinshop.de\" \/>\n<meta property=\"article:modified_time\" content=\"2024-04-18T14:42:52+00:00\" \/>\n<meta property=\"og:image\" content=\"https:\/\/monofinshop.de\/wp-content\/uploads\/2023\/01\/Rugby-Carbon-Fins.jpg\" \/>\n\t<meta property=\"og:image:width\" content=\"2278\" \/>\n\t<meta property=\"og:image:height\" content=\"2278\" \/>\n\t<meta property=\"og:image:type\" content=\"image\/jpeg\" \/>\n<meta name=\"twitter:card\" content=\"summary_large_image\" \/>\n<meta name=\"twitter:label1\" content=\"Est. reading time\" \/>\n\t<meta name=\"twitter:data1\" content=\"1 minute\" \/>\n<script type=\"application\/ld+json\" class=\"yoast-schema-graph\">{\"@context\":\"https:\/\/schema.org\",\"@graph\":[{\"@type\":\"WebPage\",\"@id\":\"https:\/\/monofinshop.de\/product\/rugby-flossen-carbon\/\",\"url\":\"https:\/\/monofinshop.de\/product\/rugby-flossen-carbon\/\",\"name\":\"Rugby Flossen Carbon - Monofinshop.de\",\"isPartOf\":{\"@id\":\"https:\/\/monofinshop.de\/#website\"},\"primaryImageOfPage\":{\"@id\":\"https:\/\/monofinshop.de\/product\/rugby-flossen-carbon\/#primaryimage\"},\"image\":{\"@id\":\"https:\/\/monofinshop.de\/product\/rugby-flossen-carbon\/#primaryimage\"},\"thumbnailUrl\":\"https:\/\/monofinshop.de\/wp-content\/uploads\/2023\/01\/Rugby-Carbon-Fins.jpg\",\"datePublished\":\"2023-02-24T16:48:23+00:00\",\"dateModified\":\"2024-04-18T14:42:52+00:00\",\"breadcrumb\":{\"@id\":\"https:\/\/monofinshop.de\/product\/rugby-flossen-carbon\/#breadcrumb\"},\"inLanguage\":\"en-CA\",\"potentialAction\":[{\"@type\":\"ReadAction\",\"target\":[\"https:\/\/monofinshop.de\/product\/rugby-flossen-carbon\/\"]}]},{\"@type\":\"ImageObject\",\"inLanguage\":\"en-CA\",\"@id\":\"https:\/\/monofinshop.de\/product\/rugby-flossen-carbon\/#primaryimage\",\"url\":\"https:\/\/monofinshop.de\/wp-content\/uploads\/2023\/01\/Rugby-Carbon-Fins.jpg\",\"contentUrl\":\"https:\/\/monofinshop.de\/wp-content\/uploads\/2023\/01\/Rugby-Carbon-Fins.jpg\",\"width\":2278,\"height\":2278,\"caption\":\"Rugby Fins Carbon\"},{\"@type\":\"BreadcrumbList\",\"@id\":\"https:\/\/monofinshop.de\/product\/rugby-flossen-carbon\/#breadcrumb\",\"itemListElement\":[{\"@type\":\"ListItem\",\"position\":1,\"name\":\"Home\",\"item\":\"https:\/\/monofinshop.de\/\"},{\"@type\":\"ListItem\",\"position\":2,\"name\":\"Shop\",\"item\":\"https:\/\/monofinshop.de\/shop\/\"},{\"@type\":\"ListItem\",\"position\":3,\"name\":\"Rugby Flossen Carbon\"}]},{\"@type\":\"WebSite\",\"@id\":\"https:\/\/monofinshop.de\/#website\",\"url\":\"https:\/\/monofinshop.de\/\",\"name\":\"Monofinshop.de\",\"description\":\"Flossenschwimmen Shop\",\"potentialAction\":[{\"@type\":\"SearchAction\",\"target\":{\"@type\":\"EntryPoint\",\"urlTemplate\":\"https:\/\/monofinshop.de\/?s={search_term_string}\"},\"query-input\":{\"@type\":\"PropertyValueSpecification\",\"valueRequired\":true,\"valueName\":\"search_term_string\"}}],\"inLanguage\":\"en-CA\"}]}<\/script>\n<!-- \/ Yoast SEO plugin. -->","yoast_head_json":{"title":"Rugby Flossen Carbon - Monofinshop.de","robots":{"index":"index","follow":"follow","max-snippet":"max-snippet:-1","max-image-preview":"max-image-preview:large","max-video-preview":"max-video-preview:-1"},"canonical":"https:\/\/monofinshop.de\/en\/product\/rugby-flossen-carbon\/","og_locale":"en_US","og_type":"article","og_title":"Rugby Flossen Carbon - Monofinshop.de","og_description":"WaterWay Rugby Flossen Carbon Allgemeine Merkmale Mit einer Klingenl\u00e4nge von 45 cm und kohlenstofffaserverst\u00e4rkten Verbundklingen liefern die WaterWay Carbon Rugby Flossen dem Spieler unvergleichliche Kraft und Haltbarkeit. Dieses Modell ist eine Kohlefaser-Version der bekannten, besten und beliebtesten Flossen im Unterwasserrugbysport. Die Flossen sind speziell f\u00fcr Wettk\u00e4mpfe konzipiert. Die Klingen Die WaterWay Carbon Rugby Flossen sind mit reinen Kohlefaser-Glasfaserklingen ausgestattet. Die Klingen sind entworfen und mit Hochdruckmaschinen gepresst, was sie noch strapazierf\u00e4higer, st\u00e4rker und reaktionsschneller macht. Die Klingen sind so geformt, dass sie mit minimalem Energieverbrauch die maximale Menge an Vortrieb erzeugen. Die L\u00e4nge der Klingen betr\u00e4gt 45 cm. Im Vergleich zu Glasfaserklingen bieten die Kohlefaserklingen eine h\u00f6here Leistung und sind im Wasser reaktiver. Beachten Sie bitte, im Vergleich zu Glasfaserklingen sind Kohlefaserklingen nicht so stark und widerstandsf\u00e4hig. Schuhteil Die Schuhteile der Rugby Flossen von WaterWay erm\u00f6glichen eine optimale Haftung der F\u00fc\u00dfe der Spieler und den bestm\u00f6glichen Energie\u00fcbertrag. Wasserschienen(Kanten) Die Wasserschienen(Kanten) der Rugby Flossen haben eine spezifische H\u00f6he, Breite und L\u00e4nge, um alle Turbulenzen in der Biegephase zu verringern. Die Kanten sind so gestaltet, dass es keine scharfen Stellen auf der Klinge gibt, was das Spiel sicher macht. Die Schienen erm\u00f6glichen h\u00f6here Stabilit\u00e4t und bessere Handhabung unter Wasser. Diese Wasserkanten sind in einer wiedererkennbaren blauen Farbe erh\u00e4ltlich.","og_url":"https:\/\/monofinshop.de\/en\/product\/rugby-flossen-carbon\/","og_site_name":"Monofinshop.de","article_modified_time":"2024-04-18T14:42:52+00:00","og_image":[{"width":2278,"height":2278,"url":"https:\/\/monofinshop.de\/wp-content\/uploads\/2023\/01\/Rugby-Carbon-Fins.jpg","type":"image\/jpeg"}],"twitter_card":"summary_large_image","twitter_misc":{"Est. reading time":"1 minute"},"schema":{"@context":"https:\/\/schema.org","@graph":[{"@type":"WebPage","@id":"https:\/\/monofinshop.de\/product\/rugby-flossen-carbon\/","url":"https:\/\/monofinshop.de\/product\/rugby-flossen-carbon\/","name":"Rugby Flossen Carbon - Monofinshop.de","isPartOf":{"@id":"https:\/\/monofinshop.de\/#website"},"primaryImageOfPage":{"@id":"https:\/\/monofinshop.de\/product\/rugby-flossen-carbon\/#primaryimage"},"image":{"@id":"https:\/\/monofinshop.de\/product\/rugby-flossen-carbon\/#primaryimage"},"thumbnailUrl":"https:\/\/monofinshop.de\/wp-content\/uploads\/2023\/01\/Rugby-Carbon-Fins.jpg","datePublished":"2023-02-24T16:48:23+00:00","dateModified":"2024-04-18T14:42:52+00:00","breadcrumb":{"@id":"https:\/\/monofinshop.de\/product\/rugby-flossen-carbon\/#breadcrumb"},"inLanguage":"en-CA","potentialAction":[{"@type":"ReadAction","target":["https:\/\/monofinshop.de\/product\/rugby-flossen-carbon\/"]}]},{"@type":"ImageObject","inLanguage":"en-CA","@id":"https:\/\/monofinshop.de\/product\/rugby-flossen-carbon\/#primaryimage","url":"https:\/\/monofinshop.de\/wp-content\/uploads\/2023\/01\/Rugby-Carbon-Fins.jpg","contentUrl":"https:\/\/monofinshop.de\/wp-content\/uploads\/2023\/01\/Rugby-Carbon-Fins.jpg","width":2278,"height":2278,"caption":"Rugby Fins Carbon"},{"@type":"BreadcrumbList","@id":"https:\/\/monofinshop.de\/product\/rugby-flossen-carbon\/#breadcrumb","itemListElement":[{"@type":"ListItem","position":1,"name":"Home","item":"https:\/\/monofinshop.de\/"},{"@type":"ListItem","position":2,"name":"Shop","item":"https:\/\/monofinshop.de\/shop\/"},{"@type":"ListItem","position":3,"name":"Rugby Flossen Carbon"}]},{"@type":"WebSite","@id":"https:\/\/monofinshop.de\/#website","url":"https:\/\/monofinshop.de\/","name":"Monofinshop.de","description":"Flossenschwimmen Shop","potentialAction":[{"@type":"SearchAction","target":{"@type":"EntryPoint","urlTemplate":"https:\/\/monofinshop.de\/?s={search_term_string}"},"query-input":{"@type":"PropertyValueSpecification","valueRequired":true,"valueName":"search_term_string"}}],"inLanguage":"en-CA"}]}},"_links":{"self":[{"href":"https:\/\/monofinshop.de\/en\/wp-json\/wp\/v2\/product\/11618","targetHints":{"allow":["GET"]}}],"collection":[{"href":"https:\/\/monofinshop.de\/en\/wp-json\/wp\/v2\/product"}],"about":[{"href":"https:\/\/monofinshop.de\/en\/wp-json\/wp\/v2\/types\/product"}],"version-history":[{"count":4,"href":"https:\/\/monofinshop.de\/en\/wp-json\/wp\/v2\/product\/11618\/revisions"}],"predecessor-version":[{"id":12242,"href":"https:\/\/monofinshop.de\/en\/wp-json\/wp\/v2\/product\/11618\/revisions\/12242"}],"wp:featuredmedia":[{"embeddable":true,"href":"https:\/\/monofinshop.de\/en\/wp-json\/wp\/v2\/media\/3341"}],"wp:attachment":[{"href":"https:\/\/monofinshop.de\/en\/wp-json\/wp\/v2\/media?parent=11618"}],"wp:term":[{"taxonomy":"product_brand","embeddable":true,"href":"https:\/\/monofinshop.de\/en\/wp-json\/wp\/v2\/product_brand?post=11618"},{"taxonomy":"product_cat","embeddable":true,"href":"https:\/\/monofinshop.de\/en\/wp-json\/wp\/v2\/product_cat?post=11618"},{"taxonomy":"product_tag","embeddable":true,"href":"https:\/\/monofinshop.de\/en\/wp-json\/wp\/v2\/product_tag?post=11618"}],"curies":[{"name":"wp","href":"https:\/\/api.w.org\/{rel}","templated":true}]}}