{"id":11612,"date":"2023-02-24T16:48:23","date_gmt":"2023-02-24T16:48:23","guid":{"rendered":"https:\/\/monofinshop.de\/?post_type=product&#038;p=11612"},"modified":"2024-04-18T14:40:48","modified_gmt":"2024-04-18T14:40:48","slug":"repair-kit-fuer-rugby-flossen","status":"publish","type":"product","link":"https:\/\/monofinshop.de\/en\/product\/repair-kit-fuer-rugby-flossen\/","title":{"rendered":"Repair Kit f\u00fcr Rugby flossen"},"content":{"rendered":"<div class=\"flex-1 overflow-hidden\">\n<div class=\"react-scroll-to-bottom--css-fnhje-79elbk h-full\">\n<div class=\"react-scroll-to-bottom--css-fnhje-1n7m0yu\">\n<div>\n<div class=\"flex flex-col text-sm pb-9\">\n<div class=\"w-full text-token-text-primary\" dir=\"auto\" data-testid=\"conversation-turn-63\">\n<div class=\"px-4 py-2 justify-center text-base md:gap-6 m-auto\">\n<div class=\"flex flex-1 text-base mx-auto gap-3 juice:gap-4 juice:md:gap-6 md:px-5 lg:px-1 xl:px-5 md:max-w-3xl lg:max-w-[40rem] xl:max-w-[48rem]\">\n<div class=\"relative flex w-full flex-col agent-turn\">\n<div class=\"flex-col gap-1 md:gap-3\">\n<div class=\"flex flex-grow flex-col max-w-full\">\n<div class=\"min-h-[20px] text-message flex flex-col items-start gap-3 whitespace-pre-wrap break-words [.text-message+&amp;]:mt-5 overflow-x-auto\" dir=\"auto\" data-message-author-role=\"assistant\" data-message-id=\"f2e140c1-e53a-4973-bdf2-3caa16764220\">\n<div class=\"result-streaming markdown prose w-full break-words dark:prose-invert light\">\n<h1>Repair Kit f\u00fcr Rugby flossen<\/h1>\n<p>Das Reparaturset enth\u00e4lt 2 Meter Gummischlauch und 2 St\u00fcck Kontaktkleber. Sie k\u00f6nnen die Seitengummis an Rugby-Flossen, Hockey-Flossen und Kinder-Monoflossen austauschen.<\/p>\n<\/div>\n<\/div>\n<\/div>\n<div class=\"mt-1 flex gap-3 empty:hidden\">\n<div class=\"text-gray-400 flex self-end lg:self-center items-center justify-center lg:justify-start mt-0 -ml-1 h-7 gap-[2px] invisible\"><\/div>\n<\/div>\n<\/div>\n<div class=\"absolute\">\n<div class=\"flex w-full gap-2 items-center justify-center\"><\/div>\n<\/div>\n<\/div>\n<\/div>\n<\/div>\n<\/div>\n<\/div>\n<\/div>\n<\/div>\n<\/div>\n<\/div>\n<div class=\"w-full pt-2 md:pt-0 dark:border-white\/20 md:border-transparent md:dark:border-transparent md:w-[calc(100%-.5rem)]\">\n<form class=\"stretch mx-2 flex flex-row gap-3 last:mb-2 md:mx-4 md:last:mb-6 lg:mx-auto lg:max-w-2xl xl:max-w-3xl\">\n<div class=\"relative flex h-full flex-1 flex-col\">\n<div class=\"absolute bottom-full left-0 right-0\"><\/div>\n<div class=\"flex w-full items-center\"><\/div>\n<\/div>\n<\/form>\n<\/div>\n","protected":false},"excerpt":{"rendered":"<p>Repair Kit f\u00fcr Rugby flossen Das Reparaturset enth\u00e4lt 2 Meter Gummischlauch und 2 St\u00fcck Kontaktkleber. Sie k\u00f6nnen die Seitengummis an Rugby-Flossen, Hockey-Flossen und Kinder-Monoflossen austauschen.<\/p>","protected":false},"featured_media":2704,"template":"","meta":[],"product_brand":[564],"product_cat":[473,412],"product_tag":[],"class_list":{"0":"post-11612","1":"product","2":"type-product","3":"status-publish","4":"has-post-thumbnail","6":"product_brand-waterway","7":"product_cat-repair-kits","8":"product_cat-zubehoer","10":"first","11":"instock","12":"shipping-taxable","13":"purchasable","14":"product-type-simple"},"yoast_head":"<!-- This site is optimized with the Yoast SEO plugin v27.2 - https:\/\/yoast.com\/product\/yoast-seo-wordpress\/ -->\n<title>Repair Kit f\u00fcr Rugby flossen - Monofinshop.de<\/title>\n<meta name=\"robots\" content=\"index, follow, max-snippet:-1, max-image-preview:large, max-video-preview:-1\" \/>\n<link rel=\"canonical\" href=\"https:\/\/monofinshop.de\/en\/product\/repair-kit-fuer-rugby-flossen\/\" \/>\n<meta property=\"og:locale\" content=\"en_US\" \/>\n<meta property=\"og:type\" content=\"article\" \/>\n<meta property=\"og:title\" content=\"Repair Kit f\u00fcr Rugby flossen - Monofinshop.de\" \/>\n<meta property=\"og:description\" content=\"Repair Kit f\u00fcr Rugby flossen Das Reparaturset enth\u00e4lt 2 Meter Gummischlauch und 2 St\u00fcck Kontaktkleber. Sie k\u00f6nnen die Seitengummis an Rugby-Flossen, Hockey-Flossen und Kinder-Monoflossen austauschen.\" \/>\n<meta property=\"og:url\" content=\"https:\/\/monofinshop.de\/en\/product\/repair-kit-fuer-rugby-flossen\/\" \/>\n<meta property=\"og:site_name\" content=\"Monofinshop.de\" \/>\n<meta property=\"article:modified_time\" content=\"2024-04-18T14:40:48+00:00\" \/>\n<meta property=\"og:image\" content=\"https:\/\/monofinshop.de\/wp-content\/uploads\/2023\/01\/repair-kit-smaller.jpg\" \/>\n\t<meta property=\"og:image:width\" content=\"969\" \/>\n\t<meta property=\"og:image:height\" content=\"905\" \/>\n\t<meta property=\"og:image:type\" content=\"image\/jpeg\" \/>\n<meta name=\"twitter:card\" content=\"summary_large_image\" \/>\n<script type=\"application\/ld+json\" class=\"yoast-schema-graph\">{\"@context\":\"https:\/\/schema.org\",\"@graph\":[{\"@type\":\"WebPage\",\"@id\":\"https:\/\/monofinshop.de\/product\/repair-kit-fuer-rugby-flossen\/\",\"url\":\"https:\/\/monofinshop.de\/product\/repair-kit-fuer-rugby-flossen\/\",\"name\":\"Repair Kit f\u00fcr Rugby flossen - Monofinshop.de\",\"isPartOf\":{\"@id\":\"https:\/\/monofinshop.de\/#website\"},\"primaryImageOfPage\":{\"@id\":\"https:\/\/monofinshop.de\/product\/repair-kit-fuer-rugby-flossen\/#primaryimage\"},\"image\":{\"@id\":\"https:\/\/monofinshop.de\/product\/repair-kit-fuer-rugby-flossen\/#primaryimage\"},\"thumbnailUrl\":\"https:\/\/monofinshop.de\/wp-content\/uploads\/2023\/01\/repair-kit-smaller.jpg\",\"datePublished\":\"2023-02-24T16:48:23+00:00\",\"dateModified\":\"2024-04-18T14:40:48+00:00\",\"breadcrumb\":{\"@id\":\"https:\/\/monofinshop.de\/product\/repair-kit-fuer-rugby-flossen\/#breadcrumb\"},\"inLanguage\":\"en-CA\",\"potentialAction\":[{\"@type\":\"ReadAction\",\"target\":[\"https:\/\/monofinshop.de\/product\/repair-kit-fuer-rugby-flossen\/\"]}]},{\"@type\":\"ImageObject\",\"inLanguage\":\"en-CA\",\"@id\":\"https:\/\/monofinshop.de\/product\/repair-kit-fuer-rugby-flossen\/#primaryimage\",\"url\":\"https:\/\/monofinshop.de\/wp-content\/uploads\/2023\/01\/repair-kit-smaller.jpg\",\"contentUrl\":\"https:\/\/monofinshop.de\/wp-content\/uploads\/2023\/01\/repair-kit-smaller.jpg\",\"width\":969,\"height\":905,\"caption\":\"Repair Kit Rugby and Hockey\"},{\"@type\":\"BreadcrumbList\",\"@id\":\"https:\/\/monofinshop.de\/product\/repair-kit-fuer-rugby-flossen\/#breadcrumb\",\"itemListElement\":[{\"@type\":\"ListItem\",\"position\":1,\"name\":\"Home\",\"item\":\"https:\/\/monofinshop.de\/\"},{\"@type\":\"ListItem\",\"position\":2,\"name\":\"Shop\",\"item\":\"https:\/\/monofinshop.de\/shop\/\"},{\"@type\":\"ListItem\",\"position\":3,\"name\":\"Repair Kit f\u00fcr Rugby flossen\"}]},{\"@type\":\"WebSite\",\"@id\":\"https:\/\/monofinshop.de\/#website\",\"url\":\"https:\/\/monofinshop.de\/\",\"name\":\"Monofinshop.de\",\"description\":\"Flossenschwimmen Shop\",\"potentialAction\":[{\"@type\":\"SearchAction\",\"target\":{\"@type\":\"EntryPoint\",\"urlTemplate\":\"https:\/\/monofinshop.de\/?s={search_term_string}\"},\"query-input\":{\"@type\":\"PropertyValueSpecification\",\"valueRequired\":true,\"valueName\":\"search_term_string\"}}],\"inLanguage\":\"en-CA\"}]}<\/script>\n<!-- \/ Yoast SEO plugin. -->","yoast_head_json":{"title":"Repair Kit f\u00fcr Rugby flossen - Monofinshop.de","robots":{"index":"index","follow":"follow","max-snippet":"max-snippet:-1","max-image-preview":"max-image-preview:large","max-video-preview":"max-video-preview:-1"},"canonical":"https:\/\/monofinshop.de\/en\/product\/repair-kit-fuer-rugby-flossen\/","og_locale":"en_US","og_type":"article","og_title":"Repair Kit f\u00fcr Rugby flossen - Monofinshop.de","og_description":"Repair Kit f\u00fcr Rugby flossen Das Reparaturset enth\u00e4lt 2 Meter Gummischlauch und 2 St\u00fcck Kontaktkleber. Sie k\u00f6nnen die Seitengummis an Rugby-Flossen, Hockey-Flossen und Kinder-Monoflossen austauschen.","og_url":"https:\/\/monofinshop.de\/en\/product\/repair-kit-fuer-rugby-flossen\/","og_site_name":"Monofinshop.de","article_modified_time":"2024-04-18T14:40:48+00:00","og_image":[{"width":969,"height":905,"url":"https:\/\/monofinshop.de\/wp-content\/uploads\/2023\/01\/repair-kit-smaller.jpg","type":"image\/jpeg"}],"twitter_card":"summary_large_image","schema":{"@context":"https:\/\/schema.org","@graph":[{"@type":"WebPage","@id":"https:\/\/monofinshop.de\/product\/repair-kit-fuer-rugby-flossen\/","url":"https:\/\/monofinshop.de\/product\/repair-kit-fuer-rugby-flossen\/","name":"Repair Kit f\u00fcr Rugby flossen - Monofinshop.de","isPartOf":{"@id":"https:\/\/monofinshop.de\/#website"},"primaryImageOfPage":{"@id":"https:\/\/monofinshop.de\/product\/repair-kit-fuer-rugby-flossen\/#primaryimage"},"image":{"@id":"https:\/\/monofinshop.de\/product\/repair-kit-fuer-rugby-flossen\/#primaryimage"},"thumbnailUrl":"https:\/\/monofinshop.de\/wp-content\/uploads\/2023\/01\/repair-kit-smaller.jpg","datePublished":"2023-02-24T16:48:23+00:00","dateModified":"2024-04-18T14:40:48+00:00","breadcrumb":{"@id":"https:\/\/monofinshop.de\/product\/repair-kit-fuer-rugby-flossen\/#breadcrumb"},"inLanguage":"en-CA","potentialAction":[{"@type":"ReadAction","target":["https:\/\/monofinshop.de\/product\/repair-kit-fuer-rugby-flossen\/"]}]},{"@type":"ImageObject","inLanguage":"en-CA","@id":"https:\/\/monofinshop.de\/product\/repair-kit-fuer-rugby-flossen\/#primaryimage","url":"https:\/\/monofinshop.de\/wp-content\/uploads\/2023\/01\/repair-kit-smaller.jpg","contentUrl":"https:\/\/monofinshop.de\/wp-content\/uploads\/2023\/01\/repair-kit-smaller.jpg","width":969,"height":905,"caption":"Repair Kit Rugby and Hockey"},{"@type":"BreadcrumbList","@id":"https:\/\/monofinshop.de\/product\/repair-kit-fuer-rugby-flossen\/#breadcrumb","itemListElement":[{"@type":"ListItem","position":1,"name":"Home","item":"https:\/\/monofinshop.de\/"},{"@type":"ListItem","position":2,"name":"Shop","item":"https:\/\/monofinshop.de\/shop\/"},{"@type":"ListItem","position":3,"name":"Repair Kit f\u00fcr Rugby flossen"}]},{"@type":"WebSite","@id":"https:\/\/monofinshop.de\/#website","url":"https:\/\/monofinshop.de\/","name":"Monofinshop.de","description":"Flossenschwimmen Shop","potentialAction":[{"@type":"SearchAction","target":{"@type":"EntryPoint","urlTemplate":"https:\/\/monofinshop.de\/?s={search_term_string}"},"query-input":{"@type":"PropertyValueSpecification","valueRequired":true,"valueName":"search_term_string"}}],"inLanguage":"en-CA"}]}},"_links":{"self":[{"href":"https:\/\/monofinshop.de\/en\/wp-json\/wp\/v2\/product\/11612","targetHints":{"allow":["GET"]}}],"collection":[{"href":"https:\/\/monofinshop.de\/en\/wp-json\/wp\/v2\/product"}],"about":[{"href":"https:\/\/monofinshop.de\/en\/wp-json\/wp\/v2\/types\/product"}],"version-history":[{"count":3,"href":"https:\/\/monofinshop.de\/en\/wp-json\/wp\/v2\/product\/11612\/revisions"}],"predecessor-version":[{"id":12239,"href":"https:\/\/monofinshop.de\/en\/wp-json\/wp\/v2\/product\/11612\/revisions\/12239"}],"wp:featuredmedia":[{"embeddable":true,"href":"https:\/\/monofinshop.de\/en\/wp-json\/wp\/v2\/media\/2704"}],"wp:attachment":[{"href":"https:\/\/monofinshop.de\/en\/wp-json\/wp\/v2\/media?parent=11612"}],"wp:term":[{"taxonomy":"product_brand","embeddable":true,"href":"https:\/\/monofinshop.de\/en\/wp-json\/wp\/v2\/product_brand?post=11612"},{"taxonomy":"product_cat","embeddable":true,"href":"https:\/\/monofinshop.de\/en\/wp-json\/wp\/v2\/product_cat?post=11612"},{"taxonomy":"product_tag","embeddable":true,"href":"https:\/\/monofinshop.de\/en\/wp-json\/wp\/v2\/product_tag?post=11612"}],"curies":[{"name":"wp","href":"https:\/\/api.w.org\/{rel}","templated":true}]}}