{"id":11585,"date":"2023-02-24T16:48:21","date_gmt":"2023-02-24T16:48:21","guid":{"rendered":"https:\/\/monofinshop.de\/?post_type=product&#038;p=11585"},"modified":"2024-04-18T14:48:27","modified_gmt":"2024-04-18T14:48:27","slug":"quwack-wave-blaetter","status":"publish","type":"product","link":"https:\/\/monofinshop.de\/en\/product\/quwack-wave-blaetter\/","title":{"rendered":"Quwack Wave Bl\u00e4tter"},"content":{"rendered":"<h1>Quwack Wave Bl\u00e4tter<\/h1>\n<p>Quwack&#8217;s Flossen aus 100 % reinem Kohlenstoff sind von h\u00f6chster Qualit\u00e4t. \u00c4u\u00dferst leichtes Design mit einem hohen Ma\u00df an Flexibilit\u00e4t und Reaktionsf\u00e4higkeit.<\/p>\n<p>Mit einem einzigartigen linearen Klingenverlauf von der Basis bis zur Spitze soll die Energieeffizienz maximiert werden, w\u00e4hrend beim Schwimmen mit minimalem Aufwand gearbeitet wird. Das Kohlefasermaterial der Flugzeugklasse A38 &#8211; 3K. Wird in einer geschlossenen Form mit 65 Tonnen hohem Druck hergestellt, gefolgt von einem 3-st\u00fcndigen Aush\u00e4rten bei 120\u00b0C, das eine pr\u00e4zise Faser-\/Harzverteilungskontrolle und hohe Festigkeit erm\u00f6glicht.<\/p>\n<p>Fu\u00dfabteile Labrax Falcon oder Pathos sind verf\u00fcgbar. Ideal f\u00fcr alle Arten von Freitauchen und Speerfischen.<\/p>","protected":false},"excerpt":{"rendered":"<p>Quwack Wave Bl\u00e4tter Quwack&#8217;s Flossen aus 100 % reinem Kohlenstoff sind von h\u00f6chster Qualit\u00e4t. \u00c4u\u00dferst leichtes Design mit einem hohen Ma\u00df an Flexibilit\u00e4t und Reaktionsf\u00e4higkeit. Mit einem einzigartigen linearen Klingenverlauf von der Basis bis zur Spitze soll die Energieeffizienz maximiert werden, w\u00e4hrend beim Schwimmen mit minimalem Aufwand gearbeitet wird. Das Kohlefasermaterial der Flugzeugklasse A38 &#8211; 3K. Wird in einer geschlossenen Form mit 65 Tonnen hohem Druck hergestellt, gefolgt von einem 3-st\u00fcndigen Aush\u00e4rten bei 120\u00b0C, das eine pr\u00e4zise Faser-\/Harzverteilungskontrolle und hohe Festigkeit erm\u00f6glicht. Fu\u00dfabteile Labrax Falcon oder Pathos sind verf\u00fcgbar. Ideal f\u00fcr alle Arten von Freitauchen und Speerfischen.<\/p>","protected":false},"featured_media":6003,"template":"","meta":[],"product_brand":[567],"product_cat":[408],"product_tag":[],"class_list":{"0":"post-11585","1":"product","2":"type-product","3":"status-publish","4":"has-post-thumbnail","6":"product_brand-quwack","7":"product_cat-blaetter","9":"first","10":"instock","11":"sale","12":"shipping-taxable","13":"purchasable","14":"product-type-variable"},"yoast_head":"<!-- This site is optimized with the Yoast SEO plugin v27.2 - https:\/\/yoast.com\/product\/yoast-seo-wordpress\/ -->\n<title>Quwack Wave Bl\u00e4tter - Monofinshop.de<\/title>\n<meta name=\"robots\" content=\"index, follow, max-snippet:-1, max-image-preview:large, max-video-preview:-1\" \/>\n<link rel=\"canonical\" href=\"https:\/\/monofinshop.de\/en\/product\/quwack-wave-blaetter\/\" \/>\n<meta property=\"og:locale\" content=\"en_US\" \/>\n<meta property=\"og:type\" content=\"article\" \/>\n<meta property=\"og:title\" content=\"Quwack Wave Bl\u00e4tter - Monofinshop.de\" \/>\n<meta property=\"og:description\" content=\"Quwack Wave Bl\u00e4tter Quwack&#8217;s Flossen aus 100 % reinem Kohlenstoff sind von h\u00f6chster Qualit\u00e4t. \u00c4u\u00dferst leichtes Design mit einem hohen Ma\u00df an Flexibilit\u00e4t und Reaktionsf\u00e4higkeit. Mit einem einzigartigen linearen Klingenverlauf von der Basis bis zur Spitze soll die Energieeffizienz maximiert werden, w\u00e4hrend beim Schwimmen mit minimalem Aufwand gearbeitet wird. Das Kohlefasermaterial der Flugzeugklasse A38 &#8211; 3K. Wird in einer geschlossenen Form mit 65 Tonnen hohem Druck hergestellt, gefolgt von einem 3-st\u00fcndigen Aush\u00e4rten bei 120\u00b0C, das eine pr\u00e4zise Faser-\/Harzverteilungskontrolle und hohe Festigkeit erm\u00f6glicht. Fu\u00dfabteile Labrax Falcon oder Pathos sind verf\u00fcgbar. Ideal f\u00fcr alle Arten von Freitauchen und Speerfischen.\" \/>\n<meta property=\"og:url\" content=\"https:\/\/monofinshop.de\/en\/product\/quwack-wave-blaetter\/\" \/>\n<meta property=\"og:site_name\" content=\"Monofinshop.de\" \/>\n<meta property=\"article:modified_time\" content=\"2024-04-18T14:48:27+00:00\" \/>\n<meta property=\"og:image\" content=\"https:\/\/monofinshop.de\/wp-content\/uploads\/2023\/01\/Quwach-Wave-Blades-1.jpg\" \/>\n\t<meta property=\"og:image:width\" content=\"800\" \/>\n\t<meta property=\"og:image:height\" content=\"800\" \/>\n\t<meta property=\"og:image:type\" content=\"image\/jpeg\" \/>\n<meta name=\"twitter:card\" content=\"summary_large_image\" \/>\n<meta name=\"twitter:label1\" content=\"Est. reading time\" \/>\n\t<meta name=\"twitter:data1\" content=\"1 minute\" \/>\n<script type=\"application\/ld+json\" class=\"yoast-schema-graph\">{\"@context\":\"https:\/\/schema.org\",\"@graph\":[{\"@type\":\"WebPage\",\"@id\":\"https:\/\/monofinshop.de\/product\/quwack-wave-blaetter\/\",\"url\":\"https:\/\/monofinshop.de\/product\/quwack-wave-blaetter\/\",\"name\":\"Quwack Wave Bl\u00e4tter - Monofinshop.de\",\"isPartOf\":{\"@id\":\"https:\/\/monofinshop.de\/#website\"},\"primaryImageOfPage\":{\"@id\":\"https:\/\/monofinshop.de\/product\/quwack-wave-blaetter\/#primaryimage\"},\"image\":{\"@id\":\"https:\/\/monofinshop.de\/product\/quwack-wave-blaetter\/#primaryimage\"},\"thumbnailUrl\":\"https:\/\/monofinshop.de\/wp-content\/uploads\/2023\/01\/Quwach-Wave-Blades-1.jpg\",\"datePublished\":\"2023-02-24T16:48:21+00:00\",\"dateModified\":\"2024-04-18T14:48:27+00:00\",\"breadcrumb\":{\"@id\":\"https:\/\/monofinshop.de\/product\/quwack-wave-blaetter\/#breadcrumb\"},\"inLanguage\":\"en-CA\",\"potentialAction\":[{\"@type\":\"ReadAction\",\"target\":[\"https:\/\/monofinshop.de\/product\/quwack-wave-blaetter\/\"]}]},{\"@type\":\"ImageObject\",\"inLanguage\":\"en-CA\",\"@id\":\"https:\/\/monofinshop.de\/product\/quwack-wave-blaetter\/#primaryimage\",\"url\":\"https:\/\/monofinshop.de\/wp-content\/uploads\/2023\/01\/Quwach-Wave-Blades-1.jpg\",\"contentUrl\":\"https:\/\/monofinshop.de\/wp-content\/uploads\/2023\/01\/Quwach-Wave-Blades-1.jpg\",\"width\":800,\"height\":800},{\"@type\":\"BreadcrumbList\",\"@id\":\"https:\/\/monofinshop.de\/product\/quwack-wave-blaetter\/#breadcrumb\",\"itemListElement\":[{\"@type\":\"ListItem\",\"position\":1,\"name\":\"Home\",\"item\":\"https:\/\/monofinshop.de\/\"},{\"@type\":\"ListItem\",\"position\":2,\"name\":\"Shop\",\"item\":\"https:\/\/monofinshop.de\/shop\/\"},{\"@type\":\"ListItem\",\"position\":3,\"name\":\"Quwack Wave Bl\u00e4tter\"}]},{\"@type\":\"WebSite\",\"@id\":\"https:\/\/monofinshop.de\/#website\",\"url\":\"https:\/\/monofinshop.de\/\",\"name\":\"Monofinshop.de\",\"description\":\"Flossenschwimmen Shop\",\"potentialAction\":[{\"@type\":\"SearchAction\",\"target\":{\"@type\":\"EntryPoint\",\"urlTemplate\":\"https:\/\/monofinshop.de\/?s={search_term_string}\"},\"query-input\":{\"@type\":\"PropertyValueSpecification\",\"valueRequired\":true,\"valueName\":\"search_term_string\"}}],\"inLanguage\":\"en-CA\"}]}<\/script>\n<!-- \/ Yoast SEO plugin. -->","yoast_head_json":{"title":"Quwack Wave Bl\u00e4tter - Monofinshop.de","robots":{"index":"index","follow":"follow","max-snippet":"max-snippet:-1","max-image-preview":"max-image-preview:large","max-video-preview":"max-video-preview:-1"},"canonical":"https:\/\/monofinshop.de\/en\/product\/quwack-wave-blaetter\/","og_locale":"en_US","og_type":"article","og_title":"Quwack Wave Bl\u00e4tter - Monofinshop.de","og_description":"Quwack Wave Bl\u00e4tter Quwack&#8217;s Flossen aus 100 % reinem Kohlenstoff sind von h\u00f6chster Qualit\u00e4t. \u00c4u\u00dferst leichtes Design mit einem hohen Ma\u00df an Flexibilit\u00e4t und Reaktionsf\u00e4higkeit. Mit einem einzigartigen linearen Klingenverlauf von der Basis bis zur Spitze soll die Energieeffizienz maximiert werden, w\u00e4hrend beim Schwimmen mit minimalem Aufwand gearbeitet wird. Das Kohlefasermaterial der Flugzeugklasse A38 &#8211; 3K. Wird in einer geschlossenen Form mit 65 Tonnen hohem Druck hergestellt, gefolgt von einem 3-st\u00fcndigen Aush\u00e4rten bei 120\u00b0C, das eine pr\u00e4zise Faser-\/Harzverteilungskontrolle und hohe Festigkeit erm\u00f6glicht. Fu\u00dfabteile Labrax Falcon oder Pathos sind verf\u00fcgbar. Ideal f\u00fcr alle Arten von Freitauchen und Speerfischen.","og_url":"https:\/\/monofinshop.de\/en\/product\/quwack-wave-blaetter\/","og_site_name":"Monofinshop.de","article_modified_time":"2024-04-18T14:48:27+00:00","og_image":[{"width":800,"height":800,"url":"https:\/\/monofinshop.de\/wp-content\/uploads\/2023\/01\/Quwach-Wave-Blades-1.jpg","type":"image\/jpeg"}],"twitter_card":"summary_large_image","twitter_misc":{"Est. reading time":"1 minute"},"schema":{"@context":"https:\/\/schema.org","@graph":[{"@type":"WebPage","@id":"https:\/\/monofinshop.de\/product\/quwack-wave-blaetter\/","url":"https:\/\/monofinshop.de\/product\/quwack-wave-blaetter\/","name":"Quwack Wave Bl\u00e4tter - Monofinshop.de","isPartOf":{"@id":"https:\/\/monofinshop.de\/#website"},"primaryImageOfPage":{"@id":"https:\/\/monofinshop.de\/product\/quwack-wave-blaetter\/#primaryimage"},"image":{"@id":"https:\/\/monofinshop.de\/product\/quwack-wave-blaetter\/#primaryimage"},"thumbnailUrl":"https:\/\/monofinshop.de\/wp-content\/uploads\/2023\/01\/Quwach-Wave-Blades-1.jpg","datePublished":"2023-02-24T16:48:21+00:00","dateModified":"2024-04-18T14:48:27+00:00","breadcrumb":{"@id":"https:\/\/monofinshop.de\/product\/quwack-wave-blaetter\/#breadcrumb"},"inLanguage":"en-CA","potentialAction":[{"@type":"ReadAction","target":["https:\/\/monofinshop.de\/product\/quwack-wave-blaetter\/"]}]},{"@type":"ImageObject","inLanguage":"en-CA","@id":"https:\/\/monofinshop.de\/product\/quwack-wave-blaetter\/#primaryimage","url":"https:\/\/monofinshop.de\/wp-content\/uploads\/2023\/01\/Quwach-Wave-Blades-1.jpg","contentUrl":"https:\/\/monofinshop.de\/wp-content\/uploads\/2023\/01\/Quwach-Wave-Blades-1.jpg","width":800,"height":800},{"@type":"BreadcrumbList","@id":"https:\/\/monofinshop.de\/product\/quwack-wave-blaetter\/#breadcrumb","itemListElement":[{"@type":"ListItem","position":1,"name":"Home","item":"https:\/\/monofinshop.de\/"},{"@type":"ListItem","position":2,"name":"Shop","item":"https:\/\/monofinshop.de\/shop\/"},{"@type":"ListItem","position":3,"name":"Quwack Wave Bl\u00e4tter"}]},{"@type":"WebSite","@id":"https:\/\/monofinshop.de\/#website","url":"https:\/\/monofinshop.de\/","name":"Monofinshop.de","description":"Flossenschwimmen Shop","potentialAction":[{"@type":"SearchAction","target":{"@type":"EntryPoint","urlTemplate":"https:\/\/monofinshop.de\/?s={search_term_string}"},"query-input":{"@type":"PropertyValueSpecification","valueRequired":true,"valueName":"search_term_string"}}],"inLanguage":"en-CA"}]}},"_links":{"self":[{"href":"https:\/\/monofinshop.de\/en\/wp-json\/wp\/v2\/product\/11585","targetHints":{"allow":["GET"]}}],"collection":[{"href":"https:\/\/monofinshop.de\/en\/wp-json\/wp\/v2\/product"}],"about":[{"href":"https:\/\/monofinshop.de\/en\/wp-json\/wp\/v2\/types\/product"}],"version-history":[{"count":4,"href":"https:\/\/monofinshop.de\/en\/wp-json\/wp\/v2\/product\/11585\/revisions"}],"predecessor-version":[{"id":12247,"href":"https:\/\/monofinshop.de\/en\/wp-json\/wp\/v2\/product\/11585\/revisions\/12247"}],"wp:featuredmedia":[{"embeddable":true,"href":"https:\/\/monofinshop.de\/en\/wp-json\/wp\/v2\/media\/6003"}],"wp:attachment":[{"href":"https:\/\/monofinshop.de\/en\/wp-json\/wp\/v2\/media?parent=11585"}],"wp:term":[{"taxonomy":"product_brand","embeddable":true,"href":"https:\/\/monofinshop.de\/en\/wp-json\/wp\/v2\/product_brand?post=11585"},{"taxonomy":"product_cat","embeddable":true,"href":"https:\/\/monofinshop.de\/en\/wp-json\/wp\/v2\/product_cat?post=11585"},{"taxonomy":"product_tag","embeddable":true,"href":"https:\/\/monofinshop.de\/en\/wp-json\/wp\/v2\/product_tag?post=11585"}],"curies":[{"name":"wp","href":"https:\/\/api.w.org\/{rel}","templated":true}]}}