{"id":11522,"date":"2023-02-24T16:48:16","date_gmt":"2023-02-24T16:48:16","guid":{"rendered":"https:\/\/monofinshop.de\/?post_type=product&#038;p=11522"},"modified":"2024-04-18T14:50:03","modified_gmt":"2024-04-18T14:50:03","slug":"quwack-prepreg-carbon-blaetter","status":"publish","type":"product","link":"https:\/\/monofinshop.de\/en\/product\/quwack-prepreg-carbon-blaetter\/","title":{"rendered":"Quwack Prepreg Carbon Bl\u00e4tter"},"content":{"rendered":"<div class=\"group w-full text-token-text-primary border-b border-black\/10 dark:border-gray-900\/50 bg-gray-50 dark:bg-[#444654]\">\n<div class=\"flex p-4 gap-4 text-base md:gap-6 md:max-w-2xl lg:max-w-[38rem] xl:max-w-3xl md:py-6 lg:px-0 m-auto\">\n<div class=\"relative flex w-[calc(100%-50px)] flex-col gap-1 md:gap-3 lg:w-[calc(100%-115px)]\">\n<div class=\"flex flex-grow flex-col gap-3\">\n<div class=\"min-h-[20px] flex flex-col items-start gap-3 overflow-x-auto whitespace-pre-wrap break-words\">\n<div class=\"markdown prose w-full break-words dark:prose-invert light\">\n<h1>Quwack Prepreg Carbon Bl\u00e4tter<\/h1>\n<p>Quwacks 100% reine Kohlenstoffklingen zeichnen sich durch h\u00f6chste Qualit\u00e4t aus. Ein \u00e4u\u00dferst leichtes Design mit einem hohen Ma\u00df an Flexibilit\u00e4t und Reaktionsf\u00e4higkeit.<\/p>\n<p>Mit einem einzigartigen linearen Klingenverlauf von der Basis bis zur Spitze ist es darauf ausgelegt, die Energieeffizienz beim Flossenschwimmen mit minimalem Aufwand zu maximieren. Das Kohlefasermaterial der Flugzeugklasse A38 &#8211; 3K. Wird in einer geschlossenen Form mit 65 Tonnen hohem Druck hergestellt, gefolgt von einem 3-st\u00fcndigen Aush\u00e4rten bei 120\u00b0C, was eine pr\u00e4zise Verteilung von Fasern und Harz erm\u00f6glicht und eine hohe Festigkeit gew\u00e4hrleistet.<\/p>\n<p>Labrax Falcon oder Pathos Fu\u00dfabteile sind verf\u00fcgbar. Ideal f\u00fcr alle Arten von Freitauchen und Speerfischen.<\/p>\n<\/div>\n<\/div>\n<\/div>\n<\/div>\n<\/div>\n<\/div>\n","protected":false},"excerpt":{"rendered":"<p>Quwack Prepreg Carbon Bl\u00e4tter Quwacks 100% reine Kohlenstoffklingen zeichnen sich durch h\u00f6chste Qualit\u00e4t aus. Ein \u00e4u\u00dferst leichtes Design mit einem hohen Ma\u00df an Flexibilit\u00e4t und Reaktionsf\u00e4higkeit. Mit einem einzigartigen linearen Klingenverlauf von der Basis bis zur Spitze ist es darauf ausgelegt, die Energieeffizienz beim Flossenschwimmen mit minimalem Aufwand zu maximieren. Das Kohlefasermaterial der Flugzeugklasse A38 &#8211; 3K. Wird in einer geschlossenen Form mit 65 Tonnen hohem Druck hergestellt, gefolgt von einem 3-st\u00fcndigen Aush\u00e4rten bei 120\u00b0C, was eine pr\u00e4zise Verteilung von Fasern und Harz erm\u00f6glicht und eine hohe Festigkeit gew\u00e4hrleistet. Labrax Falcon oder Pathos Fu\u00dfabteile sind verf\u00fcgbar. Ideal f\u00fcr alle Arten von Freitauchen und Speerfischen.<\/p>","protected":false},"featured_media":5997,"template":"","meta":[],"product_brand":[567],"product_cat":[408],"product_tag":[],"class_list":{"0":"post-11522","1":"product","2":"type-product","3":"status-publish","4":"has-post-thumbnail","6":"product_brand-quwack","7":"product_cat-blaetter","9":"first","10":"instock","11":"sale","12":"featured","13":"shipping-taxable","14":"purchasable","15":"product-type-variable"},"yoast_head":"<!-- This site is optimized with the Yoast SEO plugin v27.2 - https:\/\/yoast.com\/product\/yoast-seo-wordpress\/ -->\n<title>Quwack Prepreg Carbon Bl\u00e4tter - Monofinshop.de<\/title>\n<meta name=\"robots\" content=\"index, follow, max-snippet:-1, max-image-preview:large, max-video-preview:-1\" \/>\n<link rel=\"canonical\" href=\"https:\/\/monofinshop.de\/en\/product\/quwack-prepreg-carbon-blaetter\/\" \/>\n<meta property=\"og:locale\" content=\"en_US\" \/>\n<meta property=\"og:type\" content=\"article\" \/>\n<meta property=\"og:title\" content=\"Quwack Prepreg Carbon Bl\u00e4tter - Monofinshop.de\" \/>\n<meta property=\"og:description\" content=\"Quwack Prepreg Carbon Bl\u00e4tter Quwacks 100% reine Kohlenstoffklingen zeichnen sich durch h\u00f6chste Qualit\u00e4t aus. Ein \u00e4u\u00dferst leichtes Design mit einem hohen Ma\u00df an Flexibilit\u00e4t und Reaktionsf\u00e4higkeit. Mit einem einzigartigen linearen Klingenverlauf von der Basis bis zur Spitze ist es darauf ausgelegt, die Energieeffizienz beim Flossenschwimmen mit minimalem Aufwand zu maximieren. Das Kohlefasermaterial der Flugzeugklasse A38 &#8211; 3K. Wird in einer geschlossenen Form mit 65 Tonnen hohem Druck hergestellt, gefolgt von einem 3-st\u00fcndigen Aush\u00e4rten bei 120\u00b0C, was eine pr\u00e4zise Verteilung von Fasern und Harz erm\u00f6glicht und eine hohe Festigkeit gew\u00e4hrleistet. Labrax Falcon oder Pathos Fu\u00dfabteile sind verf\u00fcgbar. Ideal f\u00fcr alle Arten von Freitauchen und Speerfischen.\" \/>\n<meta property=\"og:url\" content=\"https:\/\/monofinshop.de\/en\/product\/quwack-prepreg-carbon-blaetter\/\" \/>\n<meta property=\"og:site_name\" content=\"Monofinshop.de\" \/>\n<meta property=\"article:modified_time\" content=\"2024-04-18T14:50:03+00:00\" \/>\n<meta property=\"og:image\" content=\"https:\/\/monofinshop.de\/wp-content\/uploads\/2023\/01\/Quwack-Prepreg-Carbon-Blades.jpg\" \/>\n\t<meta property=\"og:image:width\" content=\"870\" \/>\n\t<meta property=\"og:image:height\" content=\"870\" \/>\n\t<meta property=\"og:image:type\" content=\"image\/jpeg\" \/>\n<meta name=\"twitter:card\" content=\"summary_large_image\" \/>\n<meta name=\"twitter:label1\" content=\"Est. reading time\" \/>\n\t<meta name=\"twitter:data1\" content=\"1 minute\" \/>\n<script type=\"application\/ld+json\" class=\"yoast-schema-graph\">{\"@context\":\"https:\/\/schema.org\",\"@graph\":[{\"@type\":\"WebPage\",\"@id\":\"https:\/\/monofinshop.de\/product\/quwack-prepreg-carbon-blaetter\/\",\"url\":\"https:\/\/monofinshop.de\/product\/quwack-prepreg-carbon-blaetter\/\",\"name\":\"Quwack Prepreg Carbon Bl\u00e4tter - Monofinshop.de\",\"isPartOf\":{\"@id\":\"https:\/\/monofinshop.de\/#website\"},\"primaryImageOfPage\":{\"@id\":\"https:\/\/monofinshop.de\/product\/quwack-prepreg-carbon-blaetter\/#primaryimage\"},\"image\":{\"@id\":\"https:\/\/monofinshop.de\/product\/quwack-prepreg-carbon-blaetter\/#primaryimage\"},\"thumbnailUrl\":\"https:\/\/monofinshop.de\/wp-content\/uploads\/2023\/01\/Quwack-Prepreg-Carbon-Blades.jpg\",\"datePublished\":\"2023-02-24T16:48:16+00:00\",\"dateModified\":\"2024-04-18T14:50:03+00:00\",\"breadcrumb\":{\"@id\":\"https:\/\/monofinshop.de\/product\/quwack-prepreg-carbon-blaetter\/#breadcrumb\"},\"inLanguage\":\"en-CA\",\"potentialAction\":[{\"@type\":\"ReadAction\",\"target\":[\"https:\/\/monofinshop.de\/product\/quwack-prepreg-carbon-blaetter\/\"]}]},{\"@type\":\"ImageObject\",\"inLanguage\":\"en-CA\",\"@id\":\"https:\/\/monofinshop.de\/product\/quwack-prepreg-carbon-blaetter\/#primaryimage\",\"url\":\"https:\/\/monofinshop.de\/wp-content\/uploads\/2023\/01\/Quwack-Prepreg-Carbon-Blades.jpg\",\"contentUrl\":\"https:\/\/monofinshop.de\/wp-content\/uploads\/2023\/01\/Quwack-Prepreg-Carbon-Blades.jpg\",\"width\":870,\"height\":870},{\"@type\":\"BreadcrumbList\",\"@id\":\"https:\/\/monofinshop.de\/product\/quwack-prepreg-carbon-blaetter\/#breadcrumb\",\"itemListElement\":[{\"@type\":\"ListItem\",\"position\":1,\"name\":\"Home\",\"item\":\"https:\/\/monofinshop.de\/\"},{\"@type\":\"ListItem\",\"position\":2,\"name\":\"Shop\",\"item\":\"https:\/\/monofinshop.de\/shop\/\"},{\"@type\":\"ListItem\",\"position\":3,\"name\":\"Quwack Prepreg Carbon Bl\u00e4tter\"}]},{\"@type\":\"WebSite\",\"@id\":\"https:\/\/monofinshop.de\/#website\",\"url\":\"https:\/\/monofinshop.de\/\",\"name\":\"Monofinshop.de\",\"description\":\"Flossenschwimmen Shop\",\"potentialAction\":[{\"@type\":\"SearchAction\",\"target\":{\"@type\":\"EntryPoint\",\"urlTemplate\":\"https:\/\/monofinshop.de\/?s={search_term_string}\"},\"query-input\":{\"@type\":\"PropertyValueSpecification\",\"valueRequired\":true,\"valueName\":\"search_term_string\"}}],\"inLanguage\":\"en-CA\"}]}<\/script>\n<!-- \/ Yoast SEO plugin. -->","yoast_head_json":{"title":"Quwack Prepreg Carbon Bl\u00e4tter - Monofinshop.de","robots":{"index":"index","follow":"follow","max-snippet":"max-snippet:-1","max-image-preview":"max-image-preview:large","max-video-preview":"max-video-preview:-1"},"canonical":"https:\/\/monofinshop.de\/en\/product\/quwack-prepreg-carbon-blaetter\/","og_locale":"en_US","og_type":"article","og_title":"Quwack Prepreg Carbon Bl\u00e4tter - Monofinshop.de","og_description":"Quwack Prepreg Carbon Bl\u00e4tter Quwacks 100% reine Kohlenstoffklingen zeichnen sich durch h\u00f6chste Qualit\u00e4t aus. Ein \u00e4u\u00dferst leichtes Design mit einem hohen Ma\u00df an Flexibilit\u00e4t und Reaktionsf\u00e4higkeit. Mit einem einzigartigen linearen Klingenverlauf von der Basis bis zur Spitze ist es darauf ausgelegt, die Energieeffizienz beim Flossenschwimmen mit minimalem Aufwand zu maximieren. Das Kohlefasermaterial der Flugzeugklasse A38 &#8211; 3K. Wird in einer geschlossenen Form mit 65 Tonnen hohem Druck hergestellt, gefolgt von einem 3-st\u00fcndigen Aush\u00e4rten bei 120\u00b0C, was eine pr\u00e4zise Verteilung von Fasern und Harz erm\u00f6glicht und eine hohe Festigkeit gew\u00e4hrleistet. Labrax Falcon oder Pathos Fu\u00dfabteile sind verf\u00fcgbar. Ideal f\u00fcr alle Arten von Freitauchen und Speerfischen.","og_url":"https:\/\/monofinshop.de\/en\/product\/quwack-prepreg-carbon-blaetter\/","og_site_name":"Monofinshop.de","article_modified_time":"2024-04-18T14:50:03+00:00","og_image":[{"width":870,"height":870,"url":"https:\/\/monofinshop.de\/wp-content\/uploads\/2023\/01\/Quwack-Prepreg-Carbon-Blades.jpg","type":"image\/jpeg"}],"twitter_card":"summary_large_image","twitter_misc":{"Est. reading time":"1 minute"},"schema":{"@context":"https:\/\/schema.org","@graph":[{"@type":"WebPage","@id":"https:\/\/monofinshop.de\/product\/quwack-prepreg-carbon-blaetter\/","url":"https:\/\/monofinshop.de\/product\/quwack-prepreg-carbon-blaetter\/","name":"Quwack Prepreg Carbon Bl\u00e4tter - Monofinshop.de","isPartOf":{"@id":"https:\/\/monofinshop.de\/#website"},"primaryImageOfPage":{"@id":"https:\/\/monofinshop.de\/product\/quwack-prepreg-carbon-blaetter\/#primaryimage"},"image":{"@id":"https:\/\/monofinshop.de\/product\/quwack-prepreg-carbon-blaetter\/#primaryimage"},"thumbnailUrl":"https:\/\/monofinshop.de\/wp-content\/uploads\/2023\/01\/Quwack-Prepreg-Carbon-Blades.jpg","datePublished":"2023-02-24T16:48:16+00:00","dateModified":"2024-04-18T14:50:03+00:00","breadcrumb":{"@id":"https:\/\/monofinshop.de\/product\/quwack-prepreg-carbon-blaetter\/#breadcrumb"},"inLanguage":"en-CA","potentialAction":[{"@type":"ReadAction","target":["https:\/\/monofinshop.de\/product\/quwack-prepreg-carbon-blaetter\/"]}]},{"@type":"ImageObject","inLanguage":"en-CA","@id":"https:\/\/monofinshop.de\/product\/quwack-prepreg-carbon-blaetter\/#primaryimage","url":"https:\/\/monofinshop.de\/wp-content\/uploads\/2023\/01\/Quwack-Prepreg-Carbon-Blades.jpg","contentUrl":"https:\/\/monofinshop.de\/wp-content\/uploads\/2023\/01\/Quwack-Prepreg-Carbon-Blades.jpg","width":870,"height":870},{"@type":"BreadcrumbList","@id":"https:\/\/monofinshop.de\/product\/quwack-prepreg-carbon-blaetter\/#breadcrumb","itemListElement":[{"@type":"ListItem","position":1,"name":"Home","item":"https:\/\/monofinshop.de\/"},{"@type":"ListItem","position":2,"name":"Shop","item":"https:\/\/monofinshop.de\/shop\/"},{"@type":"ListItem","position":3,"name":"Quwack Prepreg Carbon Bl\u00e4tter"}]},{"@type":"WebSite","@id":"https:\/\/monofinshop.de\/#website","url":"https:\/\/monofinshop.de\/","name":"Monofinshop.de","description":"Flossenschwimmen Shop","potentialAction":[{"@type":"SearchAction","target":{"@type":"EntryPoint","urlTemplate":"https:\/\/monofinshop.de\/?s={search_term_string}"},"query-input":{"@type":"PropertyValueSpecification","valueRequired":true,"valueName":"search_term_string"}}],"inLanguage":"en-CA"}]}},"_links":{"self":[{"href":"https:\/\/monofinshop.de\/en\/wp-json\/wp\/v2\/product\/11522","targetHints":{"allow":["GET"]}}],"collection":[{"href":"https:\/\/monofinshop.de\/en\/wp-json\/wp\/v2\/product"}],"about":[{"href":"https:\/\/monofinshop.de\/en\/wp-json\/wp\/v2\/types\/product"}],"version-history":[{"count":3,"href":"https:\/\/monofinshop.de\/en\/wp-json\/wp\/v2\/product\/11522\/revisions"}],"predecessor-version":[{"id":12253,"href":"https:\/\/monofinshop.de\/en\/wp-json\/wp\/v2\/product\/11522\/revisions\/12253"}],"wp:featuredmedia":[{"embeddable":true,"href":"https:\/\/monofinshop.de\/en\/wp-json\/wp\/v2\/media\/5997"}],"wp:attachment":[{"href":"https:\/\/monofinshop.de\/en\/wp-json\/wp\/v2\/media?parent=11522"}],"wp:term":[{"taxonomy":"product_brand","embeddable":true,"href":"https:\/\/monofinshop.de\/en\/wp-json\/wp\/v2\/product_brand?post=11522"},{"taxonomy":"product_cat","embeddable":true,"href":"https:\/\/monofinshop.de\/en\/wp-json\/wp\/v2\/product_cat?post=11522"},{"taxonomy":"product_tag","embeddable":true,"href":"https:\/\/monofinshop.de\/en\/wp-json\/wp\/v2\/product_tag?post=11522"}],"curies":[{"name":"wp","href":"https:\/\/api.w.org\/{rel}","templated":true}]}}