{"id":11400,"date":"2023-02-24T16:48:07","date_gmt":"2023-02-24T16:48:07","guid":{"rendered":"https:\/\/monofinshop.de\/?post_type=product&#038;p=11400"},"modified":"2024-04-18T15:05:41","modified_gmt":"2024-04-18T15:05:41","slug":"quwack-camo-magenta-flossen","status":"publish","type":"product","link":"https:\/\/monofinshop.de\/en\/product\/quwack-camo-magenta-flossen\/","title":{"rendered":"Quwack Camo Magenta Flossen"},"content":{"rendered":"<h1>Quwack Camo Magenta Flossen<\/h1>\n<p>Quwack&#8217;s 100% reine Kohlefaserflossen sind von h\u00f6chster Qualit\u00e4t. Das extrem leichte Design mit einem hohen Ma\u00df an Flexibilit\u00e4t und Reaktion erm\u00f6glicht einzigartige Leistung.<\/p>\n<p>Durch einen einzigartigen linearen Klingenverlauf von der Basis bis zur Spitze wird die Energieeffizienz maximiert, w\u00e4hrend das Gleiten mit minimalem Aufwand erfolgt. Das Kohlefaser-Material der Flugzeugklasse A38 \u2013 3K wird in einer geschlossenen Form mit 65 Tonnen hohem Druck hergestellt und anschlie\u00dfend in einem 3-st\u00fcndigen Aush\u00e4rteprozess bei 120\u00b0C behandelt, was eine pr\u00e4zise Steuerung der Faser-\/Harzverteilung und hohe Festigkeit gew\u00e4hrleistet.<\/p>\n<p>Fu\u00dfabteile von Labrax Falcon oder Pathos sind erh\u00e4ltlich. Ideal f\u00fcr alle Arten von Freitauchen und Speerfischen.<\/p>","protected":false},"excerpt":{"rendered":"<p>Quwack Camo Magenta Flossen Quwack&#8217;s 100% reine Kohlefaserflossen sind von h\u00f6chster Qualit\u00e4t. Das extrem leichte Design mit einem hohen Ma\u00df an Flexibilit\u00e4t und Reaktion erm\u00f6glicht einzigartige Leistung. Durch einen einzigartigen linearen Klingenverlauf von der Basis bis zur Spitze wird die Energieeffizienz maximiert, w\u00e4hrend das Gleiten mit minimalem Aufwand erfolgt. Das Kohlefaser-Material der Flugzeugklasse A38 \u2013 3K wird in einer geschlossenen Form mit 65 Tonnen hohem Druck hergestellt und anschlie\u00dfend in einem 3-st\u00fcndigen Aush\u00e4rteprozess bei 120\u00b0C behandelt, was eine pr\u00e4zise Steuerung der Faser-\/Harzverteilung und hohe Festigkeit gew\u00e4hrleistet. Fu\u00dfabteile von Labrax Falcon oder Pathos sind erh\u00e4ltlich. Ideal f\u00fcr alle Arten von Freitauchen und Speerfischen.<\/p>","protected":false},"featured_media":5666,"template":"","meta":[],"product_brand":[567],"product_cat":[409,410,411],"product_tag":[],"class_list":{"0":"post-11400","1":"product","2":"type-product","3":"status-publish","4":"has-post-thumbnail","6":"product_brand-quwack","7":"product_cat-flossen","8":"product_cat-freediving-flossen","9":"product_cat-spearfishing-flossen","11":"first","12":"instock","13":"shipping-taxable","14":"purchasable","15":"product-type-variable"},"yoast_head":"<!-- This site is optimized with the Yoast SEO plugin v27.2 - https:\/\/yoast.com\/product\/yoast-seo-wordpress\/ -->\n<title>Quwack Camo Magenta Flossen - Monofinshop.de<\/title>\n<meta name=\"robots\" content=\"index, follow, max-snippet:-1, max-image-preview:large, max-video-preview:-1\" \/>\n<link rel=\"canonical\" href=\"https:\/\/monofinshop.de\/en\/product\/quwack-camo-magenta-flossen\/\" \/>\n<meta property=\"og:locale\" content=\"en_US\" \/>\n<meta property=\"og:type\" content=\"article\" \/>\n<meta property=\"og:title\" content=\"Quwack Camo Magenta Flossen - Monofinshop.de\" \/>\n<meta property=\"og:description\" content=\"Quwack Camo Magenta Flossen Quwack&#8217;s 100% reine Kohlefaserflossen sind von h\u00f6chster Qualit\u00e4t. Das extrem leichte Design mit einem hohen Ma\u00df an Flexibilit\u00e4t und Reaktion erm\u00f6glicht einzigartige Leistung. Durch einen einzigartigen linearen Klingenverlauf von der Basis bis zur Spitze wird die Energieeffizienz maximiert, w\u00e4hrend das Gleiten mit minimalem Aufwand erfolgt. Das Kohlefaser-Material der Flugzeugklasse A38 \u2013 3K wird in einer geschlossenen Form mit 65 Tonnen hohem Druck hergestellt und anschlie\u00dfend in einem 3-st\u00fcndigen Aush\u00e4rteprozess bei 120\u00b0C behandelt, was eine pr\u00e4zise Steuerung der Faser-\/Harzverteilung und hohe Festigkeit gew\u00e4hrleistet. Fu\u00dfabteile von Labrax Falcon oder Pathos sind erh\u00e4ltlich. Ideal f\u00fcr alle Arten von Freitauchen und Speerfischen.\" \/>\n<meta property=\"og:url\" content=\"https:\/\/monofinshop.de\/en\/product\/quwack-camo-magenta-flossen\/\" \/>\n<meta property=\"og:site_name\" content=\"Monofinshop.de\" \/>\n<meta property=\"article:modified_time\" content=\"2024-04-18T15:05:41+00:00\" \/>\n<meta property=\"og:image\" content=\"https:\/\/monofinshop.de\/wp-content\/uploads\/2023\/01\/Quwach-Camo-Magenta-Fins-scaled-1-1.jpg\" \/>\n\t<meta property=\"og:image:width\" content=\"1420\" \/>\n\t<meta property=\"og:image:height\" content=\"1420\" \/>\n\t<meta property=\"og:image:type\" content=\"image\/jpeg\" \/>\n<meta name=\"twitter:card\" content=\"summary_large_image\" \/>\n<meta name=\"twitter:label1\" content=\"Est. reading time\" \/>\n\t<meta name=\"twitter:data1\" content=\"1 minute\" \/>\n<script type=\"application\/ld+json\" class=\"yoast-schema-graph\">{\"@context\":\"https:\/\/schema.org\",\"@graph\":[{\"@type\":\"WebPage\",\"@id\":\"https:\/\/monofinshop.de\/product\/quwack-camo-magenta-flossen\/\",\"url\":\"https:\/\/monofinshop.de\/product\/quwack-camo-magenta-flossen\/\",\"name\":\"Quwack Camo Magenta Flossen - Monofinshop.de\",\"isPartOf\":{\"@id\":\"https:\/\/monofinshop.de\/#website\"},\"primaryImageOfPage\":{\"@id\":\"https:\/\/monofinshop.de\/product\/quwack-camo-magenta-flossen\/#primaryimage\"},\"image\":{\"@id\":\"https:\/\/monofinshop.de\/product\/quwack-camo-magenta-flossen\/#primaryimage\"},\"thumbnailUrl\":\"https:\/\/monofinshop.de\/wp-content\/uploads\/2023\/01\/Quwach-Camo-Magenta-Fins-scaled-1-1.jpg\",\"datePublished\":\"2023-02-24T16:48:07+00:00\",\"dateModified\":\"2024-04-18T15:05:41+00:00\",\"breadcrumb\":{\"@id\":\"https:\/\/monofinshop.de\/product\/quwack-camo-magenta-flossen\/#breadcrumb\"},\"inLanguage\":\"en-CA\",\"potentialAction\":[{\"@type\":\"ReadAction\",\"target\":[\"https:\/\/monofinshop.de\/product\/quwack-camo-magenta-flossen\/\"]}]},{\"@type\":\"ImageObject\",\"inLanguage\":\"en-CA\",\"@id\":\"https:\/\/monofinshop.de\/product\/quwack-camo-magenta-flossen\/#primaryimage\",\"url\":\"https:\/\/monofinshop.de\/wp-content\/uploads\/2023\/01\/Quwach-Camo-Magenta-Fins-scaled-1-1.jpg\",\"contentUrl\":\"https:\/\/monofinshop.de\/wp-content\/uploads\/2023\/01\/Quwach-Camo-Magenta-Fins-scaled-1-1.jpg\",\"width\":1420,\"height\":1420},{\"@type\":\"BreadcrumbList\",\"@id\":\"https:\/\/monofinshop.de\/product\/quwack-camo-magenta-flossen\/#breadcrumb\",\"itemListElement\":[{\"@type\":\"ListItem\",\"position\":1,\"name\":\"Home\",\"item\":\"https:\/\/monofinshop.de\/\"},{\"@type\":\"ListItem\",\"position\":2,\"name\":\"Shop\",\"item\":\"https:\/\/monofinshop.de\/shop\/\"},{\"@type\":\"ListItem\",\"position\":3,\"name\":\"Quwack Camo Magenta Flossen\"}]},{\"@type\":\"WebSite\",\"@id\":\"https:\/\/monofinshop.de\/#website\",\"url\":\"https:\/\/monofinshop.de\/\",\"name\":\"Monofinshop.de\",\"description\":\"Flossenschwimmen Shop\",\"potentialAction\":[{\"@type\":\"SearchAction\",\"target\":{\"@type\":\"EntryPoint\",\"urlTemplate\":\"https:\/\/monofinshop.de\/?s={search_term_string}\"},\"query-input\":{\"@type\":\"PropertyValueSpecification\",\"valueRequired\":true,\"valueName\":\"search_term_string\"}}],\"inLanguage\":\"en-CA\"}]}<\/script>\n<!-- \/ Yoast SEO plugin. -->","yoast_head_json":{"title":"Quwack Camo Magenta Flossen - Monofinshop.de","robots":{"index":"index","follow":"follow","max-snippet":"max-snippet:-1","max-image-preview":"max-image-preview:large","max-video-preview":"max-video-preview:-1"},"canonical":"https:\/\/monofinshop.de\/en\/product\/quwack-camo-magenta-flossen\/","og_locale":"en_US","og_type":"article","og_title":"Quwack Camo Magenta Flossen - Monofinshop.de","og_description":"Quwack Camo Magenta Flossen Quwack&#8217;s 100% reine Kohlefaserflossen sind von h\u00f6chster Qualit\u00e4t. Das extrem leichte Design mit einem hohen Ma\u00df an Flexibilit\u00e4t und Reaktion erm\u00f6glicht einzigartige Leistung. Durch einen einzigartigen linearen Klingenverlauf von der Basis bis zur Spitze wird die Energieeffizienz maximiert, w\u00e4hrend das Gleiten mit minimalem Aufwand erfolgt. Das Kohlefaser-Material der Flugzeugklasse A38 \u2013 3K wird in einer geschlossenen Form mit 65 Tonnen hohem Druck hergestellt und anschlie\u00dfend in einem 3-st\u00fcndigen Aush\u00e4rteprozess bei 120\u00b0C behandelt, was eine pr\u00e4zise Steuerung der Faser-\/Harzverteilung und hohe Festigkeit gew\u00e4hrleistet. Fu\u00dfabteile von Labrax Falcon oder Pathos sind erh\u00e4ltlich. Ideal f\u00fcr alle Arten von Freitauchen und Speerfischen.","og_url":"https:\/\/monofinshop.de\/en\/product\/quwack-camo-magenta-flossen\/","og_site_name":"Monofinshop.de","article_modified_time":"2024-04-18T15:05:41+00:00","og_image":[{"width":1420,"height":1420,"url":"https:\/\/monofinshop.de\/wp-content\/uploads\/2023\/01\/Quwach-Camo-Magenta-Fins-scaled-1-1.jpg","type":"image\/jpeg"}],"twitter_card":"summary_large_image","twitter_misc":{"Est. reading time":"1 minute"},"schema":{"@context":"https:\/\/schema.org","@graph":[{"@type":"WebPage","@id":"https:\/\/monofinshop.de\/product\/quwack-camo-magenta-flossen\/","url":"https:\/\/monofinshop.de\/product\/quwack-camo-magenta-flossen\/","name":"Quwack Camo Magenta Flossen - Monofinshop.de","isPartOf":{"@id":"https:\/\/monofinshop.de\/#website"},"primaryImageOfPage":{"@id":"https:\/\/monofinshop.de\/product\/quwack-camo-magenta-flossen\/#primaryimage"},"image":{"@id":"https:\/\/monofinshop.de\/product\/quwack-camo-magenta-flossen\/#primaryimage"},"thumbnailUrl":"https:\/\/monofinshop.de\/wp-content\/uploads\/2023\/01\/Quwach-Camo-Magenta-Fins-scaled-1-1.jpg","datePublished":"2023-02-24T16:48:07+00:00","dateModified":"2024-04-18T15:05:41+00:00","breadcrumb":{"@id":"https:\/\/monofinshop.de\/product\/quwack-camo-magenta-flossen\/#breadcrumb"},"inLanguage":"en-CA","potentialAction":[{"@type":"ReadAction","target":["https:\/\/monofinshop.de\/product\/quwack-camo-magenta-flossen\/"]}]},{"@type":"ImageObject","inLanguage":"en-CA","@id":"https:\/\/monofinshop.de\/product\/quwack-camo-magenta-flossen\/#primaryimage","url":"https:\/\/monofinshop.de\/wp-content\/uploads\/2023\/01\/Quwach-Camo-Magenta-Fins-scaled-1-1.jpg","contentUrl":"https:\/\/monofinshop.de\/wp-content\/uploads\/2023\/01\/Quwach-Camo-Magenta-Fins-scaled-1-1.jpg","width":1420,"height":1420},{"@type":"BreadcrumbList","@id":"https:\/\/monofinshop.de\/product\/quwack-camo-magenta-flossen\/#breadcrumb","itemListElement":[{"@type":"ListItem","position":1,"name":"Home","item":"https:\/\/monofinshop.de\/"},{"@type":"ListItem","position":2,"name":"Shop","item":"https:\/\/monofinshop.de\/shop\/"},{"@type":"ListItem","position":3,"name":"Quwack Camo Magenta Flossen"}]},{"@type":"WebSite","@id":"https:\/\/monofinshop.de\/#website","url":"https:\/\/monofinshop.de\/","name":"Monofinshop.de","description":"Flossenschwimmen Shop","potentialAction":[{"@type":"SearchAction","target":{"@type":"EntryPoint","urlTemplate":"https:\/\/monofinshop.de\/?s={search_term_string}"},"query-input":{"@type":"PropertyValueSpecification","valueRequired":true,"valueName":"search_term_string"}}],"inLanguage":"en-CA"}]}},"_links":{"self":[{"href":"https:\/\/monofinshop.de\/en\/wp-json\/wp\/v2\/product\/11400","targetHints":{"allow":["GET"]}}],"collection":[{"href":"https:\/\/monofinshop.de\/en\/wp-json\/wp\/v2\/product"}],"about":[{"href":"https:\/\/monofinshop.de\/en\/wp-json\/wp\/v2\/types\/product"}],"version-history":[{"count":2,"href":"https:\/\/monofinshop.de\/en\/wp-json\/wp\/v2\/product\/11400\/revisions"}],"predecessor-version":[{"id":12272,"href":"https:\/\/monofinshop.de\/en\/wp-json\/wp\/v2\/product\/11400\/revisions\/12272"}],"wp:featuredmedia":[{"embeddable":true,"href":"https:\/\/monofinshop.de\/en\/wp-json\/wp\/v2\/media\/5666"}],"wp:attachment":[{"href":"https:\/\/monofinshop.de\/en\/wp-json\/wp\/v2\/media?parent=11400"}],"wp:term":[{"taxonomy":"product_brand","embeddable":true,"href":"https:\/\/monofinshop.de\/en\/wp-json\/wp\/v2\/product_brand?post=11400"},{"taxonomy":"product_cat","embeddable":true,"href":"https:\/\/monofinshop.de\/en\/wp-json\/wp\/v2\/product_cat?post=11400"},{"taxonomy":"product_tag","embeddable":true,"href":"https:\/\/monofinshop.de\/en\/wp-json\/wp\/v2\/product_tag?post=11400"}],"curies":[{"name":"wp","href":"https:\/\/api.w.org\/{rel}","templated":true}]}}