{"id":11319,"date":"2023-02-24T16:48:02","date_gmt":"2023-02-24T16:48:02","guid":{"rendered":"https:\/\/monofinshop.de\/?post_type=product&#038;p=11319"},"modified":"2024-04-18T15:23:23","modified_gmt":"2024-04-18T15:23:23","slug":"octopus-lanyard","status":"publish","type":"product","link":"https:\/\/monofinshop.de\/en\/product\/octopus-lanyard\/","title":{"rendered":"Octopus Lanyard"},"content":{"rendered":"<h1>Octopus Lanyard<\/h1>\n<p>Das Octopus Lanyard wird mit hochwertigen Komponenten hergestellt, wie zum Beispiel:<\/p>\n<p>Es besteht aus:<\/p>\n<ul>\n<li>Leichtem Karabiner aus kohlenstoffverbundem Polymer<\/li>\n<li>100 cm langem, kunststoffbeschichtetem Edelstahlkabel<\/li>\n<li>Strapazierf\u00e4higem, wasserabweisendem Klettverschluss-Armband aus maritimem Polyester<\/li>\n<li>Das Armband ist mit einem innovativen Easy-Grab-Tag f\u00fcr zus\u00e4tzliche Benutzerfreundlichkeit beim schnellen L\u00f6sen ausgestattet.<\/li>\n<\/ul>\n<p>Alle Elemente sind so konzipiert, dass sie ihre leichte und hydrodynamische Struktur behalten, w\u00e4hrend sie gleichzeitig extra stabil f\u00fcr Ihre Sicherheit sind.<\/p>\n<p>Entworfen und getestet vom Schweizer Rekordhalter Pascal Berger (-131m VWT).<\/p>\n<p>Hergestellt in der Schweiz.<\/p>","protected":false},"excerpt":{"rendered":"<p>Octopus Lanyard Das Octopus Lanyard wird mit hochwertigen Komponenten hergestellt, wie zum Beispiel: Es besteht aus: Leichtem Karabiner aus kohlenstoffverbundem Polymer 100 cm langem, kunststoffbeschichtetem Edelstahlkabel Strapazierf\u00e4higem, wasserabweisendem Klettverschluss-Armband aus maritimem Polyester Das Armband ist mit einem innovativen Easy-Grab-Tag f\u00fcr zus\u00e4tzliche Benutzerfreundlichkeit beim schnellen L\u00f6sen ausgestattet. Alle Elemente sind so konzipiert, dass sie ihre leichte und hydrodynamische Struktur behalten, w\u00e4hrend sie gleichzeitig extra stabil f\u00fcr Ihre Sicherheit sind. Entworfen und getestet vom Schweizer Rekordhalter Pascal Berger (-131m VWT). Hergestellt in der Schweiz.<\/p>","protected":false},"featured_media":4637,"template":"","meta":[],"product_brand":[568],"product_cat":[413,412],"product_tag":[],"class_list":{"0":"post-11319","1":"product","2":"type-product","3":"status-publish","4":"has-post-thumbnail","6":"product_brand-octopus","7":"product_cat-freediving-goods","8":"product_cat-zubehoer","10":"first","11":"instock","12":"featured","13":"shipping-taxable","14":"purchasable","15":"product-type-variable"},"yoast_head":"<!-- This site is optimized with the Yoast SEO plugin v27.2 - https:\/\/yoast.com\/product\/yoast-seo-wordpress\/ -->\n<title>Octopus Lanyard - Monofinshop.de<\/title>\n<meta name=\"robots\" content=\"index, follow, max-snippet:-1, max-image-preview:large, max-video-preview:-1\" \/>\n<link rel=\"canonical\" href=\"https:\/\/monofinshop.de\/en\/product\/octopus-lanyard\/\" \/>\n<meta property=\"og:locale\" content=\"en_US\" \/>\n<meta property=\"og:type\" content=\"article\" \/>\n<meta property=\"og:title\" content=\"Octopus Lanyard - Monofinshop.de\" \/>\n<meta property=\"og:description\" content=\"Octopus Lanyard Das Octopus Lanyard wird mit hochwertigen Komponenten hergestellt, wie zum Beispiel: Es besteht aus: Leichtem Karabiner aus kohlenstoffverbundem Polymer 100 cm langem, kunststoffbeschichtetem Edelstahlkabel Strapazierf\u00e4higem, wasserabweisendem Klettverschluss-Armband aus maritimem Polyester Das Armband ist mit einem innovativen Easy-Grab-Tag f\u00fcr zus\u00e4tzliche Benutzerfreundlichkeit beim schnellen L\u00f6sen ausgestattet. Alle Elemente sind so konzipiert, dass sie ihre leichte und hydrodynamische Struktur behalten, w\u00e4hrend sie gleichzeitig extra stabil f\u00fcr Ihre Sicherheit sind. Entworfen und getestet vom Schweizer Rekordhalter Pascal Berger (-131m VWT). Hergestellt in der Schweiz.\" \/>\n<meta property=\"og:url\" content=\"https:\/\/monofinshop.de\/en\/product\/octopus-lanyard\/\" \/>\n<meta property=\"og:site_name\" content=\"Monofinshop.de\" \/>\n<meta property=\"article:modified_time\" content=\"2024-04-18T15:23:23+00:00\" \/>\n<meta property=\"og:image\" content=\"https:\/\/monofinshop.de\/wp-content\/uploads\/2023\/01\/LANYARD_BLEU_SMALLRES_1024x1024-1.jpg\" \/>\n\t<meta property=\"og:image:width\" content=\"1024\" \/>\n\t<meta property=\"og:image:height\" content=\"692\" \/>\n\t<meta property=\"og:image:type\" content=\"image\/jpeg\" \/>\n<meta name=\"twitter:card\" content=\"summary_large_image\" \/>\n<script type=\"application\/ld+json\" class=\"yoast-schema-graph\">{\"@context\":\"https:\/\/schema.org\",\"@graph\":[{\"@type\":\"WebPage\",\"@id\":\"https:\/\/monofinshop.de\/product\/octopus-lanyard\/\",\"url\":\"https:\/\/monofinshop.de\/product\/octopus-lanyard\/\",\"name\":\"Octopus Lanyard - Monofinshop.de\",\"isPartOf\":{\"@id\":\"https:\/\/monofinshop.de\/#website\"},\"primaryImageOfPage\":{\"@id\":\"https:\/\/monofinshop.de\/product\/octopus-lanyard\/#primaryimage\"},\"image\":{\"@id\":\"https:\/\/monofinshop.de\/product\/octopus-lanyard\/#primaryimage\"},\"thumbnailUrl\":\"https:\/\/monofinshop.de\/wp-content\/uploads\/2023\/01\/LANYARD_BLEU_SMALLRES_1024x1024-1.jpg\",\"datePublished\":\"2023-02-24T16:48:02+00:00\",\"dateModified\":\"2024-04-18T15:23:23+00:00\",\"breadcrumb\":{\"@id\":\"https:\/\/monofinshop.de\/product\/octopus-lanyard\/#breadcrumb\"},\"inLanguage\":\"en-CA\",\"potentialAction\":[{\"@type\":\"ReadAction\",\"target\":[\"https:\/\/monofinshop.de\/product\/octopus-lanyard\/\"]}]},{\"@type\":\"ImageObject\",\"inLanguage\":\"en-CA\",\"@id\":\"https:\/\/monofinshop.de\/product\/octopus-lanyard\/#primaryimage\",\"url\":\"https:\/\/monofinshop.de\/wp-content\/uploads\/2023\/01\/LANYARD_BLEU_SMALLRES_1024x1024-1.jpg\",\"contentUrl\":\"https:\/\/monofinshop.de\/wp-content\/uploads\/2023\/01\/LANYARD_BLEU_SMALLRES_1024x1024-1.jpg\",\"width\":1024,\"height\":692},{\"@type\":\"BreadcrumbList\",\"@id\":\"https:\/\/monofinshop.de\/product\/octopus-lanyard\/#breadcrumb\",\"itemListElement\":[{\"@type\":\"ListItem\",\"position\":1,\"name\":\"Home\",\"item\":\"https:\/\/monofinshop.de\/\"},{\"@type\":\"ListItem\",\"position\":2,\"name\":\"Shop\",\"item\":\"https:\/\/monofinshop.de\/shop\/\"},{\"@type\":\"ListItem\",\"position\":3,\"name\":\"Octopus Lanyard\"}]},{\"@type\":\"WebSite\",\"@id\":\"https:\/\/monofinshop.de\/#website\",\"url\":\"https:\/\/monofinshop.de\/\",\"name\":\"Monofinshop.de\",\"description\":\"Flossenschwimmen Shop\",\"potentialAction\":[{\"@type\":\"SearchAction\",\"target\":{\"@type\":\"EntryPoint\",\"urlTemplate\":\"https:\/\/monofinshop.de\/?s={search_term_string}\"},\"query-input\":{\"@type\":\"PropertyValueSpecification\",\"valueRequired\":true,\"valueName\":\"search_term_string\"}}],\"inLanguage\":\"en-CA\"}]}<\/script>\n<!-- \/ Yoast SEO plugin. -->","yoast_head_json":{"title":"Octopus Lanyard - Monofinshop.de","robots":{"index":"index","follow":"follow","max-snippet":"max-snippet:-1","max-image-preview":"max-image-preview:large","max-video-preview":"max-video-preview:-1"},"canonical":"https:\/\/monofinshop.de\/en\/product\/octopus-lanyard\/","og_locale":"en_US","og_type":"article","og_title":"Octopus Lanyard - Monofinshop.de","og_description":"Octopus Lanyard Das Octopus Lanyard wird mit hochwertigen Komponenten hergestellt, wie zum Beispiel: Es besteht aus: Leichtem Karabiner aus kohlenstoffverbundem Polymer 100 cm langem, kunststoffbeschichtetem Edelstahlkabel Strapazierf\u00e4higem, wasserabweisendem Klettverschluss-Armband aus maritimem Polyester Das Armband ist mit einem innovativen Easy-Grab-Tag f\u00fcr zus\u00e4tzliche Benutzerfreundlichkeit beim schnellen L\u00f6sen ausgestattet. Alle Elemente sind so konzipiert, dass sie ihre leichte und hydrodynamische Struktur behalten, w\u00e4hrend sie gleichzeitig extra stabil f\u00fcr Ihre Sicherheit sind. Entworfen und getestet vom Schweizer Rekordhalter Pascal Berger (-131m VWT). Hergestellt in der Schweiz.","og_url":"https:\/\/monofinshop.de\/en\/product\/octopus-lanyard\/","og_site_name":"Monofinshop.de","article_modified_time":"2024-04-18T15:23:23+00:00","og_image":[{"width":1024,"height":692,"url":"https:\/\/monofinshop.de\/wp-content\/uploads\/2023\/01\/LANYARD_BLEU_SMALLRES_1024x1024-1.jpg","type":"image\/jpeg"}],"twitter_card":"summary_large_image","schema":{"@context":"https:\/\/schema.org","@graph":[{"@type":"WebPage","@id":"https:\/\/monofinshop.de\/product\/octopus-lanyard\/","url":"https:\/\/monofinshop.de\/product\/octopus-lanyard\/","name":"Octopus Lanyard - Monofinshop.de","isPartOf":{"@id":"https:\/\/monofinshop.de\/#website"},"primaryImageOfPage":{"@id":"https:\/\/monofinshop.de\/product\/octopus-lanyard\/#primaryimage"},"image":{"@id":"https:\/\/monofinshop.de\/product\/octopus-lanyard\/#primaryimage"},"thumbnailUrl":"https:\/\/monofinshop.de\/wp-content\/uploads\/2023\/01\/LANYARD_BLEU_SMALLRES_1024x1024-1.jpg","datePublished":"2023-02-24T16:48:02+00:00","dateModified":"2024-04-18T15:23:23+00:00","breadcrumb":{"@id":"https:\/\/monofinshop.de\/product\/octopus-lanyard\/#breadcrumb"},"inLanguage":"en-CA","potentialAction":[{"@type":"ReadAction","target":["https:\/\/monofinshop.de\/product\/octopus-lanyard\/"]}]},{"@type":"ImageObject","inLanguage":"en-CA","@id":"https:\/\/monofinshop.de\/product\/octopus-lanyard\/#primaryimage","url":"https:\/\/monofinshop.de\/wp-content\/uploads\/2023\/01\/LANYARD_BLEU_SMALLRES_1024x1024-1.jpg","contentUrl":"https:\/\/monofinshop.de\/wp-content\/uploads\/2023\/01\/LANYARD_BLEU_SMALLRES_1024x1024-1.jpg","width":1024,"height":692},{"@type":"BreadcrumbList","@id":"https:\/\/monofinshop.de\/product\/octopus-lanyard\/#breadcrumb","itemListElement":[{"@type":"ListItem","position":1,"name":"Home","item":"https:\/\/monofinshop.de\/"},{"@type":"ListItem","position":2,"name":"Shop","item":"https:\/\/monofinshop.de\/shop\/"},{"@type":"ListItem","position":3,"name":"Octopus Lanyard"}]},{"@type":"WebSite","@id":"https:\/\/monofinshop.de\/#website","url":"https:\/\/monofinshop.de\/","name":"Monofinshop.de","description":"Flossenschwimmen Shop","potentialAction":[{"@type":"SearchAction","target":{"@type":"EntryPoint","urlTemplate":"https:\/\/monofinshop.de\/?s={search_term_string}"},"query-input":{"@type":"PropertyValueSpecification","valueRequired":true,"valueName":"search_term_string"}}],"inLanguage":"en-CA"}]}},"_links":{"self":[{"href":"https:\/\/monofinshop.de\/en\/wp-json\/wp\/v2\/product\/11319","targetHints":{"allow":["GET"]}}],"collection":[{"href":"https:\/\/monofinshop.de\/en\/wp-json\/wp\/v2\/product"}],"about":[{"href":"https:\/\/monofinshop.de\/en\/wp-json\/wp\/v2\/types\/product"}],"version-history":[{"count":3,"href":"https:\/\/monofinshop.de\/en\/wp-json\/wp\/v2\/product\/11319\/revisions"}],"predecessor-version":[{"id":12290,"href":"https:\/\/monofinshop.de\/en\/wp-json\/wp\/v2\/product\/11319\/revisions\/12290"}],"wp:featuredmedia":[{"embeddable":true,"href":"https:\/\/monofinshop.de\/en\/wp-json\/wp\/v2\/media\/4637"}],"wp:attachment":[{"href":"https:\/\/monofinshop.de\/en\/wp-json\/wp\/v2\/media?parent=11319"}],"wp:term":[{"taxonomy":"product_brand","embeddable":true,"href":"https:\/\/monofinshop.de\/en\/wp-json\/wp\/v2\/product_brand?post=11319"},{"taxonomy":"product_cat","embeddable":true,"href":"https:\/\/monofinshop.de\/en\/wp-json\/wp\/v2\/product_cat?post=11319"},{"taxonomy":"product_tag","embeddable":true,"href":"https:\/\/monofinshop.de\/en\/wp-json\/wp\/v2\/product_tag?post=11319"}],"curies":[{"name":"wp","href":"https:\/\/api.w.org\/{rel}","templated":true}]}}