{"id":11298,"date":"2023-02-24T16:48:00","date_gmt":"2023-02-24T16:48:00","guid":{"rendered":"https:\/\/monofinshop.de\/?post_type=product&#038;p=11298"},"modified":"2024-04-18T15:36:34","modified_gmt":"2024-04-18T15:36:34","slug":"octopus-carbon-nasenklemme","status":"publish","type":"product","link":"https:\/\/monofinshop.de\/en\/product\/octopus-carbon-nasenklemme\/","title":{"rendered":"Octopus Carbon Nasenklemme"},"content":{"rendered":"<div class=\"flex-1 overflow-hidden\">\n<div class=\"react-scroll-to-bottom--css-fnhje-79elbk h-full\">\n<div class=\"react-scroll-to-bottom--css-fnhje-1n7m0yu\">\n<div>\n<div class=\"flex flex-col text-sm pb-9\">\n<div class=\"w-full text-token-text-primary\" dir=\"auto\" data-testid=\"conversation-turn-131\">\n<div class=\"px-4 py-2 justify-center text-base md:gap-6 m-auto\">\n<div class=\"flex flex-1 text-base mx-auto gap-3 juice:gap-4 juice:md:gap-6 md:px-5 lg:px-1 xl:px-5 md:max-w-3xl lg:max-w-[40rem] xl:max-w-[48rem]\">\n<div class=\"relative flex w-full flex-col agent-turn\">\n<div class=\"flex-col gap-1 md:gap-3\">\n<div class=\"flex flex-grow flex-col max-w-full\">\n<div class=\"min-h-[20px] text-message flex flex-col items-start gap-3 whitespace-pre-wrap break-words [.text-message+&amp;]:mt-5 overflow-x-auto\" dir=\"auto\" data-message-author-role=\"assistant\" data-message-id=\"e3ef6a9e-1c76-4134-955b-0f913ee87427\">\n<div class=\"markdown prose w-full break-words dark:prose-invert light\">\n<h1>Octopus Carbon Nasenklemme<\/h1>\n<p>Die neue Carbon-Nasenklammer von Octopus bietet eine Mischung aus hervorragendem Design und hochwertigen Komponenten.<\/p>\n<p>Was ist der Unterschied zwischen der Carbon- und der Classic-Version?<\/p>\n<p>In Bezug auf die Abmessungen sehen wir, dass die Classic-Version gr\u00f6\u00dfere Lager hat, sodass sie m\u00f6glicherweise etwas bequemer ist. Gerade wegen der Gr\u00f6\u00dfe kann gesagt werden, dass die Classic-Version im Durchschnitt besser f\u00fcr mittelkleine bis gr\u00f6\u00dfere Nasen geeignet ist. W\u00e4hrend die Carbon-Version am besten f\u00fcr kleine bis mittelgro\u00dfe Nasen geeignet ist.<\/p>\n<p>Auf der anderen Seite ist die Carbon-Version, obwohl kleiner, viel leichter und hydrodynamischer.<\/p>\n<p>Hergestellt in der Schweiz, entworfen und getestet von Pascal Berger (Schweizer Rekordhalter im Freitauchen). Die Beschreibung wurde von der offiziellen Octopus-Website bereitgestellt.<\/p>\n<\/div>\n<\/div>\n<\/div>\n<\/div>\n<div class=\"absolute\">\n<div class=\"flex w-full gap-2 items-center justify-center\"><\/div>\n<\/div>\n<\/div>\n<\/div>\n<\/div>\n<\/div>\n<\/div>\n<\/div>\n<\/div>\n<\/div>\n<\/div>\n<div class=\"w-full pt-2 md:pt-0 dark:border-white\/20 md:border-transparent md:dark:border-transparent md:w-[calc(100%-.5rem)]\">\n<form class=\"stretch mx-2 flex flex-row gap-3 last:mb-2 md:mx-4 md:last:mb-6 lg:mx-auto lg:max-w-2xl xl:max-w-3xl\">\n<div class=\"relative flex h-full flex-1 flex-col\">\n<div class=\"absolute bottom-full left-0 right-0\"><\/div>\n<div class=\"flex w-full items-center\"><\/div>\n<\/div>\n<\/form>\n<\/div>\n","protected":false},"excerpt":{"rendered":"<p>Octopus Carbon Nasenklemme Die neue Carbon-Nasenklammer von Octopus bietet eine Mischung aus hervorragendem Design und hochwertigen Komponenten. Was ist der Unterschied zwischen der Carbon- und der Classic-Version? In Bezug auf die Abmessungen sehen wir, dass die Classic-Version gr\u00f6\u00dfere Lager hat, sodass sie m\u00f6glicherweise etwas bequemer ist. Gerade wegen der Gr\u00f6\u00dfe kann gesagt werden, dass die Classic-Version im Durchschnitt besser f\u00fcr mittelkleine bis gr\u00f6\u00dfere Nasen geeignet ist. W\u00e4hrend die Carbon-Version am besten f\u00fcr kleine bis mittelgro\u00dfe Nasen geeignet ist. Auf der anderen Seite ist die Carbon-Version, obwohl kleiner, viel leichter und hydrodynamischer. Hergestellt in der Schweiz, entworfen und getestet von Pascal Berger (Schweizer Rekordhalter im Freitauchen). Die Beschreibung wurde von der offiziellen Octopus-Website bereitgestellt.<\/p>","protected":false},"featured_media":2790,"template":"","meta":[],"product_brand":[568],"product_cat":[536,412],"product_tag":[],"class_list":{"0":"post-11298","1":"product","2":"type-product","3":"status-publish","4":"has-post-thumbnail","6":"product_brand-octopus","7":"product_cat-nasenklemme","8":"product_cat-zubehoer","10":"first","11":"instock","12":"featured","13":"shipping-taxable","14":"purchasable","15":"product-type-variable"},"yoast_head":"<!-- This site is optimized with the Yoast SEO plugin v27.2 - https:\/\/yoast.com\/product\/yoast-seo-wordpress\/ -->\n<title>Octopus Carbon Nasenklemme - Monofinshop.de<\/title>\n<meta name=\"robots\" content=\"index, follow, max-snippet:-1, max-image-preview:large, max-video-preview:-1\" \/>\n<link rel=\"canonical\" href=\"https:\/\/monofinshop.de\/en\/product\/octopus-carbon-nasenklemme\/\" \/>\n<meta property=\"og:locale\" content=\"en_US\" \/>\n<meta property=\"og:type\" content=\"article\" \/>\n<meta property=\"og:title\" content=\"Octopus Carbon Nasenklemme - Monofinshop.de\" \/>\n<meta property=\"og:description\" content=\"Octopus Carbon Nasenklemme Die neue Carbon-Nasenklammer von Octopus bietet eine Mischung aus hervorragendem Design und hochwertigen Komponenten. Was ist der Unterschied zwischen der Carbon- und der Classic-Version? In Bezug auf die Abmessungen sehen wir, dass die Classic-Version gr\u00f6\u00dfere Lager hat, sodass sie m\u00f6glicherweise etwas bequemer ist. Gerade wegen der Gr\u00f6\u00dfe kann gesagt werden, dass die Classic-Version im Durchschnitt besser f\u00fcr mittelkleine bis gr\u00f6\u00dfere Nasen geeignet ist. W\u00e4hrend die Carbon-Version am besten f\u00fcr kleine bis mittelgro\u00dfe Nasen geeignet ist. Auf der anderen Seite ist die Carbon-Version, obwohl kleiner, viel leichter und hydrodynamischer. Hergestellt in der Schweiz, entworfen und getestet von Pascal Berger (Schweizer Rekordhalter im Freitauchen). Die Beschreibung wurde von der offiziellen Octopus-Website bereitgestellt.\" \/>\n<meta property=\"og:url\" content=\"https:\/\/monofinshop.de\/en\/product\/octopus-carbon-nasenklemme\/\" \/>\n<meta property=\"og:site_name\" content=\"Monofinshop.de\" \/>\n<meta property=\"article:modified_time\" content=\"2024-04-18T15:36:34+00:00\" \/>\n<meta property=\"og:image\" content=\"https:\/\/monofinshop.de\/wp-content\/uploads\/2023\/01\/SHOPIFY-LIGHTBLUE_1024x1024.jpg\" \/>\n\t<meta property=\"og:image:width\" content=\"758\" \/>\n\t<meta property=\"og:image:height\" content=\"737\" \/>\n\t<meta property=\"og:image:type\" content=\"image\/jpeg\" \/>\n<meta name=\"twitter:card\" content=\"summary_large_image\" \/>\n<meta name=\"twitter:label1\" content=\"Est. reading time\" \/>\n\t<meta name=\"twitter:data1\" content=\"1 minute\" \/>\n<script type=\"application\/ld+json\" class=\"yoast-schema-graph\">{\"@context\":\"https:\/\/schema.org\",\"@graph\":[{\"@type\":\"WebPage\",\"@id\":\"https:\/\/monofinshop.de\/product\/octopus-carbon-nasenklemme\/\",\"url\":\"https:\/\/monofinshop.de\/product\/octopus-carbon-nasenklemme\/\",\"name\":\"Octopus Carbon Nasenklemme - Monofinshop.de\",\"isPartOf\":{\"@id\":\"https:\/\/monofinshop.de\/#website\"},\"primaryImageOfPage\":{\"@id\":\"https:\/\/monofinshop.de\/product\/octopus-carbon-nasenklemme\/#primaryimage\"},\"image\":{\"@id\":\"https:\/\/monofinshop.de\/product\/octopus-carbon-nasenklemme\/#primaryimage\"},\"thumbnailUrl\":\"https:\/\/monofinshop.de\/wp-content\/uploads\/2023\/01\/SHOPIFY-LIGHTBLUE_1024x1024.jpg\",\"datePublished\":\"2023-02-24T16:48:00+00:00\",\"dateModified\":\"2024-04-18T15:36:34+00:00\",\"breadcrumb\":{\"@id\":\"https:\/\/monofinshop.de\/product\/octopus-carbon-nasenklemme\/#breadcrumb\"},\"inLanguage\":\"en-CA\",\"potentialAction\":[{\"@type\":\"ReadAction\",\"target\":[\"https:\/\/monofinshop.de\/product\/octopus-carbon-nasenklemme\/\"]}]},{\"@type\":\"ImageObject\",\"inLanguage\":\"en-CA\",\"@id\":\"https:\/\/monofinshop.de\/product\/octopus-carbon-nasenklemme\/#primaryimage\",\"url\":\"https:\/\/monofinshop.de\/wp-content\/uploads\/2023\/01\/SHOPIFY-LIGHTBLUE_1024x1024.jpg\",\"contentUrl\":\"https:\/\/monofinshop.de\/wp-content\/uploads\/2023\/01\/SHOPIFY-LIGHTBLUE_1024x1024.jpg\",\"width\":758,\"height\":737},{\"@type\":\"BreadcrumbList\",\"@id\":\"https:\/\/monofinshop.de\/product\/octopus-carbon-nasenklemme\/#breadcrumb\",\"itemListElement\":[{\"@type\":\"ListItem\",\"position\":1,\"name\":\"Home\",\"item\":\"https:\/\/monofinshop.de\/\"},{\"@type\":\"ListItem\",\"position\":2,\"name\":\"Shop\",\"item\":\"https:\/\/monofinshop.de\/shop\/\"},{\"@type\":\"ListItem\",\"position\":3,\"name\":\"Octopus Carbon Nasenklemme\"}]},{\"@type\":\"WebSite\",\"@id\":\"https:\/\/monofinshop.de\/#website\",\"url\":\"https:\/\/monofinshop.de\/\",\"name\":\"Monofinshop.de\",\"description\":\"Flossenschwimmen Shop\",\"potentialAction\":[{\"@type\":\"SearchAction\",\"target\":{\"@type\":\"EntryPoint\",\"urlTemplate\":\"https:\/\/monofinshop.de\/?s={search_term_string}\"},\"query-input\":{\"@type\":\"PropertyValueSpecification\",\"valueRequired\":true,\"valueName\":\"search_term_string\"}}],\"inLanguage\":\"en-CA\"}]}<\/script>\n<!-- \/ Yoast SEO plugin. -->","yoast_head_json":{"title":"Octopus Carbon Nasenklemme - Monofinshop.de","robots":{"index":"index","follow":"follow","max-snippet":"max-snippet:-1","max-image-preview":"max-image-preview:large","max-video-preview":"max-video-preview:-1"},"canonical":"https:\/\/monofinshop.de\/en\/product\/octopus-carbon-nasenklemme\/","og_locale":"en_US","og_type":"article","og_title":"Octopus Carbon Nasenklemme - Monofinshop.de","og_description":"Octopus Carbon Nasenklemme Die neue Carbon-Nasenklammer von Octopus bietet eine Mischung aus hervorragendem Design und hochwertigen Komponenten. Was ist der Unterschied zwischen der Carbon- und der Classic-Version? In Bezug auf die Abmessungen sehen wir, dass die Classic-Version gr\u00f6\u00dfere Lager hat, sodass sie m\u00f6glicherweise etwas bequemer ist. Gerade wegen der Gr\u00f6\u00dfe kann gesagt werden, dass die Classic-Version im Durchschnitt besser f\u00fcr mittelkleine bis gr\u00f6\u00dfere Nasen geeignet ist. W\u00e4hrend die Carbon-Version am besten f\u00fcr kleine bis mittelgro\u00dfe Nasen geeignet ist. Auf der anderen Seite ist die Carbon-Version, obwohl kleiner, viel leichter und hydrodynamischer. Hergestellt in der Schweiz, entworfen und getestet von Pascal Berger (Schweizer Rekordhalter im Freitauchen). Die Beschreibung wurde von der offiziellen Octopus-Website bereitgestellt.","og_url":"https:\/\/monofinshop.de\/en\/product\/octopus-carbon-nasenklemme\/","og_site_name":"Monofinshop.de","article_modified_time":"2024-04-18T15:36:34+00:00","og_image":[{"width":758,"height":737,"url":"https:\/\/monofinshop.de\/wp-content\/uploads\/2023\/01\/SHOPIFY-LIGHTBLUE_1024x1024.jpg","type":"image\/jpeg"}],"twitter_card":"summary_large_image","twitter_misc":{"Est. reading time":"1 minute"},"schema":{"@context":"https:\/\/schema.org","@graph":[{"@type":"WebPage","@id":"https:\/\/monofinshop.de\/product\/octopus-carbon-nasenklemme\/","url":"https:\/\/monofinshop.de\/product\/octopus-carbon-nasenklemme\/","name":"Octopus Carbon Nasenklemme - Monofinshop.de","isPartOf":{"@id":"https:\/\/monofinshop.de\/#website"},"primaryImageOfPage":{"@id":"https:\/\/monofinshop.de\/product\/octopus-carbon-nasenklemme\/#primaryimage"},"image":{"@id":"https:\/\/monofinshop.de\/product\/octopus-carbon-nasenklemme\/#primaryimage"},"thumbnailUrl":"https:\/\/monofinshop.de\/wp-content\/uploads\/2023\/01\/SHOPIFY-LIGHTBLUE_1024x1024.jpg","datePublished":"2023-02-24T16:48:00+00:00","dateModified":"2024-04-18T15:36:34+00:00","breadcrumb":{"@id":"https:\/\/monofinshop.de\/product\/octopus-carbon-nasenklemme\/#breadcrumb"},"inLanguage":"en-CA","potentialAction":[{"@type":"ReadAction","target":["https:\/\/monofinshop.de\/product\/octopus-carbon-nasenklemme\/"]}]},{"@type":"ImageObject","inLanguage":"en-CA","@id":"https:\/\/monofinshop.de\/product\/octopus-carbon-nasenklemme\/#primaryimage","url":"https:\/\/monofinshop.de\/wp-content\/uploads\/2023\/01\/SHOPIFY-LIGHTBLUE_1024x1024.jpg","contentUrl":"https:\/\/monofinshop.de\/wp-content\/uploads\/2023\/01\/SHOPIFY-LIGHTBLUE_1024x1024.jpg","width":758,"height":737},{"@type":"BreadcrumbList","@id":"https:\/\/monofinshop.de\/product\/octopus-carbon-nasenklemme\/#breadcrumb","itemListElement":[{"@type":"ListItem","position":1,"name":"Home","item":"https:\/\/monofinshop.de\/"},{"@type":"ListItem","position":2,"name":"Shop","item":"https:\/\/monofinshop.de\/shop\/"},{"@type":"ListItem","position":3,"name":"Octopus Carbon Nasenklemme"}]},{"@type":"WebSite","@id":"https:\/\/monofinshop.de\/#website","url":"https:\/\/monofinshop.de\/","name":"Monofinshop.de","description":"Flossenschwimmen Shop","potentialAction":[{"@type":"SearchAction","target":{"@type":"EntryPoint","urlTemplate":"https:\/\/monofinshop.de\/?s={search_term_string}"},"query-input":{"@type":"PropertyValueSpecification","valueRequired":true,"valueName":"search_term_string"}}],"inLanguage":"en-CA"}]}},"_links":{"self":[{"href":"https:\/\/monofinshop.de\/en\/wp-json\/wp\/v2\/product\/11298","targetHints":{"allow":["GET"]}}],"collection":[{"href":"https:\/\/monofinshop.de\/en\/wp-json\/wp\/v2\/product"}],"about":[{"href":"https:\/\/monofinshop.de\/en\/wp-json\/wp\/v2\/types\/product"}],"version-history":[{"count":2,"href":"https:\/\/monofinshop.de\/en\/wp-json\/wp\/v2\/product\/11298\/revisions"}],"predecessor-version":[{"id":12321,"href":"https:\/\/monofinshop.de\/en\/wp-json\/wp\/v2\/product\/11298\/revisions\/12321"}],"wp:featuredmedia":[{"embeddable":true,"href":"https:\/\/monofinshop.de\/en\/wp-json\/wp\/v2\/media\/2790"}],"wp:attachment":[{"href":"https:\/\/monofinshop.de\/en\/wp-json\/wp\/v2\/media?parent=11298"}],"wp:term":[{"taxonomy":"product_brand","embeddable":true,"href":"https:\/\/monofinshop.de\/en\/wp-json\/wp\/v2\/product_brand?post=11298"},{"taxonomy":"product_cat","embeddable":true,"href":"https:\/\/monofinshop.de\/en\/wp-json\/wp\/v2\/product_cat?post=11298"},{"taxonomy":"product_tag","embeddable":true,"href":"https:\/\/monofinshop.de\/en\/wp-json\/wp\/v2\/product_tag?post=11298"}],"curies":[{"name":"wp","href":"https:\/\/api.w.org\/{rel}","templated":true}]}}