{"id":11296,"date":"2023-02-24T16:48:00","date_gmt":"2023-02-24T16:48:00","guid":{"rendered":"https:\/\/monofinshop.de\/?post_type=product&#038;p=11296"},"modified":"2025-08-26T14:57:44","modified_gmt":"2025-08-26T14:57:44","slug":"oceaner-monoflosse","status":"publish","type":"product","link":"https:\/\/monofinshop.de\/en\/product\/oceaner-monoflosse\/","title":{"rendered":"Oceaner Monoflosse"},"content":{"rendered":"<h1>Oceaner Monoflosse<\/h1>\n<p style=\"font-weight: 400;\">Die Oceaner Monoflosse verf\u00fcgt \u00fcber ergonomische Pathos Fireblade Fu\u00dftaschen, die aus 100% nat\u00fcrlichem Gummi hergestellt sind und mit vollst\u00e4ndigen Neoprensocken f\u00fcr zus\u00e4tzlichen Komfort und W\u00e4rme verwendet werden k\u00f6nnen.<\/p>\n<p style=\"font-weight: 400;\">Ausgestattet mit einer handgefertigten Nass-Lay-up-Fiberglas-Klinge im alten Stil, die eine hohe Effizienz und Kraft bietet.<\/p>\n<p style=\"font-weight: 400;\">Die dichten Neopren-Klingenfl\u00fcgel sorgen daf\u00fcr, dass die Klinge w\u00e4hrend des Schwimmens stabil bleibt und neutralen Auftrieb zur Monoflosse bieten, so dass sie im Wasser gewichtslos ist. Die Monoflosse ist leicht und bequem und eignet sich ideal f\u00fcr Freizeit-Freitauchen und Schwimmtrainings.<\/p>","protected":false},"excerpt":{"rendered":"<p>Oceaner Monoflosse Die Oceaner Monoflosse verf\u00fcgt \u00fcber ergonomische Pathos Fireblade Fu\u00dftaschen, die aus 100% nat\u00fcrlichem Gummi hergestellt sind und mit vollst\u00e4ndigen Neoprensocken f\u00fcr zus\u00e4tzlichen Komfort und W\u00e4rme verwendet werden k\u00f6nnen. Ausgestattet mit einer handgefertigten Nass-Lay-up-Fiberglas-Klinge im alten Stil, die eine hohe Effizienz und Kraft bietet. Die dichten Neopren-Klingenfl\u00fcgel sorgen daf\u00fcr, dass die Klinge w\u00e4hrend des Schwimmens stabil bleibt und neutralen Auftrieb zur Monoflosse bieten, so dass sie im Wasser gewichtslos ist. Die Monoflosse ist leicht und bequem und eignet sich ideal f\u00fcr Freizeit-Freitauchen und Schwimmtrainings.<\/p>","protected":false},"featured_media":2710,"template":"","meta":[],"product_brand":[564],"product_cat":[474,441,490,442],"product_tag":[],"class_list":{"0":"post-11296","1":"product","2":"type-product","3":"status-publish","4":"has-post-thumbnail","6":"product_brand-waterway","7":"product_cat-fuer-freediving","8":"product_cat-monoflossen","9":"product_cat-training-monoflossen","10":"product_cat-wettkampf-monoflossen","12":"first","13":"instock","14":"shipping-taxable","15":"purchasable","16":"product-type-variable"},"yoast_head":"<!-- This site is optimized with the Yoast SEO plugin v27.2 - https:\/\/yoast.com\/product\/yoast-seo-wordpress\/ -->\n<title>Oceaner Monoflosse - Monofinshop.de<\/title>\n<meta name=\"description\" content=\"Die Oceaner Monoflosse verf\u00fcgt \u00fcber ergonomische Pathos Fireblade Fu\u00dftaschen, die aus 100% nat\u00fcrlichem Gummi hergestellt sind und mit vollst\u00e4ndigen Neoprensocken f\u00fcr zus\u00e4tzlichen Komfort und W\u00e4rme verwendet werden k\u00f6nnen.\" \/>\n<meta name=\"robots\" content=\"index, follow, max-snippet:-1, max-image-preview:large, max-video-preview:-1\" \/>\n<link rel=\"canonical\" href=\"https:\/\/monofinshop.de\/en\/product\/oceaner-monoflosse\/\" \/>\n<meta property=\"og:locale\" content=\"en_US\" \/>\n<meta property=\"og:type\" content=\"article\" \/>\n<meta property=\"og:title\" content=\"Oceaner Monoflosse - Monofinshop.de\" \/>\n<meta property=\"og:description\" content=\"Die Oceaner Monoflosse verf\u00fcgt \u00fcber ergonomische Pathos Fireblade Fu\u00dftaschen, die aus 100% nat\u00fcrlichem Gummi hergestellt sind und mit vollst\u00e4ndigen Neoprensocken f\u00fcr zus\u00e4tzlichen Komfort und W\u00e4rme verwendet werden k\u00f6nnen.\" \/>\n<meta property=\"og:url\" content=\"https:\/\/monofinshop.de\/en\/product\/oceaner-monoflosse\/\" \/>\n<meta property=\"og:site_name\" content=\"Monofinshop.de\" \/>\n<meta property=\"article:modified_time\" content=\"2025-08-26T14:57:44+00:00\" \/>\n<meta property=\"og:image\" content=\"https:\/\/monofinshop.de\/wp-content\/uploads\/2023\/01\/Oceaner-Fiber-White.jpg\" \/>\n\t<meta property=\"og:image:width\" content=\"2495\" \/>\n\t<meta property=\"og:image:height\" content=\"2495\" \/>\n\t<meta property=\"og:image:type\" content=\"image\/jpeg\" \/>\n<meta name=\"twitter:card\" content=\"summary_large_image\" \/>\n<meta name=\"twitter:label1\" content=\"Est. reading time\" \/>\n\t<meta name=\"twitter:data1\" content=\"1 minute\" \/>\n<script type=\"application\/ld+json\" class=\"yoast-schema-graph\">{\"@context\":\"https:\/\/schema.org\",\"@graph\":[{\"@type\":\"WebPage\",\"@id\":\"https:\/\/monofinshop.de\/product\/oceaner-monoflosse\/\",\"url\":\"https:\/\/monofinshop.de\/product\/oceaner-monoflosse\/\",\"name\":\"Oceaner Monoflosse - Monofinshop.de\",\"isPartOf\":{\"@id\":\"https:\/\/monofinshop.de\/#website\"},\"primaryImageOfPage\":{\"@id\":\"https:\/\/monofinshop.de\/product\/oceaner-monoflosse\/#primaryimage\"},\"image\":{\"@id\":\"https:\/\/monofinshop.de\/product\/oceaner-monoflosse\/#primaryimage\"},\"thumbnailUrl\":\"https:\/\/monofinshop.de\/wp-content\/uploads\/2023\/01\/Oceaner-Fiber-White.jpg\",\"datePublished\":\"2023-02-24T16:48:00+00:00\",\"dateModified\":\"2025-08-26T14:57:44+00:00\",\"description\":\"Die Oceaner Monoflosse verf\u00fcgt \u00fcber ergonomische Pathos Fireblade Fu\u00dftaschen, die aus 100% nat\u00fcrlichem Gummi hergestellt sind und mit vollst\u00e4ndigen Neoprensocken f\u00fcr zus\u00e4tzlichen Komfort und W\u00e4rme verwendet werden k\u00f6nnen.\",\"breadcrumb\":{\"@id\":\"https:\/\/monofinshop.de\/product\/oceaner-monoflosse\/#breadcrumb\"},\"inLanguage\":\"en-CA\",\"potentialAction\":[{\"@type\":\"ReadAction\",\"target\":[\"https:\/\/monofinshop.de\/product\/oceaner-monoflosse\/\"]}]},{\"@type\":\"ImageObject\",\"inLanguage\":\"en-CA\",\"@id\":\"https:\/\/monofinshop.de\/product\/oceaner-monoflosse\/#primaryimage\",\"url\":\"https:\/\/monofinshop.de\/wp-content\/uploads\/2023\/01\/Oceaner-Fiber-White.jpg\",\"contentUrl\":\"https:\/\/monofinshop.de\/wp-content\/uploads\/2023\/01\/Oceaner-Fiber-White.jpg\",\"width\":2495,\"height\":2495},{\"@type\":\"BreadcrumbList\",\"@id\":\"https:\/\/monofinshop.de\/product\/oceaner-monoflosse\/#breadcrumb\",\"itemListElement\":[{\"@type\":\"ListItem\",\"position\":1,\"name\":\"Home\",\"item\":\"https:\/\/monofinshop.de\/\"},{\"@type\":\"ListItem\",\"position\":2,\"name\":\"Shop\",\"item\":\"https:\/\/monofinshop.de\/shop\/\"},{\"@type\":\"ListItem\",\"position\":3,\"name\":\"Oceaner Monoflosse\"}]},{\"@type\":\"WebSite\",\"@id\":\"https:\/\/monofinshop.de\/#website\",\"url\":\"https:\/\/monofinshop.de\/\",\"name\":\"Monofinshop.de\",\"description\":\"Flossenschwimmen Shop\",\"potentialAction\":[{\"@type\":\"SearchAction\",\"target\":{\"@type\":\"EntryPoint\",\"urlTemplate\":\"https:\/\/monofinshop.de\/?s={search_term_string}\"},\"query-input\":{\"@type\":\"PropertyValueSpecification\",\"valueRequired\":true,\"valueName\":\"search_term_string\"}}],\"inLanguage\":\"en-CA\"}]}<\/script>\n<!-- \/ Yoast SEO plugin. -->","yoast_head_json":{"title":"Oceaner Monoflosse - Monofinshop.de","description":"Die Oceaner Monoflosse verf\u00fcgt \u00fcber ergonomische Pathos Fireblade Fu\u00dftaschen, die aus 100% nat\u00fcrlichem Gummi hergestellt sind und mit vollst\u00e4ndigen Neoprensocken f\u00fcr zus\u00e4tzlichen Komfort und W\u00e4rme verwendet werden k\u00f6nnen.","robots":{"index":"index","follow":"follow","max-snippet":"max-snippet:-1","max-image-preview":"max-image-preview:large","max-video-preview":"max-video-preview:-1"},"canonical":"https:\/\/monofinshop.de\/en\/product\/oceaner-monoflosse\/","og_locale":"en_US","og_type":"article","og_title":"Oceaner Monoflosse - Monofinshop.de","og_description":"Die Oceaner Monoflosse verf\u00fcgt \u00fcber ergonomische Pathos Fireblade Fu\u00dftaschen, die aus 100% nat\u00fcrlichem Gummi hergestellt sind und mit vollst\u00e4ndigen Neoprensocken f\u00fcr zus\u00e4tzlichen Komfort und W\u00e4rme verwendet werden k\u00f6nnen.","og_url":"https:\/\/monofinshop.de\/en\/product\/oceaner-monoflosse\/","og_site_name":"Monofinshop.de","article_modified_time":"2025-08-26T14:57:44+00:00","og_image":[{"width":2495,"height":2495,"url":"https:\/\/monofinshop.de\/wp-content\/uploads\/2023\/01\/Oceaner-Fiber-White.jpg","type":"image\/jpeg"}],"twitter_card":"summary_large_image","twitter_misc":{"Est. reading time":"1 minute"},"schema":{"@context":"https:\/\/schema.org","@graph":[{"@type":"WebPage","@id":"https:\/\/monofinshop.de\/product\/oceaner-monoflosse\/","url":"https:\/\/monofinshop.de\/product\/oceaner-monoflosse\/","name":"Oceaner Monoflosse - Monofinshop.de","isPartOf":{"@id":"https:\/\/monofinshop.de\/#website"},"primaryImageOfPage":{"@id":"https:\/\/monofinshop.de\/product\/oceaner-monoflosse\/#primaryimage"},"image":{"@id":"https:\/\/monofinshop.de\/product\/oceaner-monoflosse\/#primaryimage"},"thumbnailUrl":"https:\/\/monofinshop.de\/wp-content\/uploads\/2023\/01\/Oceaner-Fiber-White.jpg","datePublished":"2023-02-24T16:48:00+00:00","dateModified":"2025-08-26T14:57:44+00:00","description":"Die Oceaner Monoflosse verf\u00fcgt \u00fcber ergonomische Pathos Fireblade Fu\u00dftaschen, die aus 100% nat\u00fcrlichem Gummi hergestellt sind und mit vollst\u00e4ndigen Neoprensocken f\u00fcr zus\u00e4tzlichen Komfort und W\u00e4rme verwendet werden k\u00f6nnen.","breadcrumb":{"@id":"https:\/\/monofinshop.de\/product\/oceaner-monoflosse\/#breadcrumb"},"inLanguage":"en-CA","potentialAction":[{"@type":"ReadAction","target":["https:\/\/monofinshop.de\/product\/oceaner-monoflosse\/"]}]},{"@type":"ImageObject","inLanguage":"en-CA","@id":"https:\/\/monofinshop.de\/product\/oceaner-monoflosse\/#primaryimage","url":"https:\/\/monofinshop.de\/wp-content\/uploads\/2023\/01\/Oceaner-Fiber-White.jpg","contentUrl":"https:\/\/monofinshop.de\/wp-content\/uploads\/2023\/01\/Oceaner-Fiber-White.jpg","width":2495,"height":2495},{"@type":"BreadcrumbList","@id":"https:\/\/monofinshop.de\/product\/oceaner-monoflosse\/#breadcrumb","itemListElement":[{"@type":"ListItem","position":1,"name":"Home","item":"https:\/\/monofinshop.de\/"},{"@type":"ListItem","position":2,"name":"Shop","item":"https:\/\/monofinshop.de\/shop\/"},{"@type":"ListItem","position":3,"name":"Oceaner Monoflosse"}]},{"@type":"WebSite","@id":"https:\/\/monofinshop.de\/#website","url":"https:\/\/monofinshop.de\/","name":"Monofinshop.de","description":"Flossenschwimmen Shop","potentialAction":[{"@type":"SearchAction","target":{"@type":"EntryPoint","urlTemplate":"https:\/\/monofinshop.de\/?s={search_term_string}"},"query-input":{"@type":"PropertyValueSpecification","valueRequired":true,"valueName":"search_term_string"}}],"inLanguage":"en-CA"}]}},"_links":{"self":[{"href":"https:\/\/monofinshop.de\/en\/wp-json\/wp\/v2\/product\/11296","targetHints":{"allow":["GET"]}}],"collection":[{"href":"https:\/\/monofinshop.de\/en\/wp-json\/wp\/v2\/product"}],"about":[{"href":"https:\/\/monofinshop.de\/en\/wp-json\/wp\/v2\/types\/product"}],"version-history":[{"count":3,"href":"https:\/\/monofinshop.de\/en\/wp-json\/wp\/v2\/product\/11296\/revisions"}],"predecessor-version":[{"id":12322,"href":"https:\/\/monofinshop.de\/en\/wp-json\/wp\/v2\/product\/11296\/revisions\/12322"}],"wp:featuredmedia":[{"embeddable":true,"href":"https:\/\/monofinshop.de\/en\/wp-json\/wp\/v2\/media\/2710"}],"wp:attachment":[{"href":"https:\/\/monofinshop.de\/en\/wp-json\/wp\/v2\/media?parent=11296"}],"wp:term":[{"taxonomy":"product_brand","embeddable":true,"href":"https:\/\/monofinshop.de\/en\/wp-json\/wp\/v2\/product_brand?post=11296"},{"taxonomy":"product_cat","embeddable":true,"href":"https:\/\/monofinshop.de\/en\/wp-json\/wp\/v2\/product_cat?post=11296"},{"taxonomy":"product_tag","embeddable":true,"href":"https:\/\/monofinshop.de\/en\/wp-json\/wp\/v2\/product_tag?post=11296"}],"curies":[{"name":"wp","href":"https:\/\/api.w.org\/{rel}","templated":true}]}}