{"id":11278,"date":"2023-02-24T16:48:00","date_gmt":"2023-02-24T16:48:00","guid":{"rendered":"https:\/\/monofinshop.de\/?post_type=product&#038;p=11278"},"modified":"2026-04-03T00:44:22","modified_gmt":"2026-04-03T00:44:22","slug":"monotasche","status":"publish","type":"product","link":"https:\/\/monofinshop.de\/en\/product\/monotasche\/","title":{"rendered":"WaterWay Monoflossen-Tasche"},"content":{"rendered":"<p>Die <strong>WaterWay Monoflossen Tasche<\/strong> ist die ideale L\u00f6sung f\u00fcr Taucher, die ihre Ausr\u00fcstung sicher und bequem transportieren m\u00f6chten. Mit ihrem durchdachten Design bietet sie maximalen Komfort und Schutz f\u00fcr Ihre Monoflossen.<\/p>\n<p>Dank der robusten Konstruktion und der praktischen F\u00e4cher k\u00f6nnen Sie Ihre Ausr\u00fcstung organisiert und sicher verstauen. Diese Tasche ist perfekt f\u00fcr Wettkampfmonoflossen und weiteres Zubeh\u00f6r geeignet.<\/p>\n<h2>Eigenschaften<\/h2>\n<ul>\n<li>Seitlicher Riemen und zwei R\u00fcckenriemen f\u00fcr optimalen Tragekomfort<\/li>\n<li>Platz f\u00fcr bis zu zwei Wettkampfmonoflossen<\/li>\n<li>Gro\u00dfes Fach f\u00fcr Schnorchel, Masken und weiteres Zubeh\u00f6r<\/li>\n<li>Erh\u00e4ltlich in Schwarz, Blau, Burgundy und Silver<\/li>\n<li>Hochwertige Materialien f\u00fcr Langlebigkeit<\/li>\n<\/ul>","protected":false},"excerpt":{"rendered":"<p>Die WaterWay Monoflossen Tasche bietet maximalen Komfort mit seitlichem Riemen und zwei R\u00fcckenriemen. Sch\u00fctzen Sie Ihre Flosse vor Besch\u00e4digungen und verstauen Sie bis zu zwei Wettkampfmonoflossen. Ein gro\u00dfes Fach f\u00fcr Schnorchel und Masken ist ebenfalls vorhanden.<\/p>","protected":false},"featured_media":3929,"template":"","meta":[],"product_brand":[564],"product_cat":[439],"product_tag":[],"class_list":{"0":"post-11278","1":"product","2":"type-product","3":"status-publish","4":"has-post-thumbnail","6":"product_brand-waterway","7":"product_cat-taschen","9":"first","10":"instock","11":"shipping-taxable","12":"purchasable","13":"product-type-variable"},"yoast_head":"<!-- This site is optimized with the Yoast SEO plugin v27.2 - https:\/\/yoast.com\/product\/yoast-seo-wordpress\/ -->\n<title>WaterWay Monoflossen Tasche - Komfort &amp; Schutz<\/title>\n<meta name=\"description\" content=\"Entdecken Sie die WaterWay Monoflossen Tasche f\u00fcr maximalen Komfort und Schutz Ihrer Ausr\u00fcstung. Perfekt f\u00fcr Wettkampfmonoflossen.\" \/>\n<meta name=\"robots\" content=\"index, follow, max-snippet:-1, max-image-preview:large, max-video-preview:-1\" \/>\n<link rel=\"canonical\" href=\"https:\/\/monofinshop.de\/en\/product\/monotasche\/\" \/>\n<meta property=\"og:locale\" content=\"en_US\" \/>\n<meta property=\"og:type\" content=\"article\" \/>\n<meta property=\"og:title\" content=\"WaterWay Monoflossen Tasche - Komfort &amp; Schutz\" \/>\n<meta property=\"og:description\" content=\"Entdecken Sie die WaterWay Monoflossen Tasche f\u00fcr maximalen Komfort und Schutz Ihrer Ausr\u00fcstung. Perfekt f\u00fcr Wettkampfmonoflossen.\" \/>\n<meta property=\"og:url\" content=\"https:\/\/monofinshop.de\/en\/product\/monotasche\/\" \/>\n<meta property=\"og:site_name\" content=\"Monofinshop.de\" \/>\n<meta property=\"article:modified_time\" content=\"2026-04-03T00:44:22+00:00\" \/>\n<meta property=\"og:image\" content=\"https:\/\/monofinshop.de\/wp-content\/uploads\/2023\/01\/MOnobag2-2.jpeg\" \/>\n\t<meta property=\"og:image:width\" content=\"960\" \/>\n\t<meta property=\"og:image:height\" content=\"976\" \/>\n\t<meta property=\"og:image:type\" content=\"image\/jpeg\" \/>\n<meta name=\"twitter:card\" content=\"summary_large_image\" \/>\n<meta name=\"twitter:label1\" content=\"Est. reading time\" \/>\n\t<meta name=\"twitter:data1\" content=\"1 minute\" \/>\n<script type=\"application\/ld+json\" class=\"yoast-schema-graph\">{\"@context\":\"https:\/\/schema.org\",\"@graph\":[{\"@type\":\"WebPage\",\"@id\":\"https:\/\/monofinshop.de\/product\/monotasche\/\",\"url\":\"https:\/\/monofinshop.de\/product\/monotasche\/\",\"name\":\"WaterWay Monoflossen Tasche - Komfort & Schutz\",\"isPartOf\":{\"@id\":\"https:\/\/monofinshop.de\/#website\"},\"primaryImageOfPage\":{\"@id\":\"https:\/\/monofinshop.de\/product\/monotasche\/#primaryimage\"},\"image\":{\"@id\":\"https:\/\/monofinshop.de\/product\/monotasche\/#primaryimage\"},\"thumbnailUrl\":\"https:\/\/monofinshop.de\/wp-content\/uploads\/2023\/01\/MOnobag2-2.jpeg\",\"datePublished\":\"2023-02-24T16:48:00+00:00\",\"dateModified\":\"2026-04-03T00:44:22+00:00\",\"description\":\"Entdecken Sie die WaterWay Monoflossen Tasche f\u00fcr maximalen Komfort und Schutz Ihrer Ausr\u00fcstung. Perfekt f\u00fcr Wettkampfmonoflossen.\",\"breadcrumb\":{\"@id\":\"https:\/\/monofinshop.de\/product\/monotasche\/#breadcrumb\"},\"inLanguage\":\"en-CA\",\"potentialAction\":[{\"@type\":\"ReadAction\",\"target\":[\"https:\/\/monofinshop.de\/product\/monotasche\/\"]}]},{\"@type\":\"ImageObject\",\"inLanguage\":\"en-CA\",\"@id\":\"https:\/\/monofinshop.de\/product\/monotasche\/#primaryimage\",\"url\":\"https:\/\/monofinshop.de\/wp-content\/uploads\/2023\/01\/MOnobag2-2.jpeg\",\"contentUrl\":\"https:\/\/monofinshop.de\/wp-content\/uploads\/2023\/01\/MOnobag2-2.jpeg\",\"width\":960,\"height\":976},{\"@type\":\"BreadcrumbList\",\"@id\":\"https:\/\/monofinshop.de\/product\/monotasche\/#breadcrumb\",\"itemListElement\":[{\"@type\":\"ListItem\",\"position\":1,\"name\":\"Home\",\"item\":\"https:\/\/monofinshop.de\/\"},{\"@type\":\"ListItem\",\"position\":2,\"name\":\"Shop\",\"item\":\"https:\/\/monofinshop.de\/shop\/\"},{\"@type\":\"ListItem\",\"position\":3,\"name\":\"WaterWay Monoflossen-Tasche\"}]},{\"@type\":\"WebSite\",\"@id\":\"https:\/\/monofinshop.de\/#website\",\"url\":\"https:\/\/monofinshop.de\/\",\"name\":\"Monofinshop.de\",\"description\":\"Flossenschwimmen Shop\",\"potentialAction\":[{\"@type\":\"SearchAction\",\"target\":{\"@type\":\"EntryPoint\",\"urlTemplate\":\"https:\/\/monofinshop.de\/?s={search_term_string}\"},\"query-input\":{\"@type\":\"PropertyValueSpecification\",\"valueRequired\":true,\"valueName\":\"search_term_string\"}}],\"inLanguage\":\"en-CA\"}]}<\/script>\n<!-- \/ Yoast SEO plugin. -->","yoast_head_json":{"title":"WaterWay Monoflossen Tasche - Komfort & Schutz","description":"Entdecken Sie die WaterWay Monoflossen Tasche f\u00fcr maximalen Komfort und Schutz Ihrer Ausr\u00fcstung. Perfekt f\u00fcr Wettkampfmonoflossen.","robots":{"index":"index","follow":"follow","max-snippet":"max-snippet:-1","max-image-preview":"max-image-preview:large","max-video-preview":"max-video-preview:-1"},"canonical":"https:\/\/monofinshop.de\/en\/product\/monotasche\/","og_locale":"en_US","og_type":"article","og_title":"WaterWay Monoflossen Tasche - Komfort & Schutz","og_description":"Entdecken Sie die WaterWay Monoflossen Tasche f\u00fcr maximalen Komfort und Schutz Ihrer Ausr\u00fcstung. Perfekt f\u00fcr Wettkampfmonoflossen.","og_url":"https:\/\/monofinshop.de\/en\/product\/monotasche\/","og_site_name":"Monofinshop.de","article_modified_time":"2026-04-03T00:44:22+00:00","og_image":[{"width":960,"height":976,"url":"https:\/\/monofinshop.de\/wp-content\/uploads\/2023\/01\/MOnobag2-2.jpeg","type":"image\/jpeg"}],"twitter_card":"summary_large_image","twitter_misc":{"Est. reading time":"1 minute"},"schema":{"@context":"https:\/\/schema.org","@graph":[{"@type":"WebPage","@id":"https:\/\/monofinshop.de\/product\/monotasche\/","url":"https:\/\/monofinshop.de\/product\/monotasche\/","name":"WaterWay Monoflossen Tasche - Komfort & Schutz","isPartOf":{"@id":"https:\/\/monofinshop.de\/#website"},"primaryImageOfPage":{"@id":"https:\/\/monofinshop.de\/product\/monotasche\/#primaryimage"},"image":{"@id":"https:\/\/monofinshop.de\/product\/monotasche\/#primaryimage"},"thumbnailUrl":"https:\/\/monofinshop.de\/wp-content\/uploads\/2023\/01\/MOnobag2-2.jpeg","datePublished":"2023-02-24T16:48:00+00:00","dateModified":"2026-04-03T00:44:22+00:00","description":"Entdecken Sie die WaterWay Monoflossen Tasche f\u00fcr maximalen Komfort und Schutz Ihrer Ausr\u00fcstung. Perfekt f\u00fcr Wettkampfmonoflossen.","breadcrumb":{"@id":"https:\/\/monofinshop.de\/product\/monotasche\/#breadcrumb"},"inLanguage":"en-CA","potentialAction":[{"@type":"ReadAction","target":["https:\/\/monofinshop.de\/product\/monotasche\/"]}]},{"@type":"ImageObject","inLanguage":"en-CA","@id":"https:\/\/monofinshop.de\/product\/monotasche\/#primaryimage","url":"https:\/\/monofinshop.de\/wp-content\/uploads\/2023\/01\/MOnobag2-2.jpeg","contentUrl":"https:\/\/monofinshop.de\/wp-content\/uploads\/2023\/01\/MOnobag2-2.jpeg","width":960,"height":976},{"@type":"BreadcrumbList","@id":"https:\/\/monofinshop.de\/product\/monotasche\/#breadcrumb","itemListElement":[{"@type":"ListItem","position":1,"name":"Home","item":"https:\/\/monofinshop.de\/"},{"@type":"ListItem","position":2,"name":"Shop","item":"https:\/\/monofinshop.de\/shop\/"},{"@type":"ListItem","position":3,"name":"WaterWay Monoflossen-Tasche"}]},{"@type":"WebSite","@id":"https:\/\/monofinshop.de\/#website","url":"https:\/\/monofinshop.de\/","name":"Monofinshop.de","description":"Flossenschwimmen Shop","potentialAction":[{"@type":"SearchAction","target":{"@type":"EntryPoint","urlTemplate":"https:\/\/monofinshop.de\/?s={search_term_string}"},"query-input":{"@type":"PropertyValueSpecification","valueRequired":true,"valueName":"search_term_string"}}],"inLanguage":"en-CA"}]}},"_links":{"self":[{"href":"https:\/\/monofinshop.de\/en\/wp-json\/wp\/v2\/product\/11278","targetHints":{"allow":["GET"]}}],"collection":[{"href":"https:\/\/monofinshop.de\/en\/wp-json\/wp\/v2\/product"}],"about":[{"href":"https:\/\/monofinshop.de\/en\/wp-json\/wp\/v2\/types\/product"}],"version-history":[{"count":9,"href":"https:\/\/monofinshop.de\/en\/wp-json\/wp\/v2\/product\/11278\/revisions"}],"predecessor-version":[{"id":12743,"href":"https:\/\/monofinshop.de\/en\/wp-json\/wp\/v2\/product\/11278\/revisions\/12743"}],"wp:featuredmedia":[{"embeddable":true,"href":"https:\/\/monofinshop.de\/en\/wp-json\/wp\/v2\/media\/3929"}],"wp:attachment":[{"href":"https:\/\/monofinshop.de\/en\/wp-json\/wp\/v2\/media?parent=11278"}],"wp:term":[{"taxonomy":"product_brand","embeddable":true,"href":"https:\/\/monofinshop.de\/en\/wp-json\/wp\/v2\/product_brand?post=11278"},{"taxonomy":"product_cat","embeddable":true,"href":"https:\/\/monofinshop.de\/en\/wp-json\/wp\/v2\/product_cat?post=11278"},{"taxonomy":"product_tag","embeddable":true,"href":"https:\/\/monofinshop.de\/en\/wp-json\/wp\/v2\/product_tag?post=11278"}],"curies":[{"name":"wp","href":"https:\/\/api.w.org\/{rel}","templated":true}]}}