{"id":11274,"date":"2023-02-24T16:48:00","date_gmt":"2023-02-24T16:48:00","guid":{"rendered":"https:\/\/monofinshop.de\/?post_type=product&#038;p=11274"},"modified":"2024-04-18T15:23:42","modified_gmt":"2024-04-18T15:23:42","slug":"monoflosse-fuer-kinder","status":"publish","type":"product","link":"https:\/\/monofinshop.de\/en\/product\/monoflosse-fuer-kinder\/","title":{"rendered":"Monoflosse f\u00fcr Kinder"},"content":{"rendered":"<h1>Monoflosse f\u00fcr Kinder<\/h1>\n<p style=\"font-weight: 400;\">Diese Monoflosse wurde speziell f\u00fcr Kinder entwickelt und ist ideal f\u00fcr Flossenschwimmer im Alter von 8 bis 12 Jahren. Das Blatt hat eine Breite von 50 cm und ist mit Gummi \u00fcberzogen, was es perfekt f\u00fcr das Training und Wettk\u00e4mpfe macht.<\/p>\n<p style=\"font-weight: 400;\">Es besteht aus hochwertiger Glasfaser, die in 100 Mikrometer dicken Schichten und einem speziellen Harz von WaterWay hergestellt wurde. Diese Kombination sorgt f\u00fcr eine gleichbleibende Schubkraft und unvergleichliche Kraft, die Flossenschwimmer f\u00fcr mehr als 2000 km versorgt.<\/p>","protected":false},"excerpt":{"rendered":"<p>Monoflosse f\u00fcr Kinder Diese Monoflosse wurde speziell f\u00fcr Kinder entwickelt und ist ideal f\u00fcr Flossenschwimmer im Alter von 8 bis 12 Jahren. Das Blatt hat eine Breite von 50 cm und ist mit Gummi \u00fcberzogen, was es perfekt f\u00fcr das Training und Wettk\u00e4mpfe macht. Es besteht aus hochwertiger Glasfaser, die in 100 Mikrometer dicken Schichten und einem speziellen Harz von WaterWay hergestellt wurde. Diese Kombination sorgt f\u00fcr eine gleichbleibende Schubkraft und unvergleichliche Kraft, die Flossenschwimmer f\u00fcr mehr als 2000 km versorgt.<\/p>","protected":false},"featured_media":4880,"template":"","meta":[],"product_brand":[564],"product_cat":[441,551],"product_tag":[],"class_list":{"0":"post-11274","1":"product","2":"type-product","3":"status-publish","4":"has-post-thumbnail","6":"product_brand-waterway","7":"product_cat-monoflossen","8":"product_cat-monoflossen-fuer-kinder","10":"first","11":"instock","12":"shipping-taxable","13":"purchasable","14":"product-type-variable"},"yoast_head":"<!-- This site is optimized with the Yoast SEO plugin v27.2 - https:\/\/yoast.com\/product\/yoast-seo-wordpress\/ -->\n<title>Monoflosse f\u00fcr Kinder - Monofinshop.de<\/title>\n<meta name=\"robots\" content=\"index, follow, max-snippet:-1, max-image-preview:large, max-video-preview:-1\" \/>\n<link rel=\"canonical\" href=\"https:\/\/monofinshop.de\/en\/product\/monoflosse-fuer-kinder\/\" \/>\n<meta property=\"og:locale\" content=\"en_US\" \/>\n<meta property=\"og:type\" content=\"article\" \/>\n<meta property=\"og:title\" content=\"Monoflosse f\u00fcr Kinder - Monofinshop.de\" \/>\n<meta property=\"og:description\" content=\"Monoflosse f\u00fcr Kinder Diese Monoflosse wurde speziell f\u00fcr Kinder entwickelt und ist ideal f\u00fcr Flossenschwimmer im Alter von 8 bis 12 Jahren. Das Blatt hat eine Breite von 50 cm und ist mit Gummi \u00fcberzogen, was es perfekt f\u00fcr das Training und Wettk\u00e4mpfe macht. Es besteht aus hochwertiger Glasfaser, die in 100 Mikrometer dicken Schichten und einem speziellen Harz von WaterWay hergestellt wurde. Diese Kombination sorgt f\u00fcr eine gleichbleibende Schubkraft und unvergleichliche Kraft, die Flossenschwimmer f\u00fcr mehr als 2000 km versorgt.\" \/>\n<meta property=\"og:url\" content=\"https:\/\/monofinshop.de\/en\/product\/monoflosse-fuer-kinder\/\" \/>\n<meta property=\"og:site_name\" content=\"Monofinshop.de\" \/>\n<meta property=\"article:modified_time\" content=\"2024-04-18T15:23:42+00:00\" \/>\n<meta property=\"og:image\" content=\"https:\/\/monofinshop.de\/wp-content\/uploads\/2023\/01\/Monofin-for-kids1-small-1.jpg\" \/>\n\t<meta property=\"og:image:width\" content=\"1198\" \/>\n\t<meta property=\"og:image:height\" content=\"1296\" \/>\n\t<meta property=\"og:image:type\" content=\"image\/jpeg\" \/>\n<meta name=\"twitter:card\" content=\"summary_large_image\" \/>\n<script type=\"application\/ld+json\" class=\"yoast-schema-graph\">{\"@context\":\"https:\/\/schema.org\",\"@graph\":[{\"@type\":\"WebPage\",\"@id\":\"https:\/\/monofinshop.de\/product\/monoflosse-fuer-kinder\/\",\"url\":\"https:\/\/monofinshop.de\/product\/monoflosse-fuer-kinder\/\",\"name\":\"Monoflosse f\u00fcr Kinder - Monofinshop.de\",\"isPartOf\":{\"@id\":\"https:\/\/monofinshop.de\/#website\"},\"primaryImageOfPage\":{\"@id\":\"https:\/\/monofinshop.de\/product\/monoflosse-fuer-kinder\/#primaryimage\"},\"image\":{\"@id\":\"https:\/\/monofinshop.de\/product\/monoflosse-fuer-kinder\/#primaryimage\"},\"thumbnailUrl\":\"https:\/\/monofinshop.de\/wp-content\/uploads\/2023\/01\/Monofin-for-kids1-small-1.jpg\",\"datePublished\":\"2023-02-24T16:48:00+00:00\",\"dateModified\":\"2024-04-18T15:23:42+00:00\",\"breadcrumb\":{\"@id\":\"https:\/\/monofinshop.de\/product\/monoflosse-fuer-kinder\/#breadcrumb\"},\"inLanguage\":\"en-CA\",\"potentialAction\":[{\"@type\":\"ReadAction\",\"target\":[\"https:\/\/monofinshop.de\/product\/monoflosse-fuer-kinder\/\"]}]},{\"@type\":\"ImageObject\",\"inLanguage\":\"en-CA\",\"@id\":\"https:\/\/monofinshop.de\/product\/monoflosse-fuer-kinder\/#primaryimage\",\"url\":\"https:\/\/monofinshop.de\/wp-content\/uploads\/2023\/01\/Monofin-for-kids1-small-1.jpg\",\"contentUrl\":\"https:\/\/monofinshop.de\/wp-content\/uploads\/2023\/01\/Monofin-for-kids1-small-1.jpg\",\"width\":1198,\"height\":1296,\"caption\":\"Kids Monofin\"},{\"@type\":\"BreadcrumbList\",\"@id\":\"https:\/\/monofinshop.de\/product\/monoflosse-fuer-kinder\/#breadcrumb\",\"itemListElement\":[{\"@type\":\"ListItem\",\"position\":1,\"name\":\"Home\",\"item\":\"https:\/\/monofinshop.de\/\"},{\"@type\":\"ListItem\",\"position\":2,\"name\":\"Shop\",\"item\":\"https:\/\/monofinshop.de\/shop\/\"},{\"@type\":\"ListItem\",\"position\":3,\"name\":\"Monoflosse f\u00fcr Kinder\"}]},{\"@type\":\"WebSite\",\"@id\":\"https:\/\/monofinshop.de\/#website\",\"url\":\"https:\/\/monofinshop.de\/\",\"name\":\"Monofinshop.de\",\"description\":\"Flossenschwimmen Shop\",\"potentialAction\":[{\"@type\":\"SearchAction\",\"target\":{\"@type\":\"EntryPoint\",\"urlTemplate\":\"https:\/\/monofinshop.de\/?s={search_term_string}\"},\"query-input\":{\"@type\":\"PropertyValueSpecification\",\"valueRequired\":true,\"valueName\":\"search_term_string\"}}],\"inLanguage\":\"en-CA\"}]}<\/script>\n<!-- \/ Yoast SEO plugin. -->","yoast_head_json":{"title":"Monoflosse f\u00fcr Kinder - Monofinshop.de","robots":{"index":"index","follow":"follow","max-snippet":"max-snippet:-1","max-image-preview":"max-image-preview:large","max-video-preview":"max-video-preview:-1"},"canonical":"https:\/\/monofinshop.de\/en\/product\/monoflosse-fuer-kinder\/","og_locale":"en_US","og_type":"article","og_title":"Monoflosse f\u00fcr Kinder - Monofinshop.de","og_description":"Monoflosse f\u00fcr Kinder Diese Monoflosse wurde speziell f\u00fcr Kinder entwickelt und ist ideal f\u00fcr Flossenschwimmer im Alter von 8 bis 12 Jahren. Das Blatt hat eine Breite von 50 cm und ist mit Gummi \u00fcberzogen, was es perfekt f\u00fcr das Training und Wettk\u00e4mpfe macht. Es besteht aus hochwertiger Glasfaser, die in 100 Mikrometer dicken Schichten und einem speziellen Harz von WaterWay hergestellt wurde. Diese Kombination sorgt f\u00fcr eine gleichbleibende Schubkraft und unvergleichliche Kraft, die Flossenschwimmer f\u00fcr mehr als 2000 km versorgt.","og_url":"https:\/\/monofinshop.de\/en\/product\/monoflosse-fuer-kinder\/","og_site_name":"Monofinshop.de","article_modified_time":"2024-04-18T15:23:42+00:00","og_image":[{"width":1198,"height":1296,"url":"https:\/\/monofinshop.de\/wp-content\/uploads\/2023\/01\/Monofin-for-kids1-small-1.jpg","type":"image\/jpeg"}],"twitter_card":"summary_large_image","schema":{"@context":"https:\/\/schema.org","@graph":[{"@type":"WebPage","@id":"https:\/\/monofinshop.de\/product\/monoflosse-fuer-kinder\/","url":"https:\/\/monofinshop.de\/product\/monoflosse-fuer-kinder\/","name":"Monoflosse f\u00fcr Kinder - Monofinshop.de","isPartOf":{"@id":"https:\/\/monofinshop.de\/#website"},"primaryImageOfPage":{"@id":"https:\/\/monofinshop.de\/product\/monoflosse-fuer-kinder\/#primaryimage"},"image":{"@id":"https:\/\/monofinshop.de\/product\/monoflosse-fuer-kinder\/#primaryimage"},"thumbnailUrl":"https:\/\/monofinshop.de\/wp-content\/uploads\/2023\/01\/Monofin-for-kids1-small-1.jpg","datePublished":"2023-02-24T16:48:00+00:00","dateModified":"2024-04-18T15:23:42+00:00","breadcrumb":{"@id":"https:\/\/monofinshop.de\/product\/monoflosse-fuer-kinder\/#breadcrumb"},"inLanguage":"en-CA","potentialAction":[{"@type":"ReadAction","target":["https:\/\/monofinshop.de\/product\/monoflosse-fuer-kinder\/"]}]},{"@type":"ImageObject","inLanguage":"en-CA","@id":"https:\/\/monofinshop.de\/product\/monoflosse-fuer-kinder\/#primaryimage","url":"https:\/\/monofinshop.de\/wp-content\/uploads\/2023\/01\/Monofin-for-kids1-small-1.jpg","contentUrl":"https:\/\/monofinshop.de\/wp-content\/uploads\/2023\/01\/Monofin-for-kids1-small-1.jpg","width":1198,"height":1296,"caption":"Kids Monofin"},{"@type":"BreadcrumbList","@id":"https:\/\/monofinshop.de\/product\/monoflosse-fuer-kinder\/#breadcrumb","itemListElement":[{"@type":"ListItem","position":1,"name":"Home","item":"https:\/\/monofinshop.de\/"},{"@type":"ListItem","position":2,"name":"Shop","item":"https:\/\/monofinshop.de\/shop\/"},{"@type":"ListItem","position":3,"name":"Monoflosse f\u00fcr Kinder"}]},{"@type":"WebSite","@id":"https:\/\/monofinshop.de\/#website","url":"https:\/\/monofinshop.de\/","name":"Monofinshop.de","description":"Flossenschwimmen Shop","potentialAction":[{"@type":"SearchAction","target":{"@type":"EntryPoint","urlTemplate":"https:\/\/monofinshop.de\/?s={search_term_string}"},"query-input":{"@type":"PropertyValueSpecification","valueRequired":true,"valueName":"search_term_string"}}],"inLanguage":"en-CA"}]}},"_links":{"self":[{"href":"https:\/\/monofinshop.de\/en\/wp-json\/wp\/v2\/product\/11274","targetHints":{"allow":["GET"]}}],"collection":[{"href":"https:\/\/monofinshop.de\/en\/wp-json\/wp\/v2\/product"}],"about":[{"href":"https:\/\/monofinshop.de\/en\/wp-json\/wp\/v2\/types\/product"}],"version-history":[{"count":3,"href":"https:\/\/monofinshop.de\/en\/wp-json\/wp\/v2\/product\/11274\/revisions"}],"predecessor-version":[{"id":12291,"href":"https:\/\/monofinshop.de\/en\/wp-json\/wp\/v2\/product\/11274\/revisions\/12291"}],"wp:featuredmedia":[{"embeddable":true,"href":"https:\/\/monofinshop.de\/en\/wp-json\/wp\/v2\/media\/4880"}],"wp:attachment":[{"href":"https:\/\/monofinshop.de\/en\/wp-json\/wp\/v2\/media?parent=11274"}],"wp:term":[{"taxonomy":"product_brand","embeddable":true,"href":"https:\/\/monofinshop.de\/en\/wp-json\/wp\/v2\/product_brand?post=11274"},{"taxonomy":"product_cat","embeddable":true,"href":"https:\/\/monofinshop.de\/en\/wp-json\/wp\/v2\/product_cat?post=11274"},{"taxonomy":"product_tag","embeddable":true,"href":"https:\/\/monofinshop.de\/en\/wp-json\/wp\/v2\/product_tag?post=11274"}],"curies":[{"name":"wp","href":"https:\/\/api.w.org\/{rel}","templated":true}]}}