{"id":11257,"date":"2023-02-24T16:47:58","date_gmt":"2023-02-24T16:47:58","guid":{"rendered":"https:\/\/monofinshop.de\/?post_type=product&#038;p=11257"},"modified":"2026-01-29T16:21:34","modified_gmt":"2026-01-29T16:21:34","slug":"model-3-monoflosse","status":"publish","type":"product","link":"https:\/\/monofinshop.de\/en\/product\/model-3-monoflosse\/","title":{"rendered":"Model 3 Monoflosse"},"content":{"rendered":"<h1 style=\"font-weight: 400;\">WaterWay Model 3 Monoflosse<\/h1>\n<p style=\"font-weight: 400;\">Die WaterWay Monoflosse wurde speziell f\u00fcr Kinder im Alter von 10 bis 14 Jahren entwickelt und eignet sich perfekt f\u00fcr das Flossenschwimmen-Training und Wettk\u00e4mpfe. Mit einer Breite von 62 cm (24,5 Zoll) ist das Blatt der Monoflosse ideal f\u00fcr junge Schwimmer.<\/p>\n<p><span style=\"font-weight: 400;\">Das Blatt besteht aus 100 Mikron dicken Schichten hochwertiger Glasfaser und einem speziellen Harz, das von WaterWay entwickelt wurde. Diese Monoflosse bietet\u00a0<\/span><span lang=\"DE\">Flossenschwimmern eine gleichbleibende Schubkraft und unvergleichliche Kraft f\u00fcr \u00fcber 2000 km (1245 mi).<\/span><\/p>","protected":false},"excerpt":{"rendered":"<p>WaterWay Model 3 Monoflosse Die WaterWay Monoflosse wurde speziell f\u00fcr Kinder im Alter von 10 bis 14 Jahren entwickelt und eignet sich perfekt f\u00fcr das Flossenschwimmen-Training und Wettk\u00e4mpfe. Mit einer Breite von 62 cm (24,5 Zoll) ist das Blatt der Monoflosse ideal f\u00fcr junge Schwimmer. Das Blatt besteht aus 100 Mikron dicken Schichten hochwertiger Glasfaser und einem speziellen Harz, das von WaterWay entwickelt wurde. Diese Monoflosse bietet\u00a0Flossenschwimmern eine gleichbleibende Schubkraft und unvergleichliche Kraft f\u00fcr \u00fcber 2000 km (1245 mi).<\/p>","protected":false},"featured_media":3105,"template":"","meta":[],"product_brand":[564],"product_cat":[441,551,490],"product_tag":[],"class_list":{"0":"post-11257","1":"product","2":"type-product","3":"status-publish","4":"has-post-thumbnail","6":"product_brand-waterway","7":"product_cat-monoflossen","8":"product_cat-monoflossen-fuer-kinder","9":"product_cat-training-monoflossen","11":"first","12":"instock","13":"shipping-taxable","14":"purchasable","15":"product-type-variable"},"yoast_head":"<!-- This site is optimized with the Yoast SEO plugin v27.2 - https:\/\/yoast.com\/product\/yoast-seo-wordpress\/ -->\n<title>WaterWay Model 3 Monoflosse f\u00fcr das Flossenschwimmen<\/title>\n<meta name=\"description\" content=\"Die WaterWay Monoflosse wurde speziell f\u00fcr Kinder im Alter von 10 bis 14 Jahren entwickelt und eignet sich perfekt f\u00fcr das Flossenschwimmen-Training.\" \/>\n<meta name=\"robots\" content=\"index, follow, max-snippet:-1, max-image-preview:large, max-video-preview:-1\" \/>\n<link rel=\"canonical\" href=\"https:\/\/monofinshop.de\/en\/product\/model-3-monoflosse\/\" \/>\n<meta property=\"og:locale\" content=\"en_US\" \/>\n<meta property=\"og:type\" content=\"article\" \/>\n<meta property=\"og:title\" content=\"WaterWay Model 3 Monoflosse f\u00fcr das Flossenschwimmen\" \/>\n<meta property=\"og:description\" content=\"Die WaterWay Monoflosse wurde speziell f\u00fcr Kinder im Alter von 10 bis 14 Jahren entwickelt und eignet sich perfekt f\u00fcr das Flossenschwimmen-Training.\" \/>\n<meta property=\"og:url\" content=\"https:\/\/monofinshop.de\/en\/product\/model-3-monoflosse\/\" \/>\n<meta property=\"og:site_name\" content=\"Monofinshop.de\" \/>\n<meta property=\"article:modified_time\" content=\"2026-01-29T16:21:34+00:00\" \/>\n<meta property=\"og:image\" content=\"https:\/\/monofinshop.de\/wp-content\/uploads\/2023\/01\/Model-3-2.jpg\" \/>\n\t<meta property=\"og:image:width\" content=\"2301\" \/>\n\t<meta property=\"og:image:height\" content=\"2452\" \/>\n\t<meta property=\"og:image:type\" content=\"image\/jpeg\" \/>\n<meta name=\"twitter:card\" content=\"summary_large_image\" \/>\n<meta name=\"twitter:label1\" content=\"Est. reading time\" \/>\n\t<meta name=\"twitter:data1\" content=\"1 minute\" \/>\n<script type=\"application\/ld+json\" class=\"yoast-schema-graph\">{\"@context\":\"https:\/\/schema.org\",\"@graph\":[{\"@type\":\"WebPage\",\"@id\":\"https:\/\/monofinshop.de\/product\/model-3-monoflosse\/\",\"url\":\"https:\/\/monofinshop.de\/product\/model-3-monoflosse\/\",\"name\":\"WaterWay Model 3 Monoflosse f\u00fcr das Flossenschwimmen\",\"isPartOf\":{\"@id\":\"https:\/\/monofinshop.de\/#website\"},\"primaryImageOfPage\":{\"@id\":\"https:\/\/monofinshop.de\/product\/model-3-monoflosse\/#primaryimage\"},\"image\":{\"@id\":\"https:\/\/monofinshop.de\/product\/model-3-monoflosse\/#primaryimage\"},\"thumbnailUrl\":\"https:\/\/monofinshop.de\/wp-content\/uploads\/2023\/01\/Model-3-2.jpg\",\"datePublished\":\"2023-02-24T16:47:58+00:00\",\"dateModified\":\"2026-01-29T16:21:34+00:00\",\"description\":\"Die WaterWay Monoflosse wurde speziell f\u00fcr Kinder im Alter von 10 bis 14 Jahren entwickelt und eignet sich perfekt f\u00fcr das Flossenschwimmen-Training.\",\"breadcrumb\":{\"@id\":\"https:\/\/monofinshop.de\/product\/model-3-monoflosse\/#breadcrumb\"},\"inLanguage\":\"en-CA\",\"potentialAction\":[{\"@type\":\"ReadAction\",\"target\":[\"https:\/\/monofinshop.de\/product\/model-3-monoflosse\/\"]}]},{\"@type\":\"ImageObject\",\"inLanguage\":\"en-CA\",\"@id\":\"https:\/\/monofinshop.de\/product\/model-3-monoflosse\/#primaryimage\",\"url\":\"https:\/\/monofinshop.de\/wp-content\/uploads\/2023\/01\/Model-3-2.jpg\",\"contentUrl\":\"https:\/\/monofinshop.de\/wp-content\/uploads\/2023\/01\/Model-3-2.jpg\",\"width\":2301,\"height\":2452},{\"@type\":\"BreadcrumbList\",\"@id\":\"https:\/\/monofinshop.de\/product\/model-3-monoflosse\/#breadcrumb\",\"itemListElement\":[{\"@type\":\"ListItem\",\"position\":1,\"name\":\"Home\",\"item\":\"https:\/\/monofinshop.de\/\"},{\"@type\":\"ListItem\",\"position\":2,\"name\":\"Shop\",\"item\":\"https:\/\/monofinshop.de\/shop\/\"},{\"@type\":\"ListItem\",\"position\":3,\"name\":\"Model 3 Monoflosse\"}]},{\"@type\":\"WebSite\",\"@id\":\"https:\/\/monofinshop.de\/#website\",\"url\":\"https:\/\/monofinshop.de\/\",\"name\":\"Monofinshop.de\",\"description\":\"Flossenschwimmen Shop\",\"potentialAction\":[{\"@type\":\"SearchAction\",\"target\":{\"@type\":\"EntryPoint\",\"urlTemplate\":\"https:\/\/monofinshop.de\/?s={search_term_string}\"},\"query-input\":{\"@type\":\"PropertyValueSpecification\",\"valueRequired\":true,\"valueName\":\"search_term_string\"}}],\"inLanguage\":\"en-CA\"}]}<\/script>\n<!-- \/ Yoast SEO plugin. -->","yoast_head_json":{"title":"WaterWay Model 3 Monoflosse f\u00fcr das Flossenschwimmen","description":"Die WaterWay Monoflosse wurde speziell f\u00fcr Kinder im Alter von 10 bis 14 Jahren entwickelt und eignet sich perfekt f\u00fcr das Flossenschwimmen-Training.","robots":{"index":"index","follow":"follow","max-snippet":"max-snippet:-1","max-image-preview":"max-image-preview:large","max-video-preview":"max-video-preview:-1"},"canonical":"https:\/\/monofinshop.de\/en\/product\/model-3-monoflosse\/","og_locale":"en_US","og_type":"article","og_title":"WaterWay Model 3 Monoflosse f\u00fcr das Flossenschwimmen","og_description":"Die WaterWay Monoflosse wurde speziell f\u00fcr Kinder im Alter von 10 bis 14 Jahren entwickelt und eignet sich perfekt f\u00fcr das Flossenschwimmen-Training.","og_url":"https:\/\/monofinshop.de\/en\/product\/model-3-monoflosse\/","og_site_name":"Monofinshop.de","article_modified_time":"2026-01-29T16:21:34+00:00","og_image":[{"width":2301,"height":2452,"url":"https:\/\/monofinshop.de\/wp-content\/uploads\/2023\/01\/Model-3-2.jpg","type":"image\/jpeg"}],"twitter_card":"summary_large_image","twitter_misc":{"Est. reading time":"1 minute"},"schema":{"@context":"https:\/\/schema.org","@graph":[{"@type":"WebPage","@id":"https:\/\/monofinshop.de\/product\/model-3-monoflosse\/","url":"https:\/\/monofinshop.de\/product\/model-3-monoflosse\/","name":"WaterWay Model 3 Monoflosse f\u00fcr das Flossenschwimmen","isPartOf":{"@id":"https:\/\/monofinshop.de\/#website"},"primaryImageOfPage":{"@id":"https:\/\/monofinshop.de\/product\/model-3-monoflosse\/#primaryimage"},"image":{"@id":"https:\/\/monofinshop.de\/product\/model-3-monoflosse\/#primaryimage"},"thumbnailUrl":"https:\/\/monofinshop.de\/wp-content\/uploads\/2023\/01\/Model-3-2.jpg","datePublished":"2023-02-24T16:47:58+00:00","dateModified":"2026-01-29T16:21:34+00:00","description":"Die WaterWay Monoflosse wurde speziell f\u00fcr Kinder im Alter von 10 bis 14 Jahren entwickelt und eignet sich perfekt f\u00fcr das Flossenschwimmen-Training.","breadcrumb":{"@id":"https:\/\/monofinshop.de\/product\/model-3-monoflosse\/#breadcrumb"},"inLanguage":"en-CA","potentialAction":[{"@type":"ReadAction","target":["https:\/\/monofinshop.de\/product\/model-3-monoflosse\/"]}]},{"@type":"ImageObject","inLanguage":"en-CA","@id":"https:\/\/monofinshop.de\/product\/model-3-monoflosse\/#primaryimage","url":"https:\/\/monofinshop.de\/wp-content\/uploads\/2023\/01\/Model-3-2.jpg","contentUrl":"https:\/\/monofinshop.de\/wp-content\/uploads\/2023\/01\/Model-3-2.jpg","width":2301,"height":2452},{"@type":"BreadcrumbList","@id":"https:\/\/monofinshop.de\/product\/model-3-monoflosse\/#breadcrumb","itemListElement":[{"@type":"ListItem","position":1,"name":"Home","item":"https:\/\/monofinshop.de\/"},{"@type":"ListItem","position":2,"name":"Shop","item":"https:\/\/monofinshop.de\/shop\/"},{"@type":"ListItem","position":3,"name":"Model 3 Monoflosse"}]},{"@type":"WebSite","@id":"https:\/\/monofinshop.de\/#website","url":"https:\/\/monofinshop.de\/","name":"Monofinshop.de","description":"Flossenschwimmen Shop","potentialAction":[{"@type":"SearchAction","target":{"@type":"EntryPoint","urlTemplate":"https:\/\/monofinshop.de\/?s={search_term_string}"},"query-input":{"@type":"PropertyValueSpecification","valueRequired":true,"valueName":"search_term_string"}}],"inLanguage":"en-CA"}]}},"_links":{"self":[{"href":"https:\/\/monofinshop.de\/en\/wp-json\/wp\/v2\/product\/11257","targetHints":{"allow":["GET"]}}],"collection":[{"href":"https:\/\/monofinshop.de\/en\/wp-json\/wp\/v2\/product"}],"about":[{"href":"https:\/\/monofinshop.de\/en\/wp-json\/wp\/v2\/types\/product"}],"version-history":[{"count":4,"href":"https:\/\/monofinshop.de\/en\/wp-json\/wp\/v2\/product\/11257\/revisions"}],"predecessor-version":[{"id":12314,"href":"https:\/\/monofinshop.de\/en\/wp-json\/wp\/v2\/product\/11257\/revisions\/12314"}],"wp:featuredmedia":[{"embeddable":true,"href":"https:\/\/monofinshop.de\/en\/wp-json\/wp\/v2\/media\/3105"}],"wp:attachment":[{"href":"https:\/\/monofinshop.de\/en\/wp-json\/wp\/v2\/media?parent=11257"}],"wp:term":[{"taxonomy":"product_brand","embeddable":true,"href":"https:\/\/monofinshop.de\/en\/wp-json\/wp\/v2\/product_brand?post=11257"},{"taxonomy":"product_cat","embeddable":true,"href":"https:\/\/monofinshop.de\/en\/wp-json\/wp\/v2\/product_cat?post=11257"},{"taxonomy":"product_tag","embeddable":true,"href":"https:\/\/monofinshop.de\/en\/wp-json\/wp\/v2\/product_tag?post=11257"}],"curies":[{"name":"wp","href":"https:\/\/api.w.org\/{rel}","templated":true}]}}