{"id":11241,"date":"2023-02-24T16:47:57","date_gmt":"2023-02-24T16:47:57","guid":{"rendered":"https:\/\/monofinshop.de\/?post_type=product&#038;p=11241"},"modified":"2026-01-29T16:32:03","modified_gmt":"2026-01-29T16:32:03","slug":"lebensrettung-speed-fins-carbon","status":"publish","type":"product","link":"https:\/\/monofinshop.de\/en\/product\/lebensrettung-speed-fins-carbon\/","title":{"rendered":"Lebensrettung Speed Fins Carbon"},"content":{"rendered":"<h1>Lebensrettung Carbon Speed Flossen \u2013 Hochleistungsflossen f\u00fcr Rettung &amp; Lebensrettung<\/h1>\n<p>R\u00fcste deine Rettungsausr\u00fcstung mit den Lifesaving Carbon Speed Fins auf \u2013 WaterWays fortschrittlichste Flossen f\u00fcr die Lebensrettung, jetzt erh\u00e4ltlich im Spearfisher Shop. Ausgestattet mit Carbonbl\u00e4ttern in Luftfahrtqualit\u00e4t und innovativen gegossenen Gummi-Fu\u00dftaschen, bieten diese Flossen unvergleichliche Kraft, Geschwindigkeit und Langlebigkeit f\u00fcr Rettungskr\u00e4fte und Leistungssportler im Rettungsschwimmen.<\/p>\n<h4>Hauptmerkmale<\/h4>\n<p>* Carbonbl\u00e4tter in Luftfahrtqualit\u00e4t \u2013 extreme Festigkeit und Reaktionsf\u00e4higkeit<br \/>\n* Gegossene Gummi-Fu\u00dftaschen \u2013 f\u00fcr optimale Kraft\u00fcbertragung und maximalen Komfort<br \/>\n* W\u00e4hlbare Blattbreiten: 22\u201328\u202fcm sowie 6 H\u00e4rtegrade f\u00fcr pr\u00e4zise Leistungsanpassung<br \/>\n* Zwei Passformen: 100\u202fm Fit (eng) oder 200\u202fm Super-Lifesaver mit elastischem Riemen<br \/>\n* Gesamtl\u00e4nge: 59,5\u202fcm oder 65\u202fcm<br \/>\n* Gewicht ca. 3\u202fkg \u2013 leicht und ideal f\u00fcr Wettk\u00e4mpfe in der Lebensrettung<br \/>\n* Erh\u00e4ltliche Blattfarben: Schwarz, Gelb<br \/>\n* Farben f\u00fcr Fl\u00fcgel und Fu\u00dftaschen: Blau, Rot, Wei\u00df, Beige, Schwarz, Violett, Gelb<\/p>\n<h4>Warum diese Flossen herausragen<\/h4>\n<p>Diese Rettungsflossen setzen neue Ma\u00dfst\u00e4be in Sachen Schwimmgeschwindigkeit: Die leistungsstarken Carbonbl\u00e4tter in Kombination mit den fortschrittlichen Fu\u00dftaschen liefern effizienten Vortrieb, Ausdauer und maximale Kontrolle \u2013 selbst unter h\u00e4rtesten Bedingungen. Ideal f\u00fcr Profis und Leistungsschwimmer, die auf verl\u00e4ssliche, langlebige und leistungsstarke Ausr\u00fcstung setzen.<\/p>\n<h4>Ideal f\u00fcr:<\/h4>\n<p>* Rettungsschwimmer, Lifeguards und Wettkampfteilnehmer in der Lebensrettung<br \/>\n* Alle, die bei der Wasserrettung auf H\u00f6chstleistung, Schnelligkeit und Robustheit angewiesen sind<\/p>","protected":false},"excerpt":{"rendered":"<p>Lebensrettung Carbon Speed Flossen \u2013 Hochleistungsflossen f\u00fcr Rettung &amp; Lebensrettung R\u00fcste deine Rettungsausr\u00fcstung mit den Lifesaving Carbon Speed Fins auf \u2013 WaterWays fortschrittlichste Flossen f\u00fcr die Lebensrettung, jetzt erh\u00e4ltlich im Spearfisher Shop. Ausgestattet mit Carbonbl\u00e4ttern in Luftfahrtqualit\u00e4t und innovativen gegossenen Gummi-Fu\u00dftaschen, bieten diese Flossen unvergleichliche Kraft, Geschwindigkeit und Langlebigkeit f\u00fcr Rettungskr\u00e4fte und Leistungssportler im Rettungsschwimmen. Hauptmerkmale * Carbonbl\u00e4tter in Luftfahrtqualit\u00e4t \u2013 extreme Festigkeit und Reaktionsf\u00e4higkeit * Gegossene Gummi-Fu\u00dftaschen \u2013 f\u00fcr optimale Kraft\u00fcbertragung und maximalen Komfort * W\u00e4hlbare Blattbreiten: 22\u201328\u202fcm sowie 6 H\u00e4rtegrade f\u00fcr pr\u00e4zise Leistungsanpassung * Zwei Passformen: 100\u202fm Fit (eng) oder 200\u202fm Super-Lifesaver mit elastischem Riemen * Gesamtl\u00e4nge: 59,5\u202fcm oder 65\u202fcm * Gewicht ca. 3\u202fkg \u2013 leicht und ideal f\u00fcr Wettk\u00e4mpfe in der Lebensrettung * Erh\u00e4ltliche Blattfarben: Schwarz, Gelb * Farben f\u00fcr Fl\u00fcgel und Fu\u00dftaschen: Blau, Rot, Wei\u00df, Beige, Schwarz, Violett, Gelb Warum diese Flossen herausragen Diese Rettungsflossen setzen neue Ma\u00dfst\u00e4be in Sachen Schwimmgeschwindigkeit: Die leistungsstarken Carbonbl\u00e4tter in Kombination mit den fortschrittlichen Fu\u00dftaschen liefern effizienten Vortrieb, Ausdauer und maximale Kontrolle \u2013 selbst unter h\u00e4rtesten Bedingungen. Ideal f\u00fcr Profis und Leistungsschwimmer, die auf verl\u00e4ssliche, langlebige und leistungsstarke Ausr\u00fcstung setzen. Ideal f\u00fcr: * Rettungsschwimmer, Lifeguards und Wettkampfteilnehmer in der Lebensrettung * Alle, die bei der Wasserrettung auf H\u00f6chstleistung, Schnelligkeit und Robustheit angewiesen sind<\/p>","protected":false},"featured_media":3969,"template":"","meta":[],"product_brand":[564],"product_cat":[409,541],"product_tag":[],"class_list":{"0":"post-11241","1":"product","2":"type-product","3":"status-publish","4":"has-post-thumbnail","6":"product_brand-waterway","7":"product_cat-flossen","8":"product_cat-lebensrettung-flossen","10":"first","11":"instock","12":"featured","13":"shipping-taxable","14":"purchasable","15":"product-type-variable"},"yoast_head":"<!-- This site is optimized with the Yoast SEO plugin v27.2 - https:\/\/yoast.com\/product\/yoast-seo-wordpress\/ -->\n<title>Lifesaving Speed Flossen Carbon \u2013 Hochleistungs\u2011Rettungsflossen<\/title>\n<meta name=\"description\" content=\"Entdecke die Lifesaving Speed Flossen Carbon \u2013 Luftfahrt\u2011Carbon &amp; Gummi\u2011Fu\u00dftaschen f\u00fcr maximale Power und Geschwindigkeit im Rettungseinsatz.\" \/>\n<meta name=\"robots\" content=\"index, follow, max-snippet:-1, max-image-preview:large, max-video-preview:-1\" \/>\n<link rel=\"canonical\" href=\"https:\/\/monofinshop.de\/en\/product\/lebensrettung-speed-fins-carbon\/\" \/>\n<meta property=\"og:locale\" content=\"en_US\" \/>\n<meta property=\"og:type\" content=\"article\" \/>\n<meta property=\"og:title\" content=\"Lifesaving Speed Flossen Carbon \u2013 Hochleistungs\u2011Rettungsflossen\" \/>\n<meta property=\"og:description\" content=\"Entdecke die Lifesaving Speed Flossen Carbon \u2013 Luftfahrt\u2011Carbon &amp; Gummi\u2011Fu\u00dftaschen f\u00fcr maximale Power und Geschwindigkeit im Rettungseinsatz.\" \/>\n<meta property=\"og:url\" content=\"https:\/\/monofinshop.de\/en\/product\/lebensrettung-speed-fins-carbon\/\" \/>\n<meta property=\"og:site_name\" content=\"Monofinshop.de\" \/>\n<meta property=\"article:modified_time\" content=\"2026-01-29T16:32:03+00:00\" \/>\n<meta property=\"og:image\" content=\"https:\/\/monofinshop.de\/wp-content\/uploads\/2023\/01\/Speed-Fins-Carbon-2-scaled-1-1.jpg\" \/>\n\t<meta property=\"og:image:width\" content=\"2560\" \/>\n\t<meta property=\"og:image:height\" content=\"2560\" \/>\n\t<meta property=\"og:image:type\" content=\"image\/jpeg\" \/>\n<meta name=\"twitter:card\" content=\"summary_large_image\" \/>\n<meta name=\"twitter:label1\" content=\"Est. reading time\" \/>\n\t<meta name=\"twitter:data1\" content=\"2 minutes\" \/>\n<script type=\"application\/ld+json\" class=\"yoast-schema-graph\">{\"@context\":\"https:\/\/schema.org\",\"@graph\":[{\"@type\":\"WebPage\",\"@id\":\"https:\/\/monofinshop.de\/product\/lebensrettung-speed-fins-carbon\/\",\"url\":\"https:\/\/monofinshop.de\/product\/lebensrettung-speed-fins-carbon\/\",\"name\":\"Lifesaving Speed Flossen Carbon \u2013 Hochleistungs\u2011Rettungsflossen\",\"isPartOf\":{\"@id\":\"https:\/\/monofinshop.de\/#website\"},\"primaryImageOfPage\":{\"@id\":\"https:\/\/monofinshop.de\/product\/lebensrettung-speed-fins-carbon\/#primaryimage\"},\"image\":{\"@id\":\"https:\/\/monofinshop.de\/product\/lebensrettung-speed-fins-carbon\/#primaryimage\"},\"thumbnailUrl\":\"https:\/\/monofinshop.de\/wp-content\/uploads\/2023\/01\/Speed-Fins-Carbon-2-scaled-1-1.jpg\",\"datePublished\":\"2023-02-24T16:47:57+00:00\",\"dateModified\":\"2026-01-29T16:32:03+00:00\",\"description\":\"Entdecke die Lifesaving Speed Flossen Carbon \u2013 Luftfahrt\u2011Carbon & Gummi\u2011Fu\u00dftaschen f\u00fcr maximale Power und Geschwindigkeit im Rettungseinsatz.\",\"breadcrumb\":{\"@id\":\"https:\/\/monofinshop.de\/product\/lebensrettung-speed-fins-carbon\/#breadcrumb\"},\"inLanguage\":\"en-CA\",\"potentialAction\":[{\"@type\":\"ReadAction\",\"target\":[\"https:\/\/monofinshop.de\/product\/lebensrettung-speed-fins-carbon\/\"]}]},{\"@type\":\"ImageObject\",\"inLanguage\":\"en-CA\",\"@id\":\"https:\/\/monofinshop.de\/product\/lebensrettung-speed-fins-carbon\/#primaryimage\",\"url\":\"https:\/\/monofinshop.de\/wp-content\/uploads\/2023\/01\/Speed-Fins-Carbon-2-scaled-1-1.jpg\",\"contentUrl\":\"https:\/\/monofinshop.de\/wp-content\/uploads\/2023\/01\/Speed-Fins-Carbon-2-scaled-1-1.jpg\",\"width\":2560,\"height\":2560},{\"@type\":\"BreadcrumbList\",\"@id\":\"https:\/\/monofinshop.de\/product\/lebensrettung-speed-fins-carbon\/#breadcrumb\",\"itemListElement\":[{\"@type\":\"ListItem\",\"position\":1,\"name\":\"Home\",\"item\":\"https:\/\/monofinshop.de\/\"},{\"@type\":\"ListItem\",\"position\":2,\"name\":\"Shop\",\"item\":\"https:\/\/monofinshop.de\/shop\/\"},{\"@type\":\"ListItem\",\"position\":3,\"name\":\"Lebensrettung Speed Fins Carbon\"}]},{\"@type\":\"WebSite\",\"@id\":\"https:\/\/monofinshop.de\/#website\",\"url\":\"https:\/\/monofinshop.de\/\",\"name\":\"Monofinshop.de\",\"description\":\"Flossenschwimmen Shop\",\"potentialAction\":[{\"@type\":\"SearchAction\",\"target\":{\"@type\":\"EntryPoint\",\"urlTemplate\":\"https:\/\/monofinshop.de\/?s={search_term_string}\"},\"query-input\":{\"@type\":\"PropertyValueSpecification\",\"valueRequired\":true,\"valueName\":\"search_term_string\"}}],\"inLanguage\":\"en-CA\"}]}<\/script>\n<!-- \/ Yoast SEO plugin. -->","yoast_head_json":{"title":"Lifesaving Speed Flossen Carbon \u2013 Hochleistungs\u2011Rettungsflossen","description":"Entdecke die Lifesaving Speed Flossen Carbon \u2013 Luftfahrt\u2011Carbon & Gummi\u2011Fu\u00dftaschen f\u00fcr maximale Power und Geschwindigkeit im Rettungseinsatz.","robots":{"index":"index","follow":"follow","max-snippet":"max-snippet:-1","max-image-preview":"max-image-preview:large","max-video-preview":"max-video-preview:-1"},"canonical":"https:\/\/monofinshop.de\/en\/product\/lebensrettung-speed-fins-carbon\/","og_locale":"en_US","og_type":"article","og_title":"Lifesaving Speed Flossen Carbon \u2013 Hochleistungs\u2011Rettungsflossen","og_description":"Entdecke die Lifesaving Speed Flossen Carbon \u2013 Luftfahrt\u2011Carbon & Gummi\u2011Fu\u00dftaschen f\u00fcr maximale Power und Geschwindigkeit im Rettungseinsatz.","og_url":"https:\/\/monofinshop.de\/en\/product\/lebensrettung-speed-fins-carbon\/","og_site_name":"Monofinshop.de","article_modified_time":"2026-01-29T16:32:03+00:00","og_image":[{"width":2560,"height":2560,"url":"https:\/\/monofinshop.de\/wp-content\/uploads\/2023\/01\/Speed-Fins-Carbon-2-scaled-1-1.jpg","type":"image\/jpeg"}],"twitter_card":"summary_large_image","twitter_misc":{"Est. reading time":"2 minutes"},"schema":{"@context":"https:\/\/schema.org","@graph":[{"@type":"WebPage","@id":"https:\/\/monofinshop.de\/product\/lebensrettung-speed-fins-carbon\/","url":"https:\/\/monofinshop.de\/product\/lebensrettung-speed-fins-carbon\/","name":"Lifesaving Speed Flossen Carbon \u2013 Hochleistungs\u2011Rettungsflossen","isPartOf":{"@id":"https:\/\/monofinshop.de\/#website"},"primaryImageOfPage":{"@id":"https:\/\/monofinshop.de\/product\/lebensrettung-speed-fins-carbon\/#primaryimage"},"image":{"@id":"https:\/\/monofinshop.de\/product\/lebensrettung-speed-fins-carbon\/#primaryimage"},"thumbnailUrl":"https:\/\/monofinshop.de\/wp-content\/uploads\/2023\/01\/Speed-Fins-Carbon-2-scaled-1-1.jpg","datePublished":"2023-02-24T16:47:57+00:00","dateModified":"2026-01-29T16:32:03+00:00","description":"Entdecke die Lifesaving Speed Flossen Carbon \u2013 Luftfahrt\u2011Carbon & Gummi\u2011Fu\u00dftaschen f\u00fcr maximale Power und Geschwindigkeit im Rettungseinsatz.","breadcrumb":{"@id":"https:\/\/monofinshop.de\/product\/lebensrettung-speed-fins-carbon\/#breadcrumb"},"inLanguage":"en-CA","potentialAction":[{"@type":"ReadAction","target":["https:\/\/monofinshop.de\/product\/lebensrettung-speed-fins-carbon\/"]}]},{"@type":"ImageObject","inLanguage":"en-CA","@id":"https:\/\/monofinshop.de\/product\/lebensrettung-speed-fins-carbon\/#primaryimage","url":"https:\/\/monofinshop.de\/wp-content\/uploads\/2023\/01\/Speed-Fins-Carbon-2-scaled-1-1.jpg","contentUrl":"https:\/\/monofinshop.de\/wp-content\/uploads\/2023\/01\/Speed-Fins-Carbon-2-scaled-1-1.jpg","width":2560,"height":2560},{"@type":"BreadcrumbList","@id":"https:\/\/monofinshop.de\/product\/lebensrettung-speed-fins-carbon\/#breadcrumb","itemListElement":[{"@type":"ListItem","position":1,"name":"Home","item":"https:\/\/monofinshop.de\/"},{"@type":"ListItem","position":2,"name":"Shop","item":"https:\/\/monofinshop.de\/shop\/"},{"@type":"ListItem","position":3,"name":"Lebensrettung Speed Fins Carbon"}]},{"@type":"WebSite","@id":"https:\/\/monofinshop.de\/#website","url":"https:\/\/monofinshop.de\/","name":"Monofinshop.de","description":"Flossenschwimmen Shop","potentialAction":[{"@type":"SearchAction","target":{"@type":"EntryPoint","urlTemplate":"https:\/\/monofinshop.de\/?s={search_term_string}"},"query-input":{"@type":"PropertyValueSpecification","valueRequired":true,"valueName":"search_term_string"}}],"inLanguage":"en-CA"}]}},"_links":{"self":[{"href":"https:\/\/monofinshop.de\/en\/wp-json\/wp\/v2\/product\/11241","targetHints":{"allow":["GET"]}}],"collection":[{"href":"https:\/\/monofinshop.de\/en\/wp-json\/wp\/v2\/product"}],"about":[{"href":"https:\/\/monofinshop.de\/en\/wp-json\/wp\/v2\/types\/product"}],"version-history":[{"count":4,"href":"https:\/\/monofinshop.de\/en\/wp-json\/wp\/v2\/product\/11241\/revisions"}],"predecessor-version":[{"id":12448,"href":"https:\/\/monofinshop.de\/en\/wp-json\/wp\/v2\/product\/11241\/revisions\/12448"}],"wp:featuredmedia":[{"embeddable":true,"href":"https:\/\/monofinshop.de\/en\/wp-json\/wp\/v2\/media\/3969"}],"wp:attachment":[{"href":"https:\/\/monofinshop.de\/en\/wp-json\/wp\/v2\/media?parent=11241"}],"wp:term":[{"taxonomy":"product_brand","embeddable":true,"href":"https:\/\/monofinshop.de\/en\/wp-json\/wp\/v2\/product_brand?post=11241"},{"taxonomy":"product_cat","embeddable":true,"href":"https:\/\/monofinshop.de\/en\/wp-json\/wp\/v2\/product_cat?post=11241"},{"taxonomy":"product_tag","embeddable":true,"href":"https:\/\/monofinshop.de\/en\/wp-json\/wp\/v2\/product_tag?post=11241"}],"curies":[{"name":"wp","href":"https:\/\/api.w.org\/{rel}","templated":true}]}}