{"id":11235,"date":"2023-02-24T16:47:57","date_gmt":"2023-02-24T16:47:57","guid":{"rendered":"https:\/\/monofinshop.de\/?post_type=product&#038;p=11235"},"modified":"2026-01-29T16:31:05","modified_gmt":"2026-01-29T16:31:05","slug":"lebensrettung-carbon-flossen","status":"publish","type":"product","link":"https:\/\/monofinshop.de\/en\/product\/lebensrettung-carbon-flossen\/","title":{"rendered":"Lebensrettung Carbon flossen"},"content":{"rendered":"<h1><strong>WaterWay Lebensrettung Carbon flossen<\/strong><\/h1>\n<h4 data-start=\"141\" data-end=\"226\"><strong data-start=\"141\" data-end=\"226\">WaterWay Lifesaving Carbon Flossen \u2013 Professionelle Rettungsflossen aus Fiberglas<\/strong><\/h4>\n<p data-start=\"228\" data-end=\"570\">Die <em data-start=\"232\" data-end=\"268\">WaterWay Lifesaving Carbon Flossen<\/em> wurden f\u00fcr maximale Geschwindigkeit, Kontrolle und Langlebigkeit entwickelt \u2013 ideal f\u00fcr Rettungsschwimmer, Lifesaving-Athleten und den Rettungssport. Ausgestattet mit leistungsstarken Carbon-Bl\u00e4ttern und hydrodynamischen Fu\u00dftaschen bieten diese Flossen effizienten Vortrieb in entscheidenden Momenten.<\/p>\n<p data-start=\"572\" data-end=\"590\"><strong data-start=\"572\" data-end=\"590\">Hauptmerkmale:<\/strong><\/p>\n<ul data-start=\"592\" data-end=\"985\">\n<li data-start=\"592\" data-end=\"657\">\n<p data-start=\"594\" data-end=\"657\"><strong data-start=\"594\" data-end=\"614\">Fiberglasbl\u00e4tter<\/strong> \u2013 leicht, reaktionsfreudig und langlebig<\/p>\n<\/li>\n<li data-start=\"658\" data-end=\"739\">\n<p data-start=\"660\" data-end=\"739\"><strong data-start=\"660\" data-end=\"690\">Hydrodynamische Fu\u00dftaschen<\/strong> \u2013 f\u00fcr maximale Leistung und hohen Tragekomfort<\/p>\n<\/li>\n<li data-start=\"740\" data-end=\"786\">\n<p data-start=\"742\" data-end=\"786\"><strong data-start=\"742\" data-end=\"757\">Blattbreite<\/strong>: w\u00e4hlbar zwischen 22\u201328 cm<\/p>\n<\/li>\n<li data-start=\"787\" data-end=\"829\">\n<p data-start=\"789\" data-end=\"829\"><strong data-start=\"789\" data-end=\"827\">In mehreren H\u00e4rtegraden erh\u00e4ltlich<\/strong><\/p>\n<\/li>\n<li data-start=\"830\" data-end=\"905\">\n<p data-start=\"832\" data-end=\"905\">Ideal f\u00fcr <strong data-start=\"842\" data-end=\"884\">Rettungsschwimmen, Lifesaving-Training<\/strong> und <strong data-start=\"889\" data-end=\"903\">Wettk\u00e4mpfe<\/strong><\/p>\n<\/li>\n<li data-start=\"906\" data-end=\"985\">\n<p data-start=\"908\" data-end=\"985\">Hergestellt von <strong data-start=\"924\" data-end=\"941\">WaterWay Fins<\/strong>, einem Innovationsf\u00fchrer im Rettungssport<\/p>\n<\/li>\n<\/ul>\n<p data-start=\"987\" data-end=\"1003\"><strong data-start=\"987\" data-end=\"1003\">Perfekt f\u00fcr:<\/strong><\/p>\n<ul data-start=\"1005\" data-end=\"1139\">\n<li data-start=\"1005\" data-end=\"1043\">\n<p data-start=\"1007\" data-end=\"1043\">Professionelle Lifesaving-Athleten<\/p>\n<\/li>\n<li data-start=\"1044\" data-end=\"1091\">\n<p data-start=\"1046\" data-end=\"1091\">Rettungsteams und Pool-Sicherheitstrainings<\/p>\n<\/li>\n<li data-start=\"1092\" data-end=\"1139\">\n<p data-start=\"1094\" data-end=\"1139\">Wettkampfteilnehmer und Lifesaving-Trainees<\/p>\n<\/li>\n<\/ul>\n<p data-start=\"1300\" data-end=\"1367\">","protected":false},"excerpt":{"rendered":"<p>WaterWay Lebensrettung Carbon flossen WaterWay Lifesaving Carbon Flossen \u2013 Professionelle Rettungsflossen aus Fiberglas Die WaterWay Lifesaving Carbon Flossen wurden f\u00fcr maximale Geschwindigkeit, Kontrolle und Langlebigkeit entwickelt \u2013 ideal f\u00fcr Rettungsschwimmer, Lifesaving-Athleten und den Rettungssport. Ausgestattet mit leistungsstarken Carbon-Bl\u00e4ttern und hydrodynamischen Fu\u00dftaschen bieten diese Flossen effizienten Vortrieb in entscheidenden Momenten. Hauptmerkmale: Fiberglasbl\u00e4tter \u2013 leicht, reaktionsfreudig und langlebig Hydrodynamische Fu\u00dftaschen \u2013 f\u00fcr maximale Leistung und hohen Tragekomfort Blattbreite: w\u00e4hlbar zwischen 22\u201328 cm In mehreren H\u00e4rtegraden erh\u00e4ltlich Ideal f\u00fcr Rettungsschwimmen, Lifesaving-Training und Wettk\u00e4mpfe Hergestellt von WaterWay Fins, einem Innovationsf\u00fchrer im Rettungssport Perfekt f\u00fcr: Professionelle Lifesaving-Athleten Rettungsteams und Pool-Sicherheitstrainings Wettkampfteilnehmer und Lifesaving-Trainees<\/p>","protected":false},"featured_media":4763,"template":"","meta":[],"product_brand":[564],"product_cat":[409,541],"product_tag":[],"class_list":{"0":"post-11235","1":"product","2":"type-product","3":"status-publish","4":"has-post-thumbnail","6":"product_brand-waterway","7":"product_cat-flossen","8":"product_cat-lebensrettung-flossen","10":"first","11":"instock","12":"featured","13":"shipping-taxable","14":"purchasable","15":"product-type-variable"},"yoast_head":"<!-- This site is optimized with the Yoast SEO plugin v27.2 - https:\/\/yoast.com\/product\/yoast-seo-wordpress\/ -->\n<title>WaterWay Lifesaving Carbon Flossen \u2013 Profi-Rettungsflossen<\/title>\n<meta name=\"description\" content=\"Entdecken Sie die WaterWay Lifesaving Carbon Flossen \u2013 professionelle Rettungsflossen aus Carbon. Ideal f\u00fcr Rettungsschwimmer\" \/>\n<meta name=\"robots\" content=\"index, follow, max-snippet:-1, max-image-preview:large, max-video-preview:-1\" \/>\n<link rel=\"canonical\" href=\"https:\/\/monofinshop.de\/en\/product\/lebensrettung-carbon-flossen\/\" \/>\n<meta property=\"og:locale\" content=\"en_US\" \/>\n<meta property=\"og:type\" content=\"article\" \/>\n<meta property=\"og:title\" content=\"WaterWay Lifesaving Carbon Flossen \u2013 Profi-Rettungsflossen\" \/>\n<meta property=\"og:description\" content=\"Entdecken Sie die WaterWay Lifesaving Carbon Flossen \u2013 professionelle Rettungsflossen aus Carbon. Ideal f\u00fcr Rettungsschwimmer\" \/>\n<meta property=\"og:url\" content=\"https:\/\/monofinshop.de\/en\/product\/lebensrettung-carbon-flossen\/\" \/>\n<meta property=\"og:site_name\" content=\"Monofinshop.de\" \/>\n<meta property=\"article:modified_time\" content=\"2026-01-29T16:31:05+00:00\" \/>\n<meta property=\"og:image\" content=\"https:\/\/monofinshop.de\/wp-content\/uploads\/2023\/01\/Carbon-Lifesaving-1.jpg\" \/>\n\t<meta property=\"og:image:width\" content=\"2216\" \/>\n\t<meta property=\"og:image:height\" content=\"2217\" \/>\n\t<meta property=\"og:image:type\" content=\"image\/jpeg\" \/>\n<meta name=\"twitter:card\" content=\"summary_large_image\" \/>\n<meta name=\"twitter:label1\" content=\"Est. reading time\" \/>\n\t<meta name=\"twitter:data1\" content=\"1 minute\" \/>\n<script type=\"application\/ld+json\" class=\"yoast-schema-graph\">{\"@context\":\"https:\/\/schema.org\",\"@graph\":[{\"@type\":\"WebPage\",\"@id\":\"https:\/\/monofinshop.de\/product\/lebensrettung-carbon-flossen\/\",\"url\":\"https:\/\/monofinshop.de\/product\/lebensrettung-carbon-flossen\/\",\"name\":\"WaterWay Lifesaving Carbon Flossen \u2013 Profi-Rettungsflossen\",\"isPartOf\":{\"@id\":\"https:\/\/monofinshop.de\/#website\"},\"primaryImageOfPage\":{\"@id\":\"https:\/\/monofinshop.de\/product\/lebensrettung-carbon-flossen\/#primaryimage\"},\"image\":{\"@id\":\"https:\/\/monofinshop.de\/product\/lebensrettung-carbon-flossen\/#primaryimage\"},\"thumbnailUrl\":\"https:\/\/monofinshop.de\/wp-content\/uploads\/2023\/01\/Carbon-Lifesaving-1.jpg\",\"datePublished\":\"2023-02-24T16:47:57+00:00\",\"dateModified\":\"2026-01-29T16:31:05+00:00\",\"description\":\"Entdecken Sie die WaterWay Lifesaving Carbon Flossen \u2013 professionelle Rettungsflossen aus Carbon. Ideal f\u00fcr Rettungsschwimmer\",\"breadcrumb\":{\"@id\":\"https:\/\/monofinshop.de\/product\/lebensrettung-carbon-flossen\/#breadcrumb\"},\"inLanguage\":\"en-CA\",\"potentialAction\":[{\"@type\":\"ReadAction\",\"target\":[\"https:\/\/monofinshop.de\/product\/lebensrettung-carbon-flossen\/\"]}]},{\"@type\":\"ImageObject\",\"inLanguage\":\"en-CA\",\"@id\":\"https:\/\/monofinshop.de\/product\/lebensrettung-carbon-flossen\/#primaryimage\",\"url\":\"https:\/\/monofinshop.de\/wp-content\/uploads\/2023\/01\/Carbon-Lifesaving-1.jpg\",\"contentUrl\":\"https:\/\/monofinshop.de\/wp-content\/uploads\/2023\/01\/Carbon-Lifesaving-1.jpg\",\"width\":2216,\"height\":2217},{\"@type\":\"BreadcrumbList\",\"@id\":\"https:\/\/monofinshop.de\/product\/lebensrettung-carbon-flossen\/#breadcrumb\",\"itemListElement\":[{\"@type\":\"ListItem\",\"position\":1,\"name\":\"Home\",\"item\":\"https:\/\/monofinshop.de\/\"},{\"@type\":\"ListItem\",\"position\":2,\"name\":\"Shop\",\"item\":\"https:\/\/monofinshop.de\/shop\/\"},{\"@type\":\"ListItem\",\"position\":3,\"name\":\"Lebensrettung Carbon flossen\"}]},{\"@type\":\"WebSite\",\"@id\":\"https:\/\/monofinshop.de\/#website\",\"url\":\"https:\/\/monofinshop.de\/\",\"name\":\"Monofinshop.de\",\"description\":\"Flossenschwimmen Shop\",\"potentialAction\":[{\"@type\":\"SearchAction\",\"target\":{\"@type\":\"EntryPoint\",\"urlTemplate\":\"https:\/\/monofinshop.de\/?s={search_term_string}\"},\"query-input\":{\"@type\":\"PropertyValueSpecification\",\"valueRequired\":true,\"valueName\":\"search_term_string\"}}],\"inLanguage\":\"en-CA\"}]}<\/script>\n<!-- \/ Yoast SEO plugin. -->","yoast_head_json":{"title":"WaterWay Lifesaving Carbon Flossen \u2013 Profi-Rettungsflossen","description":"Entdecken Sie die WaterWay Lifesaving Carbon Flossen \u2013 professionelle Rettungsflossen aus Carbon. Ideal f\u00fcr Rettungsschwimmer","robots":{"index":"index","follow":"follow","max-snippet":"max-snippet:-1","max-image-preview":"max-image-preview:large","max-video-preview":"max-video-preview:-1"},"canonical":"https:\/\/monofinshop.de\/en\/product\/lebensrettung-carbon-flossen\/","og_locale":"en_US","og_type":"article","og_title":"WaterWay Lifesaving Carbon Flossen \u2013 Profi-Rettungsflossen","og_description":"Entdecken Sie die WaterWay Lifesaving Carbon Flossen \u2013 professionelle Rettungsflossen aus Carbon. Ideal f\u00fcr Rettungsschwimmer","og_url":"https:\/\/monofinshop.de\/en\/product\/lebensrettung-carbon-flossen\/","og_site_name":"Monofinshop.de","article_modified_time":"2026-01-29T16:31:05+00:00","og_image":[{"width":2216,"height":2217,"url":"https:\/\/monofinshop.de\/wp-content\/uploads\/2023\/01\/Carbon-Lifesaving-1.jpg","type":"image\/jpeg"}],"twitter_card":"summary_large_image","twitter_misc":{"Est. reading time":"1 minute"},"schema":{"@context":"https:\/\/schema.org","@graph":[{"@type":"WebPage","@id":"https:\/\/monofinshop.de\/product\/lebensrettung-carbon-flossen\/","url":"https:\/\/monofinshop.de\/product\/lebensrettung-carbon-flossen\/","name":"WaterWay Lifesaving Carbon Flossen \u2013 Profi-Rettungsflossen","isPartOf":{"@id":"https:\/\/monofinshop.de\/#website"},"primaryImageOfPage":{"@id":"https:\/\/monofinshop.de\/product\/lebensrettung-carbon-flossen\/#primaryimage"},"image":{"@id":"https:\/\/monofinshop.de\/product\/lebensrettung-carbon-flossen\/#primaryimage"},"thumbnailUrl":"https:\/\/monofinshop.de\/wp-content\/uploads\/2023\/01\/Carbon-Lifesaving-1.jpg","datePublished":"2023-02-24T16:47:57+00:00","dateModified":"2026-01-29T16:31:05+00:00","description":"Entdecken Sie die WaterWay Lifesaving Carbon Flossen \u2013 professionelle Rettungsflossen aus Carbon. Ideal f\u00fcr Rettungsschwimmer","breadcrumb":{"@id":"https:\/\/monofinshop.de\/product\/lebensrettung-carbon-flossen\/#breadcrumb"},"inLanguage":"en-CA","potentialAction":[{"@type":"ReadAction","target":["https:\/\/monofinshop.de\/product\/lebensrettung-carbon-flossen\/"]}]},{"@type":"ImageObject","inLanguage":"en-CA","@id":"https:\/\/monofinshop.de\/product\/lebensrettung-carbon-flossen\/#primaryimage","url":"https:\/\/monofinshop.de\/wp-content\/uploads\/2023\/01\/Carbon-Lifesaving-1.jpg","contentUrl":"https:\/\/monofinshop.de\/wp-content\/uploads\/2023\/01\/Carbon-Lifesaving-1.jpg","width":2216,"height":2217},{"@type":"BreadcrumbList","@id":"https:\/\/monofinshop.de\/product\/lebensrettung-carbon-flossen\/#breadcrumb","itemListElement":[{"@type":"ListItem","position":1,"name":"Home","item":"https:\/\/monofinshop.de\/"},{"@type":"ListItem","position":2,"name":"Shop","item":"https:\/\/monofinshop.de\/shop\/"},{"@type":"ListItem","position":3,"name":"Lebensrettung Carbon flossen"}]},{"@type":"WebSite","@id":"https:\/\/monofinshop.de\/#website","url":"https:\/\/monofinshop.de\/","name":"Monofinshop.de","description":"Flossenschwimmen Shop","potentialAction":[{"@type":"SearchAction","target":{"@type":"EntryPoint","urlTemplate":"https:\/\/monofinshop.de\/?s={search_term_string}"},"query-input":{"@type":"PropertyValueSpecification","valueRequired":true,"valueName":"search_term_string"}}],"inLanguage":"en-CA"}]}},"_links":{"self":[{"href":"https:\/\/monofinshop.de\/en\/wp-json\/wp\/v2\/product\/11235","targetHints":{"allow":["GET"]}}],"collection":[{"href":"https:\/\/monofinshop.de\/en\/wp-json\/wp\/v2\/product"}],"about":[{"href":"https:\/\/monofinshop.de\/en\/wp-json\/wp\/v2\/types\/product"}],"version-history":[{"count":5,"href":"https:\/\/monofinshop.de\/en\/wp-json\/wp\/v2\/product\/11235\/revisions"}],"predecessor-version":[{"id":12450,"href":"https:\/\/monofinshop.de\/en\/wp-json\/wp\/v2\/product\/11235\/revisions\/12450"}],"wp:featuredmedia":[{"embeddable":true,"href":"https:\/\/monofinshop.de\/en\/wp-json\/wp\/v2\/media\/4763"}],"wp:attachment":[{"href":"https:\/\/monofinshop.de\/en\/wp-json\/wp\/v2\/media?parent=11235"}],"wp:term":[{"taxonomy":"product_brand","embeddable":true,"href":"https:\/\/monofinshop.de\/en\/wp-json\/wp\/v2\/product_brand?post=11235"},{"taxonomy":"product_cat","embeddable":true,"href":"https:\/\/monofinshop.de\/en\/wp-json\/wp\/v2\/product_cat?post=11235"},{"taxonomy":"product_tag","embeddable":true,"href":"https:\/\/monofinshop.de\/en\/wp-json\/wp\/v2\/product_tag?post=11235"}],"curies":[{"name":"wp","href":"https:\/\/api.w.org\/{rel}","templated":true}]}}