{"id":11233,"date":"2023-02-24T16:47:57","date_gmt":"2023-02-24T16:47:57","guid":{"rendered":"https:\/\/monofinshop.de\/?post_type=product&#038;p=11233"},"modified":"2024-04-18T15:31:38","modified_gmt":"2024-04-18T15:31:38","slug":"lang-flossen-hart-case-suitcase","status":"publish","type":"product","link":"https:\/\/monofinshop.de\/en\/product\/lang-flossen-hart-case-suitcase\/","title":{"rendered":"Lang Flossen hart case Suitcase"},"content":{"rendered":"<h1>Lang Flossen hart case Suitcase<\/h1>\n<p>Hochwertiger Hartschalenkoffer f\u00fcr Tauch- und Spearfishing-Flossen auf Reisen.<\/p>\n<p>Der Langflossen-Hartschalenkoffer besteht aus hochbelastbarem ABS-Kunststoff.<\/p>\n<p>Er verf\u00fcgt \u00fcber zwei R\u00e4der, einen R\u00fcckengurt und einen Tragegriff.<\/p>\n<p>Ma\u00dfe: 1100 x 370 x 300 mm \/ 43,3 x 14,6 x 11,8 Zoll<\/p>\n<p>Gewicht: 4,5 kg \/ 8,8 lbs<\/p>","protected":false},"excerpt":{"rendered":"<p>Lang Flossen hart case Suitcase Hochwertiger Hartschalenkoffer f\u00fcr Tauch- und Spearfishing-Flossen auf Reisen. Der Langflossen-Hartschalenkoffer besteht aus hochbelastbarem ABS-Kunststoff. Er verf\u00fcgt \u00fcber zwei R\u00e4der, einen R\u00fcckengurt und einen Tragegriff. Ma\u00dfe: 1100 x 370 x 300 mm \/ 43,3 x 14,6 x 11,8 Zoll Gewicht: 4,5 kg \/ 8,8 lbs<\/p>","protected":false},"featured_media":4057,"template":"","meta":[],"product_brand":[564],"product_cat":[439],"product_tag":[],"class_list":{"0":"post-11233","1":"product","2":"type-product","3":"status-publish","4":"has-post-thumbnail","6":"product_brand-waterway","7":"product_cat-taschen","9":"first","10":"instock","11":"shipping-taxable","12":"purchasable","13":"product-type-simple"},"yoast_head":"<!-- This site is optimized with the Yoast SEO plugin v27.2 - https:\/\/yoast.com\/product\/yoast-seo-wordpress\/ -->\n<title>Lang Flossen hart case Suitcase - Monofinshop.de<\/title>\n<meta name=\"robots\" content=\"index, follow, max-snippet:-1, max-image-preview:large, max-video-preview:-1\" \/>\n<link rel=\"canonical\" href=\"https:\/\/monofinshop.de\/en\/product\/lang-flossen-hart-case-suitcase\/\" \/>\n<meta property=\"og:locale\" content=\"en_US\" \/>\n<meta property=\"og:type\" content=\"article\" \/>\n<meta property=\"og:title\" content=\"Lang Flossen hart case Suitcase - Monofinshop.de\" \/>\n<meta property=\"og:description\" content=\"Lang Flossen hart case Suitcase Hochwertiger Hartschalenkoffer f\u00fcr Tauch- und Spearfishing-Flossen auf Reisen. Der Langflossen-Hartschalenkoffer besteht aus hochbelastbarem ABS-Kunststoff. Er verf\u00fcgt \u00fcber zwei R\u00e4der, einen R\u00fcckengurt und einen Tragegriff. Ma\u00dfe: 1100 x 370 x 300 mm \/ 43,3 x 14,6 x 11,8 Zoll Gewicht: 4,5 kg \/ 8,8 lbs\" \/>\n<meta property=\"og:url\" content=\"https:\/\/monofinshop.de\/en\/product\/lang-flossen-hart-case-suitcase\/\" \/>\n<meta property=\"og:site_name\" content=\"Monofinshop.de\" \/>\n<meta property=\"article:modified_time\" content=\"2024-04-18T15:31:38+00:00\" \/>\n<meta property=\"og:image\" content=\"https:\/\/monofinshop.de\/wp-content\/uploads\/2023\/01\/Long-fins-Hard-Case-1-scaled-1-1.jpg\" \/>\n\t<meta property=\"og:image:width\" content=\"2204\" \/>\n\t<meta property=\"og:image:height\" content=\"2560\" \/>\n\t<meta property=\"og:image:type\" content=\"image\/jpeg\" \/>\n<meta name=\"twitter:card\" content=\"summary_large_image\" \/>\n<script type=\"application\/ld+json\" class=\"yoast-schema-graph\">{\"@context\":\"https:\/\/schema.org\",\"@graph\":[{\"@type\":\"WebPage\",\"@id\":\"https:\/\/monofinshop.de\/product\/lang-flossen-hart-case-suitcase\/\",\"url\":\"https:\/\/monofinshop.de\/product\/lang-flossen-hart-case-suitcase\/\",\"name\":\"Lang Flossen hart case Suitcase - Monofinshop.de\",\"isPartOf\":{\"@id\":\"https:\/\/monofinshop.de\/#website\"},\"primaryImageOfPage\":{\"@id\":\"https:\/\/monofinshop.de\/product\/lang-flossen-hart-case-suitcase\/#primaryimage\"},\"image\":{\"@id\":\"https:\/\/monofinshop.de\/product\/lang-flossen-hart-case-suitcase\/#primaryimage\"},\"thumbnailUrl\":\"https:\/\/monofinshop.de\/wp-content\/uploads\/2023\/01\/Long-fins-Hard-Case-1-scaled-1-1.jpg\",\"datePublished\":\"2023-02-24T16:47:57+00:00\",\"dateModified\":\"2024-04-18T15:31:38+00:00\",\"breadcrumb\":{\"@id\":\"https:\/\/monofinshop.de\/product\/lang-flossen-hart-case-suitcase\/#breadcrumb\"},\"inLanguage\":\"en-CA\",\"potentialAction\":[{\"@type\":\"ReadAction\",\"target\":[\"https:\/\/monofinshop.de\/product\/lang-flossen-hart-case-suitcase\/\"]}]},{\"@type\":\"ImageObject\",\"inLanguage\":\"en-CA\",\"@id\":\"https:\/\/monofinshop.de\/product\/lang-flossen-hart-case-suitcase\/#primaryimage\",\"url\":\"https:\/\/monofinshop.de\/wp-content\/uploads\/2023\/01\/Long-fins-Hard-Case-1-scaled-1-1.jpg\",\"contentUrl\":\"https:\/\/monofinshop.de\/wp-content\/uploads\/2023\/01\/Long-fins-Hard-Case-1-scaled-1-1.jpg\",\"width\":2204,\"height\":2560},{\"@type\":\"BreadcrumbList\",\"@id\":\"https:\/\/monofinshop.de\/product\/lang-flossen-hart-case-suitcase\/#breadcrumb\",\"itemListElement\":[{\"@type\":\"ListItem\",\"position\":1,\"name\":\"Home\",\"item\":\"https:\/\/monofinshop.de\/\"},{\"@type\":\"ListItem\",\"position\":2,\"name\":\"Shop\",\"item\":\"https:\/\/monofinshop.de\/shop\/\"},{\"@type\":\"ListItem\",\"position\":3,\"name\":\"Lang Flossen hart case Suitcase\"}]},{\"@type\":\"WebSite\",\"@id\":\"https:\/\/monofinshop.de\/#website\",\"url\":\"https:\/\/monofinshop.de\/\",\"name\":\"Monofinshop.de\",\"description\":\"Flossenschwimmen Shop\",\"potentialAction\":[{\"@type\":\"SearchAction\",\"target\":{\"@type\":\"EntryPoint\",\"urlTemplate\":\"https:\/\/monofinshop.de\/?s={search_term_string}\"},\"query-input\":{\"@type\":\"PropertyValueSpecification\",\"valueRequired\":true,\"valueName\":\"search_term_string\"}}],\"inLanguage\":\"en-CA\"}]}<\/script>\n<!-- \/ Yoast SEO plugin. -->","yoast_head_json":{"title":"Lang Flossen hart case Suitcase - Monofinshop.de","robots":{"index":"index","follow":"follow","max-snippet":"max-snippet:-1","max-image-preview":"max-image-preview:large","max-video-preview":"max-video-preview:-1"},"canonical":"https:\/\/monofinshop.de\/en\/product\/lang-flossen-hart-case-suitcase\/","og_locale":"en_US","og_type":"article","og_title":"Lang Flossen hart case Suitcase - Monofinshop.de","og_description":"Lang Flossen hart case Suitcase Hochwertiger Hartschalenkoffer f\u00fcr Tauch- und Spearfishing-Flossen auf Reisen. Der Langflossen-Hartschalenkoffer besteht aus hochbelastbarem ABS-Kunststoff. Er verf\u00fcgt \u00fcber zwei R\u00e4der, einen R\u00fcckengurt und einen Tragegriff. Ma\u00dfe: 1100 x 370 x 300 mm \/ 43,3 x 14,6 x 11,8 Zoll Gewicht: 4,5 kg \/ 8,8 lbs","og_url":"https:\/\/monofinshop.de\/en\/product\/lang-flossen-hart-case-suitcase\/","og_site_name":"Monofinshop.de","article_modified_time":"2024-04-18T15:31:38+00:00","og_image":[{"width":2204,"height":2560,"url":"https:\/\/monofinshop.de\/wp-content\/uploads\/2023\/01\/Long-fins-Hard-Case-1-scaled-1-1.jpg","type":"image\/jpeg"}],"twitter_card":"summary_large_image","schema":{"@context":"https:\/\/schema.org","@graph":[{"@type":"WebPage","@id":"https:\/\/monofinshop.de\/product\/lang-flossen-hart-case-suitcase\/","url":"https:\/\/monofinshop.de\/product\/lang-flossen-hart-case-suitcase\/","name":"Lang Flossen hart case Suitcase - Monofinshop.de","isPartOf":{"@id":"https:\/\/monofinshop.de\/#website"},"primaryImageOfPage":{"@id":"https:\/\/monofinshop.de\/product\/lang-flossen-hart-case-suitcase\/#primaryimage"},"image":{"@id":"https:\/\/monofinshop.de\/product\/lang-flossen-hart-case-suitcase\/#primaryimage"},"thumbnailUrl":"https:\/\/monofinshop.de\/wp-content\/uploads\/2023\/01\/Long-fins-Hard-Case-1-scaled-1-1.jpg","datePublished":"2023-02-24T16:47:57+00:00","dateModified":"2024-04-18T15:31:38+00:00","breadcrumb":{"@id":"https:\/\/monofinshop.de\/product\/lang-flossen-hart-case-suitcase\/#breadcrumb"},"inLanguage":"en-CA","potentialAction":[{"@type":"ReadAction","target":["https:\/\/monofinshop.de\/product\/lang-flossen-hart-case-suitcase\/"]}]},{"@type":"ImageObject","inLanguage":"en-CA","@id":"https:\/\/monofinshop.de\/product\/lang-flossen-hart-case-suitcase\/#primaryimage","url":"https:\/\/monofinshop.de\/wp-content\/uploads\/2023\/01\/Long-fins-Hard-Case-1-scaled-1-1.jpg","contentUrl":"https:\/\/monofinshop.de\/wp-content\/uploads\/2023\/01\/Long-fins-Hard-Case-1-scaled-1-1.jpg","width":2204,"height":2560},{"@type":"BreadcrumbList","@id":"https:\/\/monofinshop.de\/product\/lang-flossen-hart-case-suitcase\/#breadcrumb","itemListElement":[{"@type":"ListItem","position":1,"name":"Home","item":"https:\/\/monofinshop.de\/"},{"@type":"ListItem","position":2,"name":"Shop","item":"https:\/\/monofinshop.de\/shop\/"},{"@type":"ListItem","position":3,"name":"Lang Flossen hart case Suitcase"}]},{"@type":"WebSite","@id":"https:\/\/monofinshop.de\/#website","url":"https:\/\/monofinshop.de\/","name":"Monofinshop.de","description":"Flossenschwimmen Shop","potentialAction":[{"@type":"SearchAction","target":{"@type":"EntryPoint","urlTemplate":"https:\/\/monofinshop.de\/?s={search_term_string}"},"query-input":{"@type":"PropertyValueSpecification","valueRequired":true,"valueName":"search_term_string"}}],"inLanguage":"en-CA"}]}},"_links":{"self":[{"href":"https:\/\/monofinshop.de\/en\/wp-json\/wp\/v2\/product\/11233","targetHints":{"allow":["GET"]}}],"collection":[{"href":"https:\/\/monofinshop.de\/en\/wp-json\/wp\/v2\/product"}],"about":[{"href":"https:\/\/monofinshop.de\/en\/wp-json\/wp\/v2\/types\/product"}],"version-history":[{"count":2,"href":"https:\/\/monofinshop.de\/en\/wp-json\/wp\/v2\/product\/11233\/revisions"}],"predecessor-version":[{"id":12307,"href":"https:\/\/monofinshop.de\/en\/wp-json\/wp\/v2\/product\/11233\/revisions\/12307"}],"wp:featuredmedia":[{"embeddable":true,"href":"https:\/\/monofinshop.de\/en\/wp-json\/wp\/v2\/media\/4057"}],"wp:attachment":[{"href":"https:\/\/monofinshop.de\/en\/wp-json\/wp\/v2\/media?parent=11233"}],"wp:term":[{"taxonomy":"product_brand","embeddable":true,"href":"https:\/\/monofinshop.de\/en\/wp-json\/wp\/v2\/product_brand?post=11233"},{"taxonomy":"product_cat","embeddable":true,"href":"https:\/\/monofinshop.de\/en\/wp-json\/wp\/v2\/product_cat?post=11233"},{"taxonomy":"product_tag","embeddable":true,"href":"https:\/\/monofinshop.de\/en\/wp-json\/wp\/v2\/product_tag?post=11233"}],"curies":[{"name":"wp","href":"https:\/\/api.w.org\/{rel}","templated":true}]}}