{"id":11207,"date":"2023-02-24T16:47:55","date_gmt":"2023-02-24T16:47:55","guid":{"rendered":"https:\/\/monofinshop.de\/?post_type=product&#038;p=11207"},"modified":"2025-07-01T23:09:34","modified_gmt":"2025-07-01T23:09:34","slug":"junior-lebensrettung-flossen","status":"publish","type":"product","link":"https:\/\/monofinshop.de\/en\/product\/junior-lebensrettung-flossen\/","title":{"rendered":"Junior Lebensrettung flossen"},"content":{"rendered":"<h1>Junior Lebensrettung flossen<\/h1>\n<h3>Junior-Lifesaving-Flossen \u2013 Trainingsflossen f\u00fcr Kinder im Rettungssport<\/h3>\n<p>Geben Sie jungen Rettungssportlern das passende Werkzeug f\u00fcr ihren Erfolg: die <i>WaterWay Junior Lifesaving Fins<\/i> \u2013 speziell entwickelt f\u00fcr Kinder und Jugendliche im Training f\u00fcr Rettungsschwimmen, Lifesaving-Sport und Juniorenwettk\u00e4mpfe. Ausgestattet mit leichten Fiberglasbl\u00e4ttern und bequemen Gummifu\u00dftaschen bieten diese Flossen hervorragenden Vortrieb, Kontrolle und Sicherheit im Wasser.<\/p>\n<h5>Hauptmerkmale:<\/h5>\n<ul>\n<li>Fiberglasbl\u00e4tter \u2013 reaktionsfreudig, flexibel und ideal f\u00fcr junge Schwimmer<\/li>\n<li>Angepasst an kleinere Fu\u00dfgr\u00f6\u00dfen und geringeres K\u00f6rpergewicht<\/li>\n<li>Weiche, bequeme Gummifu\u00dftaschen f\u00fcr sicheren Halt<\/li>\n<li>Ideal f\u00fcr Schwimmvereine, Jugendtrainingsprogramme und Wettkampfvorbereitung<\/li>\n<li>Effizienter Vortrieb bei gleichzeitig reduzierter Erm\u00fcdung<\/li>\n<li>Hergestellt von WaterWay Fins, einem Weltmarktf\u00fchrer im Rettungssport<\/li>\n<\/ul>\n<h5>Warum diese Flossen perfekt f\u00fcr Kinder sind<\/h5>\n<p>Diese Junior-Lifesaving-Flossen helfen jungen Schwimmern, die richtige Beintechnik zu erlernen, ihre Geschwindigkeit zu verbessern und Ausdauer aufzubauen \u2013 und das auf eine unkomplizierte und spa\u00dfige Weise. Ob im Schwimmbadtraining, bei Jugendrettungs\u00fcbungen oder Juniorenmeisterschaften: Sie sind eine verl\u00e4ssliche und leistungsstarke Wahl.<\/p>\n<h5>Ideal f\u00fcr:<\/h5>\n<ul>\n<li>Kinder und Jugendliche im Rettungssport oder in der Schwimmschule<\/li>\n<li>Jugendvereine im Training f\u00fcr Lifesaving-Wettbewerbe<\/li>\n<\/ul>\n<p>&nbsp;<\/p>\n<p>&nbsp;<\/p>","protected":false},"excerpt":{"rendered":"<p>Junior Lebensrettung flossen Junior-Lifesaving-Flossen \u2013 Trainingsflossen f\u00fcr Kinder im Rettungssport Geben Sie jungen Rettungssportlern das passende Werkzeug f\u00fcr ihren Erfolg: die WaterWay Junior Lifesaving Fins \u2013 speziell entwickelt f\u00fcr Kinder und Jugendliche im Training f\u00fcr Rettungsschwimmen, Lifesaving-Sport und Juniorenwettk\u00e4mpfe. Ausgestattet mit leichten Fiberglasbl\u00e4ttern und bequemen Gummifu\u00dftaschen bieten diese Flossen hervorragenden Vortrieb, Kontrolle und Sicherheit im Wasser. Hauptmerkmale: Fiberglasbl\u00e4tter \u2013 reaktionsfreudig, flexibel und ideal f\u00fcr junge Schwimmer Angepasst an kleinere Fu\u00dfgr\u00f6\u00dfen und geringeres K\u00f6rpergewicht Weiche, bequeme Gummifu\u00dftaschen f\u00fcr sicheren Halt Ideal f\u00fcr Schwimmvereine, Jugendtrainingsprogramme und Wettkampfvorbereitung Effizienter Vortrieb bei gleichzeitig reduzierter Erm\u00fcdung Hergestellt von WaterWay Fins, einem Weltmarktf\u00fchrer im Rettungssport Warum diese Flossen perfekt f\u00fcr Kinder sind Diese Junior-Lifesaving-Flossen helfen jungen Schwimmern, die richtige Beintechnik zu erlernen, ihre Geschwindigkeit zu verbessern und Ausdauer aufzubauen \u2013 und das auf eine unkomplizierte und spa\u00dfige Weise. Ob im Schwimmbadtraining, bei Jugendrettungs\u00fcbungen oder Juniorenmeisterschaften: Sie sind eine verl\u00e4ssliche und leistungsstarke Wahl. Ideal f\u00fcr: Kinder und Jugendliche im Rettungssport oder in der Schwimmschule Jugendvereine im Training f\u00fcr Lifesaving-Wettbewerbe &nbsp; &nbsp;<\/p>","protected":false},"featured_media":3144,"template":"","meta":[],"product_brand":[564],"product_cat":[409,541],"product_tag":[],"class_list":{"0":"post-11207","1":"product","2":"type-product","3":"status-publish","4":"has-post-thumbnail","6":"product_brand-waterway","7":"product_cat-flossen","8":"product_cat-lebensrettung-flossen","10":"first","11":"instock","12":"featured","13":"shipping-taxable","14":"purchasable","15":"product-type-variable"},"yoast_head":"<!-- This site is optimized with the Yoast SEO plugin v27.2 - https:\/\/yoast.com\/product\/yoast-seo-wordpress\/ -->\n<title>Junior Lifesaving Flossen \u2013 Trainingsflossen f\u00fcr Kinder<\/title>\n<meta name=\"description\" content=\"Entdecken Sie die Junior Lifesaving Flossen von WaterWay \u2013 speziell entwickelt f\u00fcr Kinder und Jugendliche im Rettungsschwimmen. Ideal f\u00fcr Training\" \/>\n<meta name=\"robots\" content=\"index, follow, max-snippet:-1, max-image-preview:large, max-video-preview:-1\" \/>\n<link rel=\"canonical\" href=\"https:\/\/monofinshop.de\/en\/product\/junior-lebensrettung-flossen\/\" \/>\n<meta property=\"og:locale\" content=\"en_US\" \/>\n<meta property=\"og:type\" content=\"article\" \/>\n<meta property=\"og:title\" content=\"Junior Lifesaving Flossen \u2013 Trainingsflossen f\u00fcr Kinder\" \/>\n<meta property=\"og:description\" content=\"Entdecken Sie die Junior Lifesaving Flossen von WaterWay \u2013 speziell entwickelt f\u00fcr Kinder und Jugendliche im Rettungsschwimmen. Ideal f\u00fcr Training\" \/>\n<meta property=\"og:url\" content=\"https:\/\/monofinshop.de\/en\/product\/junior-lebensrettung-flossen\/\" \/>\n<meta property=\"og:site_name\" content=\"Monofinshop.de\" \/>\n<meta property=\"article:modified_time\" content=\"2025-07-01T23:09:34+00:00\" \/>\n<meta property=\"og:image\" content=\"https:\/\/monofinshop.de\/wp-content\/uploads\/2023\/01\/Junior-Lifesaving-Fins-1.jpg\" \/>\n\t<meta property=\"og:image:width\" content=\"2121\" \/>\n\t<meta property=\"og:image:height\" content=\"2459\" \/>\n\t<meta property=\"og:image:type\" content=\"image\/jpeg\" \/>\n<meta name=\"twitter:card\" content=\"summary_large_image\" \/>\n<meta name=\"twitter:label1\" content=\"Est. reading time\" \/>\n\t<meta name=\"twitter:data1\" content=\"1 minute\" \/>\n<script type=\"application\/ld+json\" class=\"yoast-schema-graph\">{\"@context\":\"https:\/\/schema.org\",\"@graph\":[{\"@type\":\"WebPage\",\"@id\":\"https:\/\/monofinshop.de\/product\/junior-lebensrettung-flossen\/\",\"url\":\"https:\/\/monofinshop.de\/product\/junior-lebensrettung-flossen\/\",\"name\":\"Junior Lifesaving Flossen \u2013 Trainingsflossen f\u00fcr Kinder\",\"isPartOf\":{\"@id\":\"https:\/\/monofinshop.de\/#website\"},\"primaryImageOfPage\":{\"@id\":\"https:\/\/monofinshop.de\/product\/junior-lebensrettung-flossen\/#primaryimage\"},\"image\":{\"@id\":\"https:\/\/monofinshop.de\/product\/junior-lebensrettung-flossen\/#primaryimage\"},\"thumbnailUrl\":\"https:\/\/monofinshop.de\/wp-content\/uploads\/2023\/01\/Junior-Lifesaving-Fins-1.jpg\",\"datePublished\":\"2023-02-24T16:47:55+00:00\",\"dateModified\":\"2025-07-01T23:09:34+00:00\",\"description\":\"Entdecken Sie die Junior Lifesaving Flossen von WaterWay \u2013 speziell entwickelt f\u00fcr Kinder und Jugendliche im Rettungsschwimmen. Ideal f\u00fcr Training\",\"breadcrumb\":{\"@id\":\"https:\/\/monofinshop.de\/product\/junior-lebensrettung-flossen\/#breadcrumb\"},\"inLanguage\":\"en-CA\",\"potentialAction\":[{\"@type\":\"ReadAction\",\"target\":[\"https:\/\/monofinshop.de\/product\/junior-lebensrettung-flossen\/\"]}]},{\"@type\":\"ImageObject\",\"inLanguage\":\"en-CA\",\"@id\":\"https:\/\/monofinshop.de\/product\/junior-lebensrettung-flossen\/#primaryimage\",\"url\":\"https:\/\/monofinshop.de\/wp-content\/uploads\/2023\/01\/Junior-Lifesaving-Fins-1.jpg\",\"contentUrl\":\"https:\/\/monofinshop.de\/wp-content\/uploads\/2023\/01\/Junior-Lifesaving-Fins-1.jpg\",\"width\":2121,\"height\":2459},{\"@type\":\"BreadcrumbList\",\"@id\":\"https:\/\/monofinshop.de\/product\/junior-lebensrettung-flossen\/#breadcrumb\",\"itemListElement\":[{\"@type\":\"ListItem\",\"position\":1,\"name\":\"Home\",\"item\":\"https:\/\/monofinshop.de\/\"},{\"@type\":\"ListItem\",\"position\":2,\"name\":\"Shop\",\"item\":\"https:\/\/monofinshop.de\/shop\/\"},{\"@type\":\"ListItem\",\"position\":3,\"name\":\"Junior Lebensrettung flossen\"}]},{\"@type\":\"WebSite\",\"@id\":\"https:\/\/monofinshop.de\/#website\",\"url\":\"https:\/\/monofinshop.de\/\",\"name\":\"Monofinshop.de\",\"description\":\"Flossenschwimmen Shop\",\"potentialAction\":[{\"@type\":\"SearchAction\",\"target\":{\"@type\":\"EntryPoint\",\"urlTemplate\":\"https:\/\/monofinshop.de\/?s={search_term_string}\"},\"query-input\":{\"@type\":\"PropertyValueSpecification\",\"valueRequired\":true,\"valueName\":\"search_term_string\"}}],\"inLanguage\":\"en-CA\"}]}<\/script>\n<!-- \/ Yoast SEO plugin. -->","yoast_head_json":{"title":"Junior Lifesaving Flossen \u2013 Trainingsflossen f\u00fcr Kinder","description":"Entdecken Sie die Junior Lifesaving Flossen von WaterWay \u2013 speziell entwickelt f\u00fcr Kinder und Jugendliche im Rettungsschwimmen. Ideal f\u00fcr Training","robots":{"index":"index","follow":"follow","max-snippet":"max-snippet:-1","max-image-preview":"max-image-preview:large","max-video-preview":"max-video-preview:-1"},"canonical":"https:\/\/monofinshop.de\/en\/product\/junior-lebensrettung-flossen\/","og_locale":"en_US","og_type":"article","og_title":"Junior Lifesaving Flossen \u2013 Trainingsflossen f\u00fcr Kinder","og_description":"Entdecken Sie die Junior Lifesaving Flossen von WaterWay \u2013 speziell entwickelt f\u00fcr Kinder und Jugendliche im Rettungsschwimmen. Ideal f\u00fcr Training","og_url":"https:\/\/monofinshop.de\/en\/product\/junior-lebensrettung-flossen\/","og_site_name":"Monofinshop.de","article_modified_time":"2025-07-01T23:09:34+00:00","og_image":[{"width":2121,"height":2459,"url":"https:\/\/monofinshop.de\/wp-content\/uploads\/2023\/01\/Junior-Lifesaving-Fins-1.jpg","type":"image\/jpeg"}],"twitter_card":"summary_large_image","twitter_misc":{"Est. reading time":"1 minute"},"schema":{"@context":"https:\/\/schema.org","@graph":[{"@type":"WebPage","@id":"https:\/\/monofinshop.de\/product\/junior-lebensrettung-flossen\/","url":"https:\/\/monofinshop.de\/product\/junior-lebensrettung-flossen\/","name":"Junior Lifesaving Flossen \u2013 Trainingsflossen f\u00fcr Kinder","isPartOf":{"@id":"https:\/\/monofinshop.de\/#website"},"primaryImageOfPage":{"@id":"https:\/\/monofinshop.de\/product\/junior-lebensrettung-flossen\/#primaryimage"},"image":{"@id":"https:\/\/monofinshop.de\/product\/junior-lebensrettung-flossen\/#primaryimage"},"thumbnailUrl":"https:\/\/monofinshop.de\/wp-content\/uploads\/2023\/01\/Junior-Lifesaving-Fins-1.jpg","datePublished":"2023-02-24T16:47:55+00:00","dateModified":"2025-07-01T23:09:34+00:00","description":"Entdecken Sie die Junior Lifesaving Flossen von WaterWay \u2013 speziell entwickelt f\u00fcr Kinder und Jugendliche im Rettungsschwimmen. Ideal f\u00fcr Training","breadcrumb":{"@id":"https:\/\/monofinshop.de\/product\/junior-lebensrettung-flossen\/#breadcrumb"},"inLanguage":"en-CA","potentialAction":[{"@type":"ReadAction","target":["https:\/\/monofinshop.de\/product\/junior-lebensrettung-flossen\/"]}]},{"@type":"ImageObject","inLanguage":"en-CA","@id":"https:\/\/monofinshop.de\/product\/junior-lebensrettung-flossen\/#primaryimage","url":"https:\/\/monofinshop.de\/wp-content\/uploads\/2023\/01\/Junior-Lifesaving-Fins-1.jpg","contentUrl":"https:\/\/monofinshop.de\/wp-content\/uploads\/2023\/01\/Junior-Lifesaving-Fins-1.jpg","width":2121,"height":2459},{"@type":"BreadcrumbList","@id":"https:\/\/monofinshop.de\/product\/junior-lebensrettung-flossen\/#breadcrumb","itemListElement":[{"@type":"ListItem","position":1,"name":"Home","item":"https:\/\/monofinshop.de\/"},{"@type":"ListItem","position":2,"name":"Shop","item":"https:\/\/monofinshop.de\/shop\/"},{"@type":"ListItem","position":3,"name":"Junior Lebensrettung flossen"}]},{"@type":"WebSite","@id":"https:\/\/monofinshop.de\/#website","url":"https:\/\/monofinshop.de\/","name":"Monofinshop.de","description":"Flossenschwimmen Shop","potentialAction":[{"@type":"SearchAction","target":{"@type":"EntryPoint","urlTemplate":"https:\/\/monofinshop.de\/?s={search_term_string}"},"query-input":{"@type":"PropertyValueSpecification","valueRequired":true,"valueName":"search_term_string"}}],"inLanguage":"en-CA"}]}},"_links":{"self":[{"href":"https:\/\/monofinshop.de\/en\/wp-json\/wp\/v2\/product\/11207","targetHints":{"allow":["GET"]}}],"collection":[{"href":"https:\/\/monofinshop.de\/en\/wp-json\/wp\/v2\/product"}],"about":[{"href":"https:\/\/monofinshop.de\/en\/wp-json\/wp\/v2\/types\/product"}],"version-history":[{"count":5,"href":"https:\/\/monofinshop.de\/en\/wp-json\/wp\/v2\/product\/11207\/revisions"}],"predecessor-version":[{"id":12449,"href":"https:\/\/monofinshop.de\/en\/wp-json\/wp\/v2\/product\/11207\/revisions\/12449"}],"wp:featuredmedia":[{"embeddable":true,"href":"https:\/\/monofinshop.de\/en\/wp-json\/wp\/v2\/media\/3144"}],"wp:attachment":[{"href":"https:\/\/monofinshop.de\/en\/wp-json\/wp\/v2\/media?parent=11207"}],"wp:term":[{"taxonomy":"product_brand","embeddable":true,"href":"https:\/\/monofinshop.de\/en\/wp-json\/wp\/v2\/product_brand?post=11207"},{"taxonomy":"product_cat","embeddable":true,"href":"https:\/\/monofinshop.de\/en\/wp-json\/wp\/v2\/product_cat?post=11207"},{"taxonomy":"product_tag","embeddable":true,"href":"https:\/\/monofinshop.de\/en\/wp-json\/wp\/v2\/product_tag?post=11207"}],"curies":[{"name":"wp","href":"https:\/\/api.w.org\/{rel}","templated":true}]}}