{"id":11187,"date":"2023-02-24T16:47:55","date_gmt":"2023-02-24T16:47:55","guid":{"rendered":"https:\/\/monofinshop.de\/?post_type=product&#038;p=11187"},"modified":"2026-01-29T16:35:22","modified_gmt":"2026-01-29T16:35:22","slug":"hand-made-glide-monoflosse","status":"publish","type":"product","link":"https:\/\/monofinshop.de\/en\/product\/hand-made-glide-monoflosse\/","title":{"rendered":"Hand-Made Glide Monoflosse"},"content":{"rendered":"<h1>Handgefertigte Glide Monoflosse<\/h1>\n<p>Als einer der \u00e4ltesten und fortschrittlichsten hersteller von professionellen monoflossen bleibt <strong>WaterWay<\/strong> innovativ und bietet kontinuierlich neue produkte und verbesserungen an. Manchmal erhalten wir anfragen f\u00fcr eine altmodische <strong>Glide\u00a0<\/strong><b>Monoflosse<\/b>\u00a0oder um die flosse mit einer zu 100% handgefertigten klinge auszustatten. Hier pr\u00e4sentieren wir die glide mit einer klinge im alten stil. das erste modell von glides mit solchen klingen wurde ende der 90er jahre bis anfang der 2000er jahre von der firma <strong>WaterWayFins<\/strong> vorgestellt.<\/p>\n<p>Der einzige unterschied zu den freediving- oder finswimming-glides liegt in der klinge. Einige professionelle athleten sagen, dass 100% handgefertigte klingen reaktionsfreudiger und effizienter sind.<\/p>\n<p>Wie alle waterway <strong>Glide monoflossen<\/strong> ist auch diese flosse mit der neuesten generation des gegossenen gummischuhteils von <strong>WaterWay<\/strong> ausgestattet, das einen optimalen halt der athletenf\u00fc\u00dfe erm\u00f6glicht und den bestm\u00f6glichen energie\u00fcbertrag gew\u00e4hrleistet. Die <strong>Glide monoflosse<\/strong> ist mit einem dichten gummifl\u00fcgel bedeckt, der die bewegung des athleten unter wasser unterst\u00fctzt und es erm\u00f6glicht, eine maximale strecke mit minimalem aufwand zur\u00fcckzulegen.<\/p>","protected":false},"excerpt":{"rendered":"<p>Handgefertigte Glide Monoflosse Als einer der \u00e4ltesten und fortschrittlichsten hersteller von professionellen monoflossen bleibt WaterWay innovativ und bietet kontinuierlich neue produkte und verbesserungen an. Manchmal erhalten wir anfragen f\u00fcr eine altmodische Glide\u00a0Monoflosse\u00a0oder um die flosse mit einer zu 100% handgefertigten klinge auszustatten. Hier pr\u00e4sentieren wir die glide mit einer klinge im alten stil. das erste modell von glides mit solchen klingen wurde ende der 90er jahre bis anfang der 2000er jahre von der firma WaterWayFins vorgestellt. Der einzige unterschied zu den freediving- oder finswimming-glides liegt in der klinge. Einige professionelle athleten sagen, dass 100% handgefertigte klingen reaktionsfreudiger und effizienter sind. Wie alle waterway Glide monoflossen ist auch diese flosse mit der neuesten generation des gegossenen gummischuhteils von WaterWay ausgestattet, das einen optimalen halt der athletenf\u00fc\u00dfe erm\u00f6glicht und den bestm\u00f6glichen energie\u00fcbertrag gew\u00e4hrleistet. Die Glide monoflosse ist mit einem dichten gummifl\u00fcgel bedeckt, der die bewegung des athleten unter wasser unterst\u00fctzt und es erm\u00f6glicht, eine maximale strecke mit minimalem aufwand zur\u00fcckzulegen.<\/p>","protected":false},"featured_media":2238,"template":"","meta":[],"product_brand":[564],"product_cat":[534,474,441,442],"product_tag":[],"class_list":{"0":"post-11187","1":"product","2":"type-product","3":"status-publish","4":"has-post-thumbnail","6":"product_brand-waterway","7":"product_cat-fuer-finswimming","8":"product_cat-fuer-freediving","9":"product_cat-monoflossen","10":"product_cat-wettkampf-monoflossen","12":"first","13":"instock","14":"shipping-taxable","15":"purchasable","16":"product-type-variable"},"yoast_head":"<!-- This site is optimized with the Yoast SEO plugin v27.2 - https:\/\/yoast.com\/product\/yoast-seo-wordpress\/ -->\n<title>Hand-Made Glide Monoflosse - Monofinshop.de<\/title>\n<meta name=\"description\" content=\"Als einer der \u00e4ltesten und fortschrittlichsten hersteller von professionellen monoflossen bleibt WaterWay innovativ und bietet kontinuierlich neue produkte und verbesserungen an. Manchmal erhalten wir anfragen f\u00fcr eine altmodische Glide\u00a0Monoflosse\u00a0oder um die flosse mit einer zu 100% handgefertigten klinge auszustatten. Hier pr\u00e4sentieren wir die glide mit einer klinge im alten stil. das erste modell von glides mit solchen klingen wurde ende der 90er jahre bis anfang der 2000er jahre von der firma WaterWayFins vorgestellt.\" \/>\n<meta name=\"robots\" content=\"index, follow, max-snippet:-1, max-image-preview:large, max-video-preview:-1\" \/>\n<link rel=\"canonical\" href=\"https:\/\/monofinshop.de\/en\/product\/hand-made-glide-monoflosse\/\" \/>\n<meta property=\"og:locale\" content=\"en_US\" \/>\n<meta property=\"og:type\" content=\"article\" \/>\n<meta property=\"og:title\" content=\"Hand-Made Glide Monoflosse - Monofinshop.de\" \/>\n<meta property=\"og:description\" content=\"Als einer der \u00e4ltesten und fortschrittlichsten hersteller von professionellen monoflossen bleibt WaterWay innovativ und bietet kontinuierlich neue produkte und verbesserungen an. Manchmal erhalten wir anfragen f\u00fcr eine altmodische Glide\u00a0Monoflosse\u00a0oder um die flosse mit einer zu 100% handgefertigten klinge auszustatten. Hier pr\u00e4sentieren wir die glide mit einer klinge im alten stil. das erste modell von glides mit solchen klingen wurde ende der 90er jahre bis anfang der 2000er jahre von der firma WaterWayFins vorgestellt.\" \/>\n<meta property=\"og:url\" content=\"https:\/\/monofinshop.de\/en\/product\/hand-made-glide-monoflosse\/\" \/>\n<meta property=\"og:site_name\" content=\"Monofinshop.de\" \/>\n<meta property=\"article:modified_time\" content=\"2026-01-29T16:35:22+00:00\" \/>\n<meta property=\"og:image\" content=\"https:\/\/monofinshop.de\/wp-content\/uploads\/2023\/01\/Glide-Fiber.jpg\" \/>\n\t<meta property=\"og:image:width\" content=\"2316\" \/>\n\t<meta property=\"og:image:height\" content=\"2348\" \/>\n\t<meta property=\"og:image:type\" content=\"image\/jpeg\" \/>\n<meta name=\"twitter:card\" content=\"summary_large_image\" \/>\n<meta name=\"twitter:label1\" content=\"Est. reading time\" \/>\n\t<meta name=\"twitter:data1\" content=\"1 minute\" \/>\n<script type=\"application\/ld+json\" class=\"yoast-schema-graph\">{\"@context\":\"https:\/\/schema.org\",\"@graph\":[{\"@type\":\"WebPage\",\"@id\":\"https:\/\/monofinshop.de\/product\/hand-made-glide-monoflosse\/\",\"url\":\"https:\/\/monofinshop.de\/product\/hand-made-glide-monoflosse\/\",\"name\":\"Hand-Made Glide Monoflosse - Monofinshop.de\",\"isPartOf\":{\"@id\":\"https:\/\/monofinshop.de\/#website\"},\"primaryImageOfPage\":{\"@id\":\"https:\/\/monofinshop.de\/product\/hand-made-glide-monoflosse\/#primaryimage\"},\"image\":{\"@id\":\"https:\/\/monofinshop.de\/product\/hand-made-glide-monoflosse\/#primaryimage\"},\"thumbnailUrl\":\"https:\/\/monofinshop.de\/wp-content\/uploads\/2023\/01\/Glide-Fiber.jpg\",\"datePublished\":\"2023-02-24T16:47:55+00:00\",\"dateModified\":\"2026-01-29T16:35:22+00:00\",\"description\":\"Als einer der \u00e4ltesten und fortschrittlichsten hersteller von professionellen monoflossen bleibt WaterWay innovativ und bietet kontinuierlich neue produkte und verbesserungen an. Manchmal erhalten wir anfragen f\u00fcr eine altmodische Glide\u00a0Monoflosse\u00a0oder um die flosse mit einer zu 100% handgefertigten klinge auszustatten. Hier pr\u00e4sentieren wir die glide mit einer klinge im alten stil. das erste modell von glides mit solchen klingen wurde ende der 90er jahre bis anfang der 2000er jahre von der firma WaterWayFins vorgestellt.\",\"breadcrumb\":{\"@id\":\"https:\/\/monofinshop.de\/product\/hand-made-glide-monoflosse\/#breadcrumb\"},\"inLanguage\":\"en-CA\",\"potentialAction\":[{\"@type\":\"ReadAction\",\"target\":[\"https:\/\/monofinshop.de\/product\/hand-made-glide-monoflosse\/\"]}]},{\"@type\":\"ImageObject\",\"inLanguage\":\"en-CA\",\"@id\":\"https:\/\/monofinshop.de\/product\/hand-made-glide-monoflosse\/#primaryimage\",\"url\":\"https:\/\/monofinshop.de\/wp-content\/uploads\/2023\/01\/Glide-Fiber.jpg\",\"contentUrl\":\"https:\/\/monofinshop.de\/wp-content\/uploads\/2023\/01\/Glide-Fiber.jpg\",\"width\":2316,\"height\":2348},{\"@type\":\"BreadcrumbList\",\"@id\":\"https:\/\/monofinshop.de\/product\/hand-made-glide-monoflosse\/#breadcrumb\",\"itemListElement\":[{\"@type\":\"ListItem\",\"position\":1,\"name\":\"Home\",\"item\":\"https:\/\/monofinshop.de\/\"},{\"@type\":\"ListItem\",\"position\":2,\"name\":\"Shop\",\"item\":\"https:\/\/monofinshop.de\/shop\/\"},{\"@type\":\"ListItem\",\"position\":3,\"name\":\"Hand-Made Glide Monoflosse\"}]},{\"@type\":\"WebSite\",\"@id\":\"https:\/\/monofinshop.de\/#website\",\"url\":\"https:\/\/monofinshop.de\/\",\"name\":\"Monofinshop.de\",\"description\":\"Flossenschwimmen Shop\",\"potentialAction\":[{\"@type\":\"SearchAction\",\"target\":{\"@type\":\"EntryPoint\",\"urlTemplate\":\"https:\/\/monofinshop.de\/?s={search_term_string}\"},\"query-input\":{\"@type\":\"PropertyValueSpecification\",\"valueRequired\":true,\"valueName\":\"search_term_string\"}}],\"inLanguage\":\"en-CA\"}]}<\/script>\n<!-- \/ Yoast SEO plugin. -->","yoast_head_json":{"title":"Hand-Made Glide Monoflosse - Monofinshop.de","description":"Als einer der \u00e4ltesten und fortschrittlichsten hersteller von professionellen monoflossen bleibt WaterWay innovativ und bietet kontinuierlich neue produkte und verbesserungen an. Manchmal erhalten wir anfragen f\u00fcr eine altmodische Glide\u00a0Monoflosse\u00a0oder um die flosse mit einer zu 100% handgefertigten klinge auszustatten. Hier pr\u00e4sentieren wir die glide mit einer klinge im alten stil. das erste modell von glides mit solchen klingen wurde ende der 90er jahre bis anfang der 2000er jahre von der firma WaterWayFins vorgestellt.","robots":{"index":"index","follow":"follow","max-snippet":"max-snippet:-1","max-image-preview":"max-image-preview:large","max-video-preview":"max-video-preview:-1"},"canonical":"https:\/\/monofinshop.de\/en\/product\/hand-made-glide-monoflosse\/","og_locale":"en_US","og_type":"article","og_title":"Hand-Made Glide Monoflosse - Monofinshop.de","og_description":"Als einer der \u00e4ltesten und fortschrittlichsten hersteller von professionellen monoflossen bleibt WaterWay innovativ und bietet kontinuierlich neue produkte und verbesserungen an. Manchmal erhalten wir anfragen f\u00fcr eine altmodische Glide\u00a0Monoflosse\u00a0oder um die flosse mit einer zu 100% handgefertigten klinge auszustatten. Hier pr\u00e4sentieren wir die glide mit einer klinge im alten stil. das erste modell von glides mit solchen klingen wurde ende der 90er jahre bis anfang der 2000er jahre von der firma WaterWayFins vorgestellt.","og_url":"https:\/\/monofinshop.de\/en\/product\/hand-made-glide-monoflosse\/","og_site_name":"Monofinshop.de","article_modified_time":"2026-01-29T16:35:22+00:00","og_image":[{"width":2316,"height":2348,"url":"https:\/\/monofinshop.de\/wp-content\/uploads\/2023\/01\/Glide-Fiber.jpg","type":"image\/jpeg"}],"twitter_card":"summary_large_image","twitter_misc":{"Est. reading time":"1 minute"},"schema":{"@context":"https:\/\/schema.org","@graph":[{"@type":"WebPage","@id":"https:\/\/monofinshop.de\/product\/hand-made-glide-monoflosse\/","url":"https:\/\/monofinshop.de\/product\/hand-made-glide-monoflosse\/","name":"Hand-Made Glide Monoflosse - Monofinshop.de","isPartOf":{"@id":"https:\/\/monofinshop.de\/#website"},"primaryImageOfPage":{"@id":"https:\/\/monofinshop.de\/product\/hand-made-glide-monoflosse\/#primaryimage"},"image":{"@id":"https:\/\/monofinshop.de\/product\/hand-made-glide-monoflosse\/#primaryimage"},"thumbnailUrl":"https:\/\/monofinshop.de\/wp-content\/uploads\/2023\/01\/Glide-Fiber.jpg","datePublished":"2023-02-24T16:47:55+00:00","dateModified":"2026-01-29T16:35:22+00:00","description":"Als einer der \u00e4ltesten und fortschrittlichsten hersteller von professionellen monoflossen bleibt WaterWay innovativ und bietet kontinuierlich neue produkte und verbesserungen an. Manchmal erhalten wir anfragen f\u00fcr eine altmodische Glide\u00a0Monoflosse\u00a0oder um die flosse mit einer zu 100% handgefertigten klinge auszustatten. Hier pr\u00e4sentieren wir die glide mit einer klinge im alten stil. das erste modell von glides mit solchen klingen wurde ende der 90er jahre bis anfang der 2000er jahre von der firma WaterWayFins vorgestellt.","breadcrumb":{"@id":"https:\/\/monofinshop.de\/product\/hand-made-glide-monoflosse\/#breadcrumb"},"inLanguage":"en-CA","potentialAction":[{"@type":"ReadAction","target":["https:\/\/monofinshop.de\/product\/hand-made-glide-monoflosse\/"]}]},{"@type":"ImageObject","inLanguage":"en-CA","@id":"https:\/\/monofinshop.de\/product\/hand-made-glide-monoflosse\/#primaryimage","url":"https:\/\/monofinshop.de\/wp-content\/uploads\/2023\/01\/Glide-Fiber.jpg","contentUrl":"https:\/\/monofinshop.de\/wp-content\/uploads\/2023\/01\/Glide-Fiber.jpg","width":2316,"height":2348},{"@type":"BreadcrumbList","@id":"https:\/\/monofinshop.de\/product\/hand-made-glide-monoflosse\/#breadcrumb","itemListElement":[{"@type":"ListItem","position":1,"name":"Home","item":"https:\/\/monofinshop.de\/"},{"@type":"ListItem","position":2,"name":"Shop","item":"https:\/\/monofinshop.de\/shop\/"},{"@type":"ListItem","position":3,"name":"Hand-Made Glide Monoflosse"}]},{"@type":"WebSite","@id":"https:\/\/monofinshop.de\/#website","url":"https:\/\/monofinshop.de\/","name":"Monofinshop.de","description":"Flossenschwimmen Shop","potentialAction":[{"@type":"SearchAction","target":{"@type":"EntryPoint","urlTemplate":"https:\/\/monofinshop.de\/?s={search_term_string}"},"query-input":{"@type":"PropertyValueSpecification","valueRequired":true,"valueName":"search_term_string"}}],"inLanguage":"en-CA"}]}},"_links":{"self":[{"href":"https:\/\/monofinshop.de\/en\/wp-json\/wp\/v2\/product\/11187","targetHints":{"allow":["GET"]}}],"collection":[{"href":"https:\/\/monofinshop.de\/en\/wp-json\/wp\/v2\/product"}],"about":[{"href":"https:\/\/monofinshop.de\/en\/wp-json\/wp\/v2\/types\/product"}],"version-history":[{"count":4,"href":"https:\/\/monofinshop.de\/en\/wp-json\/wp\/v2\/product\/11187\/revisions"}],"predecessor-version":[{"id":12302,"href":"https:\/\/monofinshop.de\/en\/wp-json\/wp\/v2\/product\/11187\/revisions\/12302"}],"wp:featuredmedia":[{"embeddable":true,"href":"https:\/\/monofinshop.de\/en\/wp-json\/wp\/v2\/media\/2238"}],"wp:attachment":[{"href":"https:\/\/monofinshop.de\/en\/wp-json\/wp\/v2\/media?parent=11187"}],"wp:term":[{"taxonomy":"product_brand","embeddable":true,"href":"https:\/\/monofinshop.de\/en\/wp-json\/wp\/v2\/product_brand?post=11187"},{"taxonomy":"product_cat","embeddable":true,"href":"https:\/\/monofinshop.de\/en\/wp-json\/wp\/v2\/product_cat?post=11187"},{"taxonomy":"product_tag","embeddable":true,"href":"https:\/\/monofinshop.de\/en\/wp-json\/wp\/v2\/product_tag?post=11187"}],"curies":[{"name":"wp","href":"https:\/\/api.w.org\/{rel}","templated":true}]}}