{"id":11163,"date":"2023-02-24T16:47:53","date_gmt":"2023-02-24T16:47:53","guid":{"rendered":"https:\/\/monofinshop.de\/?post_type=product&#038;p=11163"},"modified":"2024-01-15T19:36:26","modified_gmt":"2024-01-15T19:36:26","slug":"gummi-flossen-najade-speed","status":"publish","type":"product","link":"https:\/\/monofinshop.de\/en\/product\/gummi-flossen-najade-speed\/","title":{"rendered":"Gummi Flossen Najade Speed"},"content":{"rendered":"<div class=\"group w-full text-token-text-primary border-b border-black\/10 dark:border-gray-900\/50 bg-gray-50 dark:bg-[#444654]\" data-testid=\"conversation-turn-5\">\n<div class=\"p-4 justify-center text-base md:gap-6 md:py-6 m-auto\">\n<div class=\"flex flex-1 gap-4 text-base mx-auto md:gap-6 md:max-w-2xl lg:max-w-[38rem] xl:max-w-3xl }\">\n<div class=\"relative flex w-[calc(100%-50px)] flex-col gap-1 md:gap-3 lg:w-[calc(100%-115px)]\">\n<div class=\"flex flex-grow flex-col gap-3 max-w-full\">\n<div class=\"min-h-[20px] flex flex-col items-start gap-3 overflow-x-auto whitespace-pre-wrap break-words\">\n<div class=\"markdown prose w-full break-words dark:prose-invert light\">\n<p>NAJADE-Flossen verleihen dem Athleten hohe Geschwindigkeit und Energieeinsparungen. Die Flossen werden empfohlen f\u00fcr:<\/p>\n<p>\u2022 Flossenschwimmen<\/p>\n<p>\u2022 Unterwasserhockey und Rugby-Sportarten<\/p>\n<p>\u2022 Taucher<\/p>\n<p>Die hervorragende Leistung der NAJADE-Flossen wird durch die besondere Form und die Verwendung von 100 % Gummi gew\u00e4hrleistet, zus\u00e4tzlich sind verschiedene Teile der Flossen aus Gummi unterschiedlicher H\u00e4rte (Elastizit\u00e4t) gefertigt. Die aktuellen Typen sind das Ergebnis mehrerer Jahre Entwicklung und Tests von Flossenschwimmern.<\/p>\n<p>Wenn Geschwindigkeit, Energieeffizienz und Komfort f\u00fcr Sie entscheidend sind, dann w\u00e4hlen Sie NAJADE-Flossen!<\/p>\n<\/div>\n<\/div>\n<\/div>\n<\/div>\n<\/div>\n<\/div>\n<\/div>\n","protected":false},"excerpt":{"rendered":"<p>NAJADE-Flossen verleihen dem Athleten hohe Geschwindigkeit und Energieeinsparungen. Die Flossen werden empfohlen f\u00fcr: \u2022 Flossenschwimmen \u2022 Unterwasserhockey und Rugby-Sportarten \u2022 Taucher Die hervorragende Leistung der NAJADE-Flossen wird durch die besondere Form und die Verwendung von 100 % Gummi gew\u00e4hrleistet, zus\u00e4tzlich sind verschiedene Teile der Flossen aus Gummi unterschiedlicher H\u00e4rte (Elastizit\u00e4t) gefertigt. Die aktuellen Typen sind das Ergebnis mehrerer Jahre Entwicklung und Tests von Flossenschwimmern. Wenn Geschwindigkeit, Energieeffizienz und Komfort f\u00fcr Sie entscheidend sind, dann w\u00e4hlen Sie NAJADE-Flossen!<\/p>","protected":false},"featured_media":2744,"template":"","meta":[],"product_brand":[569],"product_cat":[409,492],"product_tag":[],"class_list":{"0":"post-11163","1":"product","2":"type-product","3":"status-publish","4":"has-post-thumbnail","6":"product_brand-najade","7":"product_cat-flossen","8":"product_cat-gummi-flossen","10":"first","11":"instock","12":"shipping-taxable","13":"purchasable","14":"product-type-variable"},"yoast_head":"<!-- This site is optimized with the Yoast SEO plugin v27.2 - https:\/\/yoast.com\/product\/yoast-seo-wordpress\/ -->\n<title>Gummi Flossen Najade Speed - Monofinshop.de<\/title>\n<meta name=\"robots\" content=\"index, follow, max-snippet:-1, max-image-preview:large, max-video-preview:-1\" \/>\n<link rel=\"canonical\" href=\"https:\/\/monofinshop.de\/en\/product\/gummi-flossen-najade-speed\/\" \/>\n<meta property=\"og:locale\" content=\"en_US\" \/>\n<meta property=\"og:type\" content=\"article\" \/>\n<meta property=\"og:title\" content=\"Gummi Flossen Najade Speed - Monofinshop.de\" \/>\n<meta property=\"og:description\" content=\"NAJADE-Flossen verleihen dem Athleten hohe Geschwindigkeit und Energieeinsparungen. Die Flossen werden empfohlen f\u00fcr: \u2022 Flossenschwimmen \u2022 Unterwasserhockey und Rugby-Sportarten \u2022 Taucher Die hervorragende Leistung der NAJADE-Flossen wird durch die besondere Form und die Verwendung von 100 % Gummi gew\u00e4hrleistet, zus\u00e4tzlich sind verschiedene Teile der Flossen aus Gummi unterschiedlicher H\u00e4rte (Elastizit\u00e4t) gefertigt. Die aktuellen Typen sind das Ergebnis mehrerer Jahre Entwicklung und Tests von Flossenschwimmern. Wenn Geschwindigkeit, Energieeffizienz und Komfort f\u00fcr Sie entscheidend sind, dann w\u00e4hlen Sie NAJADE-Flossen!\" \/>\n<meta property=\"og:url\" content=\"https:\/\/monofinshop.de\/en\/product\/gummi-flossen-najade-speed\/\" \/>\n<meta property=\"og:site_name\" content=\"Monofinshop.de\" \/>\n<meta property=\"article:modified_time\" content=\"2024-01-15T19:36:26+00:00\" \/>\n<meta property=\"og:image\" content=\"https:\/\/monofinshop.de\/wp-content\/uploads\/2023\/01\/Najade-Back.jpg\" \/>\n\t<meta property=\"og:image:width\" content=\"550\" \/>\n\t<meta property=\"og:image:height\" content=\"550\" \/>\n\t<meta property=\"og:image:type\" content=\"image\/jpeg\" \/>\n<meta name=\"twitter:card\" content=\"summary_large_image\" \/>\n<script type=\"application\/ld+json\" class=\"yoast-schema-graph\">{\"@context\":\"https:\/\/schema.org\",\"@graph\":[{\"@type\":\"WebPage\",\"@id\":\"https:\/\/monofinshop.de\/product\/gummi-flossen-najade-speed\/\",\"url\":\"https:\/\/monofinshop.de\/product\/gummi-flossen-najade-speed\/\",\"name\":\"Gummi Flossen Najade Speed - Monofinshop.de\",\"isPartOf\":{\"@id\":\"https:\/\/monofinshop.de\/#website\"},\"primaryImageOfPage\":{\"@id\":\"https:\/\/monofinshop.de\/product\/gummi-flossen-najade-speed\/#primaryimage\"},\"image\":{\"@id\":\"https:\/\/monofinshop.de\/product\/gummi-flossen-najade-speed\/#primaryimage\"},\"thumbnailUrl\":\"https:\/\/monofinshop.de\/wp-content\/uploads\/2023\/01\/Najade-Back.jpg\",\"datePublished\":\"2023-02-24T16:47:53+00:00\",\"dateModified\":\"2024-01-15T19:36:26+00:00\",\"breadcrumb\":{\"@id\":\"https:\/\/monofinshop.de\/product\/gummi-flossen-najade-speed\/#breadcrumb\"},\"inLanguage\":\"en-CA\",\"potentialAction\":[{\"@type\":\"ReadAction\",\"target\":[\"https:\/\/monofinshop.de\/product\/gummi-flossen-najade-speed\/\"]}]},{\"@type\":\"ImageObject\",\"inLanguage\":\"en-CA\",\"@id\":\"https:\/\/monofinshop.de\/product\/gummi-flossen-najade-speed\/#primaryimage\",\"url\":\"https:\/\/monofinshop.de\/wp-content\/uploads\/2023\/01\/Najade-Back.jpg\",\"contentUrl\":\"https:\/\/monofinshop.de\/wp-content\/uploads\/2023\/01\/Najade-Back.jpg\",\"width\":550,\"height\":550},{\"@type\":\"BreadcrumbList\",\"@id\":\"https:\/\/monofinshop.de\/product\/gummi-flossen-najade-speed\/#breadcrumb\",\"itemListElement\":[{\"@type\":\"ListItem\",\"position\":1,\"name\":\"Home\",\"item\":\"https:\/\/monofinshop.de\/\"},{\"@type\":\"ListItem\",\"position\":2,\"name\":\"Shop\",\"item\":\"https:\/\/monofinshop.de\/shop\/\"},{\"@type\":\"ListItem\",\"position\":3,\"name\":\"Gummi Flossen Najade Speed\"}]},{\"@type\":\"WebSite\",\"@id\":\"https:\/\/monofinshop.de\/#website\",\"url\":\"https:\/\/monofinshop.de\/\",\"name\":\"Monofinshop.de\",\"description\":\"Flossenschwimmen Shop\",\"potentialAction\":[{\"@type\":\"SearchAction\",\"target\":{\"@type\":\"EntryPoint\",\"urlTemplate\":\"https:\/\/monofinshop.de\/?s={search_term_string}\"},\"query-input\":{\"@type\":\"PropertyValueSpecification\",\"valueRequired\":true,\"valueName\":\"search_term_string\"}}],\"inLanguage\":\"en-CA\"}]}<\/script>\n<!-- \/ Yoast SEO plugin. -->","yoast_head_json":{"title":"Gummi Flossen Najade Speed - Monofinshop.de","robots":{"index":"index","follow":"follow","max-snippet":"max-snippet:-1","max-image-preview":"max-image-preview:large","max-video-preview":"max-video-preview:-1"},"canonical":"https:\/\/monofinshop.de\/en\/product\/gummi-flossen-najade-speed\/","og_locale":"en_US","og_type":"article","og_title":"Gummi Flossen Najade Speed - Monofinshop.de","og_description":"NAJADE-Flossen verleihen dem Athleten hohe Geschwindigkeit und Energieeinsparungen. Die Flossen werden empfohlen f\u00fcr: \u2022 Flossenschwimmen \u2022 Unterwasserhockey und Rugby-Sportarten \u2022 Taucher Die hervorragende Leistung der NAJADE-Flossen wird durch die besondere Form und die Verwendung von 100 % Gummi gew\u00e4hrleistet, zus\u00e4tzlich sind verschiedene Teile der Flossen aus Gummi unterschiedlicher H\u00e4rte (Elastizit\u00e4t) gefertigt. Die aktuellen Typen sind das Ergebnis mehrerer Jahre Entwicklung und Tests von Flossenschwimmern. Wenn Geschwindigkeit, Energieeffizienz und Komfort f\u00fcr Sie entscheidend sind, dann w\u00e4hlen Sie NAJADE-Flossen!","og_url":"https:\/\/monofinshop.de\/en\/product\/gummi-flossen-najade-speed\/","og_site_name":"Monofinshop.de","article_modified_time":"2024-01-15T19:36:26+00:00","og_image":[{"width":550,"height":550,"url":"https:\/\/monofinshop.de\/wp-content\/uploads\/2023\/01\/Najade-Back.jpg","type":"image\/jpeg"}],"twitter_card":"summary_large_image","schema":{"@context":"https:\/\/schema.org","@graph":[{"@type":"WebPage","@id":"https:\/\/monofinshop.de\/product\/gummi-flossen-najade-speed\/","url":"https:\/\/monofinshop.de\/product\/gummi-flossen-najade-speed\/","name":"Gummi Flossen Najade Speed - Monofinshop.de","isPartOf":{"@id":"https:\/\/monofinshop.de\/#website"},"primaryImageOfPage":{"@id":"https:\/\/monofinshop.de\/product\/gummi-flossen-najade-speed\/#primaryimage"},"image":{"@id":"https:\/\/monofinshop.de\/product\/gummi-flossen-najade-speed\/#primaryimage"},"thumbnailUrl":"https:\/\/monofinshop.de\/wp-content\/uploads\/2023\/01\/Najade-Back.jpg","datePublished":"2023-02-24T16:47:53+00:00","dateModified":"2024-01-15T19:36:26+00:00","breadcrumb":{"@id":"https:\/\/monofinshop.de\/product\/gummi-flossen-najade-speed\/#breadcrumb"},"inLanguage":"en-CA","potentialAction":[{"@type":"ReadAction","target":["https:\/\/monofinshop.de\/product\/gummi-flossen-najade-speed\/"]}]},{"@type":"ImageObject","inLanguage":"en-CA","@id":"https:\/\/monofinshop.de\/product\/gummi-flossen-najade-speed\/#primaryimage","url":"https:\/\/monofinshop.de\/wp-content\/uploads\/2023\/01\/Najade-Back.jpg","contentUrl":"https:\/\/monofinshop.de\/wp-content\/uploads\/2023\/01\/Najade-Back.jpg","width":550,"height":550},{"@type":"BreadcrumbList","@id":"https:\/\/monofinshop.de\/product\/gummi-flossen-najade-speed\/#breadcrumb","itemListElement":[{"@type":"ListItem","position":1,"name":"Home","item":"https:\/\/monofinshop.de\/"},{"@type":"ListItem","position":2,"name":"Shop","item":"https:\/\/monofinshop.de\/shop\/"},{"@type":"ListItem","position":3,"name":"Gummi Flossen Najade Speed"}]},{"@type":"WebSite","@id":"https:\/\/monofinshop.de\/#website","url":"https:\/\/monofinshop.de\/","name":"Monofinshop.de","description":"Flossenschwimmen Shop","potentialAction":[{"@type":"SearchAction","target":{"@type":"EntryPoint","urlTemplate":"https:\/\/monofinshop.de\/?s={search_term_string}"},"query-input":{"@type":"PropertyValueSpecification","valueRequired":true,"valueName":"search_term_string"}}],"inLanguage":"en-CA"}]}},"_links":{"self":[{"href":"https:\/\/monofinshop.de\/en\/wp-json\/wp\/v2\/product\/11163","targetHints":{"allow":["GET"]}}],"collection":[{"href":"https:\/\/monofinshop.de\/en\/wp-json\/wp\/v2\/product"}],"about":[{"href":"https:\/\/monofinshop.de\/en\/wp-json\/wp\/v2\/types\/product"}],"version-history":[{"count":3,"href":"https:\/\/monofinshop.de\/en\/wp-json\/wp\/v2\/product\/11163\/revisions"}],"predecessor-version":[{"id":12084,"href":"https:\/\/monofinshop.de\/en\/wp-json\/wp\/v2\/product\/11163\/revisions\/12084"}],"wp:featuredmedia":[{"embeddable":true,"href":"https:\/\/monofinshop.de\/en\/wp-json\/wp\/v2\/media\/2744"}],"wp:attachment":[{"href":"https:\/\/monofinshop.de\/en\/wp-json\/wp\/v2\/media?parent=11163"}],"wp:term":[{"taxonomy":"product_brand","embeddable":true,"href":"https:\/\/monofinshop.de\/en\/wp-json\/wp\/v2\/product_brand?post=11163"},{"taxonomy":"product_cat","embeddable":true,"href":"https:\/\/monofinshop.de\/en\/wp-json\/wp\/v2\/product_cat?post=11163"},{"taxonomy":"product_tag","embeddable":true,"href":"https:\/\/monofinshop.de\/en\/wp-json\/wp\/v2\/product_tag?post=11163"}],"curies":[{"name":"wp","href":"https:\/\/api.w.org\/{rel}","templated":true}]}}