{"id":11143,"date":"2023-02-24T16:47:52","date_gmt":"2023-02-24T16:47:52","guid":{"rendered":"https:\/\/monofinshop.de\/?post_type=product&#038;p=11143"},"modified":"2026-01-29T16:40:21","modified_gmt":"2026-01-29T16:40:21","slug":"freediving-lite-glide-monoflosse","status":"publish","type":"product","link":"https:\/\/monofinshop.de\/en\/product\/freediving-lite-glide-monoflosse\/","title":{"rendered":"Freediving Lite Glide monoflosse"},"content":{"rendered":"<p><strong>Freediving Lite Glide Monoflosse<\/strong> ist die bequemste und leichteste freediving-monoflosse. Sie wurde entwickelt, um Ihnen maximalen Komfort zu bieten und Ihr Schwimmerlebnis noch angenehmer zu gestalten. Die Lite Glide Monoflosse k\u00f6nnte eine der modernsten monoflossen der welt sein.<\/p>\n<p><strong> Freediving Lite Glide Monoflosse<\/strong> eignet sich hervorragend f\u00fcr das tieftauchen und den wettkampf im freediving. Die Lite Glide monoflosse verf\u00fcgt \u00fcber ein revolution\u00e4res gegossenes gummi-schuhteil, das einen optimalen halt f\u00fcr die f\u00fc\u00dfe des freedivers erm\u00f6glicht und den bestm\u00f6glichen energie\u00fcbertrag gew\u00e4hrleistet.<\/p>\n<p>&nbsp;<\/p>","protected":false},"excerpt":{"rendered":"<p>Freediving Lite Glide Monoflosse ist die bequemste und leichteste freediving-monoflosse. Sie wurde entwickelt, um Ihnen maximalen Komfort zu bieten und Ihr Schwimmerlebnis noch angenehmer zu gestalten. Die Lite Glide Monoflosse k\u00f6nnte eine der modernsten monoflossen der welt sein. Freediving Lite Glide Monoflosse eignet sich hervorragend f\u00fcr das tieftauchen und den wettkampf im freediving. Die Lite Glide monoflosse verf\u00fcgt \u00fcber ein revolution\u00e4res gegossenes gummi-schuhteil, das einen optimalen halt f\u00fcr die f\u00fc\u00dfe des freedivers erm\u00f6glicht und den bestm\u00f6glichen energie\u00fcbertrag gew\u00e4hrleistet. &nbsp;<\/p>","protected":false},"featured_media":3375,"template":"","meta":[],"product_brand":[564],"product_cat":[474,441,442],"product_tag":[],"class_list":{"0":"post-11143","1":"product","2":"type-product","3":"status-publish","4":"has-post-thumbnail","6":"product_brand-waterway","7":"product_cat-fuer-freediving","8":"product_cat-monoflossen","9":"product_cat-wettkampf-monoflossen","11":"first","12":"instock","13":"shipping-taxable","14":"purchasable","15":"product-type-variable"},"yoast_head":"<!-- This site is optimized with the Yoast SEO plugin v27.2 - https:\/\/yoast.com\/product\/yoast-seo-wordpress\/ -->\n<title>WaterWay Fins Freediving Lite Glide monoflosse - Monofinshop.de<\/title>\n<meta name=\"description\" content=\"Freediving Lite Glide Monoflosse ist die bequemste und leichteste freediving-monoflosse. Sie wurde entwickelt, um Ihnen maximalen Komfort zu bieten und Ihr Schwimmerlebnis noch angenehmer zu gestalten. Die Lite Glide Monoflosse k\u00f6nnte eine der modernsten monoflossen der welt sein.\" \/>\n<meta name=\"robots\" content=\"index, follow, max-snippet:-1, max-image-preview:large, max-video-preview:-1\" \/>\n<link rel=\"canonical\" href=\"https:\/\/monofinshop.de\/en\/product\/freediving-lite-glide-monoflosse\/\" \/>\n<meta property=\"og:locale\" content=\"en_US\" \/>\n<meta property=\"og:type\" content=\"article\" \/>\n<meta property=\"og:title\" content=\"WaterWay Fins Freediving Lite Glide monoflosse - Monofinshop.de\" \/>\n<meta property=\"og:description\" content=\"Freediving Lite Glide Monoflosse ist die bequemste und leichteste freediving-monoflosse. Sie wurde entwickelt, um Ihnen maximalen Komfort zu bieten und Ihr Schwimmerlebnis noch angenehmer zu gestalten. Die Lite Glide Monoflosse k\u00f6nnte eine der modernsten monoflossen der welt sein.\" \/>\n<meta property=\"og:url\" content=\"https:\/\/monofinshop.de\/en\/product\/freediving-lite-glide-monoflosse\/\" \/>\n<meta property=\"og:site_name\" content=\"Monofinshop.de\" \/>\n<meta property=\"article:modified_time\" content=\"2026-01-29T16:40:21+00:00\" \/>\n<meta property=\"og:image\" content=\"https:\/\/monofinshop.de\/wp-content\/uploads\/2023\/01\/Light-Glide-Fin-3.jpg\" \/>\n\t<meta property=\"og:image:width\" content=\"822\" \/>\n\t<meta property=\"og:image:height\" content=\"787\" \/>\n\t<meta property=\"og:image:type\" content=\"image\/jpeg\" \/>\n<meta name=\"twitter:card\" content=\"summary_large_image\" \/>\n<meta name=\"twitter:label1\" content=\"Est. reading time\" \/>\n\t<meta name=\"twitter:data1\" content=\"1 minute\" \/>\n<script type=\"application\/ld+json\" class=\"yoast-schema-graph\">{\"@context\":\"https:\/\/schema.org\",\"@graph\":[{\"@type\":\"WebPage\",\"@id\":\"https:\/\/monofinshop.de\/product\/freediving-lite-glide-monoflosse\/\",\"url\":\"https:\/\/monofinshop.de\/product\/freediving-lite-glide-monoflosse\/\",\"name\":\"WaterWay Fins Freediving Lite Glide monoflosse - Monofinshop.de\",\"isPartOf\":{\"@id\":\"https:\/\/monofinshop.de\/#website\"},\"primaryImageOfPage\":{\"@id\":\"https:\/\/monofinshop.de\/product\/freediving-lite-glide-monoflosse\/#primaryimage\"},\"image\":{\"@id\":\"https:\/\/monofinshop.de\/product\/freediving-lite-glide-monoflosse\/#primaryimage\"},\"thumbnailUrl\":\"https:\/\/monofinshop.de\/wp-content\/uploads\/2023\/01\/Light-Glide-Fin-3.jpg\",\"datePublished\":\"2023-02-24T16:47:52+00:00\",\"dateModified\":\"2026-01-29T16:40:21+00:00\",\"description\":\"Freediving Lite Glide Monoflosse ist die bequemste und leichteste freediving-monoflosse. Sie wurde entwickelt, um Ihnen maximalen Komfort zu bieten und Ihr Schwimmerlebnis noch angenehmer zu gestalten. Die Lite Glide Monoflosse k\u00f6nnte eine der modernsten monoflossen der welt sein.\",\"breadcrumb\":{\"@id\":\"https:\/\/monofinshop.de\/product\/freediving-lite-glide-monoflosse\/#breadcrumb\"},\"inLanguage\":\"en-CA\",\"potentialAction\":[{\"@type\":\"ReadAction\",\"target\":[\"https:\/\/monofinshop.de\/product\/freediving-lite-glide-monoflosse\/\"]}]},{\"@type\":\"ImageObject\",\"inLanguage\":\"en-CA\",\"@id\":\"https:\/\/monofinshop.de\/product\/freediving-lite-glide-monoflosse\/#primaryimage\",\"url\":\"https:\/\/monofinshop.de\/wp-content\/uploads\/2023\/01\/Light-Glide-Fin-3.jpg\",\"contentUrl\":\"https:\/\/monofinshop.de\/wp-content\/uploads\/2023\/01\/Light-Glide-Fin-3.jpg\",\"width\":822,\"height\":787},{\"@type\":\"BreadcrumbList\",\"@id\":\"https:\/\/monofinshop.de\/product\/freediving-lite-glide-monoflosse\/#breadcrumb\",\"itemListElement\":[{\"@type\":\"ListItem\",\"position\":1,\"name\":\"Home\",\"item\":\"https:\/\/monofinshop.de\/\"},{\"@type\":\"ListItem\",\"position\":2,\"name\":\"Shop\",\"item\":\"https:\/\/monofinshop.de\/shop\/\"},{\"@type\":\"ListItem\",\"position\":3,\"name\":\"Freediving Lite Glide monoflosse\"}]},{\"@type\":\"WebSite\",\"@id\":\"https:\/\/monofinshop.de\/#website\",\"url\":\"https:\/\/monofinshop.de\/\",\"name\":\"Monofinshop.de\",\"description\":\"Flossenschwimmen Shop\",\"potentialAction\":[{\"@type\":\"SearchAction\",\"target\":{\"@type\":\"EntryPoint\",\"urlTemplate\":\"https:\/\/monofinshop.de\/?s={search_term_string}\"},\"query-input\":{\"@type\":\"PropertyValueSpecification\",\"valueRequired\":true,\"valueName\":\"search_term_string\"}}],\"inLanguage\":\"en-CA\"}]}<\/script>\n<!-- \/ Yoast SEO plugin. -->","yoast_head_json":{"title":"WaterWay Fins Freediving Lite Glide monoflosse - Monofinshop.de","description":"Freediving Lite Glide Monoflosse ist die bequemste und leichteste freediving-monoflosse. Sie wurde entwickelt, um Ihnen maximalen Komfort zu bieten und Ihr Schwimmerlebnis noch angenehmer zu gestalten. Die Lite Glide Monoflosse k\u00f6nnte eine der modernsten monoflossen der welt sein.","robots":{"index":"index","follow":"follow","max-snippet":"max-snippet:-1","max-image-preview":"max-image-preview:large","max-video-preview":"max-video-preview:-1"},"canonical":"https:\/\/monofinshop.de\/en\/product\/freediving-lite-glide-monoflosse\/","og_locale":"en_US","og_type":"article","og_title":"WaterWay Fins Freediving Lite Glide monoflosse - Monofinshop.de","og_description":"Freediving Lite Glide Monoflosse ist die bequemste und leichteste freediving-monoflosse. Sie wurde entwickelt, um Ihnen maximalen Komfort zu bieten und Ihr Schwimmerlebnis noch angenehmer zu gestalten. Die Lite Glide Monoflosse k\u00f6nnte eine der modernsten monoflossen der welt sein.","og_url":"https:\/\/monofinshop.de\/en\/product\/freediving-lite-glide-monoflosse\/","og_site_name":"Monofinshop.de","article_modified_time":"2026-01-29T16:40:21+00:00","og_image":[{"width":822,"height":787,"url":"https:\/\/monofinshop.de\/wp-content\/uploads\/2023\/01\/Light-Glide-Fin-3.jpg","type":"image\/jpeg"}],"twitter_card":"summary_large_image","twitter_misc":{"Est. reading time":"1 minute"},"schema":{"@context":"https:\/\/schema.org","@graph":[{"@type":"WebPage","@id":"https:\/\/monofinshop.de\/product\/freediving-lite-glide-monoflosse\/","url":"https:\/\/monofinshop.de\/product\/freediving-lite-glide-monoflosse\/","name":"WaterWay Fins Freediving Lite Glide monoflosse - Monofinshop.de","isPartOf":{"@id":"https:\/\/monofinshop.de\/#website"},"primaryImageOfPage":{"@id":"https:\/\/monofinshop.de\/product\/freediving-lite-glide-monoflosse\/#primaryimage"},"image":{"@id":"https:\/\/monofinshop.de\/product\/freediving-lite-glide-monoflosse\/#primaryimage"},"thumbnailUrl":"https:\/\/monofinshop.de\/wp-content\/uploads\/2023\/01\/Light-Glide-Fin-3.jpg","datePublished":"2023-02-24T16:47:52+00:00","dateModified":"2026-01-29T16:40:21+00:00","description":"Freediving Lite Glide Monoflosse ist die bequemste und leichteste freediving-monoflosse. Sie wurde entwickelt, um Ihnen maximalen Komfort zu bieten und Ihr Schwimmerlebnis noch angenehmer zu gestalten. Die Lite Glide Monoflosse k\u00f6nnte eine der modernsten monoflossen der welt sein.","breadcrumb":{"@id":"https:\/\/monofinshop.de\/product\/freediving-lite-glide-monoflosse\/#breadcrumb"},"inLanguage":"en-CA","potentialAction":[{"@type":"ReadAction","target":["https:\/\/monofinshop.de\/product\/freediving-lite-glide-monoflosse\/"]}]},{"@type":"ImageObject","inLanguage":"en-CA","@id":"https:\/\/monofinshop.de\/product\/freediving-lite-glide-monoflosse\/#primaryimage","url":"https:\/\/monofinshop.de\/wp-content\/uploads\/2023\/01\/Light-Glide-Fin-3.jpg","contentUrl":"https:\/\/monofinshop.de\/wp-content\/uploads\/2023\/01\/Light-Glide-Fin-3.jpg","width":822,"height":787},{"@type":"BreadcrumbList","@id":"https:\/\/monofinshop.de\/product\/freediving-lite-glide-monoflosse\/#breadcrumb","itemListElement":[{"@type":"ListItem","position":1,"name":"Home","item":"https:\/\/monofinshop.de\/"},{"@type":"ListItem","position":2,"name":"Shop","item":"https:\/\/monofinshop.de\/shop\/"},{"@type":"ListItem","position":3,"name":"Freediving Lite Glide monoflosse"}]},{"@type":"WebSite","@id":"https:\/\/monofinshop.de\/#website","url":"https:\/\/monofinshop.de\/","name":"Monofinshop.de","description":"Flossenschwimmen Shop","potentialAction":[{"@type":"SearchAction","target":{"@type":"EntryPoint","urlTemplate":"https:\/\/monofinshop.de\/?s={search_term_string}"},"query-input":{"@type":"PropertyValueSpecification","valueRequired":true,"valueName":"search_term_string"}}],"inLanguage":"en-CA"}]}},"_links":{"self":[{"href":"https:\/\/monofinshop.de\/en\/wp-json\/wp\/v2\/product\/11143","targetHints":{"allow":["GET"]}}],"collection":[{"href":"https:\/\/monofinshop.de\/en\/wp-json\/wp\/v2\/product"}],"about":[{"href":"https:\/\/monofinshop.de\/en\/wp-json\/wp\/v2\/types\/product"}],"version-history":[{"count":3,"href":"https:\/\/monofinshop.de\/en\/wp-json\/wp\/v2\/product\/11143\/revisions"}],"predecessor-version":[{"id":12081,"href":"https:\/\/monofinshop.de\/en\/wp-json\/wp\/v2\/product\/11143\/revisions\/12081"}],"wp:featuredmedia":[{"embeddable":true,"href":"https:\/\/monofinshop.de\/en\/wp-json\/wp\/v2\/media\/3375"}],"wp:attachment":[{"href":"https:\/\/monofinshop.de\/en\/wp-json\/wp\/v2\/media?parent=11143"}],"wp:term":[{"taxonomy":"product_brand","embeddable":true,"href":"https:\/\/monofinshop.de\/en\/wp-json\/wp\/v2\/product_brand?post=11143"},{"taxonomy":"product_cat","embeddable":true,"href":"https:\/\/monofinshop.de\/en\/wp-json\/wp\/v2\/product_cat?post=11143"},{"taxonomy":"product_tag","embeddable":true,"href":"https:\/\/monofinshop.de\/en\/wp-json\/wp\/v2\/product_tag?post=11143"}],"curies":[{"name":"wp","href":"https:\/\/api.w.org\/{rel}","templated":true}]}}