{"id":11139,"date":"2023-02-24T16:47:52","date_gmt":"2023-02-24T16:47:52","guid":{"rendered":"https:\/\/monofinshop.de\/?post_type=product&#038;p=11139"},"modified":"2026-01-29T16:36:06","modified_gmt":"2026-01-29T16:36:06","slug":"freediving-glide-carbon-monoflosse","status":"publish","type":"product","link":"https:\/\/monofinshop.de\/en\/product\/freediving-glide-carbon-monoflosse\/","title":{"rendered":"WaterWay Freediving Glide Carbon monoflosse"},"content":{"rendered":"<p style=\"font-weight: 400;\">Dies ist die Carbon-Version der f\u00fchrenden kundenspezifischen handgefertigten Monoflosse von WaterWay. Die Glide-Monoflosse z\u00e4hlt zu den fortschrittlichsten Monoflossen weltweit und wird durch das Carbon-Blatt noch leichter und reaktionsschneller.<\/p>\n<p style=\"font-weight: 400;\">Sie eignet sich hervorragend f\u00fcr Tiefen- und Wettkampftauchen. Die Glide-Monoflosse verf\u00fcgt \u00fcber revolution\u00e4re Passformen der Fu\u00dftaschen, die eine optimale Passform und Energieumwandlung f\u00fcr die F\u00fc\u00dfe des Tauchers erm\u00f6glichen.<\/p>\n<p style=\"font-weight: 400;\">Spitzenfreitaucher und Weltrekordhalter nutzen die Glide-Monoflosse.<\/p>","protected":false},"excerpt":{"rendered":"<p>Dies ist die Carbon-Version der f\u00fchrenden kundenspezifischen handgefertigten Monoflosse von WaterWay. Die Glide-Monoflosse z\u00e4hlt zu den fortschrittlichsten Monoflossen weltweit und wird durch das Carbon-Blatt noch leichter und reaktionsschneller. Sie eignet sich hervorragend f\u00fcr Tiefen- und Wettkampftauchen. Die Glide-Monoflosse verf\u00fcgt \u00fcber revolution\u00e4re Passformen der Fu\u00dftaschen, die eine optimale Passform und Energieumwandlung f\u00fcr die F\u00fc\u00dfe des Tauchers erm\u00f6glichen. Spitzenfreitaucher und Weltrekordhalter nutzen die Glide-Monoflosse.<\/p>","protected":false},"featured_media":4837,"template":"","meta":[],"product_brand":[564],"product_cat":[474,441,442],"product_tag":[],"class_list":{"0":"post-11139","1":"product","2":"type-product","3":"status-publish","4":"has-post-thumbnail","6":"product_brand-waterway","7":"product_cat-fuer-freediving","8":"product_cat-monoflossen","9":"product_cat-wettkampf-monoflossen","11":"first","12":"instock","13":"featured","14":"shipping-taxable","15":"purchasable","16":"product-type-variable"},"yoast_head":"<!-- This site is optimized with the Yoast SEO plugin v27.2 - https:\/\/yoast.com\/product\/yoast-seo-wordpress\/ -->\n<title>WaterWay Freediving Glide Carbon monoflosse - Monofinshop.de<\/title>\n<meta name=\"description\" content=\"Dies ist die Carbon-Version der f\u00fchrenden kundenspezifischen handgefertigten Monoflosse von WaterWay. Die Glide-Monoflosse z\u00e4hlt zu den fortschrittlichsten Monoflossen weltweit und wird durch das Carbon-Blatt noch leichter und reaktionsschneller.\" \/>\n<meta name=\"robots\" content=\"index, follow, max-snippet:-1, max-image-preview:large, max-video-preview:-1\" \/>\n<link rel=\"canonical\" href=\"https:\/\/monofinshop.de\/en\/product\/freediving-glide-carbon-monoflosse\/\" \/>\n<meta property=\"og:locale\" content=\"en_US\" \/>\n<meta property=\"og:type\" content=\"article\" \/>\n<meta property=\"og:title\" content=\"WaterWay Freediving Glide Carbon monoflosse - Monofinshop.de\" \/>\n<meta property=\"og:description\" content=\"Dies ist die Carbon-Version der f\u00fchrenden kundenspezifischen handgefertigten Monoflosse von WaterWay. Die Glide-Monoflosse z\u00e4hlt zu den fortschrittlichsten Monoflossen weltweit und wird durch das Carbon-Blatt noch leichter und reaktionsschneller.\" \/>\n<meta property=\"og:url\" content=\"https:\/\/monofinshop.de\/en\/product\/freediving-glide-carbon-monoflosse\/\" \/>\n<meta property=\"og:site_name\" content=\"Monofinshop.de\" \/>\n<meta property=\"article:modified_time\" content=\"2026-01-29T16:36:06+00:00\" \/>\n<meta property=\"og:image\" content=\"https:\/\/monofinshop.de\/wp-content\/uploads\/2023\/01\/Glide-Fin-Carbon-copy-2-1.jpg\" \/>\n\t<meta property=\"og:image:width\" content=\"1121\" \/>\n\t<meta property=\"og:image:height\" content=\"1088\" \/>\n\t<meta property=\"og:image:type\" content=\"image\/jpeg\" \/>\n<meta name=\"twitter:card\" content=\"summary_large_image\" \/>\n<meta name=\"twitter:label1\" content=\"Est. reading time\" \/>\n\t<meta name=\"twitter:data1\" content=\"1 minute\" \/>\n<script type=\"application\/ld+json\" class=\"yoast-schema-graph\">{\"@context\":\"https:\/\/schema.org\",\"@graph\":[{\"@type\":\"WebPage\",\"@id\":\"https:\/\/monofinshop.de\/product\/freediving-glide-carbon-monoflosse\/\",\"url\":\"https:\/\/monofinshop.de\/product\/freediving-glide-carbon-monoflosse\/\",\"name\":\"WaterWay Freediving Glide Carbon monoflosse - Monofinshop.de\",\"isPartOf\":{\"@id\":\"https:\/\/monofinshop.de\/#website\"},\"primaryImageOfPage\":{\"@id\":\"https:\/\/monofinshop.de\/product\/freediving-glide-carbon-monoflosse\/#primaryimage\"},\"image\":{\"@id\":\"https:\/\/monofinshop.de\/product\/freediving-glide-carbon-monoflosse\/#primaryimage\"},\"thumbnailUrl\":\"https:\/\/monofinshop.de\/wp-content\/uploads\/2023\/01\/Glide-Fin-Carbon-copy-2-1.jpg\",\"datePublished\":\"2023-02-24T16:47:52+00:00\",\"dateModified\":\"2026-01-29T16:36:06+00:00\",\"description\":\"Dies ist die Carbon-Version der f\u00fchrenden kundenspezifischen handgefertigten Monoflosse von WaterWay. Die Glide-Monoflosse z\u00e4hlt zu den fortschrittlichsten Monoflossen weltweit und wird durch das Carbon-Blatt noch leichter und reaktionsschneller.\",\"breadcrumb\":{\"@id\":\"https:\/\/monofinshop.de\/product\/freediving-glide-carbon-monoflosse\/#breadcrumb\"},\"inLanguage\":\"en-CA\",\"potentialAction\":[{\"@type\":\"ReadAction\",\"target\":[\"https:\/\/monofinshop.de\/product\/freediving-glide-carbon-monoflosse\/\"]}]},{\"@type\":\"ImageObject\",\"inLanguage\":\"en-CA\",\"@id\":\"https:\/\/monofinshop.de\/product\/freediving-glide-carbon-monoflosse\/#primaryimage\",\"url\":\"https:\/\/monofinshop.de\/wp-content\/uploads\/2023\/01\/Glide-Fin-Carbon-copy-2-1.jpg\",\"contentUrl\":\"https:\/\/monofinshop.de\/wp-content\/uploads\/2023\/01\/Glide-Fin-Carbon-copy-2-1.jpg\",\"width\":1121,\"height\":1088},{\"@type\":\"BreadcrumbList\",\"@id\":\"https:\/\/monofinshop.de\/product\/freediving-glide-carbon-monoflosse\/#breadcrumb\",\"itemListElement\":[{\"@type\":\"ListItem\",\"position\":1,\"name\":\"Home\",\"item\":\"https:\/\/monofinshop.de\/\"},{\"@type\":\"ListItem\",\"position\":2,\"name\":\"Shop\",\"item\":\"https:\/\/monofinshop.de\/shop\/\"},{\"@type\":\"ListItem\",\"position\":3,\"name\":\"WaterWay Freediving Glide Carbon monoflosse\"}]},{\"@type\":\"WebSite\",\"@id\":\"https:\/\/monofinshop.de\/#website\",\"url\":\"https:\/\/monofinshop.de\/\",\"name\":\"Monofinshop.de\",\"description\":\"Flossenschwimmen Shop\",\"potentialAction\":[{\"@type\":\"SearchAction\",\"target\":{\"@type\":\"EntryPoint\",\"urlTemplate\":\"https:\/\/monofinshop.de\/?s={search_term_string}\"},\"query-input\":{\"@type\":\"PropertyValueSpecification\",\"valueRequired\":true,\"valueName\":\"search_term_string\"}}],\"inLanguage\":\"en-CA\"}]}<\/script>\n<!-- \/ Yoast SEO plugin. -->","yoast_head_json":{"title":"WaterWay Freediving Glide Carbon monoflosse - Monofinshop.de","description":"Dies ist die Carbon-Version der f\u00fchrenden kundenspezifischen handgefertigten Monoflosse von WaterWay. Die Glide-Monoflosse z\u00e4hlt zu den fortschrittlichsten Monoflossen weltweit und wird durch das Carbon-Blatt noch leichter und reaktionsschneller.","robots":{"index":"index","follow":"follow","max-snippet":"max-snippet:-1","max-image-preview":"max-image-preview:large","max-video-preview":"max-video-preview:-1"},"canonical":"https:\/\/monofinshop.de\/en\/product\/freediving-glide-carbon-monoflosse\/","og_locale":"en_US","og_type":"article","og_title":"WaterWay Freediving Glide Carbon monoflosse - Monofinshop.de","og_description":"Dies ist die Carbon-Version der f\u00fchrenden kundenspezifischen handgefertigten Monoflosse von WaterWay. Die Glide-Monoflosse z\u00e4hlt zu den fortschrittlichsten Monoflossen weltweit und wird durch das Carbon-Blatt noch leichter und reaktionsschneller.","og_url":"https:\/\/monofinshop.de\/en\/product\/freediving-glide-carbon-monoflosse\/","og_site_name":"Monofinshop.de","article_modified_time":"2026-01-29T16:36:06+00:00","og_image":[{"width":1121,"height":1088,"url":"https:\/\/monofinshop.de\/wp-content\/uploads\/2023\/01\/Glide-Fin-Carbon-copy-2-1.jpg","type":"image\/jpeg"}],"twitter_card":"summary_large_image","twitter_misc":{"Est. reading time":"1 minute"},"schema":{"@context":"https:\/\/schema.org","@graph":[{"@type":"WebPage","@id":"https:\/\/monofinshop.de\/product\/freediving-glide-carbon-monoflosse\/","url":"https:\/\/monofinshop.de\/product\/freediving-glide-carbon-monoflosse\/","name":"WaterWay Freediving Glide Carbon monoflosse - Monofinshop.de","isPartOf":{"@id":"https:\/\/monofinshop.de\/#website"},"primaryImageOfPage":{"@id":"https:\/\/monofinshop.de\/product\/freediving-glide-carbon-monoflosse\/#primaryimage"},"image":{"@id":"https:\/\/monofinshop.de\/product\/freediving-glide-carbon-monoflosse\/#primaryimage"},"thumbnailUrl":"https:\/\/monofinshop.de\/wp-content\/uploads\/2023\/01\/Glide-Fin-Carbon-copy-2-1.jpg","datePublished":"2023-02-24T16:47:52+00:00","dateModified":"2026-01-29T16:36:06+00:00","description":"Dies ist die Carbon-Version der f\u00fchrenden kundenspezifischen handgefertigten Monoflosse von WaterWay. Die Glide-Monoflosse z\u00e4hlt zu den fortschrittlichsten Monoflossen weltweit und wird durch das Carbon-Blatt noch leichter und reaktionsschneller.","breadcrumb":{"@id":"https:\/\/monofinshop.de\/product\/freediving-glide-carbon-monoflosse\/#breadcrumb"},"inLanguage":"en-CA","potentialAction":[{"@type":"ReadAction","target":["https:\/\/monofinshop.de\/product\/freediving-glide-carbon-monoflosse\/"]}]},{"@type":"ImageObject","inLanguage":"en-CA","@id":"https:\/\/monofinshop.de\/product\/freediving-glide-carbon-monoflosse\/#primaryimage","url":"https:\/\/monofinshop.de\/wp-content\/uploads\/2023\/01\/Glide-Fin-Carbon-copy-2-1.jpg","contentUrl":"https:\/\/monofinshop.de\/wp-content\/uploads\/2023\/01\/Glide-Fin-Carbon-copy-2-1.jpg","width":1121,"height":1088},{"@type":"BreadcrumbList","@id":"https:\/\/monofinshop.de\/product\/freediving-glide-carbon-monoflosse\/#breadcrumb","itemListElement":[{"@type":"ListItem","position":1,"name":"Home","item":"https:\/\/monofinshop.de\/"},{"@type":"ListItem","position":2,"name":"Shop","item":"https:\/\/monofinshop.de\/shop\/"},{"@type":"ListItem","position":3,"name":"WaterWay Freediving Glide Carbon monoflosse"}]},{"@type":"WebSite","@id":"https:\/\/monofinshop.de\/#website","url":"https:\/\/monofinshop.de\/","name":"Monofinshop.de","description":"Flossenschwimmen Shop","potentialAction":[{"@type":"SearchAction","target":{"@type":"EntryPoint","urlTemplate":"https:\/\/monofinshop.de\/?s={search_term_string}"},"query-input":{"@type":"PropertyValueSpecification","valueRequired":true,"valueName":"search_term_string"}}],"inLanguage":"en-CA"}]}},"_links":{"self":[{"href":"https:\/\/monofinshop.de\/en\/wp-json\/wp\/v2\/product\/11139","targetHints":{"allow":["GET"]}}],"collection":[{"href":"https:\/\/monofinshop.de\/en\/wp-json\/wp\/v2\/product"}],"about":[{"href":"https:\/\/monofinshop.de\/en\/wp-json\/wp\/v2\/types\/product"}],"version-history":[{"count":5,"href":"https:\/\/monofinshop.de\/en\/wp-json\/wp\/v2\/product\/11139\/revisions"}],"predecessor-version":[{"id":12574,"href":"https:\/\/monofinshop.de\/en\/wp-json\/wp\/v2\/product\/11139\/revisions\/12574"}],"wp:featuredmedia":[{"embeddable":true,"href":"https:\/\/monofinshop.de\/en\/wp-json\/wp\/v2\/media\/4837"}],"wp:attachment":[{"href":"https:\/\/monofinshop.de\/en\/wp-json\/wp\/v2\/media?parent=11139"}],"wp:term":[{"taxonomy":"product_brand","embeddable":true,"href":"https:\/\/monofinshop.de\/en\/wp-json\/wp\/v2\/product_brand?post=11139"},{"taxonomy":"product_cat","embeddable":true,"href":"https:\/\/monofinshop.de\/en\/wp-json\/wp\/v2\/product_cat?post=11139"},{"taxonomy":"product_tag","embeddable":true,"href":"https:\/\/monofinshop.de\/en\/wp-json\/wp\/v2\/product_tag?post=11139"}],"curies":[{"name":"wp","href":"https:\/\/api.w.org\/{rel}","templated":true}]}}