{"id":11108,"date":"2023-02-24T16:47:50","date_gmt":"2023-02-24T16:47:50","guid":{"rendered":"https:\/\/monofinshop.de\/?post_type=product&#038;p=11108"},"modified":"2026-01-29T16:40:31","modified_gmt":"2026-01-29T16:40:31","slug":"finswimming-glide-monoflosse","status":"publish","type":"product","link":"https:\/\/monofinshop.de\/en\/product\/finswimming-glide-monoflosse\/","title":{"rendered":"WaterWay Finswimming Glide Monoflosse"},"content":{"rendered":"<p style=\"font-weight: 400;\">Diese handgefertigte Monoflosse von WaterWay ist f\u00fchrend und kundenspezifisch. Die Glide Monoflosse geh\u00f6rt zu den fortschrittlichsten Monoflossen weltweit und eignet sich hervorragend f\u00fcr das Training und Wettkampf Flossenschwimmen.<\/p>\n<p style=\"font-weight: 400;\">Dank ihrer revolution\u00e4ren Passform der Fu\u00dftaschen bietet die Glide Monoflosse den F\u00fc\u00dfen des Tauchers optimalen Halt und eine bestm\u00f6gliche Energieumwandlung.<\/p>\n<p style=\"font-weight: 400;\">Sie wird von Spitzensportlern und Weltrekordhaltern wie Alexander Odinokov, Pavel Kabanov, Aleksei Zaharov und anderen genutzt.<\/p>","protected":false},"excerpt":{"rendered":"<p>Diese handgefertigte Monoflosse von WaterWay ist f\u00fchrend und kundenspezifisch. Die Glide Monoflosse geh\u00f6rt zu den fortschrittlichsten Monoflossen weltweit und eignet sich hervorragend f\u00fcr das Training und Wettkampf Flossenschwimmen. Dank ihrer revolution\u00e4ren Passform der Fu\u00dftaschen bietet die Glide Monoflosse den F\u00fc\u00dfen des Tauchers optimalen Halt und eine bestm\u00f6gliche Energieumwandlung. Sie wird von Spitzensportlern und Weltrekordhaltern wie Alexander Odinokov, Pavel Kabanov, Aleksei Zaharov und anderen genutzt.<\/p>","protected":false},"featured_media":4018,"template":"","meta":[],"product_brand":[564],"product_cat":[534,441,442],"product_tag":[],"class_list":{"0":"post-11108","1":"product","2":"type-product","3":"status-publish","4":"has-post-thumbnail","6":"product_brand-waterway","7":"product_cat-fuer-finswimming","8":"product_cat-monoflossen","9":"product_cat-wettkampf-monoflossen","11":"first","12":"instock","13":"featured","14":"shipping-taxable","15":"purchasable","16":"product-type-variable"},"yoast_head":"<!-- This site is optimized with the Yoast SEO plugin v27.2 - https:\/\/yoast.com\/product\/yoast-seo-wordpress\/ -->\n<title>WaterWay WaterWay Finswimming Glide Monoflosse - Monofinshop.de<\/title>\n<meta name=\"description\" content=\"Diese handgefertigte Monoflosse von WaterWay ist f\u00fchrend und kundenspezifisch. Die Glide Monoflosse geh\u00f6rt zu den fortschrittlichsten Monoflossen weltweit und eignet sich hervorragend f\u00fcr das Training und Wettkampf Flossenschwimmen.\" \/>\n<meta name=\"robots\" content=\"index, follow, max-snippet:-1, max-image-preview:large, max-video-preview:-1\" \/>\n<link rel=\"canonical\" href=\"https:\/\/monofinshop.de\/en\/product\/finswimming-glide-monoflosse\/\" \/>\n<meta property=\"og:locale\" content=\"en_US\" \/>\n<meta property=\"og:type\" content=\"article\" \/>\n<meta property=\"og:title\" content=\"WaterWay WaterWay Finswimming Glide Monoflosse - Monofinshop.de\" \/>\n<meta property=\"og:description\" content=\"Diese handgefertigte Monoflosse von WaterWay ist f\u00fchrend und kundenspezifisch. Die Glide Monoflosse geh\u00f6rt zu den fortschrittlichsten Monoflossen weltweit und eignet sich hervorragend f\u00fcr das Training und Wettkampf Flossenschwimmen.\" \/>\n<meta property=\"og:url\" content=\"https:\/\/monofinshop.de\/en\/product\/finswimming-glide-monoflosse\/\" \/>\n<meta property=\"og:site_name\" content=\"Monofinshop.de\" \/>\n<meta property=\"article:modified_time\" content=\"2026-01-29T16:40:31+00:00\" \/>\n<meta property=\"og:image\" content=\"https:\/\/monofinshop.de\/wp-content\/uploads\/2023\/01\/Glide-Carbon-3-1.jpg\" \/>\n\t<meta property=\"og:image:width\" content=\"2316\" \/>\n\t<meta property=\"og:image:height\" content=\"2348\" \/>\n\t<meta property=\"og:image:type\" content=\"image\/jpeg\" \/>\n<meta name=\"twitter:card\" content=\"summary_large_image\" \/>\n<meta name=\"twitter:label1\" content=\"Est. reading time\" \/>\n\t<meta name=\"twitter:data1\" content=\"1 minute\" \/>\n<script type=\"application\/ld+json\" class=\"yoast-schema-graph\">{\"@context\":\"https:\/\/schema.org\",\"@graph\":[{\"@type\":\"WebPage\",\"@id\":\"https:\/\/monofinshop.de\/product\/finswimming-glide-monoflosse\/\",\"url\":\"https:\/\/monofinshop.de\/product\/finswimming-glide-monoflosse\/\",\"name\":\"WaterWay WaterWay Finswimming Glide Monoflosse - Monofinshop.de\",\"isPartOf\":{\"@id\":\"https:\/\/monofinshop.de\/#website\"},\"primaryImageOfPage\":{\"@id\":\"https:\/\/monofinshop.de\/product\/finswimming-glide-monoflosse\/#primaryimage\"},\"image\":{\"@id\":\"https:\/\/monofinshop.de\/product\/finswimming-glide-monoflosse\/#primaryimage\"},\"thumbnailUrl\":\"https:\/\/monofinshop.de\/wp-content\/uploads\/2023\/01\/Glide-Carbon-3-1.jpg\",\"datePublished\":\"2023-02-24T16:47:50+00:00\",\"dateModified\":\"2026-01-29T16:40:31+00:00\",\"description\":\"Diese handgefertigte Monoflosse von WaterWay ist f\u00fchrend und kundenspezifisch. Die Glide Monoflosse geh\u00f6rt zu den fortschrittlichsten Monoflossen weltweit und eignet sich hervorragend f\u00fcr das Training und Wettkampf Flossenschwimmen.\",\"breadcrumb\":{\"@id\":\"https:\/\/monofinshop.de\/product\/finswimming-glide-monoflosse\/#breadcrumb\"},\"inLanguage\":\"en-CA\",\"potentialAction\":[{\"@type\":\"ReadAction\",\"target\":[\"https:\/\/monofinshop.de\/product\/finswimming-glide-monoflosse\/\"]}]},{\"@type\":\"ImageObject\",\"inLanguage\":\"en-CA\",\"@id\":\"https:\/\/monofinshop.de\/product\/finswimming-glide-monoflosse\/#primaryimage\",\"url\":\"https:\/\/monofinshop.de\/wp-content\/uploads\/2023\/01\/Glide-Carbon-3-1.jpg\",\"contentUrl\":\"https:\/\/monofinshop.de\/wp-content\/uploads\/2023\/01\/Glide-Carbon-3-1.jpg\",\"width\":2316,\"height\":2348},{\"@type\":\"BreadcrumbList\",\"@id\":\"https:\/\/monofinshop.de\/product\/finswimming-glide-monoflosse\/#breadcrumb\",\"itemListElement\":[{\"@type\":\"ListItem\",\"position\":1,\"name\":\"Home\",\"item\":\"https:\/\/monofinshop.de\/\"},{\"@type\":\"ListItem\",\"position\":2,\"name\":\"Shop\",\"item\":\"https:\/\/monofinshop.de\/shop\/\"},{\"@type\":\"ListItem\",\"position\":3,\"name\":\"WaterWay Finswimming Glide Monoflosse\"}]},{\"@type\":\"WebSite\",\"@id\":\"https:\/\/monofinshop.de\/#website\",\"url\":\"https:\/\/monofinshop.de\/\",\"name\":\"Monofinshop.de\",\"description\":\"Flossenschwimmen Shop\",\"potentialAction\":[{\"@type\":\"SearchAction\",\"target\":{\"@type\":\"EntryPoint\",\"urlTemplate\":\"https:\/\/monofinshop.de\/?s={search_term_string}\"},\"query-input\":{\"@type\":\"PropertyValueSpecification\",\"valueRequired\":true,\"valueName\":\"search_term_string\"}}],\"inLanguage\":\"en-CA\"}]}<\/script>\n<!-- \/ Yoast SEO plugin. -->","yoast_head_json":{"title":"WaterWay WaterWay Finswimming Glide Monoflosse - Monofinshop.de","description":"Diese handgefertigte Monoflosse von WaterWay ist f\u00fchrend und kundenspezifisch. Die Glide Monoflosse geh\u00f6rt zu den fortschrittlichsten Monoflossen weltweit und eignet sich hervorragend f\u00fcr das Training und Wettkampf Flossenschwimmen.","robots":{"index":"index","follow":"follow","max-snippet":"max-snippet:-1","max-image-preview":"max-image-preview:large","max-video-preview":"max-video-preview:-1"},"canonical":"https:\/\/monofinshop.de\/en\/product\/finswimming-glide-monoflosse\/","og_locale":"en_US","og_type":"article","og_title":"WaterWay WaterWay Finswimming Glide Monoflosse - Monofinshop.de","og_description":"Diese handgefertigte Monoflosse von WaterWay ist f\u00fchrend und kundenspezifisch. Die Glide Monoflosse geh\u00f6rt zu den fortschrittlichsten Monoflossen weltweit und eignet sich hervorragend f\u00fcr das Training und Wettkampf Flossenschwimmen.","og_url":"https:\/\/monofinshop.de\/en\/product\/finswimming-glide-monoflosse\/","og_site_name":"Monofinshop.de","article_modified_time":"2026-01-29T16:40:31+00:00","og_image":[{"width":2316,"height":2348,"url":"https:\/\/monofinshop.de\/wp-content\/uploads\/2023\/01\/Glide-Carbon-3-1.jpg","type":"image\/jpeg"}],"twitter_card":"summary_large_image","twitter_misc":{"Est. reading time":"1 minute"},"schema":{"@context":"https:\/\/schema.org","@graph":[{"@type":"WebPage","@id":"https:\/\/monofinshop.de\/product\/finswimming-glide-monoflosse\/","url":"https:\/\/monofinshop.de\/product\/finswimming-glide-monoflosse\/","name":"WaterWay WaterWay Finswimming Glide Monoflosse - Monofinshop.de","isPartOf":{"@id":"https:\/\/monofinshop.de\/#website"},"primaryImageOfPage":{"@id":"https:\/\/monofinshop.de\/product\/finswimming-glide-monoflosse\/#primaryimage"},"image":{"@id":"https:\/\/monofinshop.de\/product\/finswimming-glide-monoflosse\/#primaryimage"},"thumbnailUrl":"https:\/\/monofinshop.de\/wp-content\/uploads\/2023\/01\/Glide-Carbon-3-1.jpg","datePublished":"2023-02-24T16:47:50+00:00","dateModified":"2026-01-29T16:40:31+00:00","description":"Diese handgefertigte Monoflosse von WaterWay ist f\u00fchrend und kundenspezifisch. Die Glide Monoflosse geh\u00f6rt zu den fortschrittlichsten Monoflossen weltweit und eignet sich hervorragend f\u00fcr das Training und Wettkampf Flossenschwimmen.","breadcrumb":{"@id":"https:\/\/monofinshop.de\/product\/finswimming-glide-monoflosse\/#breadcrumb"},"inLanguage":"en-CA","potentialAction":[{"@type":"ReadAction","target":["https:\/\/monofinshop.de\/product\/finswimming-glide-monoflosse\/"]}]},{"@type":"ImageObject","inLanguage":"en-CA","@id":"https:\/\/monofinshop.de\/product\/finswimming-glide-monoflosse\/#primaryimage","url":"https:\/\/monofinshop.de\/wp-content\/uploads\/2023\/01\/Glide-Carbon-3-1.jpg","contentUrl":"https:\/\/monofinshop.de\/wp-content\/uploads\/2023\/01\/Glide-Carbon-3-1.jpg","width":2316,"height":2348},{"@type":"BreadcrumbList","@id":"https:\/\/monofinshop.de\/product\/finswimming-glide-monoflosse\/#breadcrumb","itemListElement":[{"@type":"ListItem","position":1,"name":"Home","item":"https:\/\/monofinshop.de\/"},{"@type":"ListItem","position":2,"name":"Shop","item":"https:\/\/monofinshop.de\/shop\/"},{"@type":"ListItem","position":3,"name":"WaterWay Finswimming Glide Monoflosse"}]},{"@type":"WebSite","@id":"https:\/\/monofinshop.de\/#website","url":"https:\/\/monofinshop.de\/","name":"Monofinshop.de","description":"Flossenschwimmen Shop","potentialAction":[{"@type":"SearchAction","target":{"@type":"EntryPoint","urlTemplate":"https:\/\/monofinshop.de\/?s={search_term_string}"},"query-input":{"@type":"PropertyValueSpecification","valueRequired":true,"valueName":"search_term_string"}}],"inLanguage":"en-CA"}]}},"_links":{"self":[{"href":"https:\/\/monofinshop.de\/en\/wp-json\/wp\/v2\/product\/11108","targetHints":{"allow":["GET"]}}],"collection":[{"href":"https:\/\/monofinshop.de\/en\/wp-json\/wp\/v2\/product"}],"about":[{"href":"https:\/\/monofinshop.de\/en\/wp-json\/wp\/v2\/types\/product"}],"version-history":[{"count":4,"href":"https:\/\/monofinshop.de\/en\/wp-json\/wp\/v2\/product\/11108\/revisions"}],"predecessor-version":[{"id":12577,"href":"https:\/\/monofinshop.de\/en\/wp-json\/wp\/v2\/product\/11108\/revisions\/12577"}],"wp:featuredmedia":[{"embeddable":true,"href":"https:\/\/monofinshop.de\/en\/wp-json\/wp\/v2\/media\/4018"}],"wp:attachment":[{"href":"https:\/\/monofinshop.de\/en\/wp-json\/wp\/v2\/media?parent=11108"}],"wp:term":[{"taxonomy":"product_brand","embeddable":true,"href":"https:\/\/monofinshop.de\/en\/wp-json\/wp\/v2\/product_brand?post=11108"},{"taxonomy":"product_cat","embeddable":true,"href":"https:\/\/monofinshop.de\/en\/wp-json\/wp\/v2\/product_cat?post=11108"},{"taxonomy":"product_tag","embeddable":true,"href":"https:\/\/monofinshop.de\/en\/wp-json\/wp\/v2\/product_tag?post=11108"}],"curies":[{"name":"wp","href":"https:\/\/api.w.org\/{rel}","templated":true}]}}