{"id":10619,"date":"2023-02-24T16:47:18","date_gmt":"2023-02-24T16:47:18","guid":{"rendered":"https:\/\/monofinshop.de\/?post_type=product&#038;p=10619"},"modified":"2026-04-02T22:53:26","modified_gmt":"2026-04-02T22:53:26","slug":"cetma-composites-s-wing-schuhteil","status":"publish","type":"product","link":"https:\/\/monofinshop.de\/en\/product\/cetma-composites-s-wing-schuhteil\/","title":{"rendered":"Cetma Composites S-WiNG Schuhteil"},"content":{"rendered":"<p>Das <strong>Cetma Composites S-WiNG Schuhteil<\/strong> ist eine innovative L\u00f6sung f\u00fcr Taucher, die Wert auf Leistung und Komfort legen. Entwickelt, um die Hydrodynamik zu optimieren, bietet es eine l\u00e4ngere Klingenfl\u00e4che unter dem Fu\u00df.<\/p>\n<p>Dank seiner steifen Sohle verhindert das Schuhteil Verformungen unter Last und sorgt f\u00fcr eine effiziente Kraft\u00fcbertragung. Die Konstruktion mit zwei vertikalen Stabilisatoren minimiert seitliche Bewegungen und verbessert die Wasserf\u00fchrung.<\/p>\n<h2>Hauptmerkmale<\/h2>\n<ul>\n<li>Hergestellt aus hoch elastischem Natur- und Thermoplastkautschuk.<\/li>\n<li>Leichtes Design f\u00fcr maximalen Komfort.<\/li>\n<li>Effiziente Wasserkan\u00e4le f\u00fcr verbesserte Hydrodynamik.<\/li>\n<li>Verst\u00e4rkte U-Form f\u00fcr zus\u00e4tzliche Stabilit\u00e4t.<\/li>\n<li>Erh\u00e4ltlich in verschiedenen Gr\u00f6\u00dfen f\u00fcr eine perfekte Passform.<\/li>\n<\/ul>","protected":false},"excerpt":{"rendered":"<p>Das Cetma Composites S-WiNG Schuhteil bietet optimale Hydrodynamik und Komfort. Hergestellt aus elastischem Naturkautschuk, sorgt es f\u00fcr effiziente Kraft\u00fcbertragung und Stabilit\u00e4t.<\/p>","protected":false},"featured_media":4725,"template":"","meta":[],"product_brand":[565],"product_cat":[440],"product_tag":[],"class_list":{"0":"post-10619","1":"product","2":"type-product","3":"status-publish","4":"has-post-thumbnail","6":"product_brand-cetma-composites","7":"product_cat-schuhteil","9":"first","10":"instock","11":"sale","12":"shipping-taxable","13":"purchasable","14":"product-type-variable"},"yoast_head":"<!-- This site is optimized with the Yoast SEO plugin v27.2 - https:\/\/yoast.com\/product\/yoast-seo-wordpress\/ -->\n<title>Cetma Composites S-WiNG Schuhteil kaufen<\/title>\n<meta name=\"description\" content=\"Entdecken Sie das Cetma Composites S-WiNG Schuhteil f\u00fcr optimale Hydrodynamik und Komfort. Jetzt online kaufen!\" \/>\n<meta name=\"robots\" content=\"index, follow, max-snippet:-1, max-image-preview:large, max-video-preview:-1\" \/>\n<link rel=\"canonical\" href=\"https:\/\/monofinshop.de\/en\/product\/cetma-composites-s-wing-schuhteil\/\" \/>\n<meta property=\"og:locale\" content=\"en_US\" \/>\n<meta property=\"og:type\" content=\"article\" \/>\n<meta property=\"og:title\" content=\"Cetma Composites S-WiNG Schuhteil kaufen\" \/>\n<meta property=\"og:description\" content=\"Entdecken Sie das Cetma Composites S-WiNG Schuhteil f\u00fcr optimale Hydrodynamik und Komfort. Jetzt online kaufen!\" \/>\n<meta property=\"og:url\" content=\"https:\/\/monofinshop.de\/en\/product\/cetma-composites-s-wing-schuhteil\/\" \/>\n<meta property=\"og:site_name\" content=\"Monofinshop.de\" \/>\n<meta property=\"article:modified_time\" content=\"2026-04-02T22:53:26+00:00\" \/>\n<meta property=\"og:image\" content=\"https:\/\/monofinshop.de\/wp-content\/uploads\/2023\/01\/footpockets-cetma-composites-s-wing-1.jpg\" \/>\n\t<meta property=\"og:image:width\" content=\"700\" \/>\n\t<meta property=\"og:image:height\" content=\"879\" \/>\n\t<meta property=\"og:image:type\" content=\"image\/jpeg\" \/>\n<meta name=\"twitter:card\" content=\"summary_large_image\" \/>\n<meta name=\"twitter:label1\" content=\"Est. reading time\" \/>\n\t<meta name=\"twitter:data1\" content=\"1 minute\" \/>\n<script type=\"application\/ld+json\" class=\"yoast-schema-graph\">{\"@context\":\"https:\/\/schema.org\",\"@graph\":[{\"@type\":\"WebPage\",\"@id\":\"https:\/\/monofinshop.de\/product\/cetma-composites-s-wing-schuhteil\/\",\"url\":\"https:\/\/monofinshop.de\/product\/cetma-composites-s-wing-schuhteil\/\",\"name\":\"Cetma Composites S-WiNG Schuhteil kaufen\",\"isPartOf\":{\"@id\":\"https:\/\/monofinshop.de\/#website\"},\"primaryImageOfPage\":{\"@id\":\"https:\/\/monofinshop.de\/product\/cetma-composites-s-wing-schuhteil\/#primaryimage\"},\"image\":{\"@id\":\"https:\/\/monofinshop.de\/product\/cetma-composites-s-wing-schuhteil\/#primaryimage\"},\"thumbnailUrl\":\"https:\/\/monofinshop.de\/wp-content\/uploads\/2023\/01\/footpockets-cetma-composites-s-wing-1.jpg\",\"datePublished\":\"2023-02-24T16:47:18+00:00\",\"dateModified\":\"2026-04-02T22:53:26+00:00\",\"description\":\"Entdecken Sie das Cetma Composites S-WiNG Schuhteil f\u00fcr optimale Hydrodynamik und Komfort. Jetzt online kaufen!\",\"breadcrumb\":{\"@id\":\"https:\/\/monofinshop.de\/product\/cetma-composites-s-wing-schuhteil\/#breadcrumb\"},\"inLanguage\":\"en-CA\",\"potentialAction\":[{\"@type\":\"ReadAction\",\"target\":[\"https:\/\/monofinshop.de\/product\/cetma-composites-s-wing-schuhteil\/\"]}]},{\"@type\":\"ImageObject\",\"inLanguage\":\"en-CA\",\"@id\":\"https:\/\/monofinshop.de\/product\/cetma-composites-s-wing-schuhteil\/#primaryimage\",\"url\":\"https:\/\/monofinshop.de\/wp-content\/uploads\/2023\/01\/footpockets-cetma-composites-s-wing-1.jpg\",\"contentUrl\":\"https:\/\/monofinshop.de\/wp-content\/uploads\/2023\/01\/footpockets-cetma-composites-s-wing-1.jpg\",\"width\":700,\"height\":879},{\"@type\":\"BreadcrumbList\",\"@id\":\"https:\/\/monofinshop.de\/product\/cetma-composites-s-wing-schuhteil\/#breadcrumb\",\"itemListElement\":[{\"@type\":\"ListItem\",\"position\":1,\"name\":\"Home\",\"item\":\"https:\/\/monofinshop.de\/\"},{\"@type\":\"ListItem\",\"position\":2,\"name\":\"Shop\",\"item\":\"https:\/\/monofinshop.de\/shop\/\"},{\"@type\":\"ListItem\",\"position\":3,\"name\":\"Cetma Composites S-WiNG Schuhteil\"}]},{\"@type\":\"WebSite\",\"@id\":\"https:\/\/monofinshop.de\/#website\",\"url\":\"https:\/\/monofinshop.de\/\",\"name\":\"Monofinshop.de\",\"description\":\"Flossenschwimmen Shop\",\"potentialAction\":[{\"@type\":\"SearchAction\",\"target\":{\"@type\":\"EntryPoint\",\"urlTemplate\":\"https:\/\/monofinshop.de\/?s={search_term_string}\"},\"query-input\":{\"@type\":\"PropertyValueSpecification\",\"valueRequired\":true,\"valueName\":\"search_term_string\"}}],\"inLanguage\":\"en-CA\"}]}<\/script>\n<!-- \/ Yoast SEO plugin. -->","yoast_head_json":{"title":"Cetma Composites S-WiNG Schuhteil kaufen","description":"Entdecken Sie das Cetma Composites S-WiNG Schuhteil f\u00fcr optimale Hydrodynamik und Komfort. Jetzt online kaufen!","robots":{"index":"index","follow":"follow","max-snippet":"max-snippet:-1","max-image-preview":"max-image-preview:large","max-video-preview":"max-video-preview:-1"},"canonical":"https:\/\/monofinshop.de\/en\/product\/cetma-composites-s-wing-schuhteil\/","og_locale":"en_US","og_type":"article","og_title":"Cetma Composites S-WiNG Schuhteil kaufen","og_description":"Entdecken Sie das Cetma Composites S-WiNG Schuhteil f\u00fcr optimale Hydrodynamik und Komfort. Jetzt online kaufen!","og_url":"https:\/\/monofinshop.de\/en\/product\/cetma-composites-s-wing-schuhteil\/","og_site_name":"Monofinshop.de","article_modified_time":"2026-04-02T22:53:26+00:00","og_image":[{"width":700,"height":879,"url":"https:\/\/monofinshop.de\/wp-content\/uploads\/2023\/01\/footpockets-cetma-composites-s-wing-1.jpg","type":"image\/jpeg"}],"twitter_card":"summary_large_image","twitter_misc":{"Est. reading time":"1 minute"},"schema":{"@context":"https:\/\/schema.org","@graph":[{"@type":"WebPage","@id":"https:\/\/monofinshop.de\/product\/cetma-composites-s-wing-schuhteil\/","url":"https:\/\/monofinshop.de\/product\/cetma-composites-s-wing-schuhteil\/","name":"Cetma Composites S-WiNG Schuhteil kaufen","isPartOf":{"@id":"https:\/\/monofinshop.de\/#website"},"primaryImageOfPage":{"@id":"https:\/\/monofinshop.de\/product\/cetma-composites-s-wing-schuhteil\/#primaryimage"},"image":{"@id":"https:\/\/monofinshop.de\/product\/cetma-composites-s-wing-schuhteil\/#primaryimage"},"thumbnailUrl":"https:\/\/monofinshop.de\/wp-content\/uploads\/2023\/01\/footpockets-cetma-composites-s-wing-1.jpg","datePublished":"2023-02-24T16:47:18+00:00","dateModified":"2026-04-02T22:53:26+00:00","description":"Entdecken Sie das Cetma Composites S-WiNG Schuhteil f\u00fcr optimale Hydrodynamik und Komfort. Jetzt online kaufen!","breadcrumb":{"@id":"https:\/\/monofinshop.de\/product\/cetma-composites-s-wing-schuhteil\/#breadcrumb"},"inLanguage":"en-CA","potentialAction":[{"@type":"ReadAction","target":["https:\/\/monofinshop.de\/product\/cetma-composites-s-wing-schuhteil\/"]}]},{"@type":"ImageObject","inLanguage":"en-CA","@id":"https:\/\/monofinshop.de\/product\/cetma-composites-s-wing-schuhteil\/#primaryimage","url":"https:\/\/monofinshop.de\/wp-content\/uploads\/2023\/01\/footpockets-cetma-composites-s-wing-1.jpg","contentUrl":"https:\/\/monofinshop.de\/wp-content\/uploads\/2023\/01\/footpockets-cetma-composites-s-wing-1.jpg","width":700,"height":879},{"@type":"BreadcrumbList","@id":"https:\/\/monofinshop.de\/product\/cetma-composites-s-wing-schuhteil\/#breadcrumb","itemListElement":[{"@type":"ListItem","position":1,"name":"Home","item":"https:\/\/monofinshop.de\/"},{"@type":"ListItem","position":2,"name":"Shop","item":"https:\/\/monofinshop.de\/shop\/"},{"@type":"ListItem","position":3,"name":"Cetma Composites S-WiNG Schuhteil"}]},{"@type":"WebSite","@id":"https:\/\/monofinshop.de\/#website","url":"https:\/\/monofinshop.de\/","name":"Monofinshop.de","description":"Flossenschwimmen Shop","potentialAction":[{"@type":"SearchAction","target":{"@type":"EntryPoint","urlTemplate":"https:\/\/monofinshop.de\/?s={search_term_string}"},"query-input":{"@type":"PropertyValueSpecification","valueRequired":true,"valueName":"search_term_string"}}],"inLanguage":"en-CA"}]}},"_links":{"self":[{"href":"https:\/\/monofinshop.de\/en\/wp-json\/wp\/v2\/product\/10619","targetHints":{"allow":["GET"]}}],"collection":[{"href":"https:\/\/monofinshop.de\/en\/wp-json\/wp\/v2\/product"}],"about":[{"href":"https:\/\/monofinshop.de\/en\/wp-json\/wp\/v2\/types\/product"}],"version-history":[{"count":3,"href":"https:\/\/monofinshop.de\/en\/wp-json\/wp\/v2\/product\/10619\/revisions"}],"predecessor-version":[{"id":12681,"href":"https:\/\/monofinshop.de\/en\/wp-json\/wp\/v2\/product\/10619\/revisions\/12681"}],"wp:featuredmedia":[{"embeddable":true,"href":"https:\/\/monofinshop.de\/en\/wp-json\/wp\/v2\/media\/4725"}],"wp:attachment":[{"href":"https:\/\/monofinshop.de\/en\/wp-json\/wp\/v2\/media?parent=10619"}],"wp:term":[{"taxonomy":"product_brand","embeddable":true,"href":"https:\/\/monofinshop.de\/en\/wp-json\/wp\/v2\/product_brand?post=10619"},{"taxonomy":"product_cat","embeddable":true,"href":"https:\/\/monofinshop.de\/en\/wp-json\/wp\/v2\/product_cat?post=10619"},{"taxonomy":"product_tag","embeddable":true,"href":"https:\/\/monofinshop.de\/en\/wp-json\/wp\/v2\/product_tag?post=10619"}],"curies":[{"name":"wp","href":"https:\/\/api.w.org\/{rel}","templated":true}]}}