{"id":10591,"date":"2023-02-24T16:47:16","date_gmt":"2023-02-24T16:47:16","guid":{"rendered":"https:\/\/monofinshop.de\/?post_type=product&#038;p=10591"},"modified":"2026-04-02T22:53:59","modified_gmt":"2026-04-02T22:53:59","slug":"cetma-composites-prana-blaetter-gelb","status":"publish","type":"product","link":"https:\/\/monofinshop.de\/en\/product\/cetma-composites-prana-blaetter-gelb\/","title":{"rendered":"Cetma Composites Prana Bl\u00e4tter Gelb"},"content":{"rendered":"<p>Erleben Sie die \u00fcberlegene Leistung der <strong>Cetma Prana Bl\u00e4tter<\/strong> in Gelb. Diese hochwertigen Carbonflossen sind speziell f\u00fcr Freediving konzipiert und bieten eine unvergleichliche Kombination aus Effizienz und Power.<\/p>\n<p>Mit einem 33-Grad-Winkel sorgen die Prana Bl\u00e4tter f\u00fcr ein sanfteres Schwimmen an der Oberfl\u00e4che. Das variable 3-D Design der Bl\u00e4tter erh\u00f6ht die Energieumwandlung und den Antrieb, was zu einer herausragenden Leistung f\u00fchrt.<\/p>\n<h2>Hauptmerkmale<\/h2>\n<ul>\n<li><strong>Material:<\/strong> Hochwertiges Carbon f\u00fcr Langlebigkeit<\/li>\n<li><strong>Blattwinkel:<\/strong> 33 Grad f\u00fcr sanftes Schwimmen<\/li>\n<li><strong>Design:<\/strong> 3-D Design f\u00fcr maximale Effizienz<\/li>\n<li><strong>Farboptionen:<\/strong> Erh\u00e4ltlich in Gelb, Orange und Rot<\/li>\n<li><strong>Kompatibilit\u00e4t:<\/strong> Passt zu Cetma, Mares und Pathos Schuhteilen<\/li>\n<\/ul>","protected":false},"excerpt":{"rendered":"<p>Die Cetma Prana Bl\u00e4tter bieten dank 33\u00b0-Winkel und 3-D Design optimale Energieumwandlung und Antrieb. Perfekt f\u00fcr Freediving mit Stabilit\u00e4t und Kontrolle.<\/p>","protected":false},"featured_media":5916,"template":"","meta":[],"product_brand":[565],"product_cat":[408],"product_tag":[370],"class_list":{"0":"post-10591","1":"product","2":"type-product","3":"status-publish","4":"has-post-thumbnail","6":"product_brand-cetma-composites","7":"product_cat-blaetter","8":"product_tag-cetma","10":"first","11":"instock","12":"sale","13":"shipping-taxable","14":"purchasable","15":"product-type-variable"},"yoast_head":"<!-- This site is optimized with the Yoast SEO plugin v27.2 - https:\/\/yoast.com\/product\/yoast-seo-wordpress\/ -->\n<title>Cetma Prana Bl\u00e4tter Gelb \u2013 Effiziente Flossen<\/title>\n<meta name=\"description\" content=\"Entdecken Sie die Cetma Prana Bl\u00e4tter in Gelb f\u00fcr maximale Effizienz und Leistung beim Freediving.\" \/>\n<meta name=\"robots\" content=\"index, follow, max-snippet:-1, max-image-preview:large, max-video-preview:-1\" \/>\n<link rel=\"canonical\" href=\"https:\/\/monofinshop.de\/en\/product\/cetma-composites-prana-blaetter-gelb\/\" \/>\n<meta property=\"og:locale\" content=\"en_US\" \/>\n<meta property=\"og:type\" content=\"article\" \/>\n<meta property=\"og:title\" content=\"Cetma Prana Bl\u00e4tter Gelb \u2013 Effiziente Flossen\" \/>\n<meta property=\"og:description\" content=\"Entdecken Sie die Cetma Prana Bl\u00e4tter in Gelb f\u00fcr maximale Effizienz und Leistung beim Freediving.\" \/>\n<meta property=\"og:url\" content=\"https:\/\/monofinshop.de\/en\/product\/cetma-composites-prana-blaetter-gelb\/\" \/>\n<meta property=\"og:site_name\" content=\"Monofinshop.de\" \/>\n<meta property=\"article:modified_time\" content=\"2026-04-02T22:53:59+00:00\" \/>\n<meta property=\"og:image\" content=\"https:\/\/monofinshop.de\/wp-content\/uploads\/2023\/01\/Cetma-Prana-Blades-Yellow-1-1.jpg\" \/>\n\t<meta property=\"og:image:width\" content=\"896\" \/>\n\t<meta property=\"og:image:height\" content=\"896\" \/>\n\t<meta property=\"og:image:type\" content=\"image\/jpeg\" \/>\n<meta name=\"twitter:card\" content=\"summary_large_image\" \/>\n<meta name=\"twitter:label1\" content=\"Est. reading time\" \/>\n\t<meta name=\"twitter:data1\" content=\"1 minute\" \/>\n<script type=\"application\/ld+json\" class=\"yoast-schema-graph\">{\"@context\":\"https:\/\/schema.org\",\"@graph\":[{\"@type\":\"WebPage\",\"@id\":\"https:\/\/monofinshop.de\/product\/cetma-composites-prana-blaetter-gelb\/\",\"url\":\"https:\/\/monofinshop.de\/product\/cetma-composites-prana-blaetter-gelb\/\",\"name\":\"Cetma Prana Bl\u00e4tter Gelb \u2013 Effiziente Flossen\",\"isPartOf\":{\"@id\":\"https:\/\/monofinshop.de\/#website\"},\"primaryImageOfPage\":{\"@id\":\"https:\/\/monofinshop.de\/product\/cetma-composites-prana-blaetter-gelb\/#primaryimage\"},\"image\":{\"@id\":\"https:\/\/monofinshop.de\/product\/cetma-composites-prana-blaetter-gelb\/#primaryimage\"},\"thumbnailUrl\":\"https:\/\/monofinshop.de\/wp-content\/uploads\/2023\/01\/Cetma-Prana-Blades-Yellow-1-1.jpg\",\"datePublished\":\"2023-02-24T16:47:16+00:00\",\"dateModified\":\"2026-04-02T22:53:59+00:00\",\"description\":\"Entdecken Sie die Cetma Prana Bl\u00e4tter in Gelb f\u00fcr maximale Effizienz und Leistung beim Freediving.\",\"breadcrumb\":{\"@id\":\"https:\/\/monofinshop.de\/product\/cetma-composites-prana-blaetter-gelb\/#breadcrumb\"},\"inLanguage\":\"en-CA\",\"potentialAction\":[{\"@type\":\"ReadAction\",\"target\":[\"https:\/\/monofinshop.de\/product\/cetma-composites-prana-blaetter-gelb\/\"]}]},{\"@type\":\"ImageObject\",\"inLanguage\":\"en-CA\",\"@id\":\"https:\/\/monofinshop.de\/product\/cetma-composites-prana-blaetter-gelb\/#primaryimage\",\"url\":\"https:\/\/monofinshop.de\/wp-content\/uploads\/2023\/01\/Cetma-Prana-Blades-Yellow-1-1.jpg\",\"contentUrl\":\"https:\/\/monofinshop.de\/wp-content\/uploads\/2023\/01\/Cetma-Prana-Blades-Yellow-1-1.jpg\",\"width\":896,\"height\":896},{\"@type\":\"BreadcrumbList\",\"@id\":\"https:\/\/monofinshop.de\/product\/cetma-composites-prana-blaetter-gelb\/#breadcrumb\",\"itemListElement\":[{\"@type\":\"ListItem\",\"position\":1,\"name\":\"Home\",\"item\":\"https:\/\/monofinshop.de\/\"},{\"@type\":\"ListItem\",\"position\":2,\"name\":\"Shop\",\"item\":\"https:\/\/monofinshop.de\/shop\/\"},{\"@type\":\"ListItem\",\"position\":3,\"name\":\"Cetma Composites Prana Bl\u00e4tter Gelb\"}]},{\"@type\":\"WebSite\",\"@id\":\"https:\/\/monofinshop.de\/#website\",\"url\":\"https:\/\/monofinshop.de\/\",\"name\":\"Monofinshop.de\",\"description\":\"Flossenschwimmen Shop\",\"potentialAction\":[{\"@type\":\"SearchAction\",\"target\":{\"@type\":\"EntryPoint\",\"urlTemplate\":\"https:\/\/monofinshop.de\/?s={search_term_string}\"},\"query-input\":{\"@type\":\"PropertyValueSpecification\",\"valueRequired\":true,\"valueName\":\"search_term_string\"}}],\"inLanguage\":\"en-CA\"}]}<\/script>\n<!-- \/ Yoast SEO plugin. -->","yoast_head_json":{"title":"Cetma Prana Bl\u00e4tter Gelb \u2013 Effiziente Flossen","description":"Entdecken Sie die Cetma Prana Bl\u00e4tter in Gelb f\u00fcr maximale Effizienz und Leistung beim Freediving.","robots":{"index":"index","follow":"follow","max-snippet":"max-snippet:-1","max-image-preview":"max-image-preview:large","max-video-preview":"max-video-preview:-1"},"canonical":"https:\/\/monofinshop.de\/en\/product\/cetma-composites-prana-blaetter-gelb\/","og_locale":"en_US","og_type":"article","og_title":"Cetma Prana Bl\u00e4tter Gelb \u2013 Effiziente Flossen","og_description":"Entdecken Sie die Cetma Prana Bl\u00e4tter in Gelb f\u00fcr maximale Effizienz und Leistung beim Freediving.","og_url":"https:\/\/monofinshop.de\/en\/product\/cetma-composites-prana-blaetter-gelb\/","og_site_name":"Monofinshop.de","article_modified_time":"2026-04-02T22:53:59+00:00","og_image":[{"width":896,"height":896,"url":"https:\/\/monofinshop.de\/wp-content\/uploads\/2023\/01\/Cetma-Prana-Blades-Yellow-1-1.jpg","type":"image\/jpeg"}],"twitter_card":"summary_large_image","twitter_misc":{"Est. reading time":"1 minute"},"schema":{"@context":"https:\/\/schema.org","@graph":[{"@type":"WebPage","@id":"https:\/\/monofinshop.de\/product\/cetma-composites-prana-blaetter-gelb\/","url":"https:\/\/monofinshop.de\/product\/cetma-composites-prana-blaetter-gelb\/","name":"Cetma Prana Bl\u00e4tter Gelb \u2013 Effiziente Flossen","isPartOf":{"@id":"https:\/\/monofinshop.de\/#website"},"primaryImageOfPage":{"@id":"https:\/\/monofinshop.de\/product\/cetma-composites-prana-blaetter-gelb\/#primaryimage"},"image":{"@id":"https:\/\/monofinshop.de\/product\/cetma-composites-prana-blaetter-gelb\/#primaryimage"},"thumbnailUrl":"https:\/\/monofinshop.de\/wp-content\/uploads\/2023\/01\/Cetma-Prana-Blades-Yellow-1-1.jpg","datePublished":"2023-02-24T16:47:16+00:00","dateModified":"2026-04-02T22:53:59+00:00","description":"Entdecken Sie die Cetma Prana Bl\u00e4tter in Gelb f\u00fcr maximale Effizienz und Leistung beim Freediving.","breadcrumb":{"@id":"https:\/\/monofinshop.de\/product\/cetma-composites-prana-blaetter-gelb\/#breadcrumb"},"inLanguage":"en-CA","potentialAction":[{"@type":"ReadAction","target":["https:\/\/monofinshop.de\/product\/cetma-composites-prana-blaetter-gelb\/"]}]},{"@type":"ImageObject","inLanguage":"en-CA","@id":"https:\/\/monofinshop.de\/product\/cetma-composites-prana-blaetter-gelb\/#primaryimage","url":"https:\/\/monofinshop.de\/wp-content\/uploads\/2023\/01\/Cetma-Prana-Blades-Yellow-1-1.jpg","contentUrl":"https:\/\/monofinshop.de\/wp-content\/uploads\/2023\/01\/Cetma-Prana-Blades-Yellow-1-1.jpg","width":896,"height":896},{"@type":"BreadcrumbList","@id":"https:\/\/monofinshop.de\/product\/cetma-composites-prana-blaetter-gelb\/#breadcrumb","itemListElement":[{"@type":"ListItem","position":1,"name":"Home","item":"https:\/\/monofinshop.de\/"},{"@type":"ListItem","position":2,"name":"Shop","item":"https:\/\/monofinshop.de\/shop\/"},{"@type":"ListItem","position":3,"name":"Cetma Composites Prana Bl\u00e4tter Gelb"}]},{"@type":"WebSite","@id":"https:\/\/monofinshop.de\/#website","url":"https:\/\/monofinshop.de\/","name":"Monofinshop.de","description":"Flossenschwimmen Shop","potentialAction":[{"@type":"SearchAction","target":{"@type":"EntryPoint","urlTemplate":"https:\/\/monofinshop.de\/?s={search_term_string}"},"query-input":{"@type":"PropertyValueSpecification","valueRequired":true,"valueName":"search_term_string"}}],"inLanguage":"en-CA"}]}},"_links":{"self":[{"href":"https:\/\/monofinshop.de\/en\/wp-json\/wp\/v2\/product\/10591","targetHints":{"allow":["GET"]}}],"collection":[{"href":"https:\/\/monofinshop.de\/en\/wp-json\/wp\/v2\/product"}],"about":[{"href":"https:\/\/monofinshop.de\/en\/wp-json\/wp\/v2\/types\/product"}],"version-history":[{"count":3,"href":"https:\/\/monofinshop.de\/en\/wp-json\/wp\/v2\/product\/10591\/revisions"}],"predecessor-version":[{"id":12693,"href":"https:\/\/monofinshop.de\/en\/wp-json\/wp\/v2\/product\/10591\/revisions\/12693"}],"wp:featuredmedia":[{"embeddable":true,"href":"https:\/\/monofinshop.de\/en\/wp-json\/wp\/v2\/media\/5916"}],"wp:attachment":[{"href":"https:\/\/monofinshop.de\/en\/wp-json\/wp\/v2\/media?parent=10591"}],"wp:term":[{"taxonomy":"product_brand","embeddable":true,"href":"https:\/\/monofinshop.de\/en\/wp-json\/wp\/v2\/product_brand?post=10591"},{"taxonomy":"product_cat","embeddable":true,"href":"https:\/\/monofinshop.de\/en\/wp-json\/wp\/v2\/product_cat?post=10591"},{"taxonomy":"product_tag","embeddable":true,"href":"https:\/\/monofinshop.de\/en\/wp-json\/wp\/v2\/product_tag?post=10591"}],"curies":[{"name":"wp","href":"https:\/\/api.w.org\/{rel}","templated":true}]}}