{"id":10587,"date":"2023-02-24T16:47:16","date_gmt":"2023-02-24T16:47:16","guid":{"rendered":"https:\/\/monofinshop.de\/?post_type=product&#038;p=10587"},"modified":"2026-04-02T22:53:54","modified_gmt":"2026-04-02T22:53:54","slug":"cetma-composites-mantra-flossen","status":"publish","type":"product","link":"https:\/\/monofinshop.de\/en\/product\/cetma-composites-mantra-flossen\/","title":{"rendered":"Cetma Composites Mantra Flossen"},"content":{"rendered":"<p>Erleben Sie die <strong>Cetma Mantra Flossen<\/strong>, die mit dem innovativen <em>Dynamic Resonance System<\/em> von Cetma Composites ausgestattet sind. Diese Flossen wurden in Zusammenarbeit mit dem Freediving-Weltmeister Michele Giurgola entwickelt und getestet.<\/p>\n<p>Die Mantra-Klingen sind auf bestimmte nat\u00fcrliche Frequenzen abgestimmt, was eine Resonanz bei jedem Kick erm\u00f6glicht und eine extrem effiziente Energieumwandlung ohne Anstrengung bietet. Perfekt f\u00fcr Freediving und Speerfischen.<\/p>\n<h2>Hauptmerkmale<\/h2>\n<ul>\n<li>33-Grad-Klingenwinkel f\u00fcr verbessertes Oberfl\u00e4chenschwimmen<\/li>\n<li>Variable Blattsteifigkeit f\u00fcr maximale Energieumwandlung<\/li>\n<li>Blattf\u00fchrungen mit variabler Breite f\u00fcr mehr Stabilit\u00e4t<\/li>\n<li>Signatur von Michele Giurgola auf den Klingen<\/li>\n<li>Erh\u00e4ltlich in verschiedenen Farben und Gr\u00f6\u00dfen<\/li>\n<\/ul>","protected":false},"excerpt":{"rendered":"<p>Die Cetma Mantra Flossen bieten dank des Dynamic Resonance Systems herausragende Energieeffizienz. Entwickelt mit Weltmeister Michele Giurgola, sind sie ideal f\u00fcr Freediving und Speerfischen. Die 33-Grad-Klingenwinkel verbessern das Schwimmen an der Oberfl\u00e4che, w\u00e4hrend variable Blattsteifigkeit f\u00fcr optimale Leistung sorgt.<\/p>","protected":false},"featured_media":6333,"template":"","meta":[],"product_brand":[565],"product_cat":[409,410,411],"product_tag":[370],"class_list":{"0":"post-10587","1":"product","2":"type-product","3":"status-publish","4":"has-post-thumbnail","6":"product_brand-cetma-composites","7":"product_cat-flossen","8":"product_cat-freediving-flossen","9":"product_cat-spearfishing-flossen","10":"product_tag-cetma","12":"first","13":"instock","14":"shipping-taxable","15":"purchasable","16":"product-type-variable"},"yoast_head":"<!-- This site is optimized with the Yoast SEO plugin v27.2 - https:\/\/yoast.com\/product\/yoast-seo-wordpress\/ -->\n<title>Cetma Mantra Flossen \u2013 Effiziente Energieumwandlung<\/title>\n<meta name=\"description\" content=\"Entdecken Sie die Cetma Mantra Flossen mit innovativem Dynamic Resonance System f\u00fcr maximale Effizienz beim Freediving.\" \/>\n<meta name=\"robots\" content=\"index, follow, max-snippet:-1, max-image-preview:large, max-video-preview:-1\" \/>\n<link rel=\"canonical\" href=\"https:\/\/monofinshop.de\/en\/product\/cetma-composites-mantra-flossen\/\" \/>\n<meta property=\"og:locale\" content=\"en_US\" \/>\n<meta property=\"og:type\" content=\"article\" \/>\n<meta property=\"og:title\" content=\"Cetma Mantra Flossen \u2013 Effiziente Energieumwandlung\" \/>\n<meta property=\"og:description\" content=\"Entdecken Sie die Cetma Mantra Flossen mit innovativem Dynamic Resonance System f\u00fcr maximale Effizienz beim Freediving.\" \/>\n<meta property=\"og:url\" content=\"https:\/\/monofinshop.de\/en\/product\/cetma-composites-mantra-flossen\/\" \/>\n<meta property=\"og:site_name\" content=\"Monofinshop.de\" \/>\n<meta property=\"article:modified_time\" content=\"2026-04-02T22:53:54+00:00\" \/>\n<meta property=\"og:image\" content=\"https:\/\/monofinshop.de\/wp-content\/uploads\/2023\/01\/Cetma-Mantra-Fins-Gold-1-1-1.jpg\" \/>\n\t<meta property=\"og:image:width\" content=\"516\" \/>\n\t<meta property=\"og:image:height\" content=\"516\" \/>\n\t<meta property=\"og:image:type\" content=\"image\/jpeg\" \/>\n<meta name=\"twitter:card\" content=\"summary_large_image\" \/>\n<meta name=\"twitter:label1\" content=\"Est. reading time\" \/>\n\t<meta name=\"twitter:data1\" content=\"1 minute\" \/>\n<script type=\"application\/ld+json\" class=\"yoast-schema-graph\">{\"@context\":\"https:\/\/schema.org\",\"@graph\":[{\"@type\":\"WebPage\",\"@id\":\"https:\/\/monofinshop.de\/product\/cetma-composites-mantra-flossen\/\",\"url\":\"https:\/\/monofinshop.de\/product\/cetma-composites-mantra-flossen\/\",\"name\":\"Cetma Mantra Flossen \u2013 Effiziente Energieumwandlung\",\"isPartOf\":{\"@id\":\"https:\/\/monofinshop.de\/#website\"},\"primaryImageOfPage\":{\"@id\":\"https:\/\/monofinshop.de\/product\/cetma-composites-mantra-flossen\/#primaryimage\"},\"image\":{\"@id\":\"https:\/\/monofinshop.de\/product\/cetma-composites-mantra-flossen\/#primaryimage\"},\"thumbnailUrl\":\"https:\/\/monofinshop.de\/wp-content\/uploads\/2023\/01\/Cetma-Mantra-Fins-Gold-1-1-1.jpg\",\"datePublished\":\"2023-02-24T16:47:16+00:00\",\"dateModified\":\"2026-04-02T22:53:54+00:00\",\"description\":\"Entdecken Sie die Cetma Mantra Flossen mit innovativem Dynamic Resonance System f\u00fcr maximale Effizienz beim Freediving.\",\"breadcrumb\":{\"@id\":\"https:\/\/monofinshop.de\/product\/cetma-composites-mantra-flossen\/#breadcrumb\"},\"inLanguage\":\"en-CA\",\"potentialAction\":[{\"@type\":\"ReadAction\",\"target\":[\"https:\/\/monofinshop.de\/product\/cetma-composites-mantra-flossen\/\"]}]},{\"@type\":\"ImageObject\",\"inLanguage\":\"en-CA\",\"@id\":\"https:\/\/monofinshop.de\/product\/cetma-composites-mantra-flossen\/#primaryimage\",\"url\":\"https:\/\/monofinshop.de\/wp-content\/uploads\/2023\/01\/Cetma-Mantra-Fins-Gold-1-1-1.jpg\",\"contentUrl\":\"https:\/\/monofinshop.de\/wp-content\/uploads\/2023\/01\/Cetma-Mantra-Fins-Gold-1-1-1.jpg\",\"width\":516,\"height\":516},{\"@type\":\"BreadcrumbList\",\"@id\":\"https:\/\/monofinshop.de\/product\/cetma-composites-mantra-flossen\/#breadcrumb\",\"itemListElement\":[{\"@type\":\"ListItem\",\"position\":1,\"name\":\"Home\",\"item\":\"https:\/\/monofinshop.de\/\"},{\"@type\":\"ListItem\",\"position\":2,\"name\":\"Shop\",\"item\":\"https:\/\/monofinshop.de\/shop\/\"},{\"@type\":\"ListItem\",\"position\":3,\"name\":\"Cetma Composites Mantra Flossen\"}]},{\"@type\":\"WebSite\",\"@id\":\"https:\/\/monofinshop.de\/#website\",\"url\":\"https:\/\/monofinshop.de\/\",\"name\":\"Monofinshop.de\",\"description\":\"Flossenschwimmen Shop\",\"potentialAction\":[{\"@type\":\"SearchAction\",\"target\":{\"@type\":\"EntryPoint\",\"urlTemplate\":\"https:\/\/monofinshop.de\/?s={search_term_string}\"},\"query-input\":{\"@type\":\"PropertyValueSpecification\",\"valueRequired\":true,\"valueName\":\"search_term_string\"}}],\"inLanguage\":\"en-CA\"}]}<\/script>\n<!-- \/ Yoast SEO plugin. -->","yoast_head_json":{"title":"Cetma Mantra Flossen \u2013 Effiziente Energieumwandlung","description":"Entdecken Sie die Cetma Mantra Flossen mit innovativem Dynamic Resonance System f\u00fcr maximale Effizienz beim Freediving.","robots":{"index":"index","follow":"follow","max-snippet":"max-snippet:-1","max-image-preview":"max-image-preview:large","max-video-preview":"max-video-preview:-1"},"canonical":"https:\/\/monofinshop.de\/en\/product\/cetma-composites-mantra-flossen\/","og_locale":"en_US","og_type":"article","og_title":"Cetma Mantra Flossen \u2013 Effiziente Energieumwandlung","og_description":"Entdecken Sie die Cetma Mantra Flossen mit innovativem Dynamic Resonance System f\u00fcr maximale Effizienz beim Freediving.","og_url":"https:\/\/monofinshop.de\/en\/product\/cetma-composites-mantra-flossen\/","og_site_name":"Monofinshop.de","article_modified_time":"2026-04-02T22:53:54+00:00","og_image":[{"width":516,"height":516,"url":"https:\/\/monofinshop.de\/wp-content\/uploads\/2023\/01\/Cetma-Mantra-Fins-Gold-1-1-1.jpg","type":"image\/jpeg"}],"twitter_card":"summary_large_image","twitter_misc":{"Est. reading time":"1 minute"},"schema":{"@context":"https:\/\/schema.org","@graph":[{"@type":"WebPage","@id":"https:\/\/monofinshop.de\/product\/cetma-composites-mantra-flossen\/","url":"https:\/\/monofinshop.de\/product\/cetma-composites-mantra-flossen\/","name":"Cetma Mantra Flossen \u2013 Effiziente Energieumwandlung","isPartOf":{"@id":"https:\/\/monofinshop.de\/#website"},"primaryImageOfPage":{"@id":"https:\/\/monofinshop.de\/product\/cetma-composites-mantra-flossen\/#primaryimage"},"image":{"@id":"https:\/\/monofinshop.de\/product\/cetma-composites-mantra-flossen\/#primaryimage"},"thumbnailUrl":"https:\/\/monofinshop.de\/wp-content\/uploads\/2023\/01\/Cetma-Mantra-Fins-Gold-1-1-1.jpg","datePublished":"2023-02-24T16:47:16+00:00","dateModified":"2026-04-02T22:53:54+00:00","description":"Entdecken Sie die Cetma Mantra Flossen mit innovativem Dynamic Resonance System f\u00fcr maximale Effizienz beim Freediving.","breadcrumb":{"@id":"https:\/\/monofinshop.de\/product\/cetma-composites-mantra-flossen\/#breadcrumb"},"inLanguage":"en-CA","potentialAction":[{"@type":"ReadAction","target":["https:\/\/monofinshop.de\/product\/cetma-composites-mantra-flossen\/"]}]},{"@type":"ImageObject","inLanguage":"en-CA","@id":"https:\/\/monofinshop.de\/product\/cetma-composites-mantra-flossen\/#primaryimage","url":"https:\/\/monofinshop.de\/wp-content\/uploads\/2023\/01\/Cetma-Mantra-Fins-Gold-1-1-1.jpg","contentUrl":"https:\/\/monofinshop.de\/wp-content\/uploads\/2023\/01\/Cetma-Mantra-Fins-Gold-1-1-1.jpg","width":516,"height":516},{"@type":"BreadcrumbList","@id":"https:\/\/monofinshop.de\/product\/cetma-composites-mantra-flossen\/#breadcrumb","itemListElement":[{"@type":"ListItem","position":1,"name":"Home","item":"https:\/\/monofinshop.de\/"},{"@type":"ListItem","position":2,"name":"Shop","item":"https:\/\/monofinshop.de\/shop\/"},{"@type":"ListItem","position":3,"name":"Cetma Composites Mantra Flossen"}]},{"@type":"WebSite","@id":"https:\/\/monofinshop.de\/#website","url":"https:\/\/monofinshop.de\/","name":"Monofinshop.de","description":"Flossenschwimmen Shop","potentialAction":[{"@type":"SearchAction","target":{"@type":"EntryPoint","urlTemplate":"https:\/\/monofinshop.de\/?s={search_term_string}"},"query-input":{"@type":"PropertyValueSpecification","valueRequired":true,"valueName":"search_term_string"}}],"inLanguage":"en-CA"}]}},"_links":{"self":[{"href":"https:\/\/monofinshop.de\/en\/wp-json\/wp\/v2\/product\/10587","targetHints":{"allow":["GET"]}}],"collection":[{"href":"https:\/\/monofinshop.de\/en\/wp-json\/wp\/v2\/product"}],"about":[{"href":"https:\/\/monofinshop.de\/en\/wp-json\/wp\/v2\/types\/product"}],"version-history":[{"count":3,"href":"https:\/\/monofinshop.de\/en\/wp-json\/wp\/v2\/product\/10587\/revisions"}],"predecessor-version":[{"id":12691,"href":"https:\/\/monofinshop.de\/en\/wp-json\/wp\/v2\/product\/10587\/revisions\/12691"}],"wp:featuredmedia":[{"embeddable":true,"href":"https:\/\/monofinshop.de\/en\/wp-json\/wp\/v2\/media\/6333"}],"wp:attachment":[{"href":"https:\/\/monofinshop.de\/en\/wp-json\/wp\/v2\/media?parent=10587"}],"wp:term":[{"taxonomy":"product_brand","embeddable":true,"href":"https:\/\/monofinshop.de\/en\/wp-json\/wp\/v2\/product_brand?post=10587"},{"taxonomy":"product_cat","embeddable":true,"href":"https:\/\/monofinshop.de\/en\/wp-json\/wp\/v2\/product_cat?post=10587"},{"taxonomy":"product_tag","embeddable":true,"href":"https:\/\/monofinshop.de\/en\/wp-json\/wp\/v2\/product_tag?post=10587"}],"curies":[{"name":"wp","href":"https:\/\/api.w.org\/{rel}","templated":true}]}}