{"id":10583,"date":"2023-02-24T16:47:16","date_gmt":"2023-02-24T16:47:16","guid":{"rendered":"https:\/\/monofinshop.de\/?post_type=product&#038;p=10583"},"modified":"2026-04-02T22:53:46","modified_gmt":"2026-04-02T22:53:46","slug":"cetma-composites-mantra-cwt-wettkampf-carbon-flossen","status":"publish","type":"product","link":"https:\/\/monofinshop.de\/en\/product\/cetma-composites-mantra-cwt-wettkampf-carbon-flossen\/","title":{"rendered":"Cetma Composites Mantra CWT Wettkampf Carbon Flossen"},"content":{"rendered":"<p>Die <strong>Cetma Mantra CWT Carbon Flossen<\/strong> sind speziell f\u00fcr Freediver entwickelt, die h\u00f6chste Leistung suchen. Diese Flossen nutzen das bahnbrechende Dynamic Resonance System und bestehen aus 100% Prepreg IM7 Carbonfasern.<\/p>\n<p>In Zusammenarbeit mit dem Weltmeister im Freediving, Michele Giurgola, wurden die Flossen entworfen und getestet. Seine Unterschrift ziert die Klingen, die mit Finite Element Software (FEM) abgestimmt sind, um optimale Steifigkeitsverteilung und hydrodynamische Verformung zu gew\u00e4hrleisten.<\/p>\n<h2>Hauptmerkmale<\/h2>\n<ul>\n<li>27-Grad-Klingenwinkel f\u00fcr exzellente CWT-Leistung<\/li>\n<li>Variable Klingensteifigkeit f\u00fcr verbesserte Energieumwandlung<\/li>\n<li>Innovative S-Wing Fu\u00dftaschen f\u00fcr optimale Kraft\u00fcbertragung<\/li>\n<li>Variable Schienenbreiten f\u00fcr mehr Stabilit\u00e4t und Kontrolle<\/li>\n<li>Erh\u00e4ltlich in verschiedenen Gr\u00f6\u00dfen und Farben<\/li>\n<\/ul>","protected":false},"excerpt":{"rendered":"<p>Die Cetma Mantra CWT Carbon Flossen bieten herausragende Leistung f\u00fcr Freediver. Mit 100% Prepreg IM7 Carbon und innovativen S-Wing Fu\u00dftaschen f\u00fcr optimale Kraft\u00fcbertragung.<\/p>","protected":false},"featured_media":5129,"template":"","meta":[],"product_brand":[565],"product_cat":[409,410,411],"product_tag":[370],"class_list":{"0":"post-10583","1":"product","2":"type-product","3":"status-publish","4":"has-post-thumbnail","6":"product_brand-cetma-composites","7":"product_cat-flossen","8":"product_cat-freediving-flossen","9":"product_cat-spearfishing-flossen","10":"product_tag-cetma","12":"first","13":"instock","14":"shipping-taxable","15":"purchasable","16":"product-type-variable"},"yoast_head":"<!-- This site is optimized with the Yoast SEO plugin v27.2 - https:\/\/yoast.com\/product\/yoast-seo-wordpress\/ -->\n<title>Cetma Mantra CWT Carbon Flossen f\u00fcr Freediving<\/title>\n<meta name=\"description\" content=\"Erleben Sie die Cetma Mantra CWT Carbon Flossen f\u00fcr maximale Leistung beim Freediving.\" \/>\n<meta name=\"robots\" content=\"index, follow, max-snippet:-1, max-image-preview:large, max-video-preview:-1\" \/>\n<link rel=\"canonical\" href=\"https:\/\/monofinshop.de\/en\/product\/cetma-composites-mantra-cwt-wettkampf-carbon-flossen\/\" \/>\n<meta property=\"og:locale\" content=\"en_US\" \/>\n<meta property=\"og:type\" content=\"article\" \/>\n<meta property=\"og:title\" content=\"Cetma Mantra CWT Carbon Flossen f\u00fcr Freediving\" \/>\n<meta property=\"og:description\" content=\"Erleben Sie die Cetma Mantra CWT Carbon Flossen f\u00fcr maximale Leistung beim Freediving.\" \/>\n<meta property=\"og:url\" content=\"https:\/\/monofinshop.de\/en\/product\/cetma-composites-mantra-cwt-wettkampf-carbon-flossen\/\" \/>\n<meta property=\"og:site_name\" content=\"Monofinshop.de\" \/>\n<meta property=\"article:modified_time\" content=\"2026-04-02T22:53:46+00:00\" \/>\n<meta property=\"og:image\" content=\"https:\/\/monofinshop.de\/wp-content\/uploads\/2023\/01\/Cetma-Composites-Mantra-CWT-Carbon-Fins-1.jpg\" \/>\n\t<meta property=\"og:image:width\" content=\"817\" \/>\n\t<meta property=\"og:image:height\" content=\"817\" \/>\n\t<meta property=\"og:image:type\" content=\"image\/jpeg\" \/>\n<meta name=\"twitter:card\" content=\"summary_large_image\" \/>\n<meta name=\"twitter:label1\" content=\"Est. reading time\" \/>\n\t<meta name=\"twitter:data1\" content=\"1 minute\" \/>\n<script type=\"application\/ld+json\" class=\"yoast-schema-graph\">{\"@context\":\"https:\/\/schema.org\",\"@graph\":[{\"@type\":\"WebPage\",\"@id\":\"https:\/\/monofinshop.de\/product\/cetma-composites-mantra-cwt-wettkampf-carbon-flossen\/\",\"url\":\"https:\/\/monofinshop.de\/product\/cetma-composites-mantra-cwt-wettkampf-carbon-flossen\/\",\"name\":\"Cetma Mantra CWT Carbon Flossen f\u00fcr Freediving\",\"isPartOf\":{\"@id\":\"https:\/\/monofinshop.de\/#website\"},\"primaryImageOfPage\":{\"@id\":\"https:\/\/monofinshop.de\/product\/cetma-composites-mantra-cwt-wettkampf-carbon-flossen\/#primaryimage\"},\"image\":{\"@id\":\"https:\/\/monofinshop.de\/product\/cetma-composites-mantra-cwt-wettkampf-carbon-flossen\/#primaryimage\"},\"thumbnailUrl\":\"https:\/\/monofinshop.de\/wp-content\/uploads\/2023\/01\/Cetma-Composites-Mantra-CWT-Carbon-Fins-1.jpg\",\"datePublished\":\"2023-02-24T16:47:16+00:00\",\"dateModified\":\"2026-04-02T22:53:46+00:00\",\"description\":\"Erleben Sie die Cetma Mantra CWT Carbon Flossen f\u00fcr maximale Leistung beim Freediving.\",\"breadcrumb\":{\"@id\":\"https:\/\/monofinshop.de\/product\/cetma-composites-mantra-cwt-wettkampf-carbon-flossen\/#breadcrumb\"},\"inLanguage\":\"en-CA\",\"potentialAction\":[{\"@type\":\"ReadAction\",\"target\":[\"https:\/\/monofinshop.de\/product\/cetma-composites-mantra-cwt-wettkampf-carbon-flossen\/\"]}]},{\"@type\":\"ImageObject\",\"inLanguage\":\"en-CA\",\"@id\":\"https:\/\/monofinshop.de\/product\/cetma-composites-mantra-cwt-wettkampf-carbon-flossen\/#primaryimage\",\"url\":\"https:\/\/monofinshop.de\/wp-content\/uploads\/2023\/01\/Cetma-Composites-Mantra-CWT-Carbon-Fins-1.jpg\",\"contentUrl\":\"https:\/\/monofinshop.de\/wp-content\/uploads\/2023\/01\/Cetma-Composites-Mantra-CWT-Carbon-Fins-1.jpg\",\"width\":817,\"height\":817},{\"@type\":\"BreadcrumbList\",\"@id\":\"https:\/\/monofinshop.de\/product\/cetma-composites-mantra-cwt-wettkampf-carbon-flossen\/#breadcrumb\",\"itemListElement\":[{\"@type\":\"ListItem\",\"position\":1,\"name\":\"Home\",\"item\":\"https:\/\/monofinshop.de\/\"},{\"@type\":\"ListItem\",\"position\":2,\"name\":\"Shop\",\"item\":\"https:\/\/monofinshop.de\/shop\/\"},{\"@type\":\"ListItem\",\"position\":3,\"name\":\"Cetma Composites Mantra CWT Wettkampf Carbon Flossen\"}]},{\"@type\":\"WebSite\",\"@id\":\"https:\/\/monofinshop.de\/#website\",\"url\":\"https:\/\/monofinshop.de\/\",\"name\":\"Monofinshop.de\",\"description\":\"Flossenschwimmen Shop\",\"potentialAction\":[{\"@type\":\"SearchAction\",\"target\":{\"@type\":\"EntryPoint\",\"urlTemplate\":\"https:\/\/monofinshop.de\/?s={search_term_string}\"},\"query-input\":{\"@type\":\"PropertyValueSpecification\",\"valueRequired\":true,\"valueName\":\"search_term_string\"}}],\"inLanguage\":\"en-CA\"}]}<\/script>\n<!-- \/ Yoast SEO plugin. -->","yoast_head_json":{"title":"Cetma Mantra CWT Carbon Flossen f\u00fcr Freediving","description":"Erleben Sie die Cetma Mantra CWT Carbon Flossen f\u00fcr maximale Leistung beim Freediving.","robots":{"index":"index","follow":"follow","max-snippet":"max-snippet:-1","max-image-preview":"max-image-preview:large","max-video-preview":"max-video-preview:-1"},"canonical":"https:\/\/monofinshop.de\/en\/product\/cetma-composites-mantra-cwt-wettkampf-carbon-flossen\/","og_locale":"en_US","og_type":"article","og_title":"Cetma Mantra CWT Carbon Flossen f\u00fcr Freediving","og_description":"Erleben Sie die Cetma Mantra CWT Carbon Flossen f\u00fcr maximale Leistung beim Freediving.","og_url":"https:\/\/monofinshop.de\/en\/product\/cetma-composites-mantra-cwt-wettkampf-carbon-flossen\/","og_site_name":"Monofinshop.de","article_modified_time":"2026-04-02T22:53:46+00:00","og_image":[{"width":817,"height":817,"url":"https:\/\/monofinshop.de\/wp-content\/uploads\/2023\/01\/Cetma-Composites-Mantra-CWT-Carbon-Fins-1.jpg","type":"image\/jpeg"}],"twitter_card":"summary_large_image","twitter_misc":{"Est. reading time":"1 minute"},"schema":{"@context":"https:\/\/schema.org","@graph":[{"@type":"WebPage","@id":"https:\/\/monofinshop.de\/product\/cetma-composites-mantra-cwt-wettkampf-carbon-flossen\/","url":"https:\/\/monofinshop.de\/product\/cetma-composites-mantra-cwt-wettkampf-carbon-flossen\/","name":"Cetma Mantra CWT Carbon Flossen f\u00fcr Freediving","isPartOf":{"@id":"https:\/\/monofinshop.de\/#website"},"primaryImageOfPage":{"@id":"https:\/\/monofinshop.de\/product\/cetma-composites-mantra-cwt-wettkampf-carbon-flossen\/#primaryimage"},"image":{"@id":"https:\/\/monofinshop.de\/product\/cetma-composites-mantra-cwt-wettkampf-carbon-flossen\/#primaryimage"},"thumbnailUrl":"https:\/\/monofinshop.de\/wp-content\/uploads\/2023\/01\/Cetma-Composites-Mantra-CWT-Carbon-Fins-1.jpg","datePublished":"2023-02-24T16:47:16+00:00","dateModified":"2026-04-02T22:53:46+00:00","description":"Erleben Sie die Cetma Mantra CWT Carbon Flossen f\u00fcr maximale Leistung beim Freediving.","breadcrumb":{"@id":"https:\/\/monofinshop.de\/product\/cetma-composites-mantra-cwt-wettkampf-carbon-flossen\/#breadcrumb"},"inLanguage":"en-CA","potentialAction":[{"@type":"ReadAction","target":["https:\/\/monofinshop.de\/product\/cetma-composites-mantra-cwt-wettkampf-carbon-flossen\/"]}]},{"@type":"ImageObject","inLanguage":"en-CA","@id":"https:\/\/monofinshop.de\/product\/cetma-composites-mantra-cwt-wettkampf-carbon-flossen\/#primaryimage","url":"https:\/\/monofinshop.de\/wp-content\/uploads\/2023\/01\/Cetma-Composites-Mantra-CWT-Carbon-Fins-1.jpg","contentUrl":"https:\/\/monofinshop.de\/wp-content\/uploads\/2023\/01\/Cetma-Composites-Mantra-CWT-Carbon-Fins-1.jpg","width":817,"height":817},{"@type":"BreadcrumbList","@id":"https:\/\/monofinshop.de\/product\/cetma-composites-mantra-cwt-wettkampf-carbon-flossen\/#breadcrumb","itemListElement":[{"@type":"ListItem","position":1,"name":"Home","item":"https:\/\/monofinshop.de\/"},{"@type":"ListItem","position":2,"name":"Shop","item":"https:\/\/monofinshop.de\/shop\/"},{"@type":"ListItem","position":3,"name":"Cetma Composites Mantra CWT Wettkampf Carbon Flossen"}]},{"@type":"WebSite","@id":"https:\/\/monofinshop.de\/#website","url":"https:\/\/monofinshop.de\/","name":"Monofinshop.de","description":"Flossenschwimmen Shop","potentialAction":[{"@type":"SearchAction","target":{"@type":"EntryPoint","urlTemplate":"https:\/\/monofinshop.de\/?s={search_term_string}"},"query-input":{"@type":"PropertyValueSpecification","valueRequired":true,"valueName":"search_term_string"}}],"inLanguage":"en-CA"}]}},"_links":{"self":[{"href":"https:\/\/monofinshop.de\/en\/wp-json\/wp\/v2\/product\/10583","targetHints":{"allow":["GET"]}}],"collection":[{"href":"https:\/\/monofinshop.de\/en\/wp-json\/wp\/v2\/product"}],"about":[{"href":"https:\/\/monofinshop.de\/en\/wp-json\/wp\/v2\/types\/product"}],"version-history":[{"count":3,"href":"https:\/\/monofinshop.de\/en\/wp-json\/wp\/v2\/product\/10583\/revisions"}],"predecessor-version":[{"id":12689,"href":"https:\/\/monofinshop.de\/en\/wp-json\/wp\/v2\/product\/10583\/revisions\/12689"}],"wp:featuredmedia":[{"embeddable":true,"href":"https:\/\/monofinshop.de\/en\/wp-json\/wp\/v2\/media\/5129"}],"wp:attachment":[{"href":"https:\/\/monofinshop.de\/en\/wp-json\/wp\/v2\/media?parent=10583"}],"wp:term":[{"taxonomy":"product_brand","embeddable":true,"href":"https:\/\/monofinshop.de\/en\/wp-json\/wp\/v2\/product_brand?post=10583"},{"taxonomy":"product_cat","embeddable":true,"href":"https:\/\/monofinshop.de\/en\/wp-json\/wp\/v2\/product_cat?post=10583"},{"taxonomy":"product_tag","embeddable":true,"href":"https:\/\/monofinshop.de\/en\/wp-json\/wp\/v2\/product_tag?post=10583"}],"curies":[{"name":"wp","href":"https:\/\/api.w.org\/{rel}","templated":true}]}}