{"id":10581,"date":"2023-02-24T16:47:16","date_gmt":"2023-02-24T16:47:16","guid":{"rendered":"https:\/\/monofinshop.de\/?post_type=product&#038;p=10581"},"modified":"2026-04-02T22:53:41","modified_gmt":"2026-04-02T22:53:41","slug":"cetma-composites-mantra-blaetter","status":"publish","type":"product","link":"https:\/\/monofinshop.de\/en\/product\/cetma-composites-mantra-blaetter\/","title":{"rendered":"Cetma Composites Mantra Bl\u00e4tter"},"content":{"rendered":"<p>Die <strong>Cetma Mantra Bl\u00e4tter<\/strong> sind die perfekte Wahl f\u00fcr Freediver, die maximale Effizienz und Leistung suchen. Diese hochwertigen Carbonbl\u00e4tter sind mit dem innovativen <em>Dynamic Resonance System<\/em> ausgestattet, das in Zusammenarbeit mit dem Weltmeister im Freediving, Michele Giurgola, entwickelt wurde.<\/p>\n<p>Die Bl\u00e4tter sind auf spezifische nat\u00fcrliche Frequenzen abgestimmt, um bei jedem Kick eine extrem effiziente Energiewandlung zu erm\u00f6glichen. Mit einem verbesserten 33-Grad-Winkel bieten sie optimale Leistung beim Schwimmen an der Oberfl\u00e4che.<\/p>\n<h2>Hauptmerkmale<\/h2>\n<ul>\n<li><strong>Dynamic Resonance System:<\/strong> F\u00fcr maximale Energieeffizienz.<\/li>\n<li><strong>33-Grad-Winkel:<\/strong> Verbessert die Schwimmleistung.<\/li>\n<li><strong>Variable Blattsteifigkeit:<\/strong> Erh\u00f6ht die Antriebseffizienz.<\/li>\n<li><strong>Stabile Unterwasserkontrolle:<\/strong> Durch variable Schienenbreiten.<\/li>\n<li><strong>Signatur von Michele Giurgola:<\/strong> Ein Zeichen f\u00fcr Qualit\u00e4t und Leistung.<\/li>\n<\/ul>","protected":false},"excerpt":{"rendered":"<p>Die Cetma Mantra Bl\u00e4tter bieten maximale Effizienz und Leistung. Mit Dynamic Resonance System und 33-Grad-Winkel f\u00fcr optimales Schwimmen. Perfekt f\u00fcr Freediving.<\/p>","protected":false},"featured_media":5903,"template":"","meta":[],"product_brand":[565],"product_cat":[408],"product_tag":[370],"class_list":{"0":"post-10581","1":"product","2":"type-product","3":"status-publish","4":"has-post-thumbnail","6":"product_brand-cetma-composites","7":"product_cat-blaetter","8":"product_tag-cetma","10":"first","11":"instock","12":"sale","13":"shipping-taxable","14":"purchasable","15":"product-type-variable"},"yoast_head":"<!-- This site is optimized with the Yoast SEO plugin v27.2 - https:\/\/yoast.com\/product\/yoast-seo-wordpress\/ -->\n<title>Cetma Mantra Bl\u00e4tter \u2013 Effiziente Carbonflossen<\/title>\n<meta name=\"description\" content=\"Entdecken Sie die Cetma Mantra Bl\u00e4tter mit Dynamic Resonance System f\u00fcr maximale Effizienz beim Freediving.\" \/>\n<meta name=\"robots\" content=\"index, follow, max-snippet:-1, max-image-preview:large, max-video-preview:-1\" \/>\n<link rel=\"canonical\" href=\"https:\/\/monofinshop.de\/en\/product\/cetma-composites-mantra-blaetter\/\" \/>\n<meta property=\"og:locale\" content=\"en_US\" \/>\n<meta property=\"og:type\" content=\"article\" \/>\n<meta property=\"og:title\" content=\"Cetma Mantra Bl\u00e4tter \u2013 Effiziente Carbonflossen\" \/>\n<meta property=\"og:description\" content=\"Entdecken Sie die Cetma Mantra Bl\u00e4tter mit Dynamic Resonance System f\u00fcr maximale Effizienz beim Freediving.\" \/>\n<meta property=\"og:url\" content=\"https:\/\/monofinshop.de\/en\/product\/cetma-composites-mantra-blaetter\/\" \/>\n<meta property=\"og:site_name\" content=\"Monofinshop.de\" \/>\n<meta property=\"article:modified_time\" content=\"2026-04-02T22:53:41+00:00\" \/>\n<meta property=\"og:image\" content=\"https:\/\/monofinshop.de\/wp-content\/uploads\/2023\/01\/Cetma-Mantra-Blades-White-1-1.jpg\" \/>\n\t<meta property=\"og:image:width\" content=\"700\" \/>\n\t<meta property=\"og:image:height\" content=\"700\" \/>\n\t<meta property=\"og:image:type\" content=\"image\/jpeg\" \/>\n<meta name=\"twitter:card\" content=\"summary_large_image\" \/>\n<meta name=\"twitter:label1\" content=\"Est. reading time\" \/>\n\t<meta name=\"twitter:data1\" content=\"1 minute\" \/>\n<script type=\"application\/ld+json\" class=\"yoast-schema-graph\">{\"@context\":\"https:\/\/schema.org\",\"@graph\":[{\"@type\":\"WebPage\",\"@id\":\"https:\/\/monofinshop.de\/product\/cetma-composites-mantra-blaetter\/\",\"url\":\"https:\/\/monofinshop.de\/product\/cetma-composites-mantra-blaetter\/\",\"name\":\"Cetma Mantra Bl\u00e4tter \u2013 Effiziente Carbonflossen\",\"isPartOf\":{\"@id\":\"https:\/\/monofinshop.de\/#website\"},\"primaryImageOfPage\":{\"@id\":\"https:\/\/monofinshop.de\/product\/cetma-composites-mantra-blaetter\/#primaryimage\"},\"image\":{\"@id\":\"https:\/\/monofinshop.de\/product\/cetma-composites-mantra-blaetter\/#primaryimage\"},\"thumbnailUrl\":\"https:\/\/monofinshop.de\/wp-content\/uploads\/2023\/01\/Cetma-Mantra-Blades-White-1-1.jpg\",\"datePublished\":\"2023-02-24T16:47:16+00:00\",\"dateModified\":\"2026-04-02T22:53:41+00:00\",\"description\":\"Entdecken Sie die Cetma Mantra Bl\u00e4tter mit Dynamic Resonance System f\u00fcr maximale Effizienz beim Freediving.\",\"breadcrumb\":{\"@id\":\"https:\/\/monofinshop.de\/product\/cetma-composites-mantra-blaetter\/#breadcrumb\"},\"inLanguage\":\"en-CA\",\"potentialAction\":[{\"@type\":\"ReadAction\",\"target\":[\"https:\/\/monofinshop.de\/product\/cetma-composites-mantra-blaetter\/\"]}]},{\"@type\":\"ImageObject\",\"inLanguage\":\"en-CA\",\"@id\":\"https:\/\/monofinshop.de\/product\/cetma-composites-mantra-blaetter\/#primaryimage\",\"url\":\"https:\/\/monofinshop.de\/wp-content\/uploads\/2023\/01\/Cetma-Mantra-Blades-White-1-1.jpg\",\"contentUrl\":\"https:\/\/monofinshop.de\/wp-content\/uploads\/2023\/01\/Cetma-Mantra-Blades-White-1-1.jpg\",\"width\":700,\"height\":700},{\"@type\":\"BreadcrumbList\",\"@id\":\"https:\/\/monofinshop.de\/product\/cetma-composites-mantra-blaetter\/#breadcrumb\",\"itemListElement\":[{\"@type\":\"ListItem\",\"position\":1,\"name\":\"Home\",\"item\":\"https:\/\/monofinshop.de\/\"},{\"@type\":\"ListItem\",\"position\":2,\"name\":\"Shop\",\"item\":\"https:\/\/monofinshop.de\/shop\/\"},{\"@type\":\"ListItem\",\"position\":3,\"name\":\"Cetma Composites Mantra Bl\u00e4tter\"}]},{\"@type\":\"WebSite\",\"@id\":\"https:\/\/monofinshop.de\/#website\",\"url\":\"https:\/\/monofinshop.de\/\",\"name\":\"Monofinshop.de\",\"description\":\"Flossenschwimmen Shop\",\"potentialAction\":[{\"@type\":\"SearchAction\",\"target\":{\"@type\":\"EntryPoint\",\"urlTemplate\":\"https:\/\/monofinshop.de\/?s={search_term_string}\"},\"query-input\":{\"@type\":\"PropertyValueSpecification\",\"valueRequired\":true,\"valueName\":\"search_term_string\"}}],\"inLanguage\":\"en-CA\"}]}<\/script>\n<!-- \/ Yoast SEO plugin. -->","yoast_head_json":{"title":"Cetma Mantra Bl\u00e4tter \u2013 Effiziente Carbonflossen","description":"Entdecken Sie die Cetma Mantra Bl\u00e4tter mit Dynamic Resonance System f\u00fcr maximale Effizienz beim Freediving.","robots":{"index":"index","follow":"follow","max-snippet":"max-snippet:-1","max-image-preview":"max-image-preview:large","max-video-preview":"max-video-preview:-1"},"canonical":"https:\/\/monofinshop.de\/en\/product\/cetma-composites-mantra-blaetter\/","og_locale":"en_US","og_type":"article","og_title":"Cetma Mantra Bl\u00e4tter \u2013 Effiziente Carbonflossen","og_description":"Entdecken Sie die Cetma Mantra Bl\u00e4tter mit Dynamic Resonance System f\u00fcr maximale Effizienz beim Freediving.","og_url":"https:\/\/monofinshop.de\/en\/product\/cetma-composites-mantra-blaetter\/","og_site_name":"Monofinshop.de","article_modified_time":"2026-04-02T22:53:41+00:00","og_image":[{"width":700,"height":700,"url":"https:\/\/monofinshop.de\/wp-content\/uploads\/2023\/01\/Cetma-Mantra-Blades-White-1-1.jpg","type":"image\/jpeg"}],"twitter_card":"summary_large_image","twitter_misc":{"Est. reading time":"1 minute"},"schema":{"@context":"https:\/\/schema.org","@graph":[{"@type":"WebPage","@id":"https:\/\/monofinshop.de\/product\/cetma-composites-mantra-blaetter\/","url":"https:\/\/monofinshop.de\/product\/cetma-composites-mantra-blaetter\/","name":"Cetma Mantra Bl\u00e4tter \u2013 Effiziente Carbonflossen","isPartOf":{"@id":"https:\/\/monofinshop.de\/#website"},"primaryImageOfPage":{"@id":"https:\/\/monofinshop.de\/product\/cetma-composites-mantra-blaetter\/#primaryimage"},"image":{"@id":"https:\/\/monofinshop.de\/product\/cetma-composites-mantra-blaetter\/#primaryimage"},"thumbnailUrl":"https:\/\/monofinshop.de\/wp-content\/uploads\/2023\/01\/Cetma-Mantra-Blades-White-1-1.jpg","datePublished":"2023-02-24T16:47:16+00:00","dateModified":"2026-04-02T22:53:41+00:00","description":"Entdecken Sie die Cetma Mantra Bl\u00e4tter mit Dynamic Resonance System f\u00fcr maximale Effizienz beim Freediving.","breadcrumb":{"@id":"https:\/\/monofinshop.de\/product\/cetma-composites-mantra-blaetter\/#breadcrumb"},"inLanguage":"en-CA","potentialAction":[{"@type":"ReadAction","target":["https:\/\/monofinshop.de\/product\/cetma-composites-mantra-blaetter\/"]}]},{"@type":"ImageObject","inLanguage":"en-CA","@id":"https:\/\/monofinshop.de\/product\/cetma-composites-mantra-blaetter\/#primaryimage","url":"https:\/\/monofinshop.de\/wp-content\/uploads\/2023\/01\/Cetma-Mantra-Blades-White-1-1.jpg","contentUrl":"https:\/\/monofinshop.de\/wp-content\/uploads\/2023\/01\/Cetma-Mantra-Blades-White-1-1.jpg","width":700,"height":700},{"@type":"BreadcrumbList","@id":"https:\/\/monofinshop.de\/product\/cetma-composites-mantra-blaetter\/#breadcrumb","itemListElement":[{"@type":"ListItem","position":1,"name":"Home","item":"https:\/\/monofinshop.de\/"},{"@type":"ListItem","position":2,"name":"Shop","item":"https:\/\/monofinshop.de\/shop\/"},{"@type":"ListItem","position":3,"name":"Cetma Composites Mantra Bl\u00e4tter"}]},{"@type":"WebSite","@id":"https:\/\/monofinshop.de\/#website","url":"https:\/\/monofinshop.de\/","name":"Monofinshop.de","description":"Flossenschwimmen Shop","potentialAction":[{"@type":"SearchAction","target":{"@type":"EntryPoint","urlTemplate":"https:\/\/monofinshop.de\/?s={search_term_string}"},"query-input":{"@type":"PropertyValueSpecification","valueRequired":true,"valueName":"search_term_string"}}],"inLanguage":"en-CA"}]}},"_links":{"self":[{"href":"https:\/\/monofinshop.de\/en\/wp-json\/wp\/v2\/product\/10581","targetHints":{"allow":["GET"]}}],"collection":[{"href":"https:\/\/monofinshop.de\/en\/wp-json\/wp\/v2\/product"}],"about":[{"href":"https:\/\/monofinshop.de\/en\/wp-json\/wp\/v2\/types\/product"}],"version-history":[{"count":3,"href":"https:\/\/monofinshop.de\/en\/wp-json\/wp\/v2\/product\/10581\/revisions"}],"predecessor-version":[{"id":12687,"href":"https:\/\/monofinshop.de\/en\/wp-json\/wp\/v2\/product\/10581\/revisions\/12687"}],"wp:featuredmedia":[{"embeddable":true,"href":"https:\/\/monofinshop.de\/en\/wp-json\/wp\/v2\/media\/5903"}],"wp:attachment":[{"href":"https:\/\/monofinshop.de\/en\/wp-json\/wp\/v2\/media?parent=10581"}],"wp:term":[{"taxonomy":"product_brand","embeddable":true,"href":"https:\/\/monofinshop.de\/en\/wp-json\/wp\/v2\/product_brand?post=10581"},{"taxonomy":"product_cat","embeddable":true,"href":"https:\/\/monofinshop.de\/en\/wp-json\/wp\/v2\/product_cat?post=10581"},{"taxonomy":"product_tag","embeddable":true,"href":"https:\/\/monofinshop.de\/en\/wp-json\/wp\/v2\/product_tag?post=10581"}],"curies":[{"name":"wp","href":"https:\/\/api.w.org\/{rel}","templated":true}]}}