{"id":10521,"date":"2023-02-24T16:47:12","date_gmt":"2023-02-24T16:47:12","guid":{"rendered":"https:\/\/monofinshop.de\/?post_type=product&#038;p=10521"},"modified":"2026-04-02T22:55:39","modified_gmt":"2026-04-02T22:55:39","slug":"5-sec-kleber","status":"publish","type":"product","link":"https:\/\/monofinshop.de\/en\/product\/5-sec-kleber\/","title":{"rendered":"705 Kleber Akfix"},"content":{"rendered":"<p>Der <strong>Akfix 705 Kleber<\/strong> ist die ideale L\u00f6sung f\u00fcr schnelle und starke Verklebungen. Entwickelt f\u00fcr den Einsatz auf Fiberglas und robusten Gummimaterialien, bietet dieser Kleber eine au\u00dfergew\u00f6hnliche Haftkraft in nur 5 Sekunden.<\/p>\n<p>Vermeiden Sie die Anwendung auf elastischen Gummifl\u00e4chen, um optimale Ergebnisse zu erzielen. Der Akfix 705 ist in einer praktischen 50g Tube erh\u00e4ltlich, die pr\u00e4zises Arbeiten erm\u00f6glicht.<\/p>\n<h2>Eigenschaften<\/h2>\n<ul>\n<li>Schnelle Aush\u00e4rtung in nur 5 Sekunden<\/li>\n<li>Ideal f\u00fcr Fiberglas und robuste Gummimaterialien<\/li>\n<li>Praktische 50g Tube f\u00fcr einfache Anwendung<\/li>\n<li>Starke Haftkraft f\u00fcr langlebige Ergebnisse<\/li>\n<li>Perfekt f\u00fcr pr\u00e4zise Anwendungen<\/li>\n<\/ul>","protected":false},"excerpt":{"rendered":"<p>Der Akfix 705 Kleber bietet starken Halt in nur 5 Sekunden. Perfekt f\u00fcr Fiberglas und robuste Gummianwendungen. 50g Tube f\u00fcr pr\u00e4zise Anwendungen.<\/p>","protected":false},"featured_media":3546,"template":"","meta":[],"product_brand":[578],"product_cat":[436,412],"product_tag":[],"class_list":{"0":"post-10521","1":"product","2":"type-product","3":"status-publish","4":"has-post-thumbnail","6":"product_brand-akfix","7":"product_cat-kleber","8":"product_cat-zubehoer","10":"first","11":"instock","12":"shipping-taxable","13":"purchasable","14":"product-type-simple"},"yoast_head":"<!-- This site is optimized with the Yoast SEO plugin v27.2 - https:\/\/yoast.com\/product\/yoast-seo-wordpress\/ -->\n<title>Akfix 705 Kleber \u2013 Starker Halt in 5 Sekunden<\/title>\n<meta name=\"description\" content=\"Akfix 705 Kleber: Schnell und stark f\u00fcr Fiberglas und Gummi. Ideal f\u00fcr robuste Anwendungen.\" \/>\n<meta name=\"robots\" content=\"index, follow, max-snippet:-1, max-image-preview:large, max-video-preview:-1\" \/>\n<link rel=\"canonical\" href=\"https:\/\/monofinshop.de\/en\/product\/5-sec-kleber\/\" \/>\n<meta property=\"og:locale\" content=\"en_US\" \/>\n<meta property=\"og:type\" content=\"article\" \/>\n<meta property=\"og:title\" content=\"Akfix 705 Kleber \u2013 Starker Halt in 5 Sekunden\" \/>\n<meta property=\"og:description\" content=\"Akfix 705 Kleber: Schnell und stark f\u00fcr Fiberglas und Gummi. Ideal f\u00fcr robuste Anwendungen.\" \/>\n<meta property=\"og:url\" content=\"https:\/\/monofinshop.de\/en\/product\/5-sec-kleber\/\" \/>\n<meta property=\"og:site_name\" content=\"Monofinshop.de\" \/>\n<meta property=\"article:modified_time\" content=\"2026-04-02T22:55:39+00:00\" \/>\n<meta property=\"og:image\" content=\"https:\/\/monofinshop.de\/wp-content\/uploads\/2023\/01\/705-Glue-Front.jpg\" \/>\n\t<meta property=\"og:image:width\" content=\"2342\" \/>\n\t<meta property=\"og:image:height\" content=\"2342\" \/>\n\t<meta property=\"og:image:type\" content=\"image\/jpeg\" \/>\n<meta name=\"twitter:card\" content=\"summary_large_image\" \/>\n<script type=\"application\/ld+json\" class=\"yoast-schema-graph\">{\"@context\":\"https:\/\/schema.org\",\"@graph\":[{\"@type\":\"WebPage\",\"@id\":\"https:\/\/monofinshop.de\/product\/5-sec-kleber\/\",\"url\":\"https:\/\/monofinshop.de\/product\/5-sec-kleber\/\",\"name\":\"Akfix 705 Kleber \u2013 Starker Halt in 5 Sekunden\",\"isPartOf\":{\"@id\":\"https:\/\/monofinshop.de\/#website\"},\"primaryImageOfPage\":{\"@id\":\"https:\/\/monofinshop.de\/product\/5-sec-kleber\/#primaryimage\"},\"image\":{\"@id\":\"https:\/\/monofinshop.de\/product\/5-sec-kleber\/#primaryimage\"},\"thumbnailUrl\":\"https:\/\/monofinshop.de\/wp-content\/uploads\/2023\/01\/705-Glue-Front.jpg\",\"datePublished\":\"2023-02-24T16:47:12+00:00\",\"dateModified\":\"2026-04-02T22:55:39+00:00\",\"description\":\"Akfix 705 Kleber: Schnell und stark f\u00fcr Fiberglas und Gummi. Ideal f\u00fcr robuste Anwendungen.\",\"breadcrumb\":{\"@id\":\"https:\/\/monofinshop.de\/product\/5-sec-kleber\/#breadcrumb\"},\"inLanguage\":\"en-CA\",\"potentialAction\":[{\"@type\":\"ReadAction\",\"target\":[\"https:\/\/monofinshop.de\/product\/5-sec-kleber\/\"]}]},{\"@type\":\"ImageObject\",\"inLanguage\":\"en-CA\",\"@id\":\"https:\/\/monofinshop.de\/product\/5-sec-kleber\/#primaryimage\",\"url\":\"https:\/\/monofinshop.de\/wp-content\/uploads\/2023\/01\/705-Glue-Front.jpg\",\"contentUrl\":\"https:\/\/monofinshop.de\/wp-content\/uploads\/2023\/01\/705-Glue-Front.jpg\",\"width\":2342,\"height\":2342},{\"@type\":\"BreadcrumbList\",\"@id\":\"https:\/\/monofinshop.de\/product\/5-sec-kleber\/#breadcrumb\",\"itemListElement\":[{\"@type\":\"ListItem\",\"position\":1,\"name\":\"Home\",\"item\":\"https:\/\/monofinshop.de\/\"},{\"@type\":\"ListItem\",\"position\":2,\"name\":\"Shop\",\"item\":\"https:\/\/monofinshop.de\/shop\/\"},{\"@type\":\"ListItem\",\"position\":3,\"name\":\"705 Kleber Akfix\"}]},{\"@type\":\"WebSite\",\"@id\":\"https:\/\/monofinshop.de\/#website\",\"url\":\"https:\/\/monofinshop.de\/\",\"name\":\"Monofinshop.de\",\"description\":\"Flossenschwimmen Shop\",\"potentialAction\":[{\"@type\":\"SearchAction\",\"target\":{\"@type\":\"EntryPoint\",\"urlTemplate\":\"https:\/\/monofinshop.de\/?s={search_term_string}\"},\"query-input\":{\"@type\":\"PropertyValueSpecification\",\"valueRequired\":true,\"valueName\":\"search_term_string\"}}],\"inLanguage\":\"en-CA\"}]}<\/script>\n<!-- \/ Yoast SEO plugin. -->","yoast_head_json":{"title":"Akfix 705 Kleber \u2013 Starker Halt in 5 Sekunden","description":"Akfix 705 Kleber: Schnell und stark f\u00fcr Fiberglas und Gummi. Ideal f\u00fcr robuste Anwendungen.","robots":{"index":"index","follow":"follow","max-snippet":"max-snippet:-1","max-image-preview":"max-image-preview:large","max-video-preview":"max-video-preview:-1"},"canonical":"https:\/\/monofinshop.de\/en\/product\/5-sec-kleber\/","og_locale":"en_US","og_type":"article","og_title":"Akfix 705 Kleber \u2013 Starker Halt in 5 Sekunden","og_description":"Akfix 705 Kleber: Schnell und stark f\u00fcr Fiberglas und Gummi. Ideal f\u00fcr robuste Anwendungen.","og_url":"https:\/\/monofinshop.de\/en\/product\/5-sec-kleber\/","og_site_name":"Monofinshop.de","article_modified_time":"2026-04-02T22:55:39+00:00","og_image":[{"width":2342,"height":2342,"url":"https:\/\/monofinshop.de\/wp-content\/uploads\/2023\/01\/705-Glue-Front.jpg","type":"image\/jpeg"}],"twitter_card":"summary_large_image","schema":{"@context":"https:\/\/schema.org","@graph":[{"@type":"WebPage","@id":"https:\/\/monofinshop.de\/product\/5-sec-kleber\/","url":"https:\/\/monofinshop.de\/product\/5-sec-kleber\/","name":"Akfix 705 Kleber \u2013 Starker Halt in 5 Sekunden","isPartOf":{"@id":"https:\/\/monofinshop.de\/#website"},"primaryImageOfPage":{"@id":"https:\/\/monofinshop.de\/product\/5-sec-kleber\/#primaryimage"},"image":{"@id":"https:\/\/monofinshop.de\/product\/5-sec-kleber\/#primaryimage"},"thumbnailUrl":"https:\/\/monofinshop.de\/wp-content\/uploads\/2023\/01\/705-Glue-Front.jpg","datePublished":"2023-02-24T16:47:12+00:00","dateModified":"2026-04-02T22:55:39+00:00","description":"Akfix 705 Kleber: Schnell und stark f\u00fcr Fiberglas und Gummi. Ideal f\u00fcr robuste Anwendungen.","breadcrumb":{"@id":"https:\/\/monofinshop.de\/product\/5-sec-kleber\/#breadcrumb"},"inLanguage":"en-CA","potentialAction":[{"@type":"ReadAction","target":["https:\/\/monofinshop.de\/product\/5-sec-kleber\/"]}]},{"@type":"ImageObject","inLanguage":"en-CA","@id":"https:\/\/monofinshop.de\/product\/5-sec-kleber\/#primaryimage","url":"https:\/\/monofinshop.de\/wp-content\/uploads\/2023\/01\/705-Glue-Front.jpg","contentUrl":"https:\/\/monofinshop.de\/wp-content\/uploads\/2023\/01\/705-Glue-Front.jpg","width":2342,"height":2342},{"@type":"BreadcrumbList","@id":"https:\/\/monofinshop.de\/product\/5-sec-kleber\/#breadcrumb","itemListElement":[{"@type":"ListItem","position":1,"name":"Home","item":"https:\/\/monofinshop.de\/"},{"@type":"ListItem","position":2,"name":"Shop","item":"https:\/\/monofinshop.de\/shop\/"},{"@type":"ListItem","position":3,"name":"705 Kleber Akfix"}]},{"@type":"WebSite","@id":"https:\/\/monofinshop.de\/#website","url":"https:\/\/monofinshop.de\/","name":"Monofinshop.de","description":"Flossenschwimmen Shop","potentialAction":[{"@type":"SearchAction","target":{"@type":"EntryPoint","urlTemplate":"https:\/\/monofinshop.de\/?s={search_term_string}"},"query-input":{"@type":"PropertyValueSpecification","valueRequired":true,"valueName":"search_term_string"}}],"inLanguage":"en-CA"}]}},"_links":{"self":[{"href":"https:\/\/monofinshop.de\/en\/wp-json\/wp\/v2\/product\/10521","targetHints":{"allow":["GET"]}}],"collection":[{"href":"https:\/\/monofinshop.de\/en\/wp-json\/wp\/v2\/product"}],"about":[{"href":"https:\/\/monofinshop.de\/en\/wp-json\/wp\/v2\/types\/product"}],"version-history":[{"count":4,"href":"https:\/\/monofinshop.de\/en\/wp-json\/wp\/v2\/product\/10521\/revisions"}],"predecessor-version":[{"id":12733,"href":"https:\/\/monofinshop.de\/en\/wp-json\/wp\/v2\/product\/10521\/revisions\/12733"}],"wp:featuredmedia":[{"embeddable":true,"href":"https:\/\/monofinshop.de\/en\/wp-json\/wp\/v2\/media\/3546"}],"wp:attachment":[{"href":"https:\/\/monofinshop.de\/en\/wp-json\/wp\/v2\/media?parent=10521"}],"wp:term":[{"taxonomy":"product_brand","embeddable":true,"href":"https:\/\/monofinshop.de\/en\/wp-json\/wp\/v2\/product_brand?post=10521"},{"taxonomy":"product_cat","embeddable":true,"href":"https:\/\/monofinshop.de\/en\/wp-json\/wp\/v2\/product_cat?post=10521"},{"taxonomy":"product_tag","embeddable":true,"href":"https:\/\/monofinshop.de\/en\/wp-json\/wp\/v2\/product_tag?post=10521"}],"curies":[{"name":"wp","href":"https:\/\/api.w.org\/{rel}","templated":true}]}}