{"id":10470,"date":"2023-02-24T16:47:08","date_gmt":"2023-02-24T16:47:08","guid":{"rendered":"https:\/\/monofinshop.de\/?post_type=product&#038;p=10470"},"modified":"2026-04-02T22:47:41","modified_gmt":"2026-04-02T22:47:41","slug":"29-71-mask-schwarz","status":"publish","type":"product","link":"https:\/\/monofinshop.de\/en\/product\/29-71-mask-schwarz\/","title":{"rendered":"29\/71 Mask Schwarz"},"content":{"rendered":"<p>Entdecken Sie die Unterwasserwelt mit der <strong>29\/71 Mask Schwarz<\/strong>. Diese Tauchermaske bietet dank ihres weichen Silikonmaterials und der anatomischen Form h\u00f6chsten Komfort, sodass Sie stundenlang tauchen k\u00f6nnen, ohne dass die Maske unbequem wird.<\/p>\n<p>Das flache, aus geh\u00e4rtetem Glas bestehende Sichtfeld sorgt f\u00fcr eine klare und unverzerrte Sicht. Der Rahmen aus eloxiertem Aluminium ist robust und langlebig. Eine kompakte Schutzh\u00fclle sch\u00fctzt Ihre Maske \u00fcber Jahre hinweg.<\/p>\n<h2>Hauptmerkmale<\/h2>\n<ul>\n<li><strong>Weiches Silikon:<\/strong> Passt sich perfekt an Ihr Gesicht an.<\/li>\n<li><strong>Anatomische Form:<\/strong> Schnelles und effizientes Druckausgleich.<\/li>\n<li><strong>Geh\u00e4rtetes Glas:<\/strong> Klare und unverzerrte Sicht.<\/li>\n<li><strong>Eloxierter Aluminiumrahmen:<\/strong> Langlebig und robust.<\/li>\n<li><strong>Kompakte Schutzh\u00fclle:<\/strong> Sicherer Schutz f\u00fcr Ihre Maske.<\/li>\n<\/ul>","protected":false},"excerpt":{"rendered":"<p>Die 29\/71 Mask Schwarz bietet dank weichem Silikon und anatomischer Form hohen Komfort und klare Sicht. Ideal f\u00fcr lange Tauchg\u00e4nge. Inklusive kompakter Schutzh\u00fclle.<\/p>","protected":false},"featured_media":11779,"template":"","meta":[],"product_brand":[571],"product_cat":[416],"product_tag":[],"class_list":{"0":"post-10470","1":"product","2":"type-product","3":"status-publish","4":"has-post-thumbnail","6":"product_brand-29-71","7":"product_cat-masken","9":"first","10":"instock","11":"sale","12":"shipping-taxable","13":"purchasable","14":"product-type-simple"},"yoast_head":"<!-- This site is optimized with the Yoast SEO plugin v27.2 - https:\/\/yoast.com\/product\/yoast-seo-wordpress\/ -->\n<title>29\/71 Mask Schwarz - Komfortable Tauchermaske<\/title>\n<meta name=\"description\" content=\"Entdecken Sie die Tiefen mit der 29\/71 Mask Schwarz. Komfort und klare Sicht f\u00fcr lange Tauchg\u00e4nge. Jetzt kaufen!\" \/>\n<meta name=\"robots\" content=\"index, follow, max-snippet:-1, max-image-preview:large, max-video-preview:-1\" \/>\n<link rel=\"canonical\" href=\"https:\/\/monofinshop.de\/en\/product\/29-71-mask-schwarz\/\" \/>\n<meta property=\"og:locale\" content=\"en_US\" \/>\n<meta property=\"og:type\" content=\"article\" \/>\n<meta property=\"og:title\" content=\"29\/71 Mask Schwarz - Komfortable Tauchermaske\" \/>\n<meta property=\"og:description\" content=\"Entdecken Sie die Tiefen mit der 29\/71 Mask Schwarz. Komfort und klare Sicht f\u00fcr lange Tauchg\u00e4nge. Jetzt kaufen!\" \/>\n<meta property=\"og:url\" content=\"https:\/\/monofinshop.de\/en\/product\/29-71-mask-schwarz\/\" \/>\n<meta property=\"og:site_name\" content=\"Monofinshop.de\" \/>\n<meta property=\"article:modified_time\" content=\"2026-04-02T22:47:41+00:00\" \/>\n<meta property=\"og:image\" content=\"https:\/\/monofinshop.de\/wp-content\/uploads\/2023\/02\/2971_Mask-007_RT_1200x1200-copy.jpg\" \/>\n\t<meta property=\"og:image:width\" content=\"993\" \/>\n\t<meta property=\"og:image:height\" content=\"993\" \/>\n\t<meta property=\"og:image:type\" content=\"image\/jpeg\" \/>\n<meta name=\"twitter:card\" content=\"summary_large_image\" \/>\n<meta name=\"twitter:label1\" content=\"Est. reading time\" \/>\n\t<meta name=\"twitter:data1\" content=\"1 minute\" \/>\n<script type=\"application\/ld+json\" class=\"yoast-schema-graph\">{\"@context\":\"https:\/\/schema.org\",\"@graph\":[{\"@type\":\"WebPage\",\"@id\":\"https:\/\/monofinshop.de\/product\/29-71-mask-schwarz\/\",\"url\":\"https:\/\/monofinshop.de\/product\/29-71-mask-schwarz\/\",\"name\":\"29\/71 Mask Schwarz - Komfortable Tauchermaske\",\"isPartOf\":{\"@id\":\"https:\/\/monofinshop.de\/#website\"},\"primaryImageOfPage\":{\"@id\":\"https:\/\/monofinshop.de\/product\/29-71-mask-schwarz\/#primaryimage\"},\"image\":{\"@id\":\"https:\/\/monofinshop.de\/product\/29-71-mask-schwarz\/#primaryimage\"},\"thumbnailUrl\":\"https:\/\/monofinshop.de\/wp-content\/uploads\/2023\/02\/2971_Mask-007_RT_1200x1200-copy.jpg\",\"datePublished\":\"2023-02-24T16:47:08+00:00\",\"dateModified\":\"2026-04-02T22:47:41+00:00\",\"description\":\"Entdecken Sie die Tiefen mit der 29\/71 Mask Schwarz. Komfort und klare Sicht f\u00fcr lange Tauchg\u00e4nge. Jetzt kaufen!\",\"breadcrumb\":{\"@id\":\"https:\/\/monofinshop.de\/product\/29-71-mask-schwarz\/#breadcrumb\"},\"inLanguage\":\"en-CA\",\"potentialAction\":[{\"@type\":\"ReadAction\",\"target\":[\"https:\/\/monofinshop.de\/product\/29-71-mask-schwarz\/\"]}]},{\"@type\":\"ImageObject\",\"inLanguage\":\"en-CA\",\"@id\":\"https:\/\/monofinshop.de\/product\/29-71-mask-schwarz\/#primaryimage\",\"url\":\"https:\/\/monofinshop.de\/wp-content\/uploads\/2023\/02\/2971_Mask-007_RT_1200x1200-copy.jpg\",\"contentUrl\":\"https:\/\/monofinshop.de\/wp-content\/uploads\/2023\/02\/2971_Mask-007_RT_1200x1200-copy.jpg\",\"width\":993,\"height\":993,\"caption\":\"29\/71 Mask Black\"},{\"@type\":\"BreadcrumbList\",\"@id\":\"https:\/\/monofinshop.de\/product\/29-71-mask-schwarz\/#breadcrumb\",\"itemListElement\":[{\"@type\":\"ListItem\",\"position\":1,\"name\":\"Home\",\"item\":\"https:\/\/monofinshop.de\/\"},{\"@type\":\"ListItem\",\"position\":2,\"name\":\"Shop\",\"item\":\"https:\/\/monofinshop.de\/shop\/\"},{\"@type\":\"ListItem\",\"position\":3,\"name\":\"29\/71 Mask Schwarz\"}]},{\"@type\":\"WebSite\",\"@id\":\"https:\/\/monofinshop.de\/#website\",\"url\":\"https:\/\/monofinshop.de\/\",\"name\":\"Monofinshop.de\",\"description\":\"Flossenschwimmen Shop\",\"potentialAction\":[{\"@type\":\"SearchAction\",\"target\":{\"@type\":\"EntryPoint\",\"urlTemplate\":\"https:\/\/monofinshop.de\/?s={search_term_string}\"},\"query-input\":{\"@type\":\"PropertyValueSpecification\",\"valueRequired\":true,\"valueName\":\"search_term_string\"}}],\"inLanguage\":\"en-CA\"}]}<\/script>\n<!-- \/ Yoast SEO plugin. -->","yoast_head_json":{"title":"29\/71 Mask Schwarz - Komfortable Tauchermaske","description":"Entdecken Sie die Tiefen mit der 29\/71 Mask Schwarz. Komfort und klare Sicht f\u00fcr lange Tauchg\u00e4nge. Jetzt kaufen!","robots":{"index":"index","follow":"follow","max-snippet":"max-snippet:-1","max-image-preview":"max-image-preview:large","max-video-preview":"max-video-preview:-1"},"canonical":"https:\/\/monofinshop.de\/en\/product\/29-71-mask-schwarz\/","og_locale":"en_US","og_type":"article","og_title":"29\/71 Mask Schwarz - Komfortable Tauchermaske","og_description":"Entdecken Sie die Tiefen mit der 29\/71 Mask Schwarz. Komfort und klare Sicht f\u00fcr lange Tauchg\u00e4nge. Jetzt kaufen!","og_url":"https:\/\/monofinshop.de\/en\/product\/29-71-mask-schwarz\/","og_site_name":"Monofinshop.de","article_modified_time":"2026-04-02T22:47:41+00:00","og_image":[{"width":993,"height":993,"url":"https:\/\/monofinshop.de\/wp-content\/uploads\/2023\/02\/2971_Mask-007_RT_1200x1200-copy.jpg","type":"image\/jpeg"}],"twitter_card":"summary_large_image","twitter_misc":{"Est. reading time":"1 minute"},"schema":{"@context":"https:\/\/schema.org","@graph":[{"@type":"WebPage","@id":"https:\/\/monofinshop.de\/product\/29-71-mask-schwarz\/","url":"https:\/\/monofinshop.de\/product\/29-71-mask-schwarz\/","name":"29\/71 Mask Schwarz - Komfortable Tauchermaske","isPartOf":{"@id":"https:\/\/monofinshop.de\/#website"},"primaryImageOfPage":{"@id":"https:\/\/monofinshop.de\/product\/29-71-mask-schwarz\/#primaryimage"},"image":{"@id":"https:\/\/monofinshop.de\/product\/29-71-mask-schwarz\/#primaryimage"},"thumbnailUrl":"https:\/\/monofinshop.de\/wp-content\/uploads\/2023\/02\/2971_Mask-007_RT_1200x1200-copy.jpg","datePublished":"2023-02-24T16:47:08+00:00","dateModified":"2026-04-02T22:47:41+00:00","description":"Entdecken Sie die Tiefen mit der 29\/71 Mask Schwarz. Komfort und klare Sicht f\u00fcr lange Tauchg\u00e4nge. Jetzt kaufen!","breadcrumb":{"@id":"https:\/\/monofinshop.de\/product\/29-71-mask-schwarz\/#breadcrumb"},"inLanguage":"en-CA","potentialAction":[{"@type":"ReadAction","target":["https:\/\/monofinshop.de\/product\/29-71-mask-schwarz\/"]}]},{"@type":"ImageObject","inLanguage":"en-CA","@id":"https:\/\/monofinshop.de\/product\/29-71-mask-schwarz\/#primaryimage","url":"https:\/\/monofinshop.de\/wp-content\/uploads\/2023\/02\/2971_Mask-007_RT_1200x1200-copy.jpg","contentUrl":"https:\/\/monofinshop.de\/wp-content\/uploads\/2023\/02\/2971_Mask-007_RT_1200x1200-copy.jpg","width":993,"height":993,"caption":"29\/71 Mask Black"},{"@type":"BreadcrumbList","@id":"https:\/\/monofinshop.de\/product\/29-71-mask-schwarz\/#breadcrumb","itemListElement":[{"@type":"ListItem","position":1,"name":"Home","item":"https:\/\/monofinshop.de\/"},{"@type":"ListItem","position":2,"name":"Shop","item":"https:\/\/monofinshop.de\/shop\/"},{"@type":"ListItem","position":3,"name":"29\/71 Mask Schwarz"}]},{"@type":"WebSite","@id":"https:\/\/monofinshop.de\/#website","url":"https:\/\/monofinshop.de\/","name":"Monofinshop.de","description":"Flossenschwimmen Shop","potentialAction":[{"@type":"SearchAction","target":{"@type":"EntryPoint","urlTemplate":"https:\/\/monofinshop.de\/?s={search_term_string}"},"query-input":{"@type":"PropertyValueSpecification","valueRequired":true,"valueName":"search_term_string"}}],"inLanguage":"en-CA"}]}},"_links":{"self":[{"href":"https:\/\/monofinshop.de\/en\/wp-json\/wp\/v2\/product\/10470","targetHints":{"allow":["GET"]}}],"collection":[{"href":"https:\/\/monofinshop.de\/en\/wp-json\/wp\/v2\/product"}],"about":[{"href":"https:\/\/monofinshop.de\/en\/wp-json\/wp\/v2\/types\/product"}],"version-history":[{"count":3,"href":"https:\/\/monofinshop.de\/en\/wp-json\/wp\/v2\/product\/10470\/revisions"}],"predecessor-version":[{"id":12618,"href":"https:\/\/monofinshop.de\/en\/wp-json\/wp\/v2\/product\/10470\/revisions\/12618"}],"wp:featuredmedia":[{"embeddable":true,"href":"https:\/\/monofinshop.de\/en\/wp-json\/wp\/v2\/media\/11779"}],"wp:attachment":[{"href":"https:\/\/monofinshop.de\/en\/wp-json\/wp\/v2\/media?parent=10470"}],"wp:term":[{"taxonomy":"product_brand","embeddable":true,"href":"https:\/\/monofinshop.de\/en\/wp-json\/wp\/v2\/product_brand?post=10470"},{"taxonomy":"product_cat","embeddable":true,"href":"https:\/\/monofinshop.de\/en\/wp-json\/wp\/v2\/product_cat?post=10470"},{"taxonomy":"product_tag","embeddable":true,"href":"https:\/\/monofinshop.de\/en\/wp-json\/wp\/v2\/product_tag?post=10470"}],"curies":[{"name":"wp","href":"https:\/\/api.w.org\/{rel}","templated":true}]}}