{"id":10464,"date":"2023-02-24T16:47:08","date_gmt":"2023-02-24T16:47:08","guid":{"rendered":"https:\/\/monofinshop.de\/?post_type=product&#038;p=10464"},"modified":"2026-04-02T22:47:32","modified_gmt":"2026-04-02T22:47:32","slug":"29-71-carbon-nose-clip","status":"publish","type":"product","link":"https:\/\/monofinshop.de\/en\/product\/29-71-carbon-nose-clip\/","title":{"rendered":"29\/71 Carbon Nose Clip"},"content":{"rendered":"<p>Die <strong>29\/71 Carbon Nasenklemme<\/strong> wurde als Wachsskulptur entwickelt, um die ergonomischste Hand-zu-Nase-Bewegung und eine angenehme anatomische Passform zu gew\u00e4hrleisten. Sie kombiniert Form und Funktion in einem eleganten, zweiteiligen Design.<\/p>\n<p>Dank CAD-Technologie entstand ein 3D-Modell, das anschlie\u00dfend 3D-gedruckt wurde. Das Griffdesign erm\u00f6glicht es, dass Wasser von der Nase abflie\u00dft, wenn die Klemme geschlossen ist, was einen sicheren Halt und das Ausgleichen in gr\u00f6\u00dferen Tiefen erleichtert.<\/p>\n<h2>Hauptmerkmale<\/h2>\n<ul>\n<li>Ergonomische Passform f\u00fcr maximalen Komfort<\/li>\n<li>3D-gedrucktes Nylon f\u00fcr Langlebigkeit<\/li>\n<li>Polyurethan-Griffpads f\u00fcr sicheren Halt<\/li>\n<li>2mm Fallschirmschnur, 45cm lang<\/li>\n<li>Erh\u00e4ltlich in Blau, Rot und Schwarz<\/li>\n<\/ul>","protected":false},"excerpt":{"rendered":"<p>Die 29\/71 Carbon Nasenklemme bietet eine ergonomische Passform und sicheren Halt beim Tauchen. Hergestellt aus 3D-gedrucktem Nylon mit Polyurethan-Griffpads. Ideal f\u00fcr tiefes Abtauchen.<\/p>","protected":false},"featured_media":11781,"template":"","meta":[],"product_brand":[571],"product_cat":[536,412],"product_tag":[],"class_list":{"0":"post-10464","1":"product","2":"type-product","3":"status-publish","4":"has-post-thumbnail","6":"product_brand-29-71","7":"product_cat-nasenklemme","8":"product_cat-zubehoer","10":"first","11":"instock","12":"sale","13":"featured","14":"shipping-taxable","15":"purchasable","16":"product-type-variable"},"yoast_head":"<!-- This site is optimized with the Yoast SEO plugin v27.2 - https:\/\/yoast.com\/product\/yoast-seo-wordpress\/ -->\n<title>29\/71 Carbon Nasenklemme f\u00fcr Taucher<\/title>\n<meta name=\"description\" content=\"Ergonomische 29\/71 Carbon Nasenklemme f\u00fcr sicheren Halt beim Tauchen. Perfekte Passform und wasserabweisendes Design.\" \/>\n<meta name=\"robots\" content=\"index, follow, max-snippet:-1, max-image-preview:large, max-video-preview:-1\" \/>\n<link rel=\"canonical\" href=\"https:\/\/monofinshop.de\/en\/product\/29-71-carbon-nose-clip\/\" \/>\n<meta property=\"og:locale\" content=\"en_US\" \/>\n<meta property=\"og:type\" content=\"article\" \/>\n<meta property=\"og:title\" content=\"29\/71 Carbon Nasenklemme f\u00fcr Taucher\" \/>\n<meta property=\"og:description\" content=\"Ergonomische 29\/71 Carbon Nasenklemme f\u00fcr sicheren Halt beim Tauchen. Perfekte Passform und wasserabweisendes Design.\" \/>\n<meta property=\"og:url\" content=\"https:\/\/monofinshop.de\/en\/product\/29-71-carbon-nose-clip\/\" \/>\n<meta property=\"og:site_name\" content=\"Monofinshop.de\" \/>\n<meta property=\"article:modified_time\" content=\"2026-04-02T22:47:32+00:00\" \/>\n<meta property=\"og:image\" content=\"https:\/\/monofinshop.de\/wp-content\/uploads\/2023\/02\/Nose_Clip_Red_Product_Listing_1000x1000px2-copy-2.jpg\" \/>\n\t<meta property=\"og:image:width\" content=\"800\" \/>\n\t<meta property=\"og:image:height\" content=\"800\" \/>\n\t<meta property=\"og:image:type\" content=\"image\/jpeg\" \/>\n<meta name=\"twitter:card\" content=\"summary_large_image\" \/>\n<script type=\"application\/ld+json\" class=\"yoast-schema-graph\">{\"@context\":\"https:\/\/schema.org\",\"@graph\":[{\"@type\":\"WebPage\",\"@id\":\"https:\/\/monofinshop.de\/product\/29-71-carbon-nose-clip\/\",\"url\":\"https:\/\/monofinshop.de\/product\/29-71-carbon-nose-clip\/\",\"name\":\"29\/71 Carbon Nasenklemme f\u00fcr Taucher\",\"isPartOf\":{\"@id\":\"https:\/\/monofinshop.de\/#website\"},\"primaryImageOfPage\":{\"@id\":\"https:\/\/monofinshop.de\/product\/29-71-carbon-nose-clip\/#primaryimage\"},\"image\":{\"@id\":\"https:\/\/monofinshop.de\/product\/29-71-carbon-nose-clip\/#primaryimage\"},\"thumbnailUrl\":\"https:\/\/monofinshop.de\/wp-content\/uploads\/2023\/02\/Nose_Clip_Red_Product_Listing_1000x1000px2-copy-2.jpg\",\"datePublished\":\"2023-02-24T16:47:08+00:00\",\"dateModified\":\"2026-04-02T22:47:32+00:00\",\"description\":\"Ergonomische 29\/71 Carbon Nasenklemme f\u00fcr sicheren Halt beim Tauchen. Perfekte Passform und wasserabweisendes Design.\",\"breadcrumb\":{\"@id\":\"https:\/\/monofinshop.de\/product\/29-71-carbon-nose-clip\/#breadcrumb\"},\"inLanguage\":\"en-CA\",\"potentialAction\":[{\"@type\":\"ReadAction\",\"target\":[\"https:\/\/monofinshop.de\/product\/29-71-carbon-nose-clip\/\"]}]},{\"@type\":\"ImageObject\",\"inLanguage\":\"en-CA\",\"@id\":\"https:\/\/monofinshop.de\/product\/29-71-carbon-nose-clip\/#primaryimage\",\"url\":\"https:\/\/monofinshop.de\/wp-content\/uploads\/2023\/02\/Nose_Clip_Red_Product_Listing_1000x1000px2-copy-2.jpg\",\"contentUrl\":\"https:\/\/monofinshop.de\/wp-content\/uploads\/2023\/02\/Nose_Clip_Red_Product_Listing_1000x1000px2-copy-2.jpg\",\"width\":800,\"height\":800,\"caption\":\"29\/71 Noseclips\"},{\"@type\":\"BreadcrumbList\",\"@id\":\"https:\/\/monofinshop.de\/product\/29-71-carbon-nose-clip\/#breadcrumb\",\"itemListElement\":[{\"@type\":\"ListItem\",\"position\":1,\"name\":\"Home\",\"item\":\"https:\/\/monofinshop.de\/\"},{\"@type\":\"ListItem\",\"position\":2,\"name\":\"Shop\",\"item\":\"https:\/\/monofinshop.de\/shop\/\"},{\"@type\":\"ListItem\",\"position\":3,\"name\":\"29\/71 Carbon Nose Clip\"}]},{\"@type\":\"WebSite\",\"@id\":\"https:\/\/monofinshop.de\/#website\",\"url\":\"https:\/\/monofinshop.de\/\",\"name\":\"Monofinshop.de\",\"description\":\"Flossenschwimmen Shop\",\"potentialAction\":[{\"@type\":\"SearchAction\",\"target\":{\"@type\":\"EntryPoint\",\"urlTemplate\":\"https:\/\/monofinshop.de\/?s={search_term_string}\"},\"query-input\":{\"@type\":\"PropertyValueSpecification\",\"valueRequired\":true,\"valueName\":\"search_term_string\"}}],\"inLanguage\":\"en-CA\"}]}<\/script>\n<!-- \/ Yoast SEO plugin. -->","yoast_head_json":{"title":"29\/71 Carbon Nasenklemme f\u00fcr Taucher","description":"Ergonomische 29\/71 Carbon Nasenklemme f\u00fcr sicheren Halt beim Tauchen. Perfekte Passform und wasserabweisendes Design.","robots":{"index":"index","follow":"follow","max-snippet":"max-snippet:-1","max-image-preview":"max-image-preview:large","max-video-preview":"max-video-preview:-1"},"canonical":"https:\/\/monofinshop.de\/en\/product\/29-71-carbon-nose-clip\/","og_locale":"en_US","og_type":"article","og_title":"29\/71 Carbon Nasenklemme f\u00fcr Taucher","og_description":"Ergonomische 29\/71 Carbon Nasenklemme f\u00fcr sicheren Halt beim Tauchen. Perfekte Passform und wasserabweisendes Design.","og_url":"https:\/\/monofinshop.de\/en\/product\/29-71-carbon-nose-clip\/","og_site_name":"Monofinshop.de","article_modified_time":"2026-04-02T22:47:32+00:00","og_image":[{"width":800,"height":800,"url":"https:\/\/monofinshop.de\/wp-content\/uploads\/2023\/02\/Nose_Clip_Red_Product_Listing_1000x1000px2-copy-2.jpg","type":"image\/jpeg"}],"twitter_card":"summary_large_image","schema":{"@context":"https:\/\/schema.org","@graph":[{"@type":"WebPage","@id":"https:\/\/monofinshop.de\/product\/29-71-carbon-nose-clip\/","url":"https:\/\/monofinshop.de\/product\/29-71-carbon-nose-clip\/","name":"29\/71 Carbon Nasenklemme f\u00fcr Taucher","isPartOf":{"@id":"https:\/\/monofinshop.de\/#website"},"primaryImageOfPage":{"@id":"https:\/\/monofinshop.de\/product\/29-71-carbon-nose-clip\/#primaryimage"},"image":{"@id":"https:\/\/monofinshop.de\/product\/29-71-carbon-nose-clip\/#primaryimage"},"thumbnailUrl":"https:\/\/monofinshop.de\/wp-content\/uploads\/2023\/02\/Nose_Clip_Red_Product_Listing_1000x1000px2-copy-2.jpg","datePublished":"2023-02-24T16:47:08+00:00","dateModified":"2026-04-02T22:47:32+00:00","description":"Ergonomische 29\/71 Carbon Nasenklemme f\u00fcr sicheren Halt beim Tauchen. Perfekte Passform und wasserabweisendes Design.","breadcrumb":{"@id":"https:\/\/monofinshop.de\/product\/29-71-carbon-nose-clip\/#breadcrumb"},"inLanguage":"en-CA","potentialAction":[{"@type":"ReadAction","target":["https:\/\/monofinshop.de\/product\/29-71-carbon-nose-clip\/"]}]},{"@type":"ImageObject","inLanguage":"en-CA","@id":"https:\/\/monofinshop.de\/product\/29-71-carbon-nose-clip\/#primaryimage","url":"https:\/\/monofinshop.de\/wp-content\/uploads\/2023\/02\/Nose_Clip_Red_Product_Listing_1000x1000px2-copy-2.jpg","contentUrl":"https:\/\/monofinshop.de\/wp-content\/uploads\/2023\/02\/Nose_Clip_Red_Product_Listing_1000x1000px2-copy-2.jpg","width":800,"height":800,"caption":"29\/71 Noseclips"},{"@type":"BreadcrumbList","@id":"https:\/\/monofinshop.de\/product\/29-71-carbon-nose-clip\/#breadcrumb","itemListElement":[{"@type":"ListItem","position":1,"name":"Home","item":"https:\/\/monofinshop.de\/"},{"@type":"ListItem","position":2,"name":"Shop","item":"https:\/\/monofinshop.de\/shop\/"},{"@type":"ListItem","position":3,"name":"29\/71 Carbon Nose Clip"}]},{"@type":"WebSite","@id":"https:\/\/monofinshop.de\/#website","url":"https:\/\/monofinshop.de\/","name":"Monofinshop.de","description":"Flossenschwimmen Shop","potentialAction":[{"@type":"SearchAction","target":{"@type":"EntryPoint","urlTemplate":"https:\/\/monofinshop.de\/?s={search_term_string}"},"query-input":{"@type":"PropertyValueSpecification","valueRequired":true,"valueName":"search_term_string"}}],"inLanguage":"en-CA"}]}},"_links":{"self":[{"href":"https:\/\/monofinshop.de\/en\/wp-json\/wp\/v2\/product\/10464","targetHints":{"allow":["GET"]}}],"collection":[{"href":"https:\/\/monofinshop.de\/en\/wp-json\/wp\/v2\/product"}],"about":[{"href":"https:\/\/monofinshop.de\/en\/wp-json\/wp\/v2\/types\/product"}],"version-history":[{"count":3,"href":"https:\/\/monofinshop.de\/en\/wp-json\/wp\/v2\/product\/10464\/revisions"}],"predecessor-version":[{"id":12614,"href":"https:\/\/monofinshop.de\/en\/wp-json\/wp\/v2\/product\/10464\/revisions\/12614"}],"wp:featuredmedia":[{"embeddable":true,"href":"https:\/\/monofinshop.de\/en\/wp-json\/wp\/v2\/media\/11781"}],"wp:attachment":[{"href":"https:\/\/monofinshop.de\/en\/wp-json\/wp\/v2\/media?parent=10464"}],"wp:term":[{"taxonomy":"product_brand","embeddable":true,"href":"https:\/\/monofinshop.de\/en\/wp-json\/wp\/v2\/product_brand?post=10464"},{"taxonomy":"product_cat","embeddable":true,"href":"https:\/\/monofinshop.de\/en\/wp-json\/wp\/v2\/product_cat?post=10464"},{"taxonomy":"product_tag","embeddable":true,"href":"https:\/\/monofinshop.de\/en\/wp-json\/wp\/v2\/product_tag?post=10464"}],"curies":[{"name":"wp","href":"https:\/\/api.w.org\/{rel}","templated":true}]}}