{"id":3810,"date":"2023-01-24T19:56:20","date_gmt":"2023-01-24T19:56:20","guid":{"rendered":"https:\/\/monofinshop.de\/?page_id=3810"},"modified":"2023-01-24T20:00:50","modified_gmt":"2023-01-24T20:00:50","slug":"datenschutz-bestimmungen","status":"publish","type":"page","link":"https:\/\/monofinshop.de\/en\/datenschutz-bestimmungen\/","title":{"rendered":"Datenschutz-Bestimmungen"},"content":{"rendered":"<div data-elementor-type=\"wp-page\" data-elementor-id=\"3810\" class=\"elementor elementor-3810\">\n\t\t\t\t\t\t<div class=\"elementor-inner\">\n\t\t\t\t<div class=\"elementor-section-wrap\">\n\t\t\t\t\t\t\t\t\t<section class=\"elementor-section elementor-top-section elementor-element elementor-element-436372d elementor-section-boxed elementor-section-gap-beside-yes elementor-section-height-default elementor-section-height-default elementor-section-column-vertical-align-stretch\" data-id=\"436372d\" data-element_type=\"section\">\n\t\t\t\t\t\t<div class=\"elementor-container elementor-column-gap-extended\">\n\t\t\t\t\t\t\t<div class=\"elementor-row\">\n\t\t\t\t\t<div class=\"elementor-column elementor-col-100 elementor-top-column elementor-element elementor-element-84d2d88\" data-id=\"84d2d88\" data-element_type=\"column\">\n\t\t\t<div class=\"elementor-column-wrap elementor-element-populated\">\n\t\t\t\t\t\t\t<div class=\"elementor-widget-wrap\">\n\t\t\t\t\t\t<div class=\"elementor-element elementor-element-c79e661 elementor-widget elementor-widget-tm-heading\" data-id=\"c79e661\" data-element_type=\"widget\" data-widget_type=\"tm-heading.default\">\n\t\t\t\t<div class=\"elementor-widget-container\">\n\t\t\t\t\t<div class=\"tm-modern-heading tm-modern-heading--style-01 tm-modern-heading--highlight-style-01\">\n\t\t\t\n\t\t\t\t\t<div class=\"heading-primary-wrap\">\n\t\t\t<h2 class=\"heading-primary elementor-heading-title\">Datenschutzrichtlinie<\/h2>\t\t<\/div>\n\t\t\n\t\t\t\n\t\t\t\t\t<\/div>\n\t\t\t\t<\/div>\n\t\t\t\t<\/div>\n\t\t\t\t<div class=\"elementor-element elementor-element-b971a23 elementor-align-left elementor-widget elementor-widget-tm-separator\" data-id=\"b971a23\" data-element_type=\"widget\" data-widget_type=\"tm-separator.default\">\n\t\t\t\t<div class=\"elementor-widget-container\">\n\t\t\t\t\t<div class=\"tm-separator horizontal-line\">\n\t\t\t\t\t\t<div class=\"inner\"><\/div>\n\t\t<\/div>\n\t\t\t\t<\/div>\n\t\t\t\t<\/div>\n\t\t\t\t<div class=\"elementor-element elementor-element-f6461de elementor-widget elementor-widget-text-editor\" data-id=\"f6461de\" data-element_type=\"widget\" data-widget_type=\"text-editor.default\">\n\t\t\t\t<div class=\"elementor-widget-container\">\n\t\t\t<style>\/*! elementor - v3.13.3 - 28-05-2023 *\/\n.elementor-widget-text-editor.elementor-drop-cap-view-stacked .elementor-drop-cap{background-color:#69727d;color:#fff}.elementor-widget-text-editor.elementor-drop-cap-view-framed .elementor-drop-cap{color:#69727d;border:3px solid;background-color:transparent}.elementor-widget-text-editor:not(.elementor-drop-cap-view-default) .elementor-drop-cap{margin-top:8px}.elementor-widget-text-editor:not(.elementor-drop-cap-view-default) .elementor-drop-cap-letter{width:1em;height:1em}.elementor-widget-text-editor .elementor-drop-cap{float:left;text-align:center;line-height:1;font-size:50px}.elementor-widget-text-editor .elementor-drop-cap-letter{display:inline-block}<\/style>\t\t\t\t\t<div class=\"elementor-text-editor elementor-clearfix\">\n\t\t\t\t<p style=\"font-weight: 400;\">Diese Datenschutzrichtlinie beschreibt, wie MonofinShop.de die von Ihnen bei der Nutzung dieser Website bereitgestellten Informationen verwendet und sch\u00fctzt. MonofinShop.de ist bestrebt, Ihre Privatsph\u00e4re zu sch\u00fctzen. Sollten wir Sie bitten, bestimmte Informationen bereitzustellen, anhand derer Sie bei der Nutzung dieser Website identifiziert werden k\u00f6nnen, k\u00f6nnen Sie sicher sein, dass diese nur gem\u00e4\u00df dieser Datenschutzerkl\u00e4rung verwendet werden. MonofinShop.de kann diese Richtlinie von Zeit zu Zeit durch Aktualisierung dieser Seite \u00e4ndern. Sie sollten diese Seite gelegentlich \u00fcberpr\u00fcfen, um sicherzustellen, dass Sie mit allen \u00c4nderungen zufrieden sind.<\/p>\n<p style=\"font-weight: 400;\"><strong>Was wir sammeln<\/strong><\/p>\n<p style=\"font-weight: 400;\">Wir k\u00f6nnen folgende Informationen sammeln:<br>\nName, Kontaktinformationen wie E-Mail-Adresse, Telefonnummer,<br>\nDemografische Informationen wie Postleitzahl,<br>\nandere relevante Informationen f\u00fcr den Kunden.\n<\/p>\n<p style=\"font-weight: 400;\"><strong>Was wir mit den gesammelten Informationen machen<\/strong><\/p>\n<p style=\"font-weight: 400;\">Wir ben\u00f6tigen diese Informationen, um Ihre Bed\u00fcrfnisse zu verstehen und Ihnen einen besseren Service zu bieten, insbesondere aus folgenden Gr\u00fcnden:<\/p>\n<p style=\"font-weight: 400;\"><strong>Interne Aufzeichnungen<\/strong><\/p>\n<p style=\"font-weight: 400;\">Die gesammelten Informationen werden haupts\u00e4chlich zu Versandzwecken verwendet. Wir k\u00f6nnen die Informationen verwenden, um unsere Produkte und Dienstleistungen zu verbessern. Wir k\u00f6nnen periodisch Werbemails \u00fcber neue Produkte, Sonderangebote oder andere Informationen versenden, die Sie interessant finden k\u00f6nnten, unter Verwendung der von Ihnen bereitgestellten E-Mail-Adresse. Die E-Mail mit Angeboten werden nicht h\u00e4ufiger als einmal im Monat versendet.<\/p>\n<p style=\"font-weight: 400;\"><strong>Sicherheit<\/strong><\/p>\n<p style=\"font-weight: 400;\">Wir sind bestrebt, sicherzustellen, dass Ihre Informationen sicher sind. Um unbefugten Zugriff oder Offenlegung zu verhindern, haben wir geeignete physische, elektronische und managerielle Verfahren eingesetzt, um die online gesammelten Informationen zu sch\u00fctzen und zu sichern.<\/p>\t\t\t\t\t<\/div>\n\t\t\t\t\t\t<\/div>\n\t\t\t\t<\/div>\n\t\t\t\t\t\t<\/div>\n\t\t\t\t\t<\/div>\n\t\t<\/div>\n\t\t\t\t\t\t\t\t<\/div>\n\t\t\t\t\t<\/div>\n\t\t<\/section>\n\t\t\t\t\t\t\t\t\t<\/div>\n\t\t\t<\/div>\n\t\t\t\t\t<\/div>","protected":false},"excerpt":{"rendered":"<p>Datenschutzrichtlinie Diese Datenschutzrichtlinie beschreibt, wie MonofinShop.de die von Ihnen bei der Nutzung dieser Website bereitgestellten Informationen verwendet und sch\u00fctzt. MonofinShop.de ist bestrebt, Ihre Privatsph\u00e4re zu sch\u00fctzen. Sollten wir Sie bitten, bestimmte Informationen bereitzustellen, anhand derer Sie bei der Nutzung dieser Website identifiziert werden k\u00f6nnen, k\u00f6nnen Sie sicher sein, dass diese nur gem\u00e4\u00df dieser Datenschutzerkl\u00e4rung verwendet werden. MonofinShop.de kann diese Richtlinie von Zeit zu Zeit durch Aktualisierung dieser Seite \u00e4ndern. Sie sollten diese Seite gelegentlich \u00fcberpr\u00fcfen, um sicherzustellen, dass Sie mit allen \u00c4nderungen zufrieden sind. Was wir sammeln Wir k\u00f6nnen folgende Informationen sammeln: Name, Kontaktinformationen wie E-Mail-Adresse, Telefonnummer, Demografische Informationen wie Postleitzahl, andere relevante Informationen f\u00fcr den Kunden. Was wir mit den gesammelten Informationen machen Wir ben\u00f6tigen diese Informationen, um Ihre Bed\u00fcrfnisse zu verstehen und Ihnen einen besseren Service zu bieten, insbesondere aus folgenden Gr\u00fcnden: Interne Aufzeichnungen Die gesammelten Informationen werden haupts\u00e4chlich zu Versandzwecken verwendet. Wir k\u00f6nnen die Informationen verwenden, um unsere Produkte und Dienstleistungen zu verbessern. Wir k\u00f6nnen periodisch Werbemails \u00fcber neue Produkte, Sonderangebote oder andere Informationen versenden, die Sie interessant finden k\u00f6nnten, unter Verwendung der von Ihnen bereitgestellten E-Mail-Adresse. Die E-Mail mit Angeboten werden nicht h\u00e4ufiger als einmal im Monat versendet. Sicherheit Wir sind bestrebt, sicherzustellen, dass Ihre Informationen sicher sind. Um unbefugten Zugriff oder Offenlegung zu verhindern, haben wir geeignete physische, elektronische und managerielle Verfahren eingesetzt, um die online gesammelten Informationen zu sch\u00fctzen und zu sichern.<\/p>","protected":false},"author":1,"featured_media":0,"parent":0,"menu_order":0,"comment_status":"closed","ping_status":"closed","template":"","meta":{"footnotes":""},"class_list":["post-3810","page","type-page","status-publish","hentry","post-no-thumbnail"],"yoast_head":"<!-- This site is optimized with the Yoast SEO plugin v27.2 - https:\/\/yoast.com\/product\/yoast-seo-wordpress\/ -->\n<title>Datenschutz-Bestimmungen - Monofinshop.de<\/title>\n<meta name=\"robots\" content=\"index, follow, max-snippet:-1, max-image-preview:large, max-video-preview:-1\" \/>\n<link rel=\"canonical\" href=\"https:\/\/monofinshop.de\/en\/datenschutz-bestimmungen\/\" \/>\n<meta property=\"og:locale\" content=\"en_US\" \/>\n<meta property=\"og:type\" content=\"article\" \/>\n<meta property=\"og:title\" content=\"Datenschutz-Bestimmungen - Monofinshop.de\" \/>\n<meta property=\"og:description\" content=\"Datenschutzrichtlinie Diese Datenschutzrichtlinie beschreibt, wie MonofinShop.de die von Ihnen bei der Nutzung dieser Website bereitgestellten Informationen verwendet und sch\u00fctzt. MonofinShop.de ist bestrebt, Ihre Privatsph\u00e4re zu sch\u00fctzen. Sollten wir Sie bitten, bestimmte Informationen bereitzustellen, anhand derer Sie bei der Nutzung dieser Website identifiziert werden k\u00f6nnen, k\u00f6nnen Sie sicher sein, dass diese nur gem\u00e4\u00df dieser Datenschutzerkl\u00e4rung verwendet werden. MonofinShop.de kann diese Richtlinie von Zeit zu Zeit durch Aktualisierung dieser Seite \u00e4ndern. Sie sollten diese Seite gelegentlich \u00fcberpr\u00fcfen, um sicherzustellen, dass Sie mit allen \u00c4nderungen zufrieden sind. Was wir sammeln Wir k\u00f6nnen folgende Informationen sammeln: Name, Kontaktinformationen wie E-Mail-Adresse, Telefonnummer, Demografische Informationen wie Postleitzahl, andere relevante Informationen f\u00fcr den Kunden. Was wir mit den gesammelten Informationen machen Wir ben\u00f6tigen diese Informationen, um Ihre Bed\u00fcrfnisse zu verstehen und Ihnen einen besseren Service zu bieten, insbesondere aus folgenden Gr\u00fcnden: Interne Aufzeichnungen Die gesammelten Informationen werden haupts\u00e4chlich zu Versandzwecken verwendet. Wir k\u00f6nnen die Informationen verwenden, um unsere Produkte und Dienstleistungen zu verbessern. Wir k\u00f6nnen periodisch Werbemails \u00fcber neue Produkte, Sonderangebote oder andere Informationen versenden, die Sie interessant finden k\u00f6nnten, unter Verwendung der von Ihnen bereitgestellten E-Mail-Adresse. Die E-Mail mit Angeboten werden nicht h\u00e4ufiger als einmal im Monat versendet. Sicherheit Wir sind bestrebt, sicherzustellen, dass Ihre Informationen sicher sind. Um unbefugten Zugriff oder Offenlegung zu verhindern, haben wir geeignete physische, elektronische und managerielle Verfahren eingesetzt, um die online gesammelten Informationen zu sch\u00fctzen und zu sichern.\" \/>\n<meta property=\"og:url\" content=\"https:\/\/monofinshop.de\/en\/datenschutz-bestimmungen\/\" \/>\n<meta property=\"og:site_name\" content=\"Monofinshop.de\" \/>\n<meta property=\"article:modified_time\" content=\"2023-01-24T20:00:50+00:00\" \/>\n<meta name=\"twitter:card\" content=\"summary_large_image\" \/>\n<meta name=\"twitter:label1\" content=\"Est. reading time\" \/>\n\t<meta name=\"twitter:data1\" content=\"1 minute\" \/>\n<script type=\"application\/ld+json\" class=\"yoast-schema-graph\">{\"@context\":\"https:\/\/schema.org\",\"@graph\":[{\"@type\":\"WebPage\",\"@id\":\"https:\/\/monofinshop.de\/datenschutz-bestimmungen\/\",\"url\":\"https:\/\/monofinshop.de\/datenschutz-bestimmungen\/\",\"name\":\"Datenschutz-Bestimmungen - Monofinshop.de\",\"isPartOf\":{\"@id\":\"https:\/\/monofinshop.de\/#website\"},\"datePublished\":\"2023-01-24T19:56:20+00:00\",\"dateModified\":\"2023-01-24T20:00:50+00:00\",\"breadcrumb\":{\"@id\":\"https:\/\/monofinshop.de\/datenschutz-bestimmungen\/#breadcrumb\"},\"inLanguage\":\"en-CA\",\"potentialAction\":[{\"@type\":\"ReadAction\",\"target\":[\"https:\/\/monofinshop.de\/datenschutz-bestimmungen\/\"]}]},{\"@type\":\"BreadcrumbList\",\"@id\":\"https:\/\/monofinshop.de\/datenschutz-bestimmungen\/#breadcrumb\",\"itemListElement\":[{\"@type\":\"ListItem\",\"position\":1,\"name\":\"Home\",\"item\":\"https:\/\/monofinshop.de\/\"},{\"@type\":\"ListItem\",\"position\":2,\"name\":\"Datenschutz-Bestimmungen\"}]},{\"@type\":\"WebSite\",\"@id\":\"https:\/\/monofinshop.de\/#website\",\"url\":\"https:\/\/monofinshop.de\/\",\"name\":\"Monofinshop.de\",\"description\":\"Flossenschwimmen Shop\",\"potentialAction\":[{\"@type\":\"SearchAction\",\"target\":{\"@type\":\"EntryPoint\",\"urlTemplate\":\"https:\/\/monofinshop.de\/?s={search_term_string}\"},\"query-input\":{\"@type\":\"PropertyValueSpecification\",\"valueRequired\":true,\"valueName\":\"search_term_string\"}}],\"inLanguage\":\"en-CA\"}]}<\/script>\n<!-- \/ Yoast SEO plugin. -->","yoast_head_json":{"title":"Datenschutz-Bestimmungen - Monofinshop.de","robots":{"index":"index","follow":"follow","max-snippet":"max-snippet:-1","max-image-preview":"max-image-preview:large","max-video-preview":"max-video-preview:-1"},"canonical":"https:\/\/monofinshop.de\/en\/datenschutz-bestimmungen\/","og_locale":"en_US","og_type":"article","og_title":"Datenschutz-Bestimmungen - Monofinshop.de","og_description":"Datenschutzrichtlinie Diese Datenschutzrichtlinie beschreibt, wie MonofinShop.de die von Ihnen bei der Nutzung dieser Website bereitgestellten Informationen verwendet und sch\u00fctzt. MonofinShop.de ist bestrebt, Ihre Privatsph\u00e4re zu sch\u00fctzen. Sollten wir Sie bitten, bestimmte Informationen bereitzustellen, anhand derer Sie bei der Nutzung dieser Website identifiziert werden k\u00f6nnen, k\u00f6nnen Sie sicher sein, dass diese nur gem\u00e4\u00df dieser Datenschutzerkl\u00e4rung verwendet werden. MonofinShop.de kann diese Richtlinie von Zeit zu Zeit durch Aktualisierung dieser Seite \u00e4ndern. Sie sollten diese Seite gelegentlich \u00fcberpr\u00fcfen, um sicherzustellen, dass Sie mit allen \u00c4nderungen zufrieden sind. Was wir sammeln Wir k\u00f6nnen folgende Informationen sammeln: Name, Kontaktinformationen wie E-Mail-Adresse, Telefonnummer, Demografische Informationen wie Postleitzahl, andere relevante Informationen f\u00fcr den Kunden. Was wir mit den gesammelten Informationen machen Wir ben\u00f6tigen diese Informationen, um Ihre Bed\u00fcrfnisse zu verstehen und Ihnen einen besseren Service zu bieten, insbesondere aus folgenden Gr\u00fcnden: Interne Aufzeichnungen Die gesammelten Informationen werden haupts\u00e4chlich zu Versandzwecken verwendet. Wir k\u00f6nnen die Informationen verwenden, um unsere Produkte und Dienstleistungen zu verbessern. Wir k\u00f6nnen periodisch Werbemails \u00fcber neue Produkte, Sonderangebote oder andere Informationen versenden, die Sie interessant finden k\u00f6nnten, unter Verwendung der von Ihnen bereitgestellten E-Mail-Adresse. Die E-Mail mit Angeboten werden nicht h\u00e4ufiger als einmal im Monat versendet. Sicherheit Wir sind bestrebt, sicherzustellen, dass Ihre Informationen sicher sind. Um unbefugten Zugriff oder Offenlegung zu verhindern, haben wir geeignete physische, elektronische und managerielle Verfahren eingesetzt, um die online gesammelten Informationen zu sch\u00fctzen und zu sichern.","og_url":"https:\/\/monofinshop.de\/en\/datenschutz-bestimmungen\/","og_site_name":"Monofinshop.de","article_modified_time":"2023-01-24T20:00:50+00:00","twitter_card":"summary_large_image","twitter_misc":{"Est. reading time":"1 minute"},"schema":{"@context":"https:\/\/schema.org","@graph":[{"@type":"WebPage","@id":"https:\/\/monofinshop.de\/datenschutz-bestimmungen\/","url":"https:\/\/monofinshop.de\/datenschutz-bestimmungen\/","name":"Datenschutz-Bestimmungen - Monofinshop.de","isPartOf":{"@id":"https:\/\/monofinshop.de\/#website"},"datePublished":"2023-01-24T19:56:20+00:00","dateModified":"2023-01-24T20:00:50+00:00","breadcrumb":{"@id":"https:\/\/monofinshop.de\/datenschutz-bestimmungen\/#breadcrumb"},"inLanguage":"en-CA","potentialAction":[{"@type":"ReadAction","target":["https:\/\/monofinshop.de\/datenschutz-bestimmungen\/"]}]},{"@type":"BreadcrumbList","@id":"https:\/\/monofinshop.de\/datenschutz-bestimmungen\/#breadcrumb","itemListElement":[{"@type":"ListItem","position":1,"name":"Home","item":"https:\/\/monofinshop.de\/"},{"@type":"ListItem","position":2,"name":"Datenschutz-Bestimmungen"}]},{"@type":"WebSite","@id":"https:\/\/monofinshop.de\/#website","url":"https:\/\/monofinshop.de\/","name":"Monofinshop.de","description":"Flossenschwimmen Shop","potentialAction":[{"@type":"SearchAction","target":{"@type":"EntryPoint","urlTemplate":"https:\/\/monofinshop.de\/?s={search_term_string}"},"query-input":{"@type":"PropertyValueSpecification","valueRequired":true,"valueName":"search_term_string"}}],"inLanguage":"en-CA"}]}},"_links":{"self":[{"href":"https:\/\/monofinshop.de\/en\/wp-json\/wp\/v2\/pages\/3810","targetHints":{"allow":["GET"]}}],"collection":[{"href":"https:\/\/monofinshop.de\/en\/wp-json\/wp\/v2\/pages"}],"about":[{"href":"https:\/\/monofinshop.de\/en\/wp-json\/wp\/v2\/types\/page"}],"author":[{"embeddable":true,"href":"https:\/\/monofinshop.de\/en\/wp-json\/wp\/v2\/users\/1"}],"replies":[{"embeddable":true,"href":"https:\/\/monofinshop.de\/en\/wp-json\/wp\/v2\/comments?post=3810"}],"version-history":[{"count":7,"href":"https:\/\/monofinshop.de\/en\/wp-json\/wp\/v2\/pages\/3810\/revisions"}],"predecessor-version":[{"id":3817,"href":"https:\/\/monofinshop.de\/en\/wp-json\/wp\/v2\/pages\/3810\/revisions\/3817"}],"wp:attachment":[{"href":"https:\/\/monofinshop.de\/en\/wp-json\/wp\/v2\/media?parent=3810"}],"curies":[{"name":"wp","href":"https:\/\/api.w.org\/{rel}","templated":true}]}}