{"id":3720,"date":"2023-01-24T19:21:07","date_gmt":"2023-01-24T19:21:07","guid":{"rendered":"https:\/\/monofinshop.de\/?page_id=3720"},"modified":"2023-01-24T19:25:13","modified_gmt":"2023-01-24T19:25:13","slug":"uber-uns","status":"publish","type":"page","link":"https:\/\/monofinshop.de\/en\/uber-uns\/","title":{"rendered":"\u00fcber uns"},"content":{"rendered":"<div data-elementor-type=\"wp-page\" data-elementor-id=\"3720\" class=\"elementor elementor-3720\">\n\t\t\t\t\t\t<div class=\"elementor-inner\">\n\t\t\t\t<div class=\"elementor-section-wrap\">\n\t\t\t\t\t\t\t\t\t<section class=\"elementor-section elementor-top-section elementor-element elementor-element-da39bcd elementor-section-boxed elementor-section-gap-beside-yes elementor-section-height-default elementor-section-height-default elementor-section-column-vertical-align-stretch\" data-id=\"da39bcd\" data-element_type=\"section\">\n\t\t\t\t\t\t<div class=\"elementor-container elementor-column-gap-extended\">\n\t\t\t\t\t\t\t<div class=\"elementor-row\">\n\t\t\t\t\t<div class=\"elementor-column elementor-col-100 elementor-top-column elementor-element elementor-element-e729465\" data-id=\"e729465\" data-element_type=\"column\">\n\t\t\t<div class=\"elementor-column-wrap elementor-element-populated\">\n\t\t\t\t\t\t\t<div class=\"elementor-widget-wrap\">\n\t\t\t\t\t\t<div class=\"elementor-element elementor-element-d78672f elementor-widget elementor-widget-tm-heading\" data-id=\"d78672f\" data-element_type=\"widget\" data-widget_type=\"tm-heading.default\">\n\t\t\t\t<div class=\"elementor-widget-container\">\n\t\t\t\t\t<div class=\"tm-modern-heading tm-modern-heading--style-01 tm-modern-heading--highlight-style-01\">\n\t\t\t\n\t\t\t\t\t<div class=\"heading-primary-wrap\">\n\t\t\t<h2 class=\"heading-primary elementor-heading-title\">\u00dcber uns<\/h2>\t\t<\/div>\n\t\t\n\t\t\t\n\t\t\t\t\t<\/div>\n\t\t\t\t<\/div>\n\t\t\t\t<\/div>\n\t\t\t\t<div class=\"elementor-element elementor-element-8213b0d elementor-align-left elementor-widget elementor-widget-tm-separator\" data-id=\"8213b0d\" data-element_type=\"widget\" data-widget_type=\"tm-separator.default\">\n\t\t\t\t<div class=\"elementor-widget-container\">\n\t\t\t\t\t<div class=\"tm-separator horizontal-line\">\n\t\t\t\t\t\t<div class=\"inner\"><\/div>\n\t\t<\/div>\n\t\t\t\t<\/div>\n\t\t\t\t<\/div>\n\t\t\t\t<div class=\"elementor-element elementor-element-522fe22 elementor-widget elementor-widget-text-editor\" data-id=\"522fe22\" data-element_type=\"widget\" data-widget_type=\"text-editor.default\">\n\t\t\t\t<div class=\"elementor-widget-container\">\n\t\t\t<style>\/*! elementor - v3.13.3 - 28-05-2023 *\/\n.elementor-widget-text-editor.elementor-drop-cap-view-stacked .elementor-drop-cap{background-color:#69727d;color:#fff}.elementor-widget-text-editor.elementor-drop-cap-view-framed .elementor-drop-cap{color:#69727d;border:3px solid;background-color:transparent}.elementor-widget-text-editor:not(.elementor-drop-cap-view-default) .elementor-drop-cap{margin-top:8px}.elementor-widget-text-editor:not(.elementor-drop-cap-view-default) .elementor-drop-cap-letter{width:1em;height:1em}.elementor-widget-text-editor .elementor-drop-cap{float:left;text-align:center;line-height:1;font-size:50px}.elementor-widget-text-editor .elementor-drop-cap-letter{display:inline-block}<\/style>\t\t\t\t\t<div class=\"elementor-text-editor elementor-clearfix\">\n\t\t\t\t<p>MonofinShop.de unter dem Eltern unternehmen Innovative Retailers ist ein internationaler Distributor von Freitauchen, Finschwimmen, Rettungsschwimmen, Speerfischen und Unterwasserhockey \/ Rugbyflossen und Ausr\u00fcstung. Das Ziel des Unternehmens ist es, Kunden die besten verf\u00fcgbaren Flossen und die zuverl\u00e4ssigsten Ausr\u00fcstungen zur Verf\u00fcgung zu stellen. Das Monofinshop-Team besteht aus hochqualifizierten Kundensupportmitarbeitern und professionellen Athleten, die die Branche gut kennen.<\/p><p>Wir versuchen, eine aktive Rolle in der Verbreitung von Unterwassersportarten zu spielen, indem wir nationale Teams unterst\u00fctzen. MonofinShop ist einer der gr\u00f6\u00dften Freitauch- und Finschwimm-L\u00e4den, der derzeit weltweit verkauft.<\/p><p>Erf\u00fcllungsadressen (Lager)<\/p><p>EU Versandadresse 1 &#8211; Slowenien<br \/>Dunajska cesta 124<br \/>Ljubljana 1000<\/p><p>EU Versandadresse 2 &#8211; Polen<br \/>St. Spoldzielcza 7<br \/>22-100 Chelm<\/p><p>EU Versandadresse 2 &#8211; Italien<br \/>Via Alessandro Volta 7<br \/>20090 Milano, MI<\/p>\t\t\t\t\t<\/div>\n\t\t\t\t\t\t<\/div>\n\t\t\t\t<\/div>\n\t\t\t\t\t\t<\/div>\n\t\t\t\t\t<\/div>\n\t\t<\/div>\n\t\t\t\t\t\t\t\t<\/div>\n\t\t\t\t\t<\/div>\n\t\t<\/section>\n\t\t\t\t\t\t\t\t\t<\/div>\n\t\t\t<\/div>\n\t\t\t\t\t<\/div>","protected":false},"excerpt":{"rendered":"<p>\u00dcber uns MonofinShop.de unter dem Eltern unternehmen Innovative Retailers ist ein internationaler Distributor von Freitauchen, Finschwimmen, Rettungsschwimmen, Speerfischen und Unterwasserhockey \/ Rugbyflossen und Ausr\u00fcstung. Das Ziel des Unternehmens ist es, Kunden die besten verf\u00fcgbaren Flossen und die zuverl\u00e4ssigsten Ausr\u00fcstungen zur Verf\u00fcgung zu stellen. Das Monofinshop-Team besteht aus hochqualifizierten Kundensupportmitarbeitern und professionellen Athleten, die die Branche gut kennen. Wir versuchen, eine aktive Rolle in der Verbreitung von Unterwassersportarten zu spielen, indem wir nationale Teams unterst\u00fctzen. MonofinShop ist einer der gr\u00f6\u00dften Freitauch- und Finschwimm-L\u00e4den, der derzeit weltweit verkauft. Erf\u00fcllungsadressen (Lager) EU Versandadresse 1 &#8211; SlowenienDunajska cesta 124Ljubljana 1000 EU Versandadresse 2 &#8211; PolenSt. Spoldzielcza 722-100 Chelm EU Versandadresse 2 &#8211; ItalienVia Alessandro Volta 720090 Milano, MI<\/p>","protected":false},"author":1,"featured_media":0,"parent":0,"menu_order":0,"comment_status":"closed","ping_status":"closed","template":"","meta":{"footnotes":""},"class_list":["post-3720","page","type-page","status-publish","hentry","post-no-thumbnail"],"yoast_head":"<!-- This site is optimized with the Yoast SEO plugin v27.2 - https:\/\/yoast.com\/product\/yoast-seo-wordpress\/ -->\n<title>\u00fcber uns - Monofinshop.de<\/title>\n<meta name=\"robots\" content=\"index, follow, max-snippet:-1, max-image-preview:large, max-video-preview:-1\" \/>\n<link rel=\"canonical\" href=\"https:\/\/monofinshop.de\/en\/uber-uns\/\" \/>\n<meta property=\"og:locale\" content=\"en_US\" \/>\n<meta property=\"og:type\" content=\"article\" \/>\n<meta property=\"og:title\" content=\"\u00fcber uns - Monofinshop.de\" \/>\n<meta property=\"og:description\" content=\"\u00dcber uns MonofinShop.de unter dem Eltern unternehmen Innovative Retailers ist ein internationaler Distributor von Freitauchen, Finschwimmen, Rettungsschwimmen, Speerfischen und Unterwasserhockey \/ Rugbyflossen und Ausr\u00fcstung. Das Ziel des Unternehmens ist es, Kunden die besten verf\u00fcgbaren Flossen und die zuverl\u00e4ssigsten Ausr\u00fcstungen zur Verf\u00fcgung zu stellen. Das Monofinshop-Team besteht aus hochqualifizierten Kundensupportmitarbeitern und professionellen Athleten, die die Branche gut kennen. Wir versuchen, eine aktive Rolle in der Verbreitung von Unterwassersportarten zu spielen, indem wir nationale Teams unterst\u00fctzen. MonofinShop ist einer der gr\u00f6\u00dften Freitauch- und Finschwimm-L\u00e4den, der derzeit weltweit verkauft. Erf\u00fcllungsadressen (Lager) EU Versandadresse 1 &#8211; SlowenienDunajska cesta 124Ljubljana 1000 EU Versandadresse 2 &#8211; PolenSt. Spoldzielcza 722-100 Chelm EU Versandadresse 2 &#8211; ItalienVia Alessandro Volta 720090 Milano, MI\" \/>\n<meta property=\"og:url\" content=\"https:\/\/monofinshop.de\/en\/uber-uns\/\" \/>\n<meta property=\"og:site_name\" content=\"Monofinshop.de\" \/>\n<meta property=\"article:modified_time\" content=\"2023-01-24T19:25:13+00:00\" \/>\n<meta name=\"twitter:card\" content=\"summary_large_image\" \/>\n<meta name=\"twitter:label1\" content=\"Est. reading time\" \/>\n\t<meta name=\"twitter:data1\" content=\"1 minute\" \/>\n<script type=\"application\/ld+json\" class=\"yoast-schema-graph\">{\"@context\":\"https:\/\/schema.org\",\"@graph\":[{\"@type\":\"WebPage\",\"@id\":\"https:\/\/monofinshop.de\/uber-uns\/\",\"url\":\"https:\/\/monofinshop.de\/uber-uns\/\",\"name\":\"\u00fcber uns - Monofinshop.de\",\"isPartOf\":{\"@id\":\"https:\/\/monofinshop.de\/#website\"},\"datePublished\":\"2023-01-24T19:21:07+00:00\",\"dateModified\":\"2023-01-24T19:25:13+00:00\",\"breadcrumb\":{\"@id\":\"https:\/\/monofinshop.de\/uber-uns\/#breadcrumb\"},\"inLanguage\":\"en-CA\",\"potentialAction\":[{\"@type\":\"ReadAction\",\"target\":[\"https:\/\/monofinshop.de\/uber-uns\/\"]}]},{\"@type\":\"BreadcrumbList\",\"@id\":\"https:\/\/monofinshop.de\/uber-uns\/#breadcrumb\",\"itemListElement\":[{\"@type\":\"ListItem\",\"position\":1,\"name\":\"Home\",\"item\":\"https:\/\/monofinshop.de\/\"},{\"@type\":\"ListItem\",\"position\":2,\"name\":\"\u00fcber uns\"}]},{\"@type\":\"WebSite\",\"@id\":\"https:\/\/monofinshop.de\/#website\",\"url\":\"https:\/\/monofinshop.de\/\",\"name\":\"Monofinshop.de\",\"description\":\"Flossenschwimmen Shop\",\"potentialAction\":[{\"@type\":\"SearchAction\",\"target\":{\"@type\":\"EntryPoint\",\"urlTemplate\":\"https:\/\/monofinshop.de\/?s={search_term_string}\"},\"query-input\":{\"@type\":\"PropertyValueSpecification\",\"valueRequired\":true,\"valueName\":\"search_term_string\"}}],\"inLanguage\":\"en-CA\"}]}<\/script>\n<!-- \/ Yoast SEO plugin. -->","yoast_head_json":{"title":"\u00fcber uns - Monofinshop.de","robots":{"index":"index","follow":"follow","max-snippet":"max-snippet:-1","max-image-preview":"max-image-preview:large","max-video-preview":"max-video-preview:-1"},"canonical":"https:\/\/monofinshop.de\/en\/uber-uns\/","og_locale":"en_US","og_type":"article","og_title":"\u00fcber uns - Monofinshop.de","og_description":"\u00dcber uns MonofinShop.de unter dem Eltern unternehmen Innovative Retailers ist ein internationaler Distributor von Freitauchen, Finschwimmen, Rettungsschwimmen, Speerfischen und Unterwasserhockey \/ Rugbyflossen und Ausr\u00fcstung. Das Ziel des Unternehmens ist es, Kunden die besten verf\u00fcgbaren Flossen und die zuverl\u00e4ssigsten Ausr\u00fcstungen zur Verf\u00fcgung zu stellen. Das Monofinshop-Team besteht aus hochqualifizierten Kundensupportmitarbeitern und professionellen Athleten, die die Branche gut kennen. Wir versuchen, eine aktive Rolle in der Verbreitung von Unterwassersportarten zu spielen, indem wir nationale Teams unterst\u00fctzen. MonofinShop ist einer der gr\u00f6\u00dften Freitauch- und Finschwimm-L\u00e4den, der derzeit weltweit verkauft. Erf\u00fcllungsadressen (Lager) EU Versandadresse 1 &#8211; SlowenienDunajska cesta 124Ljubljana 1000 EU Versandadresse 2 &#8211; PolenSt. Spoldzielcza 722-100 Chelm EU Versandadresse 2 &#8211; ItalienVia Alessandro Volta 720090 Milano, MI","og_url":"https:\/\/monofinshop.de\/en\/uber-uns\/","og_site_name":"Monofinshop.de","article_modified_time":"2023-01-24T19:25:13+00:00","twitter_card":"summary_large_image","twitter_misc":{"Est. reading time":"1 minute"},"schema":{"@context":"https:\/\/schema.org","@graph":[{"@type":"WebPage","@id":"https:\/\/monofinshop.de\/uber-uns\/","url":"https:\/\/monofinshop.de\/uber-uns\/","name":"\u00fcber uns - Monofinshop.de","isPartOf":{"@id":"https:\/\/monofinshop.de\/#website"},"datePublished":"2023-01-24T19:21:07+00:00","dateModified":"2023-01-24T19:25:13+00:00","breadcrumb":{"@id":"https:\/\/monofinshop.de\/uber-uns\/#breadcrumb"},"inLanguage":"en-CA","potentialAction":[{"@type":"ReadAction","target":["https:\/\/monofinshop.de\/uber-uns\/"]}]},{"@type":"BreadcrumbList","@id":"https:\/\/monofinshop.de\/uber-uns\/#breadcrumb","itemListElement":[{"@type":"ListItem","position":1,"name":"Home","item":"https:\/\/monofinshop.de\/"},{"@type":"ListItem","position":2,"name":"\u00fcber uns"}]},{"@type":"WebSite","@id":"https:\/\/monofinshop.de\/#website","url":"https:\/\/monofinshop.de\/","name":"Monofinshop.de","description":"Flossenschwimmen Shop","potentialAction":[{"@type":"SearchAction","target":{"@type":"EntryPoint","urlTemplate":"https:\/\/monofinshop.de\/?s={search_term_string}"},"query-input":{"@type":"PropertyValueSpecification","valueRequired":true,"valueName":"search_term_string"}}],"inLanguage":"en-CA"}]}},"_links":{"self":[{"href":"https:\/\/monofinshop.de\/en\/wp-json\/wp\/v2\/pages\/3720","targetHints":{"allow":["GET"]}}],"collection":[{"href":"https:\/\/monofinshop.de\/en\/wp-json\/wp\/v2\/pages"}],"about":[{"href":"https:\/\/monofinshop.de\/en\/wp-json\/wp\/v2\/types\/page"}],"author":[{"embeddable":true,"href":"https:\/\/monofinshop.de\/en\/wp-json\/wp\/v2\/users\/1"}],"replies":[{"embeddable":true,"href":"https:\/\/monofinshop.de\/en\/wp-json\/wp\/v2\/comments?post=3720"}],"version-history":[{"count":10,"href":"https:\/\/monofinshop.de\/en\/wp-json\/wp\/v2\/pages\/3720\/revisions"}],"predecessor-version":[{"id":3730,"href":"https:\/\/monofinshop.de\/en\/wp-json\/wp\/v2\/pages\/3720\/revisions\/3730"}],"wp:attachment":[{"href":"https:\/\/monofinshop.de\/en\/wp-json\/wp\/v2\/media?parent=3720"}],"curies":[{"name":"wp","href":"https:\/\/api.w.org\/{rel}","templated":true}]}}